{"id":12,"date":"2007-04-16T20:46:41","date_gmt":"2007-04-16T18:46:41","guid":{"rendered":"http:\/\/www.mondgras.de\/sari02\/?page_id=12"},"modified":"2025-05-14T10:26:36","modified_gmt":"2025-05-14T08:26:36","slug":"mondgras-verlinken","status":"publish","type":"page","link":"https:\/\/www.heldenhaushalt.de\/sari02\/index.php\/mondgras-verlinken\/","title":{"rendered":"LINKLIEBE \/\/ Blogempfehlungen und mehr&#8230;"},"content":{"rendered":"<p>Die Blogsph&#228;re da drau&#223;en hat wirklich viel zu bieten und wer denkt, dass das Bloggen am Aussterben ist, der irrt. Das Gegenteil dieser Gedanken zeige ich euch hier und heute in Form von sch&#246;nen Seiten, die ich selbst gerne und regelm&#228;&#223;ig besuche! Ganz klassisch: Blogempfehlungen!<\/p>\n<p style=\"text-align: center;\">***<\/p>\n<h3>Gern gelesen und besucht:<\/h3>\n<ul>\n<li><a href=\"https:\/\/absolutehrlich.blogspot.com\/\" target=\"_blank\" rel=\"noopener\">Absolut ehrlich!<\/a><\/li>\n<li><a href=\"https:\/\/anjaliebt.de\/\" target=\"_blank\" rel=\"noopener\">Anjaliebt.de<\/a><\/li>\n<li><a href=\"https:\/\/blaupause7.wordpress.com\/\" target=\"_blank\" rel=\"noopener\">Blaupause7<\/a><\/li>\n<li><a href=\"https:\/\/8900km.de\/\" target=\"_blank\" rel=\"noopener\">8900km Berlin &#8211; Japan<\/a> &#8211; Leben in Japan<\/li>\n<li><a href=\"https:\/\/www.caromite.net\/\" target=\"_blank\" rel=\"noopener\">Caromite<\/a> &#8211; Zeichenblog<\/li>\n<li><a href=\"https:\/\/cimddwc.net\/2025\/05\/14\/laufende-beobachtungen\/\" target=\"_blank\" rel=\"noopener\">cimddwc.de<\/a><\/li>\n<li><a href=\"https:\/\/coffee2stay.blog\/\" target=\"_blank\" rel=\"noopener\">Coffee2stay<\/a><\/li>\n<li><a href=\"https:\/\/disneytatzen.de\/\" target=\"_blank\" rel=\"noopener\">Disneytatzen<\/a> &#8211; Disneyland und mehr<\/li>\n<li><a href=\"https:\/\/www.edelineshealthythings.de\/blog\" target=\"_blank\" rel=\"noopener\">Edelineshealthythings<\/a><\/li>\n<li><a href=\"https:\/\/schweinehundfighter.wordpress.com\/\" target=\"_blank\" rel=\"noopener\">Fighting Horst Attila<\/a><\/li>\n<li><a href=\"https:\/\/www.flying-thoughts.de\/\" target=\"_blank\" rel=\"noopener\">Flying Thoughs<\/a><\/li>\n<li><a href=\"https:\/\/sakuyasblog.blogspot.com\/\" target=\"_blank\" rel=\"noopener\">Gedankenchaotins Welt<\/a><\/li>\n<li><a href=\"https:\/\/www.grossekoepfe.de\/\" target=\"_blank\" rel=\"noopener\">Grossekoepfe<\/a><\/li>\n<li><a href=\"https:\/\/haushaltskram.de\/\" target=\"_blank\" rel=\"noopener\">Haushaltskram<\/a><\/li>\n<li><a href=\"https:\/\/www.czoczo.de\/\" target=\"_blank\" rel=\"noopener\">czoczo.de<\/a><\/li>\n<li><a href=\"https:\/\/www.jansens-pott.de\/\" target=\"_blank\" rel=\"noopener\">Jansens Pott<\/a><\/li>\n<li><a href=\"https:\/\/japanliebe.de\/\" target=\"_blank\" rel=\"noopener\">Japanliebe<\/a> &#8211; Japan Reiseblog<\/li>\n<li><a href=\"https:\/\/kakao-und-karotte.de\/\" target=\"_blank\" rel=\"noopener\">Kakao &amp; Karotte<\/a> &#8211; Rezepteblog<\/li>\n<li><a href=\"https:\/\/kathastrophal.de\/\" target=\"_blank\" rel=\"noopener\">Kathastrophal<\/a><\/li>\n<li><a href=\"https:\/\/katja-mittendrin.de\/\" target=\"_blank\" rel=\"noopener\">Katja mittendrin<\/a><\/li>\n<li><a href=\"https:\/\/maja.hamburg\/\" target=\"_blank\" rel=\"noopener\">Keep calm and say MOIN<\/a> &#8211; Zeichenblog<\/li>\n<li><a href=\"https:\/\/kinderbuchlesen.de\/\" target=\"_blank\" rel=\"noopener\">Kinderbuchlesen<\/a> &#8211; Buchblog<\/li>\n<li><a href=\"https:\/\/www.kinderchaos-familienblog.de\/\" target=\"_blank\" rel=\"noopener\">Kinderchaos &#8211; Familienblog<\/a><\/li>\n<li><a href=\"https:\/\/lebenline.blogspot.com\/\" target=\"_blank\" rel=\"noopener\">Lebenlinie<\/a><\/li>\n<li><a href=\"https:\/\/lieblingsalltag.de\/\" target=\"_blank\" rel=\"noopener\">Lieblingsalltag<\/a><\/li>\n<li><a href=\"https:\/\/www.lifestylebybine.de\/\" target=\"_blank\" rel=\"noopener\">Lifestyle by Bine<\/a><\/li>\n<li><a href=\"https:\/\/lorenzos-welt.com\/\" target=\"_blank\" rel=\"noopener\">Lorenzos Welt<\/a><\/li>\n<li><a href=\"https:\/\/maipenquynh.de\/de\/\" target=\"_blank\" rel=\"noopener\">mai|pen|quynh<\/a><\/li>\n<li><a href=\"https:\/\/marcodamm.com\/\" target=\"_blank\" rel=\"noopener\">Marco Damm<\/a><\/li>\n<li><a href=\"https:\/\/mausloch.blogspot.com\/\" target=\"_blank\" rel=\"noopener\">Sabine aus dem Mausloch<\/a><\/li>\n<li><a href=\"https:\/\/kobaltauge.de\/\" target=\"_blank\" rel=\"noopener\">Meine Welt &#8211; Kobaltauge<\/a><\/li>\n<li><a href=\"https:\/\/moviescape.blog\/\" target=\"_blank\" rel=\"noopener\">Moviescape.blog<\/a><\/li>\n<li><a href=\"https:\/\/nummerneun.de\/\" target=\"_blank\" rel=\"noopener\">Nummer Neun<\/a><\/li>\n<li><a href=\"https:\/\/pixelboomer.de\/\" target=\"_blank\" rel=\"noopener\">Pixelboomer<\/a><\/li>\n<li><a href=\"https:\/\/www.puddingklecks.de\/\" target=\"_blank\" rel=\"noopener\">Puddingsklecks<\/a><\/li>\n<li><a href=\"https:\/\/punkteundpink.wordpress.com\/\" target=\"_blank\" rel=\"noopener\">Punkte &amp; Pink<\/a><\/li>\n<li><a href=\"https:\/\/www.queen-all.com\/\" target=\"_blank\" rel=\"noopener\">Queen all<\/a><\/li>\n<li><a href=\"https:\/\/www.snyggis.de\/\" target=\"_blank\" rel=\"noopener\">Snyggis &#8211; Der kreative Familienblog<\/a><\/li>\n<li><a href=\"https:\/\/sonneundblume.de\/\" target=\"_blank\" rel=\"noopener\">Sonne und Blume<\/a><\/li>\n<li><a href=\"https:\/\/sponselino.de\/\" target=\"_blank\" rel=\"noopener\">Sponselino<\/a><\/li>\n<li><a href=\"https:\/\/suzu-chan.de\/\" target=\"_blank\" rel=\"noopener\">Suzu-Chan.de<\/a><\/li>\n<li><a href=\"https:\/\/tatjliebt.de\/\" target=\"_blank\" rel=\"noopener\">Tatjliebt<\/a><\/li>\n<li><a href=\"https:\/\/www.ugiwaza.org\/\" target=\"_blank\" rel=\"noopener\">ugiwaza<\/a><\/li>\n<li><a href=\"https:\/\/weltenwanderer.blog\/\" target=\"_blank\" rel=\"noopener\">Weltenwanderer Blog<\/a><\/li>\n<li><a href=\"https:\/\/www.juergen-adler.de\/\" target=\"_blank\" rel=\"noopener\">J&#252;rgen unterwegs<\/a><\/li>\n<\/ul>\n<h3>Foren und &#196;hnliches zum Vernetzen und Austauschen:<\/h3>\n<ul>\n<li><a href=\"https:\/\/forum.bloghexe.de\/\" target=\"_blank\" rel=\"noopener\">Bloghexen &#8211; Forum<\/a><\/li>\n<li><a href=\"https:\/\/uberblogr.de\/\" target=\"_blank\" rel=\"noopener\">UberBlogr Webring<\/a><\/li>\n<li><a href=\"https:\/\/bloggerrolle.de\/index.php\" target=\"_blank\" rel=\"noopener\">Bloggerrolle<\/a><\/li>\n<\/ul>\n","protected":false},"excerpt":{"rendered":"<p>Die Blogsph&#228;re da drau&#223;en hat wirklich viel zu bieten und wer denkt, dass das Bloggen am Aussterben ist, der irrt. Das Gegenteil dieser Gedanken zeige ich euch hier und heute in Form von sch&#246;nen Seiten, die ich selbst gerne und regelm&#228;&#223;ig besuche! Ganz klassisch: Blogempfehlungen! *** Gern gelesen und besucht: Absolut ehrlich! Anjaliebt.de Blaupause7 8900km Berlin &#8211; Japan &#8211; Leben in Japan Caromite &#8211; Zeichenblog cimddwc.de Coffee2stay Disneytatzen &#8211; Disneyland und mehr Edelineshealthythings Fighting Horst Attila Flying Thoughs Gedankenchaotins Welt Grossekoepfe Haushaltskram czoczo.de Jansens Pott Japanliebe &#8211; Japan Reiseblog Kakao &amp; Karotte &#8211; Rezepteblog Kathastrophal Katja mittendrin Keep calm and say MOIN &#8211; Zeichenblog Kinderbuchlesen &#8211; Buchblog Kinderchaos &#8211; Familienblog Lebenlinie Lieblingsalltag Lifestyle by Bine Lorenzos Welt mai|pen|quynh Marco Damm Sabine aus dem Mausloch Meine Welt &#8211; Kobaltauge Moviescape.blog Nummer Neun Pixelboomer Puddingsklecks Punkte &amp; Pink Queen all Snyggis &#8211; Der kreative Familienblog Sonne und Blume Sponselino Suzu-Chan.de Tatjliebt ugiwaza Weltenwanderer Blog J&#252;rgen unterwegs Foren und &#196;hnliches zum Vernetzen und Austauschen: Bloghexen &#8211; Forum UberBlogr Webring Bloggerrolle<\/p>\n","protected":false},"author":1,"featured_media":0,"parent":0,"menu_order":0,"comment_status":"closed","ping_status":"open","template":"","meta":{"ngg_post_thumbnail":0,"footnotes":""},"class_list":["post-12","page","type-page","status-publish","hentry"],"yoast_head":"<!-- This site is optimized with the Yoast SEO plugin v27.6 - https:\/\/yoast.com\/product\/yoast-seo-wordpress\/ -->\n<title>LINKLIEBE \/\/ Blogempfehlungen und mehr... - Heldenhaushalt<\/title>\n<meta name=\"description\" content=\"...und heute in Form von sch\u00f6nen Seiten, die ich selbst gerne und regelm\u00e4\u00dfig besuche! Ganz klassisch: Blogempfehlungen!\" \/>\n<meta name=\"robots\" content=\"index, follow, max-snippet:-1, max-image-preview:large, max-video-preview:-1\" \/>\n<link rel=\"canonical\" href=\"https:\/\/www.heldenhaushalt.de\/sari02\/index.php\/mondgras-verlinken\/\" \/>\n<meta property=\"og:locale\" content=\"de_DE\" \/>\n<meta property=\"og:type\" content=\"article\" \/>\n<meta property=\"og:title\" content=\"LINKLIEBE \/\/ Blogempfehlungen und mehr... - Heldenhaushalt\" \/>\n<meta property=\"og:description\" content=\"...und heute in Form von sch\u00f6nen Seiten, die ich selbst gerne und regelm\u00e4\u00dfig besuche! Ganz klassisch: Blogempfehlungen!\" \/>\n<meta property=\"og:url\" content=\"https:\/\/www.heldenhaushalt.de\/sari02\/index.php\/mondgras-verlinken\/\" \/>\n<meta property=\"og:site_name\" content=\"Heldenhaushalt\" \/>\n<meta property=\"article:modified_time\" content=\"2025-05-14T08:26:36+00:00\" \/>\n<meta name=\"twitter:card\" content=\"summary_large_image\" \/>\n<meta name=\"twitter:site\" content=\"@Heldenhaushalt\" \/>\n<meta name=\"twitter:label1\" content=\"Gesch\u00e4tzte Lesezeit\" \/>\n\t<meta name=\"twitter:data1\" content=\"1\u00a0Minute\" \/>\n<script type=\"application\/ld+json\" class=\"yoast-schema-graph\">{\"@context\":\"https:\\\/\\\/schema.org\",\"@graph\":[{\"@type\":\"WebPage\",\"@id\":\"https:\\\/\\\/www.heldenhaushalt.de\\\/sari02\\\/index.php\\\/mondgras-verlinken\\\/\",\"url\":\"https:\\\/\\\/www.heldenhaushalt.de\\\/sari02\\\/index.php\\\/mondgras-verlinken\\\/\",\"name\":\"LINKLIEBE \\\/\\\/ Blogempfehlungen und mehr... - Heldenhaushalt\",\"isPartOf\":{\"@id\":\"https:\\\/\\\/www.heldenhaushalt.de\\\/sari02\\\/#website\"},\"datePublished\":\"2007-04-16T18:46:41+00:00\",\"dateModified\":\"2025-05-14T08:26:36+00:00\",\"description\":\"...und heute in Form von sch\u00f6nen Seiten, die ich selbst gerne und regelm\u00e4\u00dfig besuche! Ganz klassisch: Blogempfehlungen!\",\"breadcrumb\":{\"@id\":\"https:\\\/\\\/www.heldenhaushalt.de\\\/sari02\\\/index.php\\\/mondgras-verlinken\\\/#breadcrumb\"},\"inLanguage\":\"de\",\"potentialAction\":[{\"@type\":\"ReadAction\",\"target\":[\"https:\\\/\\\/www.heldenhaushalt.de\\\/sari02\\\/index.php\\\/mondgras-verlinken\\\/\"]}]},{\"@type\":\"BreadcrumbList\",\"@id\":\"https:\\\/\\\/www.heldenhaushalt.de\\\/sari02\\\/index.php\\\/mondgras-verlinken\\\/#breadcrumb\",\"itemListElement\":[{\"@type\":\"ListItem\",\"position\":1,\"name\":\"Startseite\",\"item\":\"https:\\\/\\\/www.heldenhaushalt.de\\\/sari02\\\/\"},{\"@type\":\"ListItem\",\"position\":2,\"name\":\"LINKLIEBE \\\/\\\/ Blogempfehlungen und mehr&#8230;\"}]},{\"@type\":\"WebSite\",\"@id\":\"https:\\\/\\\/www.heldenhaushalt.de\\\/sari02\\\/#website\",\"url\":\"https:\\\/\\\/www.heldenhaushalt.de\\\/sari02\\\/\",\"name\":\"Heldenhaushalt\",\"description\":\"Wer es ordentlich haben will, der muss vorher anrufen\",\"publisher\":{\"@id\":\"https:\\\/\\\/www.heldenhaushalt.de\\\/sari02\\\/#\\\/schema\\\/person\\\/a1cc69f42a01f412eb62c151353814f6\"},\"potentialAction\":[{\"@type\":\"SearchAction\",\"target\":{\"@type\":\"EntryPoint\",\"urlTemplate\":\"https:\\\/\\\/www.heldenhaushalt.de\\\/sari02\\\/?s={search_term_string}\"},\"query-input\":{\"@type\":\"PropertyValueSpecification\",\"valueRequired\":true,\"valueName\":\"search_term_string\"}}],\"inLanguage\":\"de\"},{\"@type\":[\"Person\",\"Organization\"],\"@id\":\"https:\\\/\\\/www.heldenhaushalt.de\\\/sari02\\\/#\\\/schema\\\/person\\\/a1cc69f42a01f412eb62c151353814f6\",\"name\":\"Sari\",\"image\":{\"@type\":\"ImageObject\",\"inLanguage\":\"de\",\"@id\":\"https:\\\/\\\/www.heldenhaushalt.de\\\/sari02\\\/wp-content\\\/uploads\\\/2019\\\/02\\\/sari-april2018.png\",\"url\":\"https:\\\/\\\/www.heldenhaushalt.de\\\/sari02\\\/wp-content\\\/uploads\\\/2019\\\/02\\\/sari-april2018.png\",\"contentUrl\":\"https:\\\/\\\/www.heldenhaushalt.de\\\/sari02\\\/wp-content\\\/uploads\\\/2019\\\/02\\\/sari-april2018.png\",\"width\":500,\"height\":500,\"caption\":\"Sari\"},\"logo\":{\"@id\":\"https:\\\/\\\/www.heldenhaushalt.de\\\/sari02\\\/wp-content\\\/uploads\\\/2019\\\/02\\\/sari-april2018.png\"},\"description\":\"Frau Mondgras \u2013 Das bin ich, Sari. Gerne auch als Sari Mondgras bekannt und im Internet zu finden. 2-Fach-Mutter, Heldenehefrau, Kreativling, Harmonies\u00fcchtig und st\u00e4ndig auf der Suche nach Gl\u00fcck. Ich komme aus Berlin, bin hier aufgewachsen und lebe hier seit ich denken kann.\",\"sameAs\":[\"https:\\\/\\\/www.instagram.com\\\/heldenhaushalt\\\/\"]}]}<\/script>\n<!-- \/ Yoast SEO plugin. -->","yoast_head_json":{"title":"LINKLIEBE \/\/ Blogempfehlungen und mehr... - Heldenhaushalt","description":"...und heute in Form von sch\u00f6nen Seiten, die ich selbst gerne und regelm\u00e4\u00dfig besuche! Ganz klassisch: Blogempfehlungen!","robots":{"index":"index","follow":"follow","max-snippet":"max-snippet:-1","max-image-preview":"max-image-preview:large","max-video-preview":"max-video-preview:-1"},"canonical":"https:\/\/www.heldenhaushalt.de\/sari02\/index.php\/mondgras-verlinken\/","og_locale":"de_DE","og_type":"article","og_title":"LINKLIEBE \/\/ Blogempfehlungen und mehr... - Heldenhaushalt","og_description":"...und heute in Form von sch\u00f6nen Seiten, die ich selbst gerne und regelm\u00e4\u00dfig besuche! Ganz klassisch: Blogempfehlungen!","og_url":"https:\/\/www.heldenhaushalt.de\/sari02\/index.php\/mondgras-verlinken\/","og_site_name":"Heldenhaushalt","article_modified_time":"2025-05-14T08:26:36+00:00","twitter_card":"summary_large_image","twitter_site":"@Heldenhaushalt","twitter_misc":{"Gesch\u00e4tzte Lesezeit":"1\u00a0Minute"},"schema":{"@context":"https:\/\/schema.org","@graph":[{"@type":"WebPage","@id":"https:\/\/www.heldenhaushalt.de\/sari02\/index.php\/mondgras-verlinken\/","url":"https:\/\/www.heldenhaushalt.de\/sari02\/index.php\/mondgras-verlinken\/","name":"LINKLIEBE \/\/ Blogempfehlungen und mehr... - Heldenhaushalt","isPartOf":{"@id":"https:\/\/www.heldenhaushalt.de\/sari02\/#website"},"datePublished":"2007-04-16T18:46:41+00:00","dateModified":"2025-05-14T08:26:36+00:00","description":"...und heute in Form von sch\u00f6nen Seiten, die ich selbst gerne und regelm\u00e4\u00dfig besuche! Ganz klassisch: Blogempfehlungen!","breadcrumb":{"@id":"https:\/\/www.heldenhaushalt.de\/sari02\/index.php\/mondgras-verlinken\/#breadcrumb"},"inLanguage":"de","potentialAction":[{"@type":"ReadAction","target":["https:\/\/www.heldenhaushalt.de\/sari02\/index.php\/mondgras-verlinken\/"]}]},{"@type":"BreadcrumbList","@id":"https:\/\/www.heldenhaushalt.de\/sari02\/index.php\/mondgras-verlinken\/#breadcrumb","itemListElement":[{"@type":"ListItem","position":1,"name":"Startseite","item":"https:\/\/www.heldenhaushalt.de\/sari02\/"},{"@type":"ListItem","position":2,"name":"LINKLIEBE \/\/ Blogempfehlungen und mehr&#8230;"}]},{"@type":"WebSite","@id":"https:\/\/www.heldenhaushalt.de\/sari02\/#website","url":"https:\/\/www.heldenhaushalt.de\/sari02\/","name":"Heldenhaushalt","description":"Wer es ordentlich haben will, der muss vorher anrufen","publisher":{"@id":"https:\/\/www.heldenhaushalt.de\/sari02\/#\/schema\/person\/a1cc69f42a01f412eb62c151353814f6"},"potentialAction":[{"@type":"SearchAction","target":{"@type":"EntryPoint","urlTemplate":"https:\/\/www.heldenhaushalt.de\/sari02\/?s={search_term_string}"},"query-input":{"@type":"PropertyValueSpecification","valueRequired":true,"valueName":"search_term_string"}}],"inLanguage":"de"},{"@type":["Person","Organization"],"@id":"https:\/\/www.heldenhaushalt.de\/sari02\/#\/schema\/person\/a1cc69f42a01f412eb62c151353814f6","name":"Sari","image":{"@type":"ImageObject","inLanguage":"de","@id":"https:\/\/www.heldenhaushalt.de\/sari02\/wp-content\/uploads\/2019\/02\/sari-april2018.png","url":"https:\/\/www.heldenhaushalt.de\/sari02\/wp-content\/uploads\/2019\/02\/sari-april2018.png","contentUrl":"https:\/\/www.heldenhaushalt.de\/sari02\/wp-content\/uploads\/2019\/02\/sari-april2018.png","width":500,"height":500,"caption":"Sari"},"logo":{"@id":"https:\/\/www.heldenhaushalt.de\/sari02\/wp-content\/uploads\/2019\/02\/sari-april2018.png"},"description":"Frau Mondgras \u2013 Das bin ich, Sari. Gerne auch als Sari Mondgras bekannt und im Internet zu finden. 2-Fach-Mutter, Heldenehefrau, Kreativling, Harmonies\u00fcchtig und st\u00e4ndig auf der Suche nach Gl\u00fcck. Ich komme aus Berlin, bin hier aufgewachsen und lebe hier seit ich denken kann.","sameAs":["https:\/\/www.instagram.com\/heldenhaushalt\/"]}]}},"_links":{"self":[{"href":"https:\/\/www.heldenhaushalt.de\/sari02\/index.php\/wp-json\/wp\/v2\/pages\/12","targetHints":{"allow":["GET"]}}],"collection":[{"href":"https:\/\/www.heldenhaushalt.de\/sari02\/index.php\/wp-json\/wp\/v2\/pages"}],"about":[{"href":"https:\/\/www.heldenhaushalt.de\/sari02\/index.php\/wp-json\/wp\/v2\/types\/page"}],"author":[{"embeddable":true,"href":"https:\/\/www.heldenhaushalt.de\/sari02\/index.php\/wp-json\/wp\/v2\/users\/1"}],"replies":[{"embeddable":true,"href":"https:\/\/www.heldenhaushalt.de\/sari02\/index.php\/wp-json\/wp\/v2\/comments?post=12"}],"version-history":[{"count":55,"href":"https:\/\/www.heldenhaushalt.de\/sari02\/index.php\/wp-json\/wp\/v2\/pages\/12\/revisions"}],"predecessor-version":[{"id":64288,"href":"https:\/\/www.heldenhaushalt.de\/sari02\/index.php\/wp-json\/wp\/v2\/pages\/12\/revisions\/64288"}],"wp:attachment":[{"href":"https:\/\/www.heldenhaushalt.de\/sari02\/index.php\/wp-json\/wp\/v2\/media?parent=12"}],"curies":[{"name":"wp","href":"https:\/\/api.w.org\/{rel}","templated":true}]}}