{"id":13108,"date":"2011-12-31T12:15:52","date_gmt":"2011-12-31T11:15:52","guid":{"rendered":"http:\/\/www.mondgras.de\/sari02\/?page_id=13108"},"modified":"2012-12-31T07:43:53","modified_gmt":"2012-12-31T06:43:53","slug":"projekt-52-die-themen-2012","status":"publish","type":"page","link":"https:\/\/www.heldenhaushalt.de\/sari02\/index.php\/projekt-52-die-themen-2012\/","title":{"rendered":"Projekt 52: Die Themen 2012"},"content":{"rendered":"<p>Hier seht Ihr die Themen f&#252;r 2012 nochmal aufgelistet, sobald sie bekannt gegeben wurden!<\/p>\n<p><em><strong>01. \u201cWie im Zirkus\u201d<\/strong> von B&#252;chersammlerin<br \/>\n<strong>02. \u201cM&#252;ll\u201d<\/strong> von cimddwc<br \/>\n<strong>03. \u201cAlltagsheld\u201d<\/strong> von Eva<br \/>\n<strong>04. \u201cLiniert\u201d<\/strong> von Anja<\/em><\/p>\n<p><strong>Linksammlung:<\/strong> <a href=\"http:\/\/www.heldenhaushalt.de\/sari02\/index.php\/2012\/01\/04\/projekt-52-12-linksammlung-01\/\" target=\"_blank\">01<\/a> &#8211; <a href=\"http:\/\/www.heldenhaushalt.de\/sari02\/index.php\/2012\/01\/11\/projekt-52-12-linksammlung-02\/\" target=\"_blank\">02<\/a> &#8211; <a href=\"http:\/\/www.heldenhaushalt.de\/sari02\/index.php\/2012\/01\/18\/projekt-52-12-linksammlung-03\/\" target=\"_blank\">03<\/a> &#8211; <a href=\"http:\/\/www.heldenhaushalt.de\/sari02\/index.php\/2012\/01\/25\/projekt-52-12-linksammlung-04\/\" target=\"_blank\">04<\/a><\/p>\n<p><em><strong>05. \u201cTagtr&#228;umer\u201d<\/strong><\/em> von Anna <em>(bereits seit Januar bekannt)<\/em><br \/>\n<em><strong>06. \u201cTitelfoto\u201d<\/strong><\/em> von Raven<br \/>\n<em><strong>07. \u201cTypisch Mann\/Frau\u201d<\/strong><\/em> von Mick<br \/>\n<em><strong>08. \u201cVerschlungen\u201d<\/strong><\/em> von Aqually<br \/>\n<em><strong>09. \u201cI love\u2026\u201d<\/strong><\/em> von Anja<\/p>\n<p><strong>Linksammlung:<\/strong> <a href=\"http:\/\/www.heldenhaushalt.de\/sari02\/index.php\/2012\/02\/01\/projekt-52-12-linksammlung-05\/\" target=\"_blank\">05<\/a> &#8211; <a href=\"http:\/\/www.heldenhaushalt.de\/sari02\/index.php\/2012\/02\/08\/projekt-52-12-linksammlung-06\/\" target=\"_blank\">06<\/a> &#8211; <a href=\"http:\/\/www.heldenhaushalt.de\/sari02\/index.php\/2012\/02\/15\/projekt-52-12-linksammlung-07\/\" target=\"_blank\">07<\/a> &#8211; <a href=\"http:\/\/www.heldenhaushalt.de\/sari02\/index.php\/2012\/02\/22\/p52-12-linksammlung-08\/\" target=\"_blank\">08<\/a> &#8211; <a href=\"http:\/\/www.heldenhaushalt.de\/sari02\/index.php\/2012\/02\/29\/p52-12-linksammlung-09\/\" target=\"_blank\">09<\/a><\/p>\n<p><em><strong>10. \u201cErwachen\u201d<\/strong> von Ivi<\/em><br \/>\n<em> <strong>11.\u00a0 \u201cKunst?!\u201d<\/strong> von Fabi<\/em><br \/>\n<em> <strong>12. \u201cEinfarbig\u201d<\/strong> von federfee<\/em><br \/>\n<em> <strong>13. \u201cSammlung\u201d<\/strong> von Anja<\/em><\/p>\n<p><strong>Linksammlung:<\/strong> <a href=\"http:\/\/www.heldenhaushalt.de\/sari02\/index.php\/2012\/03\/07\/p52-12-linksammlung-10\/\" target=\"_blank\">10<\/a> &#8211; <a href=\"http:\/\/www.heldenhaushalt.de\/sari02\/index.php\/2012\/03\/14\/p52-12-linksammlung-11\/\" target=\"_blank\">11<\/a> &#8211; <a href=\"http:\/\/www.heldenhaushalt.de\/sari02\/index.php\/2012\/03\/21\/p52-12-linksammlung-12\/\" target=\"_blank\">12<\/a> &#8211; <a href=\"http:\/\/www.heldenhaushalt.de\/sari02\/index.php\/2012\/03\/28\/p52-12-linksammlung-13\/\" target=\"_blank\">13<\/a><\/p>\n<p><strong>14. \u201cWachstum\u201d<\/strong> von cimddwc<br \/>\n<strong>15. \u201cLeckereien\u201d<\/strong> von Ivi<br \/>\n<strong>16. \u201cHaust&#252;r\u201d<\/strong> von Uwe<br \/>\n<strong>17.\u00a0 \u201cWeggeworfen und<\/strong> <strong>vergessen\u201d<\/strong> von Eva<\/p>\n<p><strong>Linksammlung<\/strong>: <a href=\"http:\/\/www.heldenhaushalt.de\/sari02\/index.php\/2012\/04\/04\/p52-12-linksammlung-14\/\" target=\"_blank\">14 <\/a>&#8211; <a href=\"http:\/\/www.heldenhaushalt.de\/sari02\/index.php\/2012\/04\/11\/p52-12-linksammlung-15\/\" target=\"_blank\">15<\/a> &#8211; <a href=\"http:\/\/www.heldenhaushalt.de\/sari02\/index.php\/2012\/04\/18\/p52-12-linksammlung-16\/\" target=\"_blank\">16 <\/a>&#8211; <a href=\"http:\/\/www.heldenhaushalt.de\/sari02\/index.php\/2012\/04\/25\/p52-12-linksammlung-17\/\" target=\"_blank\">17<\/a><\/p>\n<p><strong>18. &#8220;Ring&#8221;<\/strong> von cimddwc<br \/>\n<strong>19. &#8220;Mit Kinderaugen&#8221;<\/strong> von Anna<br \/>\n<strong>20. &#8220;Erinnerungen<\/strong>&#8221; von B&#252;chersammlerin<br \/>\n<strong>21. &#8220;Das k&#252;hle Nass&#8221;<\/strong> von Anja<br \/>\n<strong>22. &#8220;Mission Impossible \u2013 Das unm&#246;gliche Foto&#8221;<\/strong> von Raven<\/p>\n<p><strong>Linksammlung:<\/strong> <a href=\"http:\/\/www.heldenhaushalt.de\/sari02\/index.php\/2012\/05\/02\/p52-12-linksammlung-18\/\" target=\"_blank\">18<\/a> &#8211; <a href=\"http:\/\/www.heldenhaushalt.de\/sari02\/index.php\/2012\/05\/09\/p52-12-linksammlung-19\/\" target=\"_blank\">19<\/a> &#8211; <a href=\"http:\/\/www.heldenhaushalt.de\/sari02\/index.php\/2012\/05\/16\/p52-12-linksammlung-20\/\" target=\"_blank\">20<\/a> &#8211; <a href=\"http:\/\/www.heldenhaushalt.de\/sari02\/index.php\/2012\/05\/23\/p52-12-linksammlung-21\/\" target=\"_blank\">21<\/a> &#8211; <a href=\"http:\/\/www.heldenhaushalt.de\/sari02\/index.php\/2012\/05\/30\/p52-12-linksammlung-22\/\" target=\"_blank\">22<\/a><\/p>\n<p><strong>23. <em>&#8220;DIY \u2013 Do it yourself<\/em><\/strong>&#8221; von Eva<br \/>\n<strong>24. <em>&#8220;Knallig<\/em><\/strong>&#8221; von Anja<br \/>\n<strong>25. <em>&#8220;&#220;berirdisch&#8221;<\/em><\/strong> von Sari<br \/>\n<strong>26. <em>&#8220;Rushhour&#8221;<\/em><\/strong> von Mick<\/p>\n<p><strong>Linksammlung:<\/strong> <a href=\"http:\/\/www.heldenhaushalt.de\/sari02\/index.php\/2012\/06\/06\/p52-12-linksammlung-23\/\" target=\"_blank\">23<\/a> &#8211; <a href=\"http:\/\/www.heldenhaushalt.de\/sari02\/index.php\/2012\/06\/13\/p52-12-linksammlung-24\/\" target=\"_blank\">24<\/a> &#8211; <a href=\"http:\/\/www.heldenhaushalt.de\/sari02\/index.php\/2012\/06\/20\/p52-12-linksammlung-25\/\" target=\"_blank\">25<\/a>&#8211; <a href=\"http:\/\/www.heldenhaushalt.de\/sari02\/index.php\/2012\/06\/27\/p52-12-linksammlung-26\/\" target=\"_blank\">26<\/a><\/p>\n<p><strong>27. <em>&#8220;Lebendig<\/em><\/strong>&#8221; von Anna<br \/>\n<strong>28. <em>&#8220;My way to \u2026&#8221;<\/em><\/strong>von Fr.K.<br \/>\n<strong>29. <em>&#8220;Spiegelwelt<\/em><\/strong>&#8221; von Fabi<br \/>\n<strong>30.<em>&#8220;Sommerlich&#8221;<\/em><\/strong> von Anja<\/p>\n<p><strong>Linksammlung:<\/strong> <a href=\"http:\/\/www.heldenhaushalt.de\/sari02\/index.php\/2012\/07\/04\/p52-12-linksammlung-26-2\/\" target=\"_blank\">27<\/a> &#8211; <a href=\"http:\/\/www.heldenhaushalt.de\/sari02\/index.php\/2012\/07\/11\/p52-12-linksammlung-28\/\" target=\"_blank\">28<\/a> &#8211; <a href=\"http:\/\/www.heldenhaushalt.de\/sari02\/index.php\/2012\/07\/18\/p52-12-linksammlung-29\/\" target=\"_blank\">29<\/a> &#8211; <a href=\"http:\/\/www.heldenhaushalt.de\/sari02\/index.php\/2012\/07\/25\/p52-12-linksammlung-30\/\" target=\"_blank\">30<\/a><\/p>\n<p><strong>31. <\/strong><strong><em>\u00a0 &#8220;Bildh&#252;bsch&#8221;<\/em><\/strong> von federfee<br \/>\n<strong>32. <em>&#8220;<\/em><\/strong><strong><em>Frech<\/em><\/strong>&#8221; von Anja<br \/>\n<strong>33. <em>&#8220;<\/em><\/strong><strong><em>Endlos<\/em><\/strong>&#8221; von Raven<br \/>\n<strong>34.<em>&#8220;<\/em><\/strong><strong><em>Hausnummer<\/em><\/strong>&#8221; von Uwe<br \/>\n<strong>35<\/strong>. <strong><em>&#8220;Strukturen&#8221;<\/em><\/strong> von Sari<\/p>\n<p><strong>Linksammlung:<\/strong> <a href=\"http:\/\/www.heldenhaushalt.de\/sari02\/index.php\/2012\/08\/01\/p52-12-linksammlung-31\/\" target=\"_blank\">31<\/a> &#8211; <a href=\"http:\/\/www.heldenhaushalt.de\/sari02\/index.php\/2012\/08\/08\/p52-12-linksammlung-32\/\" target=\"_blank\">32<\/a> &#8211; <a href=\"http:\/\/www.heldenhaushalt.de\/sari02\/index.php\/2012\/08\/15\/p52-12-linksammlung-33\/\" target=\"_blank\">33<\/a> &#8211; <a href=\"http:\/\/www.heldenhaushalt.de\/sari02\/index.php\/2012\/08\/22\/p52-12-linksammlung-34\/\" target=\"_blank\">34<\/a> &#8211; <a href=\"http:\/\/www.heldenhaushalt.de\/sari02\/index.php\/2012\/08\/29\/p52-12-linksammlung-35\/\" target=\"_blank\">35<\/a><\/p>\n<p><strong>36.\u00a0 &#8220;<em>Zug um Zug&#8221;<\/em><\/strong> von Moni<br \/>\n<strong>37.\u00a0 <em>&#8220;Twins<\/em><\/strong>&#8221; von Aqually<br \/>\n<strong>38.\u00a0 <em>&#8220;B&#252;cherwurm&#8221;<\/em><\/strong> von Sari<br \/>\n<strong>39.\u00a0 <em>&#8220;Trauer<\/em><\/strong>&#8221; von Eva<\/p>\n<p><strong>Linksammlung:<\/strong> <a href=\"http:\/\/www.heldenhaushalt.de\/sari02\/index.php\/2012\/09\/05\/p52-12-linksammlung-36\/\" target=\"_blank\">36<\/a> &#8211; <a href=\"http:\/\/www.heldenhaushalt.de\/sari02\/index.php\/2012\/09\/12\/p52-12-linksammlung-37\/\" target=\"_blank\">37<\/a> &#8211; <a href=\"http:\/\/www.heldenhaushalt.de\/sari02\/index.php\/2012\/09\/19\/p52-12-linksammlung-38\/\" target=\"_blank\">38<\/a> &#8211; <a href=\"http:\/\/www.heldenhaushalt.de\/sari02\/index.php\/2012\/09\/26\/p52-12-linksammlung-39\/\" target=\"_blank\">39<\/a><\/p>\n<p><strong>40. <em>&#8220;&#220;berbleibsel<\/em><\/strong>&#8221; von Bettina<br \/>\n<strong>41<\/strong>. <em><strong>&#8220;Weite&#8221;<\/strong><\/em> von Moni<br \/>\n<strong>42.\u00a0 <em>&#8220;Abenteuer<\/em><\/strong>&#8221; von Mick<br \/>\n<strong>43. <em>&#8220;Wunderwelten&#8221;<\/em><\/strong> von Fabi<br \/>\n<strong>44. <em>&#8220;Pfui Teufel<\/em><\/strong>&#8221; von B&#252;chersammlerin<\/p>\n<p><strong>Linksammlung:<\/strong> <a href=\"http:\/\/www.heldenhaushalt.de\/sari02\/index.php\/2012\/10\/03\/p52-12-linksammlung-40\/\" target=\"_blank\">40<\/a> &#8211; <a href=\"http:\/\/www.heldenhaushalt.de\/sari02\/index.php\/2012\/10\/10\/p52-12-linksammlung-41\/\" target=\"_blank\">41<\/a> &#8211; <a href=\"http:\/\/www.heldenhaushalt.de\/sari02\/index.php\/2012\/10\/17\/p52-12-linksammlung-42\/\" target=\"_blank\">42<\/a> &#8211; <a href=\"http:\/\/www.heldenhaushalt.de\/sari02\/index.php\/2012\/10\/24\/p52-12-linksammlung-43\/\" target=\"_blank\">43<\/a> &#8211; <a href=\"http:\/\/www.heldenhaushalt.de\/sari02\/index.php\/2012\/10\/31\/p52-12-linksammlung-44\/\" target=\"_blank\">44<\/a><\/p>\n<p><strong>45. <em>&#8220;Friedhof<\/em><\/strong>&#8221; von Mick<br \/>\n<strong>46. <em>&#8220;Spiel mit mir<\/em><\/strong>&#8221; von Moni<br \/>\n<strong>47.<em> &#8220;Bahnhof<\/em><\/strong> &#8220;von Anja<br \/>\n<strong>48. <em>&#8220;Glatt&#8221;<\/em><\/strong> von cimddwc<\/p>\n<p><strong>Linksammlung:<\/strong> <a href=\"http:\/\/www.heldenhaushalt.de\/sari02\/index.php\/2012\/11\/07\/p52-12-linksammlung-45\/\" target=\"_blank\">45<\/a> &#8211; <a href=\"http:\/\/www.heldenhaushalt.de\/sari02\/index.php\/2012\/11\/14\/p52-12-linksammlung-46\/\" target=\"_blank\">46<\/a> &#8211; <a href=\"http:\/\/www.heldenhaushalt.de\/sari02\/index.php\/2012\/11\/21\/p52-12-linksammlung-47\/\" target=\"_blank\">47<\/a> &#8211; <a href=\"http:\/\/www.heldenhaushalt.de\/sari02\/index.php\/2012\/11\/28\/p52-12-linksammlung-48\/\" target=\"_blank\">48<\/a><\/p>\n<p><strong>49. <em>&#8220;Kleinigkeiten&#8221;<\/em><\/strong> von Anna<br \/>\n<strong>50. <em>&#8220;Must have<\/em><\/strong>&#8221; von Fr.K<br \/>\n<strong>51. <em>&#8220;Mit allen Sinnen<\/em><\/strong> &#8220;von Raine<br \/>\n<strong>52. <em>&#8220;Ich<\/em><\/strong>&#8221; von Eva<\/p>\n<p><strong>Linksammlung:<\/strong> <a href=\"http:\/\/www.heldenhaushalt.de\/sari02\/index.php\/2012\/12\/05\/p52-12-linksammlung-49\/\" target=\"_blank\">49<\/a> &#8211; <a href=\"http:\/\/www.heldenhaushalt.de\/sari02\/index.php\/2012\/12\/12\/p52-12-linksammlung-50\/\" target=\"_blank\">50<\/a> &#8211; <a href=\"http:\/\/www.heldenhaushalt.de\/sari02\/index.php\/2012\/12\/19\/p52-12-linksammlung-51\/\" target=\"_blank\">51<\/a> &#8211; <a href=\"http:\/\/www.heldenhaushalt.de\/sari02\/index.php\/2012\/12\/26\/p52-12-linksammlung-52\/\" target=\"_blank\">52<\/a><\/p>\n","protected":false},"excerpt":{"rendered":"<p>Hier seht Ihr die Themen f&#252;r 2012 nochmal aufgelistet, sobald sie bekannt gegeben wurden! 01. \u201cWie im Zirkus\u201d von B&#252;chersammlerin 02. \u201cM&#252;ll\u201d von cimddwc 03. \u201cAlltagsheld\u201d von Eva 04. \u201cLiniert\u201d von Anja Linksammlung: 01 &#8211; 02 &#8211; 03 &#8211; 04 05. \u201cTagtr&#228;umer\u201d von Anna (bereits seit Januar bekannt) 06. \u201cTitelfoto\u201d von Raven 07. \u201cTypisch Mann\/Frau\u201d von Mick 08. \u201cVerschlungen\u201d von Aqually 09. \u201cI love\u2026\u201d von Anja Linksammlung: 05 &#8211; 06 &#8211; 07 &#8211; 08 &#8211; 09 10. \u201cErwachen\u201d von Ivi 11.\u00a0 \u201cKunst?!\u201d von Fabi 12. \u201cEinfarbig\u201d von federfee 13. \u201cSammlung\u201d von Anja Linksammlung: 10 &#8211; 11 &#8211; 12 &#8211; 13 14. \u201cWachstum\u201d von cimddwc 15. \u201cLeckereien\u201d von Ivi 16. \u201cHaust&#252;r\u201d von Uwe 17.\u00a0 \u201cWeggeworfen und vergessen\u201d von Eva Linksammlung: 14 &#8211; 15 &#8211; 16 &#8211; 17 18. &#8220;Ring&#8221; von cimddwc 19. &#8220;Mit Kinderaugen&#8221; von Anna 20. &#8220;Erinnerungen&#8221; von B&#252;chersammlerin 21. &#8220;Das k&#252;hle Nass&#8221; von Anja 22. &#8220;Mission Impossible \u2013 Das unm&#246;gliche Foto&#8221; von Raven Linksammlung: 18 &#8211; 19 &#8211; 20 &#8211; 21 &#8211; 22 23. &#8220;DIY \u2013 Do it yourself&#8221; von Eva 24. &#8220;Knallig&#8221; von Anja 25. &#8220;&#220;berirdisch&#8221; von Sari 26. &#8220;Rushhour&#8221; von Mick Linksammlung: 23 &#8211; 24 &#8211; 25&#8211; 26 27. &#8220;Lebendig&#8221; von Anna 28. &#8220;My way to \u2026&#8221;von Fr.K. 29. &#8220;Spiegelwelt&#8221; von Fabi 30.&#8220;Sommerlich&#8221; von Anja Linksammlung: 27 &#8211; 28 &#8211; 29 &#8211; 30 31. \u00a0 &#8220;Bildh&#252;bsch&#8221; von federfee 32. &#8220;Frech&#8221; von Anja 33. &#8220;Endlos&#8221; von Raven 34.&#8220;Hausnummer&#8221; von Uwe 35. &#8220;Strukturen&#8221; von Sari Linksammlung: 31 &#8211; 32 &#8211; 33 &#8211; 34 &#8211; 35 36.\u00a0 &#8220;Zug um Zug&#8221; von Moni 37.\u00a0 &#8220;Twins&#8221; von Aqually 38.\u00a0 &#8220;B&#252;cherwurm&#8221; von Sari 39.\u00a0 &#8220;Trauer&#8221; von Eva Linksammlung: 36 &#8211; 37 &#8211; 38 &#8211; 39 40. &#8220;&#220;berbleibsel&#8221; von Bettina 41. &#8220;Weite&#8221; von Moni 42.\u00a0 &#8220;Abenteuer&#8221; von Mick 43. &#8220;Wunderwelten&#8221; von Fabi 44. &#8220;Pfui Teufel&#8221; von B&#252;chersammlerin Linksammlung: 40 &#8211; 41 &#8211; 42 &#8211; 43 &#8211; 44 45. &#8220;Friedhof&#8221; von Mick 46. &#8220;Spiel mit mir&#8221; von Moni 47. &#8220;Bahnhof &#8220;von Anja 48. &#8220;Glatt&#8221; von cimddwc Linksammlung: 45 &#8211; 46 &#8211; 47 &#8211; 48 49. &#8220;Kleinigkeiten&#8221; von Anna 50. &#8220;Must have&#8221; von Fr.K 51. &#8220;Mit allen Sinnen &#8220;von Raine 52. &#8220;Ich&#8221; von Eva Linksammlung: 49 &#8211; 50 &#8211; 51 &#8211; 52<\/p>\n","protected":false},"author":1,"featured_media":0,"parent":0,"menu_order":0,"comment_status":"open","ping_status":"open","template":"","meta":{"ngg_post_thumbnail":0,"footnotes":""},"class_list":["post-13108","page","type-page","status-publish","hentry"],"yoast_head":"<!-- This site is optimized with the Yoast SEO plugin v27.5 - https:\/\/yoast.com\/product\/yoast-seo-wordpress\/ -->\n<title>Projekt 52: Die Themen 2012 - Heldenhaushalt<\/title>\n<meta name=\"description\" content=\"Auch Helden erleben den t\u00e4glichen Wahnsinn, den ein Alltag mit sich bringt und Frau Mondgras sitzt mittendrin. Berlinerin, Mutter, Ehefrau, Kreativling und auf der st\u00e4ndigen Suche nach Gl\u00fcck... Hier wird gen\u00e4ht, gebacken, gebastelt und auch mal \u00fcber den Alltag gemault.\" \/>\n<meta name=\"robots\" content=\"index, follow, max-snippet:-1, max-image-preview:large, max-video-preview:-1\" \/>\n<link rel=\"canonical\" href=\"https:\/\/www.heldenhaushalt.de\/sari02\/index.php\/projekt-52-die-themen-2012\/\" \/>\n<meta property=\"og:locale\" content=\"de_DE\" \/>\n<meta property=\"og:type\" content=\"article\" \/>\n<meta property=\"og:title\" content=\"Projekt 52: Die Themen 2012 - Heldenhaushalt\" \/>\n<meta property=\"og:description\" content=\"Auch Helden erleben den t\u00e4glichen Wahnsinn, den ein Alltag mit sich bringt und Frau Mondgras sitzt mittendrin. Berlinerin, Mutter, Ehefrau, Kreativling und auf der st\u00e4ndigen Suche nach Gl\u00fcck... Hier wird gen\u00e4ht, gebacken, gebastelt und auch mal \u00fcber den Alltag gemault.\" \/>\n<meta property=\"og:url\" content=\"https:\/\/www.heldenhaushalt.de\/sari02\/index.php\/projekt-52-die-themen-2012\/\" \/>\n<meta property=\"og:site_name\" content=\"Heldenhaushalt\" \/>\n<meta property=\"article:modified_time\" content=\"2012-12-31T06:43:53+00:00\" \/>\n<meta name=\"twitter:card\" content=\"summary_large_image\" \/>\n<meta name=\"twitter:site\" content=\"@Heldenhaushalt\" \/>\n<meta name=\"twitter:label1\" content=\"Gesch\u00e4tzte Lesezeit\" \/>\n\t<meta name=\"twitter:data1\" content=\"1\u00a0Minute\" \/>\n<script type=\"application\/ld+json\" class=\"yoast-schema-graph\">{\"@context\":\"https:\\\/\\\/schema.org\",\"@graph\":[{\"@type\":\"WebPage\",\"@id\":\"https:\\\/\\\/www.heldenhaushalt.de\\\/sari02\\\/index.php\\\/projekt-52-die-themen-2012\\\/\",\"url\":\"https:\\\/\\\/www.heldenhaushalt.de\\\/sari02\\\/index.php\\\/projekt-52-die-themen-2012\\\/\",\"name\":\"Projekt 52: Die Themen 2012 - Heldenhaushalt\",\"isPartOf\":{\"@id\":\"https:\\\/\\\/www.heldenhaushalt.de\\\/sari02\\\/#website\"},\"datePublished\":\"2011-12-31T11:15:52+00:00\",\"dateModified\":\"2012-12-31T06:43:53+00:00\",\"description\":\"Auch Helden erleben den t\u00e4glichen Wahnsinn, den ein Alltag mit sich bringt und Frau Mondgras sitzt mittendrin. Berlinerin, Mutter, Ehefrau, Kreativling und auf der st\u00e4ndigen Suche nach Gl\u00fcck... Hier wird gen\u00e4ht, gebacken, gebastelt und auch mal \u00fcber den Alltag gemault.\",\"breadcrumb\":{\"@id\":\"https:\\\/\\\/www.heldenhaushalt.de\\\/sari02\\\/index.php\\\/projekt-52-die-themen-2012\\\/#breadcrumb\"},\"inLanguage\":\"de\",\"potentialAction\":[{\"@type\":\"ReadAction\",\"target\":[\"https:\\\/\\\/www.heldenhaushalt.de\\\/sari02\\\/index.php\\\/projekt-52-die-themen-2012\\\/\"]}]},{\"@type\":\"BreadcrumbList\",\"@id\":\"https:\\\/\\\/www.heldenhaushalt.de\\\/sari02\\\/index.php\\\/projekt-52-die-themen-2012\\\/#breadcrumb\",\"itemListElement\":[{\"@type\":\"ListItem\",\"position\":1,\"name\":\"Startseite\",\"item\":\"https:\\\/\\\/www.heldenhaushalt.de\\\/sari02\\\/\"},{\"@type\":\"ListItem\",\"position\":2,\"name\":\"Projekt 52: Die Themen 2012\"}]},{\"@type\":\"WebSite\",\"@id\":\"https:\\\/\\\/www.heldenhaushalt.de\\\/sari02\\\/#website\",\"url\":\"https:\\\/\\\/www.heldenhaushalt.de\\\/sari02\\\/\",\"name\":\"Heldenhaushalt\",\"description\":\"Wer es ordentlich haben will, der muss vorher anrufen\",\"publisher\":{\"@id\":\"https:\\\/\\\/www.heldenhaushalt.de\\\/sari02\\\/#\\\/schema\\\/person\\\/a1cc69f42a01f412eb62c151353814f6\"},\"potentialAction\":[{\"@type\":\"SearchAction\",\"target\":{\"@type\":\"EntryPoint\",\"urlTemplate\":\"https:\\\/\\\/www.heldenhaushalt.de\\\/sari02\\\/?s={search_term_string}\"},\"query-input\":{\"@type\":\"PropertyValueSpecification\",\"valueRequired\":true,\"valueName\":\"search_term_string\"}}],\"inLanguage\":\"de\"},{\"@type\":[\"Person\",\"Organization\"],\"@id\":\"https:\\\/\\\/www.heldenhaushalt.de\\\/sari02\\\/#\\\/schema\\\/person\\\/a1cc69f42a01f412eb62c151353814f6\",\"name\":\"Sari\",\"image\":{\"@type\":\"ImageObject\",\"inLanguage\":\"de\",\"@id\":\"https:\\\/\\\/www.heldenhaushalt.de\\\/sari02\\\/wp-content\\\/uploads\\\/2019\\\/02\\\/sari-april2018.png\",\"url\":\"https:\\\/\\\/www.heldenhaushalt.de\\\/sari02\\\/wp-content\\\/uploads\\\/2019\\\/02\\\/sari-april2018.png\",\"contentUrl\":\"https:\\\/\\\/www.heldenhaushalt.de\\\/sari02\\\/wp-content\\\/uploads\\\/2019\\\/02\\\/sari-april2018.png\",\"width\":500,\"height\":500,\"caption\":\"Sari\"},\"logo\":{\"@id\":\"https:\\\/\\\/www.heldenhaushalt.de\\\/sari02\\\/wp-content\\\/uploads\\\/2019\\\/02\\\/sari-april2018.png\"},\"description\":\"Frau Mondgras \u2013 Das bin ich, Sari. Gerne auch als Sari Mondgras bekannt und im Internet zu finden. 2-Fach-Mutter, Heldenehefrau, Kreativling, Harmonies\u00fcchtig und st\u00e4ndig auf der Suche nach Gl\u00fcck. Ich komme aus Berlin, bin hier aufgewachsen und lebe hier seit ich denken kann.\",\"sameAs\":[\"https:\\\/\\\/www.instagram.com\\\/heldenhaushalt\\\/\"]}]}<\/script>\n<!-- \/ Yoast SEO plugin. -->","yoast_head_json":{"title":"Projekt 52: Die Themen 2012 - Heldenhaushalt","description":"Auch Helden erleben den t\u00e4glichen Wahnsinn, den ein Alltag mit sich bringt und Frau Mondgras sitzt mittendrin. Berlinerin, Mutter, Ehefrau, Kreativling und auf der st\u00e4ndigen Suche nach Gl\u00fcck... Hier wird gen\u00e4ht, gebacken, gebastelt und auch mal \u00fcber den Alltag gemault.","robots":{"index":"index","follow":"follow","max-snippet":"max-snippet:-1","max-image-preview":"max-image-preview:large","max-video-preview":"max-video-preview:-1"},"canonical":"https:\/\/www.heldenhaushalt.de\/sari02\/index.php\/projekt-52-die-themen-2012\/","og_locale":"de_DE","og_type":"article","og_title":"Projekt 52: Die Themen 2012 - Heldenhaushalt","og_description":"Auch Helden erleben den t\u00e4glichen Wahnsinn, den ein Alltag mit sich bringt und Frau Mondgras sitzt mittendrin. Berlinerin, Mutter, Ehefrau, Kreativling und auf der st\u00e4ndigen Suche nach Gl\u00fcck... Hier wird gen\u00e4ht, gebacken, gebastelt und auch mal \u00fcber den Alltag gemault.","og_url":"https:\/\/www.heldenhaushalt.de\/sari02\/index.php\/projekt-52-die-themen-2012\/","og_site_name":"Heldenhaushalt","article_modified_time":"2012-12-31T06:43:53+00:00","twitter_card":"summary_large_image","twitter_site":"@Heldenhaushalt","twitter_misc":{"Gesch\u00e4tzte Lesezeit":"1\u00a0Minute"},"schema":{"@context":"https:\/\/schema.org","@graph":[{"@type":"WebPage","@id":"https:\/\/www.heldenhaushalt.de\/sari02\/index.php\/projekt-52-die-themen-2012\/","url":"https:\/\/www.heldenhaushalt.de\/sari02\/index.php\/projekt-52-die-themen-2012\/","name":"Projekt 52: Die Themen 2012 - Heldenhaushalt","isPartOf":{"@id":"https:\/\/www.heldenhaushalt.de\/sari02\/#website"},"datePublished":"2011-12-31T11:15:52+00:00","dateModified":"2012-12-31T06:43:53+00:00","description":"Auch Helden erleben den t\u00e4glichen Wahnsinn, den ein Alltag mit sich bringt und Frau Mondgras sitzt mittendrin. Berlinerin, Mutter, Ehefrau, Kreativling und auf der st\u00e4ndigen Suche nach Gl\u00fcck... Hier wird gen\u00e4ht, gebacken, gebastelt und auch mal \u00fcber den Alltag gemault.","breadcrumb":{"@id":"https:\/\/www.heldenhaushalt.de\/sari02\/index.php\/projekt-52-die-themen-2012\/#breadcrumb"},"inLanguage":"de","potentialAction":[{"@type":"ReadAction","target":["https:\/\/www.heldenhaushalt.de\/sari02\/index.php\/projekt-52-die-themen-2012\/"]}]},{"@type":"BreadcrumbList","@id":"https:\/\/www.heldenhaushalt.de\/sari02\/index.php\/projekt-52-die-themen-2012\/#breadcrumb","itemListElement":[{"@type":"ListItem","position":1,"name":"Startseite","item":"https:\/\/www.heldenhaushalt.de\/sari02\/"},{"@type":"ListItem","position":2,"name":"Projekt 52: Die Themen 2012"}]},{"@type":"WebSite","@id":"https:\/\/www.heldenhaushalt.de\/sari02\/#website","url":"https:\/\/www.heldenhaushalt.de\/sari02\/","name":"Heldenhaushalt","description":"Wer es ordentlich haben will, der muss vorher anrufen","publisher":{"@id":"https:\/\/www.heldenhaushalt.de\/sari02\/#\/schema\/person\/a1cc69f42a01f412eb62c151353814f6"},"potentialAction":[{"@type":"SearchAction","target":{"@type":"EntryPoint","urlTemplate":"https:\/\/www.heldenhaushalt.de\/sari02\/?s={search_term_string}"},"query-input":{"@type":"PropertyValueSpecification","valueRequired":true,"valueName":"search_term_string"}}],"inLanguage":"de"},{"@type":["Person","Organization"],"@id":"https:\/\/www.heldenhaushalt.de\/sari02\/#\/schema\/person\/a1cc69f42a01f412eb62c151353814f6","name":"Sari","image":{"@type":"ImageObject","inLanguage":"de","@id":"https:\/\/www.heldenhaushalt.de\/sari02\/wp-content\/uploads\/2019\/02\/sari-april2018.png","url":"https:\/\/www.heldenhaushalt.de\/sari02\/wp-content\/uploads\/2019\/02\/sari-april2018.png","contentUrl":"https:\/\/www.heldenhaushalt.de\/sari02\/wp-content\/uploads\/2019\/02\/sari-april2018.png","width":500,"height":500,"caption":"Sari"},"logo":{"@id":"https:\/\/www.heldenhaushalt.de\/sari02\/wp-content\/uploads\/2019\/02\/sari-april2018.png"},"description":"Frau Mondgras \u2013 Das bin ich, Sari. Gerne auch als Sari Mondgras bekannt und im Internet zu finden. 2-Fach-Mutter, Heldenehefrau, Kreativling, Harmonies\u00fcchtig und st\u00e4ndig auf der Suche nach Gl\u00fcck. Ich komme aus Berlin, bin hier aufgewachsen und lebe hier seit ich denken kann.","sameAs":["https:\/\/www.instagram.com\/heldenhaushalt\/"]}]}},"_links":{"self":[{"href":"https:\/\/www.heldenhaushalt.de\/sari02\/index.php\/wp-json\/wp\/v2\/pages\/13108","targetHints":{"allow":["GET"]}}],"collection":[{"href":"https:\/\/www.heldenhaushalt.de\/sari02\/index.php\/wp-json\/wp\/v2\/pages"}],"about":[{"href":"https:\/\/www.heldenhaushalt.de\/sari02\/index.php\/wp-json\/wp\/v2\/types\/page"}],"author":[{"embeddable":true,"href":"https:\/\/www.heldenhaushalt.de\/sari02\/index.php\/wp-json\/wp\/v2\/users\/1"}],"replies":[{"embeddable":true,"href":"https:\/\/www.heldenhaushalt.de\/sari02\/index.php\/wp-json\/wp\/v2\/comments?post=13108"}],"version-history":[{"count":47,"href":"https:\/\/www.heldenhaushalt.de\/sari02\/index.php\/wp-json\/wp\/v2\/pages\/13108\/revisions"}],"predecessor-version":[{"id":13111,"href":"https:\/\/www.heldenhaushalt.de\/sari02\/index.php\/wp-json\/wp\/v2\/pages\/13108\/revisions\/13111"}],"wp:attachment":[{"href":"https:\/\/www.heldenhaushalt.de\/sari02\/index.php\/wp-json\/wp\/v2\/media?parent=13108"}],"curies":[{"name":"wp","href":"https:\/\/api.w.org\/{rel}","templated":true}]}}