{"id":17323,"date":"2013-01-01T08:45:42","date_gmt":"2013-01-01T07:45:42","guid":{"rendered":"http:\/\/www.mondgras.de\/sari02\/?page_id=17323"},"modified":"2013-12-28T08:20:47","modified_gmt":"2013-12-28T07:20:47","slug":"projekt-52-die-themen-2013","status":"publish","type":"page","link":"https:\/\/www.heldenhaushalt.de\/sari02\/index.php\/projekt-52-die-themen-2013\/","title":{"rendered":"Projekt 52: Die Themen 2013"},"content":{"rendered":"<p>Hier seht Ihr die Themen f&#252;r 2013 nochmal aufgelistet, sobald sie bekannt gegeben wurden!<\/p>\n<p><b>01. <\/b><strong><em>Lebensfreude<\/em> <\/strong>von Varis<br \/>\n<b>02. <\/b><strong><em>Heute Morgen<\/em> <\/strong>von stoffel<br \/>\n<b>03. <\/b><strong><em>Verzaubert<\/em><\/strong> von Antje<br \/>\n<b>04. <\/b><strong><em>Klitzeklein<\/em><\/strong> von M&#228;rzh&#228;sin<br \/>\n<b>05. <\/b><strong><em>Momentaufnahme<\/em><\/strong> von Chrissi<\/p>\n<p><strong>Linksammlung:<\/strong> <a href=\"http:\/\/www.heldenhaushalt.de\/sari02\/index.php\/2013\/01\/02\/p52-13-themenliste-01\/\" target=\"_blank\">01<\/a> \u2013 <a href=\"http:\/\/www.heldenhaushalt.de\/sari02\/index.php\/2013\/01\/09\/p52-13-themenliste-02\/\" target=\"_blank\">02<\/a> \u2013 <a href=\"http:\/\/www.heldenhaushalt.de\/sari02\/index.php\/2013\/01\/16\/p52-13-themenliste-03\/\" target=\"_blank\">03<\/a> \u2013 <a href=\"http:\/\/www.heldenhaushalt.de\/sari02\/index.php\/2013\/01\/23\/p52-13-themenliste-04\/\" target=\"_blank\">04<\/a> &#8211; <a href=\"http:\/\/www.heldenhaushalt.de\/sari02\/index.php\/2013\/01\/30\/p52-13-themenliste-05\/\" target=\"_blank\">05<\/a><\/p>\n<p><b>06. \u00a0<\/b><em><strong>Bewegung<\/strong><\/em> von Consuela<br \/>\n<b>07.<\/b><strong><em>\u00a0 Rosarot <\/em><\/strong>von Kruemel<br \/>\n<b>08.\u00a0 <\/b><em><strong>Geschirr<\/strong> <\/em>von Viktor Janke<br \/>\n<b>09.\u00a0 <\/b><em><strong>Hinter der T&#252;re<\/strong><\/em> von Sabrina<\/p>\n<p><strong>Linksammlung:<\/strong><a href=\"http:\/\/www.heldenhaushalt.de\/sari02\/index.php\/2013\/02\/06\/p52-13-themenliste-06\/\" target=\"_blank\"> 06<\/a> &#8211; <a href=\"http:\/\/www.heldenhaushalt.de\/sari02\/index.php\/2013\/02\/13\/p52-13-themenliste-07\/\" target=\"_blank\">07<\/a> &#8211; <a href=\"http:\/\/www.heldenhaushalt.de\/sari02\/index.php\/2013\/02\/20\/p52-13-themenliste-08\/\" target=\"_blank\">08<\/a> &#8211; <a href=\"http:\/\/www.heldenhaushalt.de\/sari02\/index.php\/2013\/02\/27\/p52-13-themenliste-09\/\" target=\"_blank\">09<\/a><\/p>\n<p><b>10. <\/b><em><strong>Wolkenmeer<\/strong><\/em> von Sabrina<br \/>\n<b>11.\u00a0 <\/b><em><strong>Alltag<\/strong><\/em> von Varis<br \/>\n<b>12. <\/b><em><strong>Geometrie<\/strong><\/em> von Ariane<br \/>\n<b>13. <\/b> <em><strong>Lebendig<\/strong><\/em> von alais<\/p>\n<p><strong>Linksammlung: <\/strong><a href=\"http:\/\/www.heldenhaushalt.de\/sari02\/index.php\/2013\/03\/06\/p52-13-themenliste-10\/\" target=\"_blank\">10<\/a> &#8211;<a href=\"http:\/\/www.heldenhaushalt.de\/sari02\/index.php\/2013\/03\/13\/p52-13-themenliste-11\/\" target=\"_blank\"> 11<\/a> &#8211; <a href=\"http:\/\/www.heldenhaushalt.de\/sari02\/index.php\/2013\/03\/20\/p52-13-themenliste-12\/\" target=\"_blank\">12<\/a> &#8211; <a href=\"http:\/\/www.heldenhaushalt.de\/sari02\/index.php\/2013\/03\/27\/p52-13-themenliste-13\/\" target=\"_blank\">13<\/a><\/p>\n<p><b>14. \u00a0<\/b><em><strong>Genuss<\/strong><\/em> von Ella<br \/>\n<b>15.\u00a0 <\/b><em><strong>Gegenlicht<\/strong> <\/em>von Consuela<br \/>\n<b>16.\u00a0 <\/b><em><strong>Ketten<\/strong><\/em> von Chrissi<br \/>\n<b>17.\u00a0 <\/b><em><strong>Geheimnis<\/strong><\/em> von Kruemel<\/p>\n<p><strong>Linksammlung:<\/strong> <a href=\"http:\/\/www.heldenhaushalt.de\/sari02\/index.php\/2013\/04\/03\/p52-13-themenliste-14\/\" target=\"_blank\">14<\/a> &#8211; <a href=\"http:\/\/www.heldenhaushalt.de\/sari02\/index.php\/2013\/04\/10\/p52-13-themenliste-15\/\" target=\"_blank\">15<\/a> &#8211; <a href=\"http:\/\/www.heldenhaushalt.de\/sari02\/index.php\/2013\/04\/17\/p52-13-themenliste-16\/\" target=\"_blank\">16<\/a> &#8211; <a href=\"http:\/\/www.heldenhaushalt.de\/sari02\/index.php\/2013\/04\/24\/p52-13-themenliste-17\/\" target=\"_blank\">17<\/a><\/p>\n<p><b>18.\u00a0 <\/b><strong><em>Alltagshelden<\/em><\/strong> von Sari<br \/>\n<b>19.\u00a0 <\/b><em><strong>Zu Fu&#223;<\/strong><\/em> von M&#228;rzh&#228;sin<br \/>\n<b>20.\u00a0<\/b> <strong><em>Hut<\/em><\/strong> von Uwe<br \/>\n<b>21.\u00a0 <\/b><em><strong>Vielfalt<\/strong><\/em> von Birgitt<br \/>\n<b>22.\u00a0 <\/b><em><strong>Gl&#252;cksgef&#252;hl<\/strong> <\/em>von Ella<\/p>\n<p><strong>Linksammlung:<\/strong> <a href=\"http:\/\/www.heldenhaushalt.de\/sari02\/index.php\/2013\/05\/01\/p52-13-themenliste-18\/\" target=\"_blank\">18<\/a> &#8211; <a href=\"http:\/\/www.heldenhaushalt.de\/sari02\/index.php\/2013\/05\/08\/p52-13-themenliste-19\/\" target=\"_blank\">19<\/a> &#8211; <a href=\"http:\/\/www.heldenhaushalt.de\/sari02\/index.php\/2013\/05\/15\/p52-13-themenliste-20\/\" target=\"_blank\">20<\/a> &#8211; <a href=\"http:\/\/www.heldenhaushalt.de\/sari02\/index.php\/2013\/05\/22\/p52-13-themenliste-21\/\" target=\"_blank\">21<\/a> &#8211; <a href=\"http:\/\/www.heldenhaushalt.de\/sari02\/index.php\/2013\/05\/29\/p52-13-themenliste-21-2\/\" target=\"_blank\">22<\/a><\/p>\n<p><b>23. \u00a0<\/b><em><strong>Herausforderung<\/strong><\/em> von Antje<br \/>\n<b>24.\u00a0<\/b> <strong><em>Aus einer anderen Wel<\/em><\/strong>t von<b> <\/b>Chrissi<br \/>\n<b>25.\u00a0 <\/b><em><strong>Dialog<\/strong><\/em> von Viktor J.<br \/>\n<b>26.\u00a0 <\/b><em><strong>Pers&#246;nlichkeit<\/strong><\/em> von Varis<\/p>\n<p><strong>Linksammlung:<\/strong> <a href=\"http:\/\/www.heldenhaushalt.de\/sari02\/index.php\/2013\/06\/05\/p52-13-themenliste-23\/\" target=\"_blank\">23<\/a> &#8211; <a href=\"http:\/\/www.heldenhaushalt.de\/sari02\/index.php\/2013\/06\/12\/p52-13-themenliste-24\/\" target=\"_blank\">24<\/a> &#8211; <a href=\"http:\/\/www.heldenhaushalt.de\/sari02\/index.php\/2013\/06\/19\/p52-13-themenliste-25\/\" target=\"_blank\">25<\/a> &#8211; <a href=\"http:\/\/www.heldenhaushalt.de\/sari02\/index.php\/2013\/06\/26\/p52-13-themenliste-26\/\" target=\"_blank\">26<\/a><\/p>\n<p><b>27.\u00a0 <\/b><em><strong>Typisch Deutsch<\/strong><\/em> von stoffel<br \/>\n<b>28.\u00a0 <\/b><em><strong>Traumhaft<\/strong><\/em> von Ariane<br \/>\n<b>29.\u00a0 <\/b><em><strong>Farbtupfer<\/strong><\/em> von Sari<br \/>\n<b>30.\u00a0 <\/b><em><strong>Sommerfreuden<\/strong> <\/em>von Consuela<br \/>\n<b>31.\u00a0 <\/b><em><strong>Edel <\/strong><\/em>von Antje<\/p>\n<p><strong>Linksammlung:<\/strong><a href=\"http:\/\/www.heldenhaushalt.de\/sari02\/index.php\/2013\/07\/03\/p52-13-themenliste-27\/\" target=\"_blank\"> 27 <\/a>&#8211; <a href=\"http:\/\/www.heldenhaushalt.de\/sari02\/index.php\/2013\/07\/10\/p52-13-themenliste-28\/\" target=\"_blank\">28<\/a> &#8211; <a href=\"http:\/\/www.heldenhaushalt.de\/sari02\/index.php\/2013\/07\/17\/p52-13-themenliste-29\/\" target=\"_blank\">29<\/a> &#8211; <a href=\"http:\/\/www.heldenhaushalt.de\/sari02\/index.php\/2013\/07\/24\/p52-13-themenliste-30\/\" target=\"_blank\">30<\/a> &#8211; <a href=\"http:\/\/www.heldenhaushalt.de\/sari02\/index.php\/2013\/07\/31\/p52-13-themenliste-31\/\" target=\"_blank\">31<\/a><\/p>\n<p><b>32. \u00a0<\/b><em><strong>Fellnase<\/strong><\/em> von Antje<br \/>\n<b>33. \u00a0<\/b><em><strong>Andere L&#228;nder<\/strong><\/em> von Kruemel<br \/>\n<b>34. \u00a0<\/b><em><strong>Energie<\/strong> <\/em>von Varis<br \/>\n<b>35. \u00a0<\/b><em><strong>Mauergefl&#252;ster<\/strong> <\/em>von Chrissi<\/p>\n<p><strong>Linksammlung:<\/strong> <a href=\"http:\/\/www.heldenhaushalt.de\/sari02\/index.php\/2013\/08\/07\/p52-13-themenliste-32\/\" target=\"_blank\">32<\/a> &#8211; <a href=\"http:\/\/www.heldenhaushalt.de\/sari02\/index.php\/2013\/08\/14\/p52-13-themenliste-33\/\" target=\"_blank\">33<\/a> &#8211; <a href=\"http:\/\/www.heldenhaushalt.de\/sari02\/index.php\/2013\/08\/21\/p52-13-themenliste-34\/\" target=\"_blank\">34<\/a> &#8211; <a href=\"http:\/\/www.heldenhaushalt.de\/sari02\/index.php\/2013\/08\/28\/p52-13-themenliste-35\/\" target=\"_blank\">35<\/a><\/p>\n<p><b>36.\u00a0<\/b> <strong><em>M&#228;rchen<\/em><\/strong> von alais<br \/>\n<b>37.\u00a0<\/b> <strong><em>Schatten <\/em><\/strong>von Consuela<br \/>\n<b>38. <\/b><strong><em>Entdeckt<\/em><\/strong> von M&#228;rzh&#228;sin<br \/>\n<b>39.\u00a0<\/b> <strong><em>Zu sp&#228;t <\/em><\/strong>von Blinkfeuer<\/p>\n<p><strong>Linksammlung:<\/strong> <a href=\"http:\/\/www.heldenhaushalt.de\/sari02\/index.php\/2013\/09\/04\/p52-13-themenliste-36\/\" target=\"_blank\">36<\/a> &#8211; <a href=\"http:\/\/www.heldenhaushalt.de\/sari02\/index.php\/2013\/09\/11\/p52-13-themenliste-37\/\" target=\"_blank\">37<\/a> &#8211; <a href=\"http:\/\/www.heldenhaushalt.de\/sari02\/index.php\/2013\/09\/18\/p52-13-themenliste-38\/\" target=\"_blank\">38<\/a> &#8211; <a href=\"http:\/\/www.heldenhaushalt.de\/sari02\/index.php\/2013\/09\/25\/p52-13-themenliste-39\/\" target=\"_blank\">39<\/a><\/p>\n<p><b>40.<\/b><em><strong>Vergangengeit<\/strong><\/em> von Wint3rkind<br \/>\n<b>41. <\/b><em><strong>0815<\/strong> <\/em>von Birgitt<br \/>\n<b>42. <\/b><em><strong>Wissen<\/strong><\/em> von Ella<br \/>\n<b>43. <\/b><em><strong>Brotzeit<\/strong> <\/em>von Sabrina<br \/>\n<b>44. <\/b><em><strong>Unheimliches<\/strong><\/em> von Consuela<\/p>\n<p><strong>Linksammlung:<\/strong> <a href=\"http:\/\/www.heldenhaushalt.de\/sari02\/index.php\/2013\/10\/02\/p52-13-themenliste-40\/\" target=\"_blank\">40 <\/a>&#8211; <a href=\"http:\/\/www.heldenhaushalt.de\/sari02\/index.php\/2013\/10\/09\/p52-13-themenliste-41\/\" target=\"_blank\">41 <\/a>&#8211; <a href=\"http:\/\/www.heldenhaushalt.de\/sari02\/index.php\/2013\/10\/16\/p52-13-themenliste-42\/\" target=\"_blank\">42<\/a> &#8211; <a href=\"http:\/\/www.heldenhaushalt.de\/sari02\/index.php\/2013\/10\/23\/p52-13-themenliste-43\/\" target=\"_blank\">43<\/a> &#8211; <a href=\"http:\/\/www.heldenhaushalt.de\/sari02\/index.php\/2013\/10\/30\/p52-13-themenliste-44\/\" target=\"_blank\">44<\/a><\/p>\n<p><b>.45 <\/b><em><strong>Dunkelheit<\/strong><\/em> von Varis<br \/>\n<b>46.<\/b> <strong><em>Spuren<\/em><\/strong> von Consuela<br \/>\n<b>47. <\/b><em><strong>Bunt<\/strong> <\/em>von M&#228;rzh&#228;sin<br \/>\n<b>48. <\/b><em><strong>Zeit<\/strong> <\/em>von Ella<\/p>\n<p><strong>Linksammlung: <\/strong><a href=\"http:\/\/www.heldenhaushalt.de\/sari02\/index.php\/2013\/11\/06\/p52-13-themenliste-45\/\" target=\"_blank\">45<\/a> &#8211; <a href=\"http:\/\/www.heldenhaushalt.de\/sari02\/index.php\/2013\/11\/13\/p52-13-themenliste-46\/\" target=\"_blank\">46<\/a> &#8211; <a href=\"http:\/\/www.heldenhaushalt.de\/sari02\/index.php\/2013\/11\/20\/52-13-themenliste-47\/\" target=\"_blank\">47<\/a> &#8211; <a href=\"http:\/\/www.heldenhaushalt.de\/sari02\/index.php\/2013\/11\/27\/52-13-themenliste-48\/\" target=\"_blank\">48<strong><br \/>\n<\/strong><\/a><\/p>\n<p><b>49. <\/b><em><strong>Nostalgie<\/strong><\/em> von Antje<br \/>\n<b>50. <\/b><em><strong>Geschm&#252;ckt<\/strong><\/em> von M&#228;rzh&#228;sin<br \/>\n<b>51.<\/b> <strong><em>&#220;berfluss<\/em><\/strong> von Trillian<br \/>\n<b>52. <\/b><em><strong>Magisches<\/strong><\/em> von Sari<\/p>\n<p><strong>Linksammlung:<\/strong> <a href=\"http:\/\/www.heldenhaushalt.de\/sari02\/index.php\/2013\/12\/04\/52-13-themenliste-49\/\" target=\"_blank\">49<\/a> &#8211; <a href=\"http:\/\/www.heldenhaushalt.de\/sari02\/index.php\/2013\/12\/11\/52-13-themenliste-50\/\" target=\"_blank\">50<\/a> &#8211; <a href=\"http:\/\/www.heldenhaushalt.de\/sari02\/index.php\/2013\/12\/18\/52-13-themenliste-51\/\" target=\"_blank\">51<\/a> &#8211; <a href=\"http:\/\/www.heldenhaushalt.de\/sari02\/index.php\/2013\/12\/25\/52-13-themenliste-52\/\" target=\"_blank\">52<\/a><\/p>\n","protected":false},"excerpt":{"rendered":"<p>Hier seht Ihr die Themen f&#252;r 2013 nochmal aufgelistet, sobald sie bekannt gegeben wurden! 01. Lebensfreude von Varis 02. Heute Morgen von stoffel 03. Verzaubert von Antje 04. Klitzeklein von M&#228;rzh&#228;sin 05. Momentaufnahme von Chrissi Linksammlung: 01 \u2013 02 \u2013 03 \u2013 04 &#8211; 05 06. \u00a0Bewegung von Consuela 07.\u00a0 Rosarot von Kruemel 08.\u00a0 Geschirr von Viktor Janke 09.\u00a0 Hinter der T&#252;re von Sabrina Linksammlung: 06 &#8211; 07 &#8211; 08 &#8211; 09 10. Wolkenmeer von Sabrina 11.\u00a0 Alltag von Varis 12. Geometrie von Ariane 13. Lebendig von alais Linksammlung: 10 &#8211; 11 &#8211; 12 &#8211; 13 14. \u00a0Genuss von Ella 15.\u00a0 Gegenlicht von Consuela 16.\u00a0 Ketten von Chrissi 17.\u00a0 Geheimnis von Kruemel Linksammlung: 14 &#8211; 15 &#8211; 16 &#8211; 17 18.\u00a0 Alltagshelden von Sari 19.\u00a0 Zu Fu&#223; von M&#228;rzh&#228;sin 20.\u00a0 Hut von Uwe 21.\u00a0 Vielfalt von Birgitt 22.\u00a0 Gl&#252;cksgef&#252;hl von Ella Linksammlung: 18 &#8211; 19 &#8211; 20 &#8211; 21 &#8211; 22 23. \u00a0Herausforderung von Antje 24.\u00a0 Aus einer anderen Welt von Chrissi 25.\u00a0 Dialog von Viktor J. 26.\u00a0 Pers&#246;nlichkeit von Varis Linksammlung: 23 &#8211; 24 &#8211; 25 &#8211; 26 27.\u00a0 Typisch Deutsch von stoffel 28.\u00a0 Traumhaft von Ariane 29.\u00a0 Farbtupfer von Sari 30.\u00a0 Sommerfreuden von Consuela 31.\u00a0 Edel von Antje Linksammlung: 27 &#8211; 28 &#8211; 29 &#8211; 30 &#8211; 31 32. \u00a0Fellnase von Antje 33. \u00a0Andere L&#228;nder von Kruemel 34. \u00a0Energie von Varis 35. \u00a0Mauergefl&#252;ster von Chrissi Linksammlung: 32 &#8211; 33 &#8211; 34 &#8211; 35 36.\u00a0 M&#228;rchen von alais 37.\u00a0 Schatten von Consuela 38. Entdeckt von M&#228;rzh&#228;sin 39.\u00a0 Zu sp&#228;t von Blinkfeuer Linksammlung: 36 &#8211; 37 &#8211; 38 &#8211; 39 40.Vergangengeit von Wint3rkind 41. 0815 von Birgitt 42. Wissen von Ella 43. Brotzeit von Sabrina 44. Unheimliches von Consuela Linksammlung: 40 &#8211; 41 &#8211; 42 &#8211; 43 &#8211; 44 .45 Dunkelheit von Varis 46. Spuren von Consuela 47. Bunt von M&#228;rzh&#228;sin 48. Zeit von Ella Linksammlung: 45 &#8211; 46 &#8211; 47 &#8211; 48 49. Nostalgie von Antje 50. Geschm&#252;ckt von M&#228;rzh&#228;sin 51. &#220;berfluss von Trillian 52. Magisches von Sari Linksammlung: 49 &#8211; 50 &#8211; 51 &#8211; 52<\/p>\n","protected":false},"author":1,"featured_media":0,"parent":0,"menu_order":0,"comment_status":"open","ping_status":"open","template":"","meta":{"ngg_post_thumbnail":0,"footnotes":""},"class_list":["post-17323","page","type-page","status-publish","hentry"],"yoast_head":"<!-- This site is optimized with the Yoast SEO plugin v27.3 - https:\/\/yoast.com\/product\/yoast-seo-wordpress\/ -->\n<title>Projekt 52: Die Themen 2013 - Heldenhaushalt<\/title>\n<meta name=\"description\" content=\"Auch Helden erleben den t\u00e4glichen Wahnsinn, den ein Alltag mit sich bringt und Frau Mondgras sitzt mittendrin. Berlinerin, Mutter, Ehefrau, Kreativling und auf der st\u00e4ndigen Suche nach Gl\u00fcck... Hier wird gen\u00e4ht, gebacken, gebastelt und auch mal \u00fcber den Alltag gemault.\" \/>\n<meta name=\"robots\" content=\"index, follow, max-snippet:-1, max-image-preview:large, max-video-preview:-1\" \/>\n<link rel=\"canonical\" href=\"https:\/\/www.heldenhaushalt.de\/sari02\/index.php\/projekt-52-die-themen-2013\/\" \/>\n<meta property=\"og:locale\" content=\"de_DE\" \/>\n<meta property=\"og:type\" content=\"article\" \/>\n<meta property=\"og:title\" content=\"Projekt 52: Die Themen 2013 - Heldenhaushalt\" \/>\n<meta property=\"og:description\" content=\"Auch Helden erleben den t\u00e4glichen Wahnsinn, den ein Alltag mit sich bringt und Frau Mondgras sitzt mittendrin. Berlinerin, Mutter, Ehefrau, Kreativling und auf der st\u00e4ndigen Suche nach Gl\u00fcck... Hier wird gen\u00e4ht, gebacken, gebastelt und auch mal \u00fcber den Alltag gemault.\" \/>\n<meta property=\"og:url\" content=\"https:\/\/www.heldenhaushalt.de\/sari02\/index.php\/projekt-52-die-themen-2013\/\" \/>\n<meta property=\"og:site_name\" content=\"Heldenhaushalt\" \/>\n<meta property=\"article:modified_time\" content=\"2013-12-28T07:20:47+00:00\" \/>\n<meta name=\"twitter:card\" content=\"summary_large_image\" \/>\n<meta name=\"twitter:site\" content=\"@Heldenhaushalt\" \/>\n<meta name=\"twitter:label1\" content=\"Gesch\u00e4tzte Lesezeit\" \/>\n\t<meta name=\"twitter:data1\" content=\"1\u00a0Minute\" \/>\n<script type=\"application\/ld+json\" class=\"yoast-schema-graph\">{\"@context\":\"https:\\\/\\\/schema.org\",\"@graph\":[{\"@type\":\"WebPage\",\"@id\":\"https:\\\/\\\/www.heldenhaushalt.de\\\/sari02\\\/index.php\\\/projekt-52-die-themen-2013\\\/\",\"url\":\"https:\\\/\\\/www.heldenhaushalt.de\\\/sari02\\\/index.php\\\/projekt-52-die-themen-2013\\\/\",\"name\":\"Projekt 52: Die Themen 2013 - Heldenhaushalt\",\"isPartOf\":{\"@id\":\"https:\\\/\\\/www.heldenhaushalt.de\\\/sari02\\\/#website\"},\"datePublished\":\"2013-01-01T07:45:42+00:00\",\"dateModified\":\"2013-12-28T07:20:47+00:00\",\"description\":\"Auch Helden erleben den t\u00e4glichen Wahnsinn, den ein Alltag mit sich bringt und Frau Mondgras sitzt mittendrin. Berlinerin, Mutter, Ehefrau, Kreativling und auf der st\u00e4ndigen Suche nach Gl\u00fcck... Hier wird gen\u00e4ht, gebacken, gebastelt und auch mal \u00fcber den Alltag gemault.\",\"breadcrumb\":{\"@id\":\"https:\\\/\\\/www.heldenhaushalt.de\\\/sari02\\\/index.php\\\/projekt-52-die-themen-2013\\\/#breadcrumb\"},\"inLanguage\":\"de\",\"potentialAction\":[{\"@type\":\"ReadAction\",\"target\":[\"https:\\\/\\\/www.heldenhaushalt.de\\\/sari02\\\/index.php\\\/projekt-52-die-themen-2013\\\/\"]}]},{\"@type\":\"BreadcrumbList\",\"@id\":\"https:\\\/\\\/www.heldenhaushalt.de\\\/sari02\\\/index.php\\\/projekt-52-die-themen-2013\\\/#breadcrumb\",\"itemListElement\":[{\"@type\":\"ListItem\",\"position\":1,\"name\":\"Startseite\",\"item\":\"https:\\\/\\\/www.heldenhaushalt.de\\\/sari02\\\/\"},{\"@type\":\"ListItem\",\"position\":2,\"name\":\"Projekt 52: Die Themen 2013\"}]},{\"@type\":\"WebSite\",\"@id\":\"https:\\\/\\\/www.heldenhaushalt.de\\\/sari02\\\/#website\",\"url\":\"https:\\\/\\\/www.heldenhaushalt.de\\\/sari02\\\/\",\"name\":\"Heldenhaushalt\",\"description\":\"Wer es ordentlich haben will, der muss vorher anrufen\",\"publisher\":{\"@id\":\"https:\\\/\\\/www.heldenhaushalt.de\\\/sari02\\\/#\\\/schema\\\/person\\\/a1cc69f42a01f412eb62c151353814f6\"},\"potentialAction\":[{\"@type\":\"SearchAction\",\"target\":{\"@type\":\"EntryPoint\",\"urlTemplate\":\"https:\\\/\\\/www.heldenhaushalt.de\\\/sari02\\\/?s={search_term_string}\"},\"query-input\":{\"@type\":\"PropertyValueSpecification\",\"valueRequired\":true,\"valueName\":\"search_term_string\"}}],\"inLanguage\":\"de\"},{\"@type\":[\"Person\",\"Organization\"],\"@id\":\"https:\\\/\\\/www.heldenhaushalt.de\\\/sari02\\\/#\\\/schema\\\/person\\\/a1cc69f42a01f412eb62c151353814f6\",\"name\":\"Sari\",\"image\":{\"@type\":\"ImageObject\",\"inLanguage\":\"de\",\"@id\":\"https:\\\/\\\/www.heldenhaushalt.de\\\/sari02\\\/wp-content\\\/uploads\\\/2019\\\/02\\\/sari-april2018.png\",\"url\":\"https:\\\/\\\/www.heldenhaushalt.de\\\/sari02\\\/wp-content\\\/uploads\\\/2019\\\/02\\\/sari-april2018.png\",\"contentUrl\":\"https:\\\/\\\/www.heldenhaushalt.de\\\/sari02\\\/wp-content\\\/uploads\\\/2019\\\/02\\\/sari-april2018.png\",\"width\":500,\"height\":500,\"caption\":\"Sari\"},\"logo\":{\"@id\":\"https:\\\/\\\/www.heldenhaushalt.de\\\/sari02\\\/wp-content\\\/uploads\\\/2019\\\/02\\\/sari-april2018.png\"},\"description\":\"Frau Mondgras \u2013 Das bin ich, Sari. Gerne auch als Sari Mondgras bekannt und im Internet zu finden. 2-Fach-Mutter, Heldenehefrau, Kreativling, Harmonies\u00fcchtig und st\u00e4ndig auf der Suche nach Gl\u00fcck. Ich komme aus Berlin, bin hier aufgewachsen und lebe hier seit ich denken kann.\",\"sameAs\":[\"https:\\\/\\\/www.instagram.com\\\/heldenhaushalt\\\/\"]}]}<\/script>\n<!-- \/ Yoast SEO plugin. -->","yoast_head_json":{"title":"Projekt 52: Die Themen 2013 - Heldenhaushalt","description":"Auch Helden erleben den t\u00e4glichen Wahnsinn, den ein Alltag mit sich bringt und Frau Mondgras sitzt mittendrin. Berlinerin, Mutter, Ehefrau, Kreativling und auf der st\u00e4ndigen Suche nach Gl\u00fcck... Hier wird gen\u00e4ht, gebacken, gebastelt und auch mal \u00fcber den Alltag gemault.","robots":{"index":"index","follow":"follow","max-snippet":"max-snippet:-1","max-image-preview":"max-image-preview:large","max-video-preview":"max-video-preview:-1"},"canonical":"https:\/\/www.heldenhaushalt.de\/sari02\/index.php\/projekt-52-die-themen-2013\/","og_locale":"de_DE","og_type":"article","og_title":"Projekt 52: Die Themen 2013 - Heldenhaushalt","og_description":"Auch Helden erleben den t\u00e4glichen Wahnsinn, den ein Alltag mit sich bringt und Frau Mondgras sitzt mittendrin. Berlinerin, Mutter, Ehefrau, Kreativling und auf der st\u00e4ndigen Suche nach Gl\u00fcck... Hier wird gen\u00e4ht, gebacken, gebastelt und auch mal \u00fcber den Alltag gemault.","og_url":"https:\/\/www.heldenhaushalt.de\/sari02\/index.php\/projekt-52-die-themen-2013\/","og_site_name":"Heldenhaushalt","article_modified_time":"2013-12-28T07:20:47+00:00","twitter_card":"summary_large_image","twitter_site":"@Heldenhaushalt","twitter_misc":{"Gesch\u00e4tzte Lesezeit":"1\u00a0Minute"},"schema":{"@context":"https:\/\/schema.org","@graph":[{"@type":"WebPage","@id":"https:\/\/www.heldenhaushalt.de\/sari02\/index.php\/projekt-52-die-themen-2013\/","url":"https:\/\/www.heldenhaushalt.de\/sari02\/index.php\/projekt-52-die-themen-2013\/","name":"Projekt 52: Die Themen 2013 - Heldenhaushalt","isPartOf":{"@id":"https:\/\/www.heldenhaushalt.de\/sari02\/#website"},"datePublished":"2013-01-01T07:45:42+00:00","dateModified":"2013-12-28T07:20:47+00:00","description":"Auch Helden erleben den t\u00e4glichen Wahnsinn, den ein Alltag mit sich bringt und Frau Mondgras sitzt mittendrin. Berlinerin, Mutter, Ehefrau, Kreativling und auf der st\u00e4ndigen Suche nach Gl\u00fcck... Hier wird gen\u00e4ht, gebacken, gebastelt und auch mal \u00fcber den Alltag gemault.","breadcrumb":{"@id":"https:\/\/www.heldenhaushalt.de\/sari02\/index.php\/projekt-52-die-themen-2013\/#breadcrumb"},"inLanguage":"de","potentialAction":[{"@type":"ReadAction","target":["https:\/\/www.heldenhaushalt.de\/sari02\/index.php\/projekt-52-die-themen-2013\/"]}]},{"@type":"BreadcrumbList","@id":"https:\/\/www.heldenhaushalt.de\/sari02\/index.php\/projekt-52-die-themen-2013\/#breadcrumb","itemListElement":[{"@type":"ListItem","position":1,"name":"Startseite","item":"https:\/\/www.heldenhaushalt.de\/sari02\/"},{"@type":"ListItem","position":2,"name":"Projekt 52: Die Themen 2013"}]},{"@type":"WebSite","@id":"https:\/\/www.heldenhaushalt.de\/sari02\/#website","url":"https:\/\/www.heldenhaushalt.de\/sari02\/","name":"Heldenhaushalt","description":"Wer es ordentlich haben will, der muss vorher anrufen","publisher":{"@id":"https:\/\/www.heldenhaushalt.de\/sari02\/#\/schema\/person\/a1cc69f42a01f412eb62c151353814f6"},"potentialAction":[{"@type":"SearchAction","target":{"@type":"EntryPoint","urlTemplate":"https:\/\/www.heldenhaushalt.de\/sari02\/?s={search_term_string}"},"query-input":{"@type":"PropertyValueSpecification","valueRequired":true,"valueName":"search_term_string"}}],"inLanguage":"de"},{"@type":["Person","Organization"],"@id":"https:\/\/www.heldenhaushalt.de\/sari02\/#\/schema\/person\/a1cc69f42a01f412eb62c151353814f6","name":"Sari","image":{"@type":"ImageObject","inLanguage":"de","@id":"https:\/\/www.heldenhaushalt.de\/sari02\/wp-content\/uploads\/2019\/02\/sari-april2018.png","url":"https:\/\/www.heldenhaushalt.de\/sari02\/wp-content\/uploads\/2019\/02\/sari-april2018.png","contentUrl":"https:\/\/www.heldenhaushalt.de\/sari02\/wp-content\/uploads\/2019\/02\/sari-april2018.png","width":500,"height":500,"caption":"Sari"},"logo":{"@id":"https:\/\/www.heldenhaushalt.de\/sari02\/wp-content\/uploads\/2019\/02\/sari-april2018.png"},"description":"Frau Mondgras \u2013 Das bin ich, Sari. Gerne auch als Sari Mondgras bekannt und im Internet zu finden. 2-Fach-Mutter, Heldenehefrau, Kreativling, Harmonies\u00fcchtig und st\u00e4ndig auf der Suche nach Gl\u00fcck. Ich komme aus Berlin, bin hier aufgewachsen und lebe hier seit ich denken kann.","sameAs":["https:\/\/www.instagram.com\/heldenhaushalt\/"]}]}},"_links":{"self":[{"href":"https:\/\/www.heldenhaushalt.de\/sari02\/index.php\/wp-json\/wp\/v2\/pages\/17323","targetHints":{"allow":["GET"]}}],"collection":[{"href":"https:\/\/www.heldenhaushalt.de\/sari02\/index.php\/wp-json\/wp\/v2\/pages"}],"about":[{"href":"https:\/\/www.heldenhaushalt.de\/sari02\/index.php\/wp-json\/wp\/v2\/types\/page"}],"author":[{"embeddable":true,"href":"https:\/\/www.heldenhaushalt.de\/sari02\/index.php\/wp-json\/wp\/v2\/users\/1"}],"replies":[{"embeddable":true,"href":"https:\/\/www.heldenhaushalt.de\/sari02\/index.php\/wp-json\/wp\/v2\/comments?post=17323"}],"version-history":[{"count":46,"href":"https:\/\/www.heldenhaushalt.de\/sari02\/index.php\/wp-json\/wp\/v2\/pages\/17323\/revisions"}],"predecessor-version":[{"id":21368,"href":"https:\/\/www.heldenhaushalt.de\/sari02\/index.php\/wp-json\/wp\/v2\/pages\/17323\/revisions\/21368"}],"wp:attachment":[{"href":"https:\/\/www.heldenhaushalt.de\/sari02\/index.php\/wp-json\/wp\/v2\/media?parent=17323"}],"curies":[{"name":"wp","href":"https:\/\/api.w.org\/{rel}","templated":true}]}}