{"id":21335,"date":"2013-12-25T07:57:59","date_gmt":"2013-12-25T06:57:59","guid":{"rendered":"http:\/\/www.mondgras.de\/sari02\/?page_id=21335"},"modified":"2015-01-01T11:24:20","modified_gmt":"2015-01-01T10:24:20","slug":"projekt-52-die-themen-2014","status":"publish","type":"page","link":"https:\/\/www.heldenhaushalt.de\/sari02\/index.php\/projekt-52-die-themen-2014\/","title":{"rendered":"Projekt 52: Die Themen 2014"},"content":{"rendered":"<p>Hier seht Ihr die Themen f&#252;r 2014 nochmal aufgelistet, sobald sie bekannt gegeben wurden!<\/p>\n<p><b>01.<\/b> <em><strong>Blick nach vorn<\/strong><\/em> von Malina<br \/>\n<b>02. <\/b><em><strong>Ich bin\u2026<\/strong><\/em> von Line<br \/>\n<b>03. <\/b><em><strong>Schuhe<\/strong><\/em> von Stoffel<br \/>\n<b>04. <\/b><em><strong>Rund<\/strong><\/em> von Hotaru<\/p>\n<p><strong>Linksammlung:<\/strong> <a href=\"http:\/\/www.heldenhaushalt.de\/sari02\/index.php\/2014\/01\/04\/p52-14-themenliste-01\/\" target=\"_blank\">01<\/a> &#8211; <a href=\"http:\/\/www.heldenhaushalt.de\/sari02\/index.php\/2014\/01\/11\/p52-14-themenliste-02\/\" target=\"_blank\">02<\/a> &#8211; <a href=\"http:\/\/www.heldenhaushalt.de\/sari02\/index.php\/2014\/01\/18\/p52-14-themenliste-03\/\" target=\"_blank\">03<\/a> &#8211; <a href=\"http:\/\/www.heldenhaushalt.de\/sari02\/index.php\/2014\/01\/25\/p52-14-themenliste-04\/\" target=\"_blank\">04<\/a><\/p>\n<p><b>05. <\/b><em><strong>Verloren<\/strong><\/em> von anie<br \/>\n<b>06.\u00a0<\/b><strong><em>Fr&#252;her <\/em><\/strong> von M&#228;rzh&#228;sin<br \/>\n<b>07. <\/b><em><strong>Augen<\/strong><\/em> von Christoph<br \/>\n<b>08. <\/b><strong>Sinnesrausch<\/strong> von Ella<\/p>\n<p><strong>Linksammlung:<\/strong> <a href=\"http:\/\/www.heldenhaushalt.de\/sari02\/index.php\/2014\/02\/01\/p52-14-themenliste-05\/\" target=\"_blank\">05<\/a> &#8211; <a href=\"http:\/\/www.heldenhaushalt.de\/sari02\/index.php\/2014\/02\/08\/p52-14-themenliste-06\/\" target=\"_blank\">06<\/a> &#8211; <a href=\"http:\/\/www.heldenhaushalt.de\/sari02\/index.php\/2014\/02\/15\/p52-14-themenliste-07\/\" target=\"_blank\">07<\/a> &#8211; <a href=\"http:\/\/www.heldenhaushalt.de\/sari02\/index.php\/2014\/02\/22\/p52-14-themenliste-08\/\" target=\"_blank\">08<\/a><\/p>\n<p><b>09.\u00a0 <\/b><em><strong>Physik<\/strong><\/em> von kruemel<br \/>\n<b>10. \u00a0<\/b><em><strong>Heimatliebe<\/strong><\/em> von Line<br \/>\n<b>11.\u00a0 <\/b><em><strong>Erbl&#252;hen<\/strong> <\/em>von M&#228;rzh&#228;sin<br \/>\n<b>12.\u00a0 <\/b><em><strong>Moment mal!<\/strong> <\/em>von Creeny<br \/>\n<b>13.\u00a0 <\/b><em><strong>Highlight<\/strong><\/em> von Sari<\/p>\n<p><strong>Linksammlung:<\/strong> <a href=\"http:\/\/www.heldenhaushalt.de\/sari02\/index.php\/2014\/03\/01\/p52-14-themenliste-09\/\">09<\/a> &#8211; <a href=\"http:\/\/www.heldenhaushalt.de\/sari02\/index.php\/2014\/03\/08\/p52-14-themenliste-10\/\">10<\/a> &#8211; <a href=\"http:\/\/www.heldenhaushalt.de\/sari02\/index.php\/2014\/03\/15\/p52-14-themenliste-11\/\">11<\/a> &#8211; <a href=\"http:\/\/www.heldenhaushalt.de\/sari02\/index.php\/2014\/03\/22\/p52-14-themenliste-12\/\" target=\"_blank\">12<\/a> &#8211; <a href=\"http:\/\/www.heldenhaushalt.de\/sari02\/index.php\/2014\/03\/29\/p52-14-themenliste-13\/\" target=\"_blank\">13<\/a><\/p>\n<p><b>14. <\/b><em><strong>A<\/strong><strong>usnahme<\/strong><\/em> von anie<br \/>\n<b>15.\u00a0 <\/b><em><strong>Stufen<\/strong> <\/em>von Hotaru<br \/>\n<b>16.\u00a0<\/b> <strong><em>Let\u2019s have fun!<\/em><\/strong> von Sari<br \/>\n<b>17. <\/b><em><strong>Heilig<\/strong><\/em> von Viktor J.<\/p>\n<p><strong>Linksammlung:<\/strong> <a href=\"http:\/\/www.heldenhaushalt.de\/sari02\/index.php\/2014\/04\/05\/p52-14-themenliste-14\/\" target=\"_blank\">14 <\/a>&#8211; <a href=\"http:\/\/www.heldenhaushalt.de\/sari02\/index.php\/2014\/04\/12\/p52-14-themenliste-15\/\" target=\"_blank\">15<\/a> &#8211; <a href=\"http:\/\/www.heldenhaushalt.de\/sari02\/index.php\/2014\/04\/19\/p52-14-themenliste-16\/\" target=\"_blank\">16<\/a> &#8211;<a href=\"http:\/\/www.heldenhaushalt.de\/sari02\/index.php\/2014\/04\/26\/p52-14-themenliste-17\/\" target=\"_blank\"> 17<\/a><\/p>\n<p><strong>18. &#220;ber Stock und Stein<\/strong> von Hotaru<br \/>\n<strong>19. Wolken<\/strong> von Christoph<br \/>\n<strong>20. Rau<\/strong> von M&#228;rzh&#228;sin<br \/>\n<strong>21. Rot\/Wei&#223;<\/strong> von kruemel<br \/>\n<strong>22. Verwachsen<\/strong> von anie<\/p>\n<p><strong>Linksammlung:<\/strong> <a href=\"http:\/\/www.heldenhaushalt.de\/sari02\/index.php\/2014\/05\/03\/p52-14-themenliste-18\/\" target=\"_blank\">18<\/a> &#8211; <a href=\"http:\/\/www.heldenhaushalt.de\/sari02\/index.php\/2014\/05\/10\/p52-14-themenliste-19\/\" target=\"_blank\">19<\/a> &#8211; <a href=\"http:\/\/www.heldenhaushalt.de\/sari02\/index.php\/2014\/05\/17\/p52-14-themenliste-20\/\" target=\"_blank\">20<\/a> &#8211; <a href=\"http:\/\/www.heldenhaushalt.de\/sari02\/index.php\/2014\/05\/24\/p52-14-themenliste-21\/\" target=\"_blank\">21<\/a> &#8211; <a href=\"http:\/\/www.heldenhaushalt.de\/sari02\/index.php\/2014\/05\/31\/p52-14-themenliste-22\/\" target=\"_blank\">22<\/a><\/p>\n<p><strong>23. <em>Mein Motto<\/em><\/strong> von Sari<br \/>\n<strong>24. <em>Urlaubsreif <\/em><\/strong><em>von<\/em><em> Anna<\/em><br \/>\n<strong>25. <em>Steinig<\/em><\/strong> von Creeny<br \/>\n<strong>26. <em>Ausblick<\/em><\/strong> von M&#228;rzh&#228;sin<\/p>\n<p><strong>Linksammlung:<\/strong> <a href=\"http:\/\/www.heldenhaushalt.de\/sari02\/index.php\/2014\/06\/07\/p52-14-themenliste-23\/\" target=\"_blank\">23<\/a> &#8211; <a href=\"http:\/\/www.heldenhaushalt.de\/sari02\/index.php\/2014\/06\/14\/p52-14-themenliste-24\/\" target=\"_blank\">24<\/a> &#8211; <a href=\"http:\/\/www.heldenhaushalt.de\/sari02\/index.php\/2014\/06\/21\/p52-14-themenliste-25\/\" target=\"_blank\">25<\/a> &#8211; <a href=\"http:\/\/www.heldenhaushalt.de\/sari02\/index.php\/2014\/06\/28\/p52-14-themenliste-26\/\" target=\"_blank\">26<\/a><\/p>\n<p><strong>27. <em>Wasser<\/em><\/strong> von Christoph<br \/>\n<strong>28.<\/strong> <em><strong>Im Mittelpunkt <\/strong><\/em>von Malina<br \/>\n<strong>29. <em>Schattenstadt<\/em><\/strong> von Anna<br \/>\n<strong>30. <em>Micro\/Macro<\/em><\/strong> von Ella<\/p>\n<p><strong>Linksammlung:<\/strong> <a href=\"http:\/\/www.heldenhaushalt.de\/sari02\/index.php\/2014\/07\/05\/p52-14-themenliste-27\/\" target=\"_blank\">27<\/a> &#8211; <a href=\"http:\/\/www.heldenhaushalt.de\/sari02\/index.php\/2014\/07\/12\/p52-14-themenliste-28\/\" target=\"_blank\">28<\/a> &#8211; <a href=\"http:\/\/www.heldenhaushalt.de\/sari02\/index.php\/2014\/07\/19\/p52-14-themenliste-29\/\" target=\"_blank\">29<\/a> &#8211; <a href=\"http:\/\/www.heldenhaushalt.de\/sari02\/index.php\/2014\/07\/26\/p52-14-themenliste-30\/\" target=\"_blank\">30<\/a><\/p>\n<p><strong>31. <em>Fastfood<\/em><\/strong> von Stoffel<br \/>\n<strong>32. <em>Zeitlos<\/em><\/strong> von Hotaru<br \/>\n<strong>33. <em>Fenster<\/em><\/strong> von Line<br \/>\n<strong>34. <em>Strahlend<\/em><\/strong> von M&#228;rzh&#228;sin<br \/>\n<strong>35.<\/strong> <em><strong>Helden der Kindheit<\/strong><\/em> von kruemel<\/p>\n<p><strong>Linksammlung:<\/strong> <a href=\"http:\/\/www.heldenhaushalt.de\/sari02\/index.php\/2014\/08\/02\/p52-14-themenliste-31\/\" target=\"_blank\">31<\/a> &#8211;<a href=\"http:\/\/www.heldenhaushalt.de\/sari02\/index.php\/2014\/08\/09\/p52-14-themenliste-32\/\" target=\"_blank\"> 32<\/a> &#8211; <a href=\"http:\/\/www.heldenhaushalt.de\/sari02\/index.php\/2014\/08\/16\/p52-14-themenliste-33\/\" target=\"_blank\">33<\/a> &#8211; <a href=\"http:\/\/www.heldenhaushalt.de\/sari02\/index.php\/2014\/08\/23\/p52-14-themenliste-34\/\" target=\"_blank\">34<\/a> &#8211; 35<\/p>\n<p><strong>36.<\/strong> <em><strong>Feuchtes Nass <\/strong><\/em>von Sabrina<br \/>\n<strong>37. <em>Nachtaufnahmen<\/em><\/strong> von Christoph<br \/>\n<strong>38. <em>Schatz<\/em><\/strong> von Viktor J.<br \/>\n<strong>39. <em>MOTIVATIONSTAG<\/em><\/strong><\/p>\n<p><strong>Linksammlung:<\/strong> <a href=\"http:\/\/www.heldenhaushalt.de\/sari02\/index.php\/2014\/09\/06\/p52-14-themenliste-36\/\" target=\"_blank\">36<\/a> &#8211; <a href=\"http:\/\/www.heldenhaushalt.de\/sari02\/index.php\/2014\/09\/13\/p52-14-themenliste-37\/\" target=\"_blank\">37<\/a> &#8211; <a href=\"http:\/\/www.heldenhaushalt.de\/sari02\/index.php\/2014\/09\/20\/p52-14-themenliste-38\/\" target=\"_blank\">38<\/a> &#8211; <a href=\"http:\/\/www.heldenhaushalt.de\/sari02\/index.php\/2014\/09\/27\/p52-14-themenliste-39\/\" target=\"_blank\">39<\/a><\/p>\n<p><strong>40. <em>Detail<\/em><\/strong> von Sari<br \/>\n<strong>41. <em>Schwarz auf Wei&#223;<\/em><\/strong> von Malina<br \/>\n<strong>42. <em>Feuer<\/em><\/strong> von Christoph<br \/>\n<strong>43. <em>Hinter der T&#252;r<\/em><\/strong> von Creeny<\/p>\n<p><strong>Linksammlung:<\/strong> <a href=\"http:\/\/www.heldenhaushalt.de\/sari02\/index.php\/2014\/10\/04\/p52-14-themenliste-40\/\" target=\"_blank\">40<\/a> &#8211; <a href=\"http:\/\/www.heldenhaushalt.de\/sari02\/index.php\/2014\/10\/11\/p52-14-themenliste-41\/\" target=\"_blank\">41<\/a> &#8211; <a href=\"http:\/\/www.heldenhaushalt.de\/sari02\/index.php\/2014\/10\/18\/p52-14-themenliste-42\/\" target=\"_blank\">42<\/a> &#8211; <a href=\"http:\/\/www.heldenhaushalt.de\/sari02\/index.php\/2014\/10\/25\/p52-14-themenliste-43\/\" target=\"_blank\">43<\/a><\/p>\n<p><strong>44. <em>Sonntagsblues<\/em><\/strong> von Ella<br \/>\n<strong>45. <em>Verbunden<\/em><\/strong> von anie<br \/>\n<strong>46. <em>Lichtspiel<\/em><\/strong> von Anna<br \/>\n<strong>47.\u00a0 <em>Ringe<\/em><\/strong> von Stoffel<br \/>\n<strong>48. <em>Basteleien<\/em><\/strong> von Christoph<\/p>\n<p><strong>Linksammlung<\/strong>: <a href=\"http:\/\/www.heldenhaushalt.de\/sari02\/index.php\/2014\/11\/01\/p52-14-themenliste-44\/\" target=\"_blank\">44 <\/a>&#8211; <a href=\"http:\/\/www.heldenhaushalt.de\/sari02\/index.php\/2014\/11\/08\/p52-14-themenliste-45\/\" target=\"_blank\">45<\/a> &#8211; <a href=\"http:\/\/www.heldenhaushalt.de\/sari02\/index.php\/2014\/11\/15\/p52-14-themenliste-46\/\" target=\"_blank\">46<\/a> &#8211; <a href=\"http:\/\/www.heldenhaushalt.de\/sari02\/index.php\/2014\/11\/22\/p52-14-themenliste-47\/\" target=\"_blank\">47<\/a> &#8211; <a href=\"http:\/\/www.heldenhaushalt.de\/sari02\/index.php\/2014\/11\/29\/p52-14-themenliste-48\/\" target=\"_blank\">48<\/a><\/p>\n<p><strong>49.<\/strong> <em><strong>Kleine S&#252;nde<\/strong><\/em> von Line<br \/>\n<strong>50. <em>Weihnachtszauber<\/em><\/strong> von kruemel<br \/>\n<strong>51. <em>Kuschelig<\/em><\/strong> von M&#228;rzh&#228;sin<br \/>\n<strong>52. <em>R&#252;ckblick<\/em><\/strong> von Viktor J.<\/p>\n<p><strong>Linksammlung:<\/strong> <a href=\"http:\/\/www.heldenhaushalt.de\/sari02\/index.php\/2014\/12\/06\/p52-14-themenliste-49\/\" target=\"_blank\">49<\/a> &#8211; <a href=\"http:\/\/www.heldenhaushalt.de\/sari02\/index.php\/2014\/12\/13\/p52-14-themenliste-50\/\" target=\"_blank\">50<\/a> &#8211;<a href=\"http:\/\/www.heldenhaushalt.de\/sari02\/index.php\/2014\/12\/20\/p52-14-themenliste-51\/\" target=\"_blank\"> 51<\/a> &#8211; <a href=\"http:\/\/www.heldenhaushalt.de\/sari02\/index.php\/2014\/12\/27\/p52-14-themenliste-52\/\" target=\"_blank\">52<\/a><\/p>\n","protected":false},"excerpt":{"rendered":"<p>Hier seht Ihr die Themen f&#252;r 2014 nochmal aufgelistet, sobald sie bekannt gegeben wurden! 01. Blick nach vorn von Malina 02. Ich bin\u2026 von Line 03. Schuhe von Stoffel 04. Rund von Hotaru Linksammlung: 01 &#8211; 02 &#8211; 03 &#8211; 04 05. Verloren von anie 06.\u00a0Fr&#252;her von M&#228;rzh&#228;sin 07. Augen von Christoph 08. Sinnesrausch von Ella Linksammlung: 05 &#8211; 06 &#8211; 07 &#8211; 08 09.\u00a0 Physik von kruemel 10. \u00a0Heimatliebe von Line 11.\u00a0 Erbl&#252;hen von M&#228;rzh&#228;sin 12.\u00a0 Moment mal! von Creeny 13.\u00a0 Highlight von Sari Linksammlung: 09 &#8211; 10 &#8211; 11 &#8211; 12 &#8211; 13 14. Ausnahme von anie 15.\u00a0 Stufen von Hotaru 16.\u00a0 Let\u2019s have fun! von Sari 17. Heilig von Viktor J. Linksammlung: 14 &#8211; 15 &#8211; 16 &#8211; 17 18. &#220;ber Stock und Stein von Hotaru 19. Wolken von Christoph 20. Rau von M&#228;rzh&#228;sin 21. Rot\/Wei&#223; von kruemel 22. Verwachsen von anie Linksammlung: 18 &#8211; 19 &#8211; 20 &#8211; 21 &#8211; 22 23. Mein Motto von Sari 24. Urlaubsreif von Anna 25. Steinig von Creeny 26. Ausblick von M&#228;rzh&#228;sin Linksammlung: 23 &#8211; 24 &#8211; 25 &#8211; 26 27. Wasser von Christoph 28. Im Mittelpunkt von Malina 29. Schattenstadt von Anna 30. Micro\/Macro von Ella Linksammlung: 27 &#8211; 28 &#8211; 29 &#8211; 30 31. Fastfood von Stoffel 32. Zeitlos von Hotaru 33. Fenster von Line 34. Strahlend von M&#228;rzh&#228;sin 35. Helden der Kindheit von kruemel Linksammlung: 31 &#8211; 32 &#8211; 33 &#8211; 34 &#8211; 35 36. Feuchtes Nass von Sabrina 37. Nachtaufnahmen von Christoph 38. Schatz von Viktor J. 39. MOTIVATIONSTAG Linksammlung: 36 &#8211; 37 &#8211; 38 &#8211; 39 40. Detail von Sari 41. Schwarz auf Wei&#223; von Malina 42. Feuer von Christoph 43. Hinter der T&#252;r von Creeny Linksammlung: 40 &#8211; 41 &#8211; 42 &#8211; 43 44. Sonntagsblues von Ella 45. Verbunden von anie 46. Lichtspiel von Anna 47.\u00a0 Ringe von Stoffel 48. Basteleien von Christoph Linksammlung: 44 &#8211; 45 &#8211; 46 &#8211; 47 &#8211; 48 49. Kleine S&#252;nde von Line 50. Weihnachtszauber von kruemel 51. Kuschelig von M&#228;rzh&#228;sin 52. R&#252;ckblick von Viktor J. Linksammlung: 49 &#8211; 50 &#8211; 51 &#8211; 52<\/p>\n","protected":false},"author":1,"featured_media":0,"parent":0,"menu_order":0,"comment_status":"open","ping_status":"open","template":"","meta":{"ngg_post_thumbnail":0,"footnotes":""},"class_list":["post-21335","page","type-page","status-publish","hentry"],"yoast_head":"<!-- This site is optimized with the Yoast SEO plugin v27.3 - https:\/\/yoast.com\/product\/yoast-seo-wordpress\/ -->\n<title>Projekt 52: Die Themen 2014 - Heldenhaushalt<\/title>\n<meta name=\"description\" content=\"Auch Helden erleben den t\u00e4glichen Wahnsinn, den ein Alltag mit sich bringt und Frau Mondgras sitzt mittendrin. Berlinerin, Mutter, Ehefrau, Kreativling und auf der st\u00e4ndigen Suche nach Gl\u00fcck... Hier wird gen\u00e4ht, gebacken, gebastelt und auch mal \u00fcber den Alltag gemault.\" \/>\n<meta name=\"robots\" content=\"index, follow, max-snippet:-1, max-image-preview:large, max-video-preview:-1\" \/>\n<link rel=\"canonical\" href=\"https:\/\/www.heldenhaushalt.de\/sari02\/index.php\/projekt-52-die-themen-2014\/\" \/>\n<meta property=\"og:locale\" content=\"de_DE\" \/>\n<meta property=\"og:type\" content=\"article\" \/>\n<meta property=\"og:title\" content=\"Projekt 52: Die Themen 2014 - Heldenhaushalt\" \/>\n<meta property=\"og:description\" content=\"Auch Helden erleben den t\u00e4glichen Wahnsinn, den ein Alltag mit sich bringt und Frau Mondgras sitzt mittendrin. Berlinerin, Mutter, Ehefrau, Kreativling und auf der st\u00e4ndigen Suche nach Gl\u00fcck... Hier wird gen\u00e4ht, gebacken, gebastelt und auch mal \u00fcber den Alltag gemault.\" \/>\n<meta property=\"og:url\" content=\"https:\/\/www.heldenhaushalt.de\/sari02\/index.php\/projekt-52-die-themen-2014\/\" \/>\n<meta property=\"og:site_name\" content=\"Heldenhaushalt\" \/>\n<meta property=\"article:modified_time\" content=\"2015-01-01T10:24:20+00:00\" \/>\n<meta name=\"twitter:card\" content=\"summary_large_image\" \/>\n<meta name=\"twitter:site\" content=\"@Heldenhaushalt\" \/>\n<meta name=\"twitter:label1\" content=\"Gesch\u00e4tzte Lesezeit\" \/>\n\t<meta name=\"twitter:data1\" content=\"1\u00a0Minute\" \/>\n<script type=\"application\/ld+json\" class=\"yoast-schema-graph\">{\"@context\":\"https:\\\/\\\/schema.org\",\"@graph\":[{\"@type\":\"WebPage\",\"@id\":\"https:\\\/\\\/www.heldenhaushalt.de\\\/sari02\\\/index.php\\\/projekt-52-die-themen-2014\\\/\",\"url\":\"https:\\\/\\\/www.heldenhaushalt.de\\\/sari02\\\/index.php\\\/projekt-52-die-themen-2014\\\/\",\"name\":\"Projekt 52: Die Themen 2014 - Heldenhaushalt\",\"isPartOf\":{\"@id\":\"https:\\\/\\\/www.heldenhaushalt.de\\\/sari02\\\/#website\"},\"datePublished\":\"2013-12-25T06:57:59+00:00\",\"dateModified\":\"2015-01-01T10:24:20+00:00\",\"description\":\"Auch Helden erleben den t\u00e4glichen Wahnsinn, den ein Alltag mit sich bringt und Frau Mondgras sitzt mittendrin. Berlinerin, Mutter, Ehefrau, Kreativling und auf der st\u00e4ndigen Suche nach Gl\u00fcck... Hier wird gen\u00e4ht, gebacken, gebastelt und auch mal \u00fcber den Alltag gemault.\",\"breadcrumb\":{\"@id\":\"https:\\\/\\\/www.heldenhaushalt.de\\\/sari02\\\/index.php\\\/projekt-52-die-themen-2014\\\/#breadcrumb\"},\"inLanguage\":\"de\",\"potentialAction\":[{\"@type\":\"ReadAction\",\"target\":[\"https:\\\/\\\/www.heldenhaushalt.de\\\/sari02\\\/index.php\\\/projekt-52-die-themen-2014\\\/\"]}]},{\"@type\":\"BreadcrumbList\",\"@id\":\"https:\\\/\\\/www.heldenhaushalt.de\\\/sari02\\\/index.php\\\/projekt-52-die-themen-2014\\\/#breadcrumb\",\"itemListElement\":[{\"@type\":\"ListItem\",\"position\":1,\"name\":\"Startseite\",\"item\":\"https:\\\/\\\/www.heldenhaushalt.de\\\/sari02\\\/\"},{\"@type\":\"ListItem\",\"position\":2,\"name\":\"Projekt 52: Die Themen 2014\"}]},{\"@type\":\"WebSite\",\"@id\":\"https:\\\/\\\/www.heldenhaushalt.de\\\/sari02\\\/#website\",\"url\":\"https:\\\/\\\/www.heldenhaushalt.de\\\/sari02\\\/\",\"name\":\"Heldenhaushalt\",\"description\":\"Wer es ordentlich haben will, der muss vorher anrufen\",\"publisher\":{\"@id\":\"https:\\\/\\\/www.heldenhaushalt.de\\\/sari02\\\/#\\\/schema\\\/person\\\/a1cc69f42a01f412eb62c151353814f6\"},\"potentialAction\":[{\"@type\":\"SearchAction\",\"target\":{\"@type\":\"EntryPoint\",\"urlTemplate\":\"https:\\\/\\\/www.heldenhaushalt.de\\\/sari02\\\/?s={search_term_string}\"},\"query-input\":{\"@type\":\"PropertyValueSpecification\",\"valueRequired\":true,\"valueName\":\"search_term_string\"}}],\"inLanguage\":\"de\"},{\"@type\":[\"Person\",\"Organization\"],\"@id\":\"https:\\\/\\\/www.heldenhaushalt.de\\\/sari02\\\/#\\\/schema\\\/person\\\/a1cc69f42a01f412eb62c151353814f6\",\"name\":\"Sari\",\"image\":{\"@type\":\"ImageObject\",\"inLanguage\":\"de\",\"@id\":\"https:\\\/\\\/www.heldenhaushalt.de\\\/sari02\\\/wp-content\\\/uploads\\\/2019\\\/02\\\/sari-april2018.png\",\"url\":\"https:\\\/\\\/www.heldenhaushalt.de\\\/sari02\\\/wp-content\\\/uploads\\\/2019\\\/02\\\/sari-april2018.png\",\"contentUrl\":\"https:\\\/\\\/www.heldenhaushalt.de\\\/sari02\\\/wp-content\\\/uploads\\\/2019\\\/02\\\/sari-april2018.png\",\"width\":500,\"height\":500,\"caption\":\"Sari\"},\"logo\":{\"@id\":\"https:\\\/\\\/www.heldenhaushalt.de\\\/sari02\\\/wp-content\\\/uploads\\\/2019\\\/02\\\/sari-april2018.png\"},\"description\":\"Frau Mondgras \u2013 Das bin ich, Sari. Gerne auch als Sari Mondgras bekannt und im Internet zu finden. 2-Fach-Mutter, Heldenehefrau, Kreativling, Harmonies\u00fcchtig und st\u00e4ndig auf der Suche nach Gl\u00fcck. Ich komme aus Berlin, bin hier aufgewachsen und lebe hier seit ich denken kann.\",\"sameAs\":[\"https:\\\/\\\/www.instagram.com\\\/heldenhaushalt\\\/\"]}]}<\/script>\n<!-- \/ Yoast SEO plugin. -->","yoast_head_json":{"title":"Projekt 52: Die Themen 2014 - Heldenhaushalt","description":"Auch Helden erleben den t\u00e4glichen Wahnsinn, den ein Alltag mit sich bringt und Frau Mondgras sitzt mittendrin. Berlinerin, Mutter, Ehefrau, Kreativling und auf der st\u00e4ndigen Suche nach Gl\u00fcck... Hier wird gen\u00e4ht, gebacken, gebastelt und auch mal \u00fcber den Alltag gemault.","robots":{"index":"index","follow":"follow","max-snippet":"max-snippet:-1","max-image-preview":"max-image-preview:large","max-video-preview":"max-video-preview:-1"},"canonical":"https:\/\/www.heldenhaushalt.de\/sari02\/index.php\/projekt-52-die-themen-2014\/","og_locale":"de_DE","og_type":"article","og_title":"Projekt 52: Die Themen 2014 - Heldenhaushalt","og_description":"Auch Helden erleben den t\u00e4glichen Wahnsinn, den ein Alltag mit sich bringt und Frau Mondgras sitzt mittendrin. Berlinerin, Mutter, Ehefrau, Kreativling und auf der st\u00e4ndigen Suche nach Gl\u00fcck... Hier wird gen\u00e4ht, gebacken, gebastelt und auch mal \u00fcber den Alltag gemault.","og_url":"https:\/\/www.heldenhaushalt.de\/sari02\/index.php\/projekt-52-die-themen-2014\/","og_site_name":"Heldenhaushalt","article_modified_time":"2015-01-01T10:24:20+00:00","twitter_card":"summary_large_image","twitter_site":"@Heldenhaushalt","twitter_misc":{"Gesch\u00e4tzte Lesezeit":"1\u00a0Minute"},"schema":{"@context":"https:\/\/schema.org","@graph":[{"@type":"WebPage","@id":"https:\/\/www.heldenhaushalt.de\/sari02\/index.php\/projekt-52-die-themen-2014\/","url":"https:\/\/www.heldenhaushalt.de\/sari02\/index.php\/projekt-52-die-themen-2014\/","name":"Projekt 52: Die Themen 2014 - Heldenhaushalt","isPartOf":{"@id":"https:\/\/www.heldenhaushalt.de\/sari02\/#website"},"datePublished":"2013-12-25T06:57:59+00:00","dateModified":"2015-01-01T10:24:20+00:00","description":"Auch Helden erleben den t\u00e4glichen Wahnsinn, den ein Alltag mit sich bringt und Frau Mondgras sitzt mittendrin. Berlinerin, Mutter, Ehefrau, Kreativling und auf der st\u00e4ndigen Suche nach Gl\u00fcck... Hier wird gen\u00e4ht, gebacken, gebastelt und auch mal \u00fcber den Alltag gemault.","breadcrumb":{"@id":"https:\/\/www.heldenhaushalt.de\/sari02\/index.php\/projekt-52-die-themen-2014\/#breadcrumb"},"inLanguage":"de","potentialAction":[{"@type":"ReadAction","target":["https:\/\/www.heldenhaushalt.de\/sari02\/index.php\/projekt-52-die-themen-2014\/"]}]},{"@type":"BreadcrumbList","@id":"https:\/\/www.heldenhaushalt.de\/sari02\/index.php\/projekt-52-die-themen-2014\/#breadcrumb","itemListElement":[{"@type":"ListItem","position":1,"name":"Startseite","item":"https:\/\/www.heldenhaushalt.de\/sari02\/"},{"@type":"ListItem","position":2,"name":"Projekt 52: Die Themen 2014"}]},{"@type":"WebSite","@id":"https:\/\/www.heldenhaushalt.de\/sari02\/#website","url":"https:\/\/www.heldenhaushalt.de\/sari02\/","name":"Heldenhaushalt","description":"Wer es ordentlich haben will, der muss vorher anrufen","publisher":{"@id":"https:\/\/www.heldenhaushalt.de\/sari02\/#\/schema\/person\/a1cc69f42a01f412eb62c151353814f6"},"potentialAction":[{"@type":"SearchAction","target":{"@type":"EntryPoint","urlTemplate":"https:\/\/www.heldenhaushalt.de\/sari02\/?s={search_term_string}"},"query-input":{"@type":"PropertyValueSpecification","valueRequired":true,"valueName":"search_term_string"}}],"inLanguage":"de"},{"@type":["Person","Organization"],"@id":"https:\/\/www.heldenhaushalt.de\/sari02\/#\/schema\/person\/a1cc69f42a01f412eb62c151353814f6","name":"Sari","image":{"@type":"ImageObject","inLanguage":"de","@id":"https:\/\/www.heldenhaushalt.de\/sari02\/wp-content\/uploads\/2019\/02\/sari-april2018.png","url":"https:\/\/www.heldenhaushalt.de\/sari02\/wp-content\/uploads\/2019\/02\/sari-april2018.png","contentUrl":"https:\/\/www.heldenhaushalt.de\/sari02\/wp-content\/uploads\/2019\/02\/sari-april2018.png","width":500,"height":500,"caption":"Sari"},"logo":{"@id":"https:\/\/www.heldenhaushalt.de\/sari02\/wp-content\/uploads\/2019\/02\/sari-april2018.png"},"description":"Frau Mondgras \u2013 Das bin ich, Sari. Gerne auch als Sari Mondgras bekannt und im Internet zu finden. 2-Fach-Mutter, Heldenehefrau, Kreativling, Harmonies\u00fcchtig und st\u00e4ndig auf der Suche nach Gl\u00fcck. Ich komme aus Berlin, bin hier aufgewachsen und lebe hier seit ich denken kann.","sameAs":["https:\/\/www.instagram.com\/heldenhaushalt\/"]}]}},"_links":{"self":[{"href":"https:\/\/www.heldenhaushalt.de\/sari02\/index.php\/wp-json\/wp\/v2\/pages\/21335","targetHints":{"allow":["GET"]}}],"collection":[{"href":"https:\/\/www.heldenhaushalt.de\/sari02\/index.php\/wp-json\/wp\/v2\/pages"}],"about":[{"href":"https:\/\/www.heldenhaushalt.de\/sari02\/index.php\/wp-json\/wp\/v2\/types\/page"}],"author":[{"embeddable":true,"href":"https:\/\/www.heldenhaushalt.de\/sari02\/index.php\/wp-json\/wp\/v2\/users\/1"}],"replies":[{"embeddable":true,"href":"https:\/\/www.heldenhaushalt.de\/sari02\/index.php\/wp-json\/wp\/v2\/comments?post=21335"}],"version-history":[{"count":28,"href":"https:\/\/www.heldenhaushalt.de\/sari02\/index.php\/wp-json\/wp\/v2\/pages\/21335\/revisions"}],"predecessor-version":[{"id":24819,"href":"https:\/\/www.heldenhaushalt.de\/sari02\/index.php\/wp-json\/wp\/v2\/pages\/21335\/revisions\/24819"}],"wp:attachment":[{"href":"https:\/\/www.heldenhaushalt.de\/sari02\/index.php\/wp-json\/wp\/v2\/media?parent=21335"}],"curies":[{"name":"wp","href":"https:\/\/api.w.org\/{rel}","templated":true}]}}