{"id":28292,"date":"2016-01-02T08:21:42","date_gmt":"2016-01-02T07:21:42","guid":{"rendered":"http:\/\/www.mondgras.de\/sari02\/?page_id=28292"},"modified":"2016-11-29T10:34:29","modified_gmt":"2016-11-29T09:34:29","slug":"projekt-52-die-themen-2016","status":"publish","type":"page","link":"https:\/\/www.heldenhaushalt.de\/sari02\/index.php\/projekt-52-die-themen-2016\/","title":{"rendered":"Projekt 52: Die Themen 2016"},"content":{"rendered":"<p>Hier seht Ihr die Themen f&#252;r 2015 nochmal aufgelistet, sobald sie bekannt gegeben wurden! Die Neuesten Themen befinden sich immer ganz oben auf der Seite!<\/p>\n<p><img loading=\"lazy\" decoding=\"async\" class=\"aligncenter size-full wp-image-31198\" src=\"http:\/\/www.heldenhaushalt.de\/sari02\/wp-content\/uploads\/2016\/11\/2016-dez.jpg\" sizes=\"auto, (max-width: 505px) 100vw, 505px\" srcset=\"http:\/\/www.heldenhaushalt.de\/sari02\/wp-content\/uploads\/2016\/11\/2016-dez.jpg 505w, http:\/\/www.heldenhaushalt.de\/sari02\/wp-content\/uploads\/2016\/11\/2016-dez-300x188.jpg 300w, http:\/\/www.heldenhaushalt.de\/sari02\/wp-content\/uploads\/2016\/11\/2016-dez-144x90.jpg 144w\" alt=\"Projekt 52\" width=\"505\" height=\"316\"><\/p>\n<p style=\"text-align: center;\"><a href=\"http:\/\/www.heldenhaushalt.de\/sari02\/index.php\/2016\/11\/27\/projekt-52-dezember2016\/\">Zur Linkparty im Dezember<\/a><\/p>\n<p><img loading=\"lazy\" decoding=\"async\" class=\"aligncenter size-full wp-image-30872\" src=\"http:\/\/www.heldenhaushalt.de\/sari02\/wp-content\/uploads\/2016\/10\/2016-nov.jpg\" sizes=\"auto, (max-width: 505px) 100vw, 505px\" srcset=\"http:\/\/www.heldenhaushalt.de\/sari02\/wp-content\/uploads\/2016\/10\/2016-nov.jpg 505w, http:\/\/www.heldenhaushalt.de\/sari02\/wp-content\/uploads\/2016\/10\/2016-nov-300x188.jpg 300w\" alt=\"Projekt 52\" width=\"505\" height=\"316\"><\/p>\n<p style=\"text-align: center;\"><a href=\"http:\/\/www.heldenhaushalt.de\/sari02\/index.php\/2016\/10\/29\/projekt-52-november\/\">Zur Linkparty im November<\/a><\/p>\n<p><img loading=\"lazy\" decoding=\"async\" class=\"size-full wp-image-30495 aligncenter\" src=\"www.heldenhaushalt.de\/sari02\/wp-content\/uploads\/2016\/09\/2016-oktober.jpg?resize=505%2C316\" sizes=\"auto, (max-width: 505px) 100vw, 505px\" srcset=\"https:\/\/www.heldenhaushalt.de \/sari02\/wp-content\/uploads\/2016\/09\/2016-oktober.jpg?w=505 505w, https:\/\/www.heldenhaushalt.de \/sari02\/wp-content\/uploads\/2016\/09\/2016-oktober.jpg?resize=300%2C188 300w\" alt=\"Projekt 52\" width=\"505\" height=\"316\"><\/p>\n<p style=\"text-align: center;\"><a href=\"http:\/\/www.heldenhaushalt.de\/sari02\/index.php\/2016\/09\/28\/projekt-52-oktober-2016\/\">Zur Linkparty im Oktober<\/a><\/p>\n<p><img loading=\"lazy\" decoding=\"async\" class=\"size-full wp-image-30211 aligncenter\" src=\"www.heldenhaushalt.de\/sari02\/wp-content\/uploads\/2016\/08\/2016-sept.jpg?resize=505%2C316\" sizes=\"auto, (max-width: 505px) 100vw, 505px\" srcset=\"https:\/\/www.heldenhaushalt.de \/sari02\/wp-content\/uploads\/2016\/08\/2016-sept.jpg?w=505 505w, https:\/\/www.heldenhaushalt.de \/sari02\/wp-content\/uploads\/2016\/08\/2016-sept.jpg?resize=300%2C188 300w\" alt=\"Projekt 52\" width=\"505\" height=\"316\"><\/p>\n<p style=\"text-align: center;\"><a href=\"http:\/\/www.heldenhaushalt.de\/sari02\/index.php\/2016\/08\/30\/projekt-52-september-2016\/\">Zur Linkparty im September<\/a><\/p>\n<p><img loading=\"lazy\" decoding=\"async\" class=\"size-full wp-image-29869 aligncenter\" src=\"www.heldenhaushalt.de\/sari02\/wp-content\/uploads\/2016\/07\/2016-aug.jpg?resize=505%2C316\" sizes=\"auto, (max-width: 505px) 100vw, 505px\" srcset=\"http:\/\/i0.wp.com\/www.heldenhaushalt.de\/sari02\/wp-content\/uploads\/2016\/07\/2016-aug.jpg?w=505 505w, http:\/\/i0.wp.com\/www.heldenhaushalt.de\/sari02\/wp-content\/uploads\/2016\/07\/2016-aug.jpg?resize=300%2C188 300w\" alt=\"Projekt 52\" width=\"505\" height=\"316\"><\/p>\n<p style=\"text-align: center;\"><a href=\"http:\/\/www.heldenhaushalt.de\/sari02\/index.php\/2016\/07\/29\/projekt-52-august2016\/\">Zur Linkparty im August<\/a><\/p>\n<p><img loading=\"lazy\" decoding=\"async\" class=\"size-full wp-image-29578 aligncenter\" src=\"https:\/\/www.heldenhaushalt.de\/sari02\/wp-content\/uploads\/2016\/06\/2016-juli.jpg?resize=505%2C316\" sizes=\"auto, (max-width: 505px) 100vw, 505px\" srcset=\"https:\/\/www.heldenhaushalt.de\/sari02\/wp-content\/uploads\/2016\/06\/2016-juli.jpg?w=505 505w, https:\/\/www.heldenhaushalt.de\/sari02\/wp-content\/uploads\/2016\/06\/2016-juli.jpg?resize=300%2C188 300w\" alt=\"Projekt 52\" width=\"505\" height=\"316\"><\/p>\n<p style=\"text-align: center;\"><a href=\"http:\/\/www.heldenhaushalt.de\/sari02\/index.php\/2016\/06\/28\/projekt-52-juli-2016\/\">Zur Linkparty im Juli<\/a><\/p>\n<p><img loading=\"lazy\" decoding=\"async\" class=\"size-full wp-image-29238 aligncenter\" src=\"www.heldenhaushalt.de\/sari02\/wp-content\/uploads\/2016\/05\/2016-juni.jpg?w=505\" sizes=\"auto, (max-width: 505px) 100vw, 505px\" alt=\"Projekt 52\" width=\"505\" height=\"316\" srcset=\"https:\/\/www.heldenhaushalt.de\/sari02\/wp-content\/uploads\/2016\/05\/2016-juni.jpg 505w, https:\/\/www.heldenhaushalt.de\/sari02\/wp-content\/uploads\/2016\/05\/2016-juni-300x188.jpg 300w\" \/><\/p>\n<p style=\"text-align: center;\"><a href=\"http:\/\/www.heldenhaushalt.de\/sari02\/index.php\/2016\/05\/28\/projekt-52-juni\/\">Zur Linkparty im Juni<\/a><\/p>\n<p><img loading=\"lazy\" decoding=\"async\" class=\"size-full wp-image-28980 aligncenter\" src=\"https:\/\/www.heldenhaushalt.de\/sari02\/wp-content\/uploads\/2016\/04\/2016-mai.jpg?resize=505%2C316\" sizes=\"auto, (max-width: 505px) 100vw, 505px\" srcset=\"https:\/\/www.heldenhaushalt.de\/sari02\/wp-content\/uploads\/2016\/04\/2016-mai.jpg?w=505 505w, https:\/\/www.heldenhaushalt.de\/sari02\/wp-content\/uploads\/2016\/04\/2016-mai.jpg?resize=300%2C188 300w\" alt=\"2016-mai\" width=\"505\" height=\"316\"><\/p>\n<p style=\"text-align: center;\"><a href=\"http:\/\/www.heldenhaushalt.de\/sari02\/index.php\/2016\/04\/29\/projekt-52-die-themen-linkparty-fuer-mai\/\" target=\"_blank\">Zur Linkparty im Mai<\/a><\/p>\n<p><img loading=\"lazy\" decoding=\"async\" class=\"size-full wp-image-28745 aligncenter\" src=\"https:\/\/www.heldenhaushalt.de\/sari02\/wp-content\/uploads\/2016\/03\/2016-april.jpg?resize=505%2C316\" sizes=\"auto, (max-width: 505px) 100vw, 505px\" srcset=\"https:\/\/www.heldenhaushalt.de\/sari02\/wp-content\/uploads\/2016\/03\/2016-april.jpg?resize=300%2C188 300w, https:\/\/www.heldenhaushalt.de\/sari02\/wp-content\/uploads\/2016\/03\/2016-april.jpg?w=505 505w\" alt=\"2016-april\" width=\"505\" height=\"316\"><\/p>\n<p style=\"text-align: center;\"><a href=\"http:\/\/www.heldenhaushalt.de\/sari02\/index.php\/2016\/03\/28\/projekt-52-die-themen-linkparty-fuer-april\/\" target=\"_blank\">Zur Linkparty im April <\/a><\/p>\n<p><img loading=\"lazy\" decoding=\"async\" class=\"size-full wp-image-28551 aligncenter\" src=\"https:\/\/www.heldenhaushalt.de\/sari02\/wp-content\/uploads\/2016\/02\/2016-maerz.jpg?resize=505%2C316\" sizes=\"auto, (max-width: 505px) 100vw, 505px\" srcset=\"https:\/\/www.heldenhaushalt.de\/sari02\/wp-content\/uploads\/2016\/02\/2016-maerz.jpg?resize=300%2C188 300w, https:\/\/www.heldenhaushalt.de\/sari02\/wp-content\/uploads\/2016\/02\/2016-maerz.jpg?w=505 505w\" alt=\"2016-maerz\" width=\"505\" height=\"316\"><\/p>\n<p style=\"text-align: center;\"><strong><a href=\"http:\/\/www.heldenhaushalt.de\/sari02\/index.php\/2016\/02\/27\/projekt-52-die-themen-linkparty-fuer-maerz\/\" target=\"_blank\">Zur Linkparty im M&#228;rz<\/a><\/strong><\/p>\n<p><img loading=\"lazy\" decoding=\"async\" class=\"size-full wp-image-28459 aligncenter\" src=\"www.heldenhaushalt.de\/sari02\/wp-content\/uploads\/2016\/01\/2016-februar.jpg?resize=505%2C316\" sizes=\"auto, (max-width: 505px) 100vw, 505px\" srcset=\"http:\/\/i0.wp.com\/www.heldenhaushalt.de\/sari02\/wp-content\/uploads\/2016\/01\/2016-februar.jpg?resize=300%2C188 300w, http:\/\/i0.wp.com\/www.heldenhaushalt.de\/sari02\/wp-content\/uploads\/2016\/01\/2016-februar.jpg?w=505 505w\" alt=\"2016-februar\" width=\"505\" height=\"316\"><\/p>\n<p style=\"text-align: center;\"><strong><a href=\"http:\/\/www.heldenhaushalt.de\/sari02\/index.php\/2016\/01\/30\/projekt-52-die-themen-linkparty-fuer-februar\/\" target=\"_blank\">Zur Linkparty im Februar<\/a><\/strong><\/p>\n<p><img loading=\"lazy\" decoding=\"async\" class=\"size-full wp-image-28261 aligncenter\" src=\"www.heldenhaushalt.de\/sari02\/wp-content\/uploads\/2015\/12\/2016-januar.jpg?resize=505%2C316\" sizes=\"auto, (max-width: 505px) 100vw, 505px\" srcset=\"http:\/\/i0.wp.com\/www.heldenhaushalt.de\/sari02\/wp-content\/uploads\/2015\/12\/2016-januar.jpg?resize=300%2C188 300w, http:\/\/i0.wp.com\/www.heldenhaushalt.de\/sari02\/wp-content\/uploads\/2015\/12\/2016-januar.jpg?w=505 505w\" alt=\"2016-januar\" width=\"505\" height=\"316\"><\/p>\n<p style=\"text-align: center;\"><strong><a href=\"http:\/\/www.heldenhaushalt.de\/sari02\/index.php\/2016\/01\/08\/projekt-52-die-linkparty-im-januar\/\" target=\"_blank\">Zur Linkparty im Januar (geschlossen)<\/a><\/strong><\/p>\n","protected":false},"excerpt":{"rendered":"<p>Hier seht Ihr die Themen f&#252;r 2015 nochmal aufgelistet, sobald sie bekannt gegeben wurden! Die Neuesten Themen befinden sich immer ganz oben auf der Seite! Zur Linkparty im Dezember Zur Linkparty im November Zur Linkparty im Oktober Zur Linkparty im September Zur Linkparty im August Zur Linkparty im Juli Zur Linkparty im Juni Zur Linkparty im Mai Zur Linkparty im April Zur Linkparty im M&#228;rz Zur Linkparty im Februar Zur Linkparty im Januar (geschlossen)<\/p>\n","protected":false},"author":1,"featured_media":0,"parent":0,"menu_order":0,"comment_status":"closed","ping_status":"closed","template":"","meta":{"ngg_post_thumbnail":0,"footnotes":""},"class_list":["post-28292","page","type-page","status-publish","hentry"],"yoast_head":"<!-- This site is optimized with the Yoast SEO plugin v27.4 - https:\/\/yoast.com\/product\/yoast-seo-wordpress\/ -->\n<title>Projekt 52: Die Themen 2016 - Heldenhaushalt<\/title>\n<meta name=\"description\" content=\"Auch Helden erleben den t\u00e4glichen Wahnsinn, den ein Alltag mit sich bringt und Frau Mondgras sitzt mittendrin. Berlinerin, Mutter, Ehefrau, Kreativling und auf der st\u00e4ndigen Suche nach Gl\u00fcck... Hier wird gen\u00e4ht, gebacken, gebastelt und auch mal \u00fcber den Alltag gemault.\" \/>\n<meta name=\"robots\" content=\"index, follow, max-snippet:-1, max-image-preview:large, max-video-preview:-1\" \/>\n<link rel=\"canonical\" href=\"https:\/\/www.heldenhaushalt.de\/sari02\/index.php\/projekt-52-die-themen-2016\/\" \/>\n<meta property=\"og:locale\" content=\"de_DE\" \/>\n<meta property=\"og:type\" content=\"article\" \/>\n<meta property=\"og:title\" content=\"Projekt 52: Die Themen 2016 - Heldenhaushalt\" \/>\n<meta property=\"og:description\" content=\"Auch Helden erleben den t\u00e4glichen Wahnsinn, den ein Alltag mit sich bringt und Frau Mondgras sitzt mittendrin. Berlinerin, Mutter, Ehefrau, Kreativling und auf der st\u00e4ndigen Suche nach Gl\u00fcck... Hier wird gen\u00e4ht, gebacken, gebastelt und auch mal \u00fcber den Alltag gemault.\" \/>\n<meta property=\"og:url\" content=\"https:\/\/www.heldenhaushalt.de\/sari02\/index.php\/projekt-52-die-themen-2016\/\" \/>\n<meta property=\"og:site_name\" content=\"Heldenhaushalt\" \/>\n<meta property=\"article:modified_time\" content=\"2016-11-29T09:34:29+00:00\" \/>\n<meta property=\"og:image\" content=\"http:\/\/www.heldenhaushalt.de\/sari02\/wp-content\/uploads\/2016\/11\/2016-dez.jpg\" \/>\n<meta name=\"twitter:card\" content=\"summary_large_image\" \/>\n<meta name=\"twitter:site\" content=\"@Heldenhaushalt\" \/>\n<script type=\"application\/ld+json\" class=\"yoast-schema-graph\">{\"@context\":\"https:\\\/\\\/schema.org\",\"@graph\":[{\"@type\":\"WebPage\",\"@id\":\"https:\\\/\\\/www.heldenhaushalt.de\\\/sari02\\\/index.php\\\/projekt-52-die-themen-2016\\\/\",\"url\":\"https:\\\/\\\/www.heldenhaushalt.de\\\/sari02\\\/index.php\\\/projekt-52-die-themen-2016\\\/\",\"name\":\"Projekt 52: Die Themen 2016 - Heldenhaushalt\",\"isPartOf\":{\"@id\":\"https:\\\/\\\/www.heldenhaushalt.de\\\/sari02\\\/#website\"},\"primaryImageOfPage\":{\"@id\":\"https:\\\/\\\/www.heldenhaushalt.de\\\/sari02\\\/index.php\\\/projekt-52-die-themen-2016\\\/#primaryimage\"},\"image\":{\"@id\":\"https:\\\/\\\/www.heldenhaushalt.de\\\/sari02\\\/index.php\\\/projekt-52-die-themen-2016\\\/#primaryimage\"},\"thumbnailUrl\":\"http:\\\/\\\/www.heldenhaushalt.de\\\/sari02\\\/wp-content\\\/uploads\\\/2016\\\/11\\\/2016-dez.jpg\",\"datePublished\":\"2016-01-02T07:21:42+00:00\",\"dateModified\":\"2016-11-29T09:34:29+00:00\",\"description\":\"Auch Helden erleben den t\u00e4glichen Wahnsinn, den ein Alltag mit sich bringt und Frau Mondgras sitzt mittendrin. Berlinerin, Mutter, Ehefrau, Kreativling und auf der st\u00e4ndigen Suche nach Gl\u00fcck... Hier wird gen\u00e4ht, gebacken, gebastelt und auch mal \u00fcber den Alltag gemault.\",\"breadcrumb\":{\"@id\":\"https:\\\/\\\/www.heldenhaushalt.de\\\/sari02\\\/index.php\\\/projekt-52-die-themen-2016\\\/#breadcrumb\"},\"inLanguage\":\"de\",\"potentialAction\":[{\"@type\":\"ReadAction\",\"target\":[\"https:\\\/\\\/www.heldenhaushalt.de\\\/sari02\\\/index.php\\\/projekt-52-die-themen-2016\\\/\"]}]},{\"@type\":\"ImageObject\",\"inLanguage\":\"de\",\"@id\":\"https:\\\/\\\/www.heldenhaushalt.de\\\/sari02\\\/index.php\\\/projekt-52-die-themen-2016\\\/#primaryimage\",\"url\":\"https:\\\/\\\/www.heldenhaushalt.de\\\/sari02\\\/wp-content\\\/uploads\\\/2016\\\/11\\\/2016-dez.jpg\",\"contentUrl\":\"https:\\\/\\\/www.heldenhaushalt.de\\\/sari02\\\/wp-content\\\/uploads\\\/2016\\\/11\\\/2016-dez.jpg\",\"width\":505,\"height\":316},{\"@type\":\"BreadcrumbList\",\"@id\":\"https:\\\/\\\/www.heldenhaushalt.de\\\/sari02\\\/index.php\\\/projekt-52-die-themen-2016\\\/#breadcrumb\",\"itemListElement\":[{\"@type\":\"ListItem\",\"position\":1,\"name\":\"Startseite\",\"item\":\"https:\\\/\\\/www.heldenhaushalt.de\\\/sari02\\\/\"},{\"@type\":\"ListItem\",\"position\":2,\"name\":\"Projekt 52: Die Themen 2016\"}]},{\"@type\":\"WebSite\",\"@id\":\"https:\\\/\\\/www.heldenhaushalt.de\\\/sari02\\\/#website\",\"url\":\"https:\\\/\\\/www.heldenhaushalt.de\\\/sari02\\\/\",\"name\":\"Heldenhaushalt\",\"description\":\"Wer es ordentlich haben will, der muss vorher anrufen\",\"publisher\":{\"@id\":\"https:\\\/\\\/www.heldenhaushalt.de\\\/sari02\\\/#\\\/schema\\\/person\\\/a1cc69f42a01f412eb62c151353814f6\"},\"potentialAction\":[{\"@type\":\"SearchAction\",\"target\":{\"@type\":\"EntryPoint\",\"urlTemplate\":\"https:\\\/\\\/www.heldenhaushalt.de\\\/sari02\\\/?s={search_term_string}\"},\"query-input\":{\"@type\":\"PropertyValueSpecification\",\"valueRequired\":true,\"valueName\":\"search_term_string\"}}],\"inLanguage\":\"de\"},{\"@type\":[\"Person\",\"Organization\"],\"@id\":\"https:\\\/\\\/www.heldenhaushalt.de\\\/sari02\\\/#\\\/schema\\\/person\\\/a1cc69f42a01f412eb62c151353814f6\",\"name\":\"Sari\",\"image\":{\"@type\":\"ImageObject\",\"inLanguage\":\"de\",\"@id\":\"https:\\\/\\\/www.heldenhaushalt.de\\\/sari02\\\/wp-content\\\/uploads\\\/2019\\\/02\\\/sari-april2018.png\",\"url\":\"https:\\\/\\\/www.heldenhaushalt.de\\\/sari02\\\/wp-content\\\/uploads\\\/2019\\\/02\\\/sari-april2018.png\",\"contentUrl\":\"https:\\\/\\\/www.heldenhaushalt.de\\\/sari02\\\/wp-content\\\/uploads\\\/2019\\\/02\\\/sari-april2018.png\",\"width\":500,\"height\":500,\"caption\":\"Sari\"},\"logo\":{\"@id\":\"https:\\\/\\\/www.heldenhaushalt.de\\\/sari02\\\/wp-content\\\/uploads\\\/2019\\\/02\\\/sari-april2018.png\"},\"description\":\"Frau Mondgras \u2013 Das bin ich, Sari. Gerne auch als Sari Mondgras bekannt und im Internet zu finden. 2-Fach-Mutter, Heldenehefrau, Kreativling, Harmonies\u00fcchtig und st\u00e4ndig auf der Suche nach Gl\u00fcck. Ich komme aus Berlin, bin hier aufgewachsen und lebe hier seit ich denken kann.\",\"sameAs\":[\"https:\\\/\\\/www.instagram.com\\\/heldenhaushalt\\\/\"]}]}<\/script>\n<!-- \/ Yoast SEO plugin. -->","yoast_head_json":{"title":"Projekt 52: Die Themen 2016 - Heldenhaushalt","description":"Auch Helden erleben den t\u00e4glichen Wahnsinn, den ein Alltag mit sich bringt und Frau Mondgras sitzt mittendrin. Berlinerin, Mutter, Ehefrau, Kreativling und auf der st\u00e4ndigen Suche nach Gl\u00fcck... Hier wird gen\u00e4ht, gebacken, gebastelt und auch mal \u00fcber den Alltag gemault.","robots":{"index":"index","follow":"follow","max-snippet":"max-snippet:-1","max-image-preview":"max-image-preview:large","max-video-preview":"max-video-preview:-1"},"canonical":"https:\/\/www.heldenhaushalt.de\/sari02\/index.php\/projekt-52-die-themen-2016\/","og_locale":"de_DE","og_type":"article","og_title":"Projekt 52: Die Themen 2016 - Heldenhaushalt","og_description":"Auch Helden erleben den t\u00e4glichen Wahnsinn, den ein Alltag mit sich bringt und Frau Mondgras sitzt mittendrin. Berlinerin, Mutter, Ehefrau, Kreativling und auf der st\u00e4ndigen Suche nach Gl\u00fcck... Hier wird gen\u00e4ht, gebacken, gebastelt und auch mal \u00fcber den Alltag gemault.","og_url":"https:\/\/www.heldenhaushalt.de\/sari02\/index.php\/projekt-52-die-themen-2016\/","og_site_name":"Heldenhaushalt","article_modified_time":"2016-11-29T09:34:29+00:00","og_image":[{"url":"http:\/\/www.heldenhaushalt.de\/sari02\/wp-content\/uploads\/2016\/11\/2016-dez.jpg","type":"","width":"","height":""}],"twitter_card":"summary_large_image","twitter_site":"@Heldenhaushalt","schema":{"@context":"https:\/\/schema.org","@graph":[{"@type":"WebPage","@id":"https:\/\/www.heldenhaushalt.de\/sari02\/index.php\/projekt-52-die-themen-2016\/","url":"https:\/\/www.heldenhaushalt.de\/sari02\/index.php\/projekt-52-die-themen-2016\/","name":"Projekt 52: Die Themen 2016 - Heldenhaushalt","isPartOf":{"@id":"https:\/\/www.heldenhaushalt.de\/sari02\/#website"},"primaryImageOfPage":{"@id":"https:\/\/www.heldenhaushalt.de\/sari02\/index.php\/projekt-52-die-themen-2016\/#primaryimage"},"image":{"@id":"https:\/\/www.heldenhaushalt.de\/sari02\/index.php\/projekt-52-die-themen-2016\/#primaryimage"},"thumbnailUrl":"http:\/\/www.heldenhaushalt.de\/sari02\/wp-content\/uploads\/2016\/11\/2016-dez.jpg","datePublished":"2016-01-02T07:21:42+00:00","dateModified":"2016-11-29T09:34:29+00:00","description":"Auch Helden erleben den t\u00e4glichen Wahnsinn, den ein Alltag mit sich bringt und Frau Mondgras sitzt mittendrin. Berlinerin, Mutter, Ehefrau, Kreativling und auf der st\u00e4ndigen Suche nach Gl\u00fcck... Hier wird gen\u00e4ht, gebacken, gebastelt und auch mal \u00fcber den Alltag gemault.","breadcrumb":{"@id":"https:\/\/www.heldenhaushalt.de\/sari02\/index.php\/projekt-52-die-themen-2016\/#breadcrumb"},"inLanguage":"de","potentialAction":[{"@type":"ReadAction","target":["https:\/\/www.heldenhaushalt.de\/sari02\/index.php\/projekt-52-die-themen-2016\/"]}]},{"@type":"ImageObject","inLanguage":"de","@id":"https:\/\/www.heldenhaushalt.de\/sari02\/index.php\/projekt-52-die-themen-2016\/#primaryimage","url":"https:\/\/www.heldenhaushalt.de\/sari02\/wp-content\/uploads\/2016\/11\/2016-dez.jpg","contentUrl":"https:\/\/www.heldenhaushalt.de\/sari02\/wp-content\/uploads\/2016\/11\/2016-dez.jpg","width":505,"height":316},{"@type":"BreadcrumbList","@id":"https:\/\/www.heldenhaushalt.de\/sari02\/index.php\/projekt-52-die-themen-2016\/#breadcrumb","itemListElement":[{"@type":"ListItem","position":1,"name":"Startseite","item":"https:\/\/www.heldenhaushalt.de\/sari02\/"},{"@type":"ListItem","position":2,"name":"Projekt 52: Die Themen 2016"}]},{"@type":"WebSite","@id":"https:\/\/www.heldenhaushalt.de\/sari02\/#website","url":"https:\/\/www.heldenhaushalt.de\/sari02\/","name":"Heldenhaushalt","description":"Wer es ordentlich haben will, der muss vorher anrufen","publisher":{"@id":"https:\/\/www.heldenhaushalt.de\/sari02\/#\/schema\/person\/a1cc69f42a01f412eb62c151353814f6"},"potentialAction":[{"@type":"SearchAction","target":{"@type":"EntryPoint","urlTemplate":"https:\/\/www.heldenhaushalt.de\/sari02\/?s={search_term_string}"},"query-input":{"@type":"PropertyValueSpecification","valueRequired":true,"valueName":"search_term_string"}}],"inLanguage":"de"},{"@type":["Person","Organization"],"@id":"https:\/\/www.heldenhaushalt.de\/sari02\/#\/schema\/person\/a1cc69f42a01f412eb62c151353814f6","name":"Sari","image":{"@type":"ImageObject","inLanguage":"de","@id":"https:\/\/www.heldenhaushalt.de\/sari02\/wp-content\/uploads\/2019\/02\/sari-april2018.png","url":"https:\/\/www.heldenhaushalt.de\/sari02\/wp-content\/uploads\/2019\/02\/sari-april2018.png","contentUrl":"https:\/\/www.heldenhaushalt.de\/sari02\/wp-content\/uploads\/2019\/02\/sari-april2018.png","width":500,"height":500,"caption":"Sari"},"logo":{"@id":"https:\/\/www.heldenhaushalt.de\/sari02\/wp-content\/uploads\/2019\/02\/sari-april2018.png"},"description":"Frau Mondgras \u2013 Das bin ich, Sari. Gerne auch als Sari Mondgras bekannt und im Internet zu finden. 2-Fach-Mutter, Heldenehefrau, Kreativling, Harmonies\u00fcchtig und st\u00e4ndig auf der Suche nach Gl\u00fcck. Ich komme aus Berlin, bin hier aufgewachsen und lebe hier seit ich denken kann.","sameAs":["https:\/\/www.instagram.com\/heldenhaushalt\/"]}]}},"_links":{"self":[{"href":"https:\/\/www.heldenhaushalt.de\/sari02\/index.php\/wp-json\/wp\/v2\/pages\/28292","targetHints":{"allow":["GET"]}}],"collection":[{"href":"https:\/\/www.heldenhaushalt.de\/sari02\/index.php\/wp-json\/wp\/v2\/pages"}],"about":[{"href":"https:\/\/www.heldenhaushalt.de\/sari02\/index.php\/wp-json\/wp\/v2\/types\/page"}],"author":[{"embeddable":true,"href":"https:\/\/www.heldenhaushalt.de\/sari02\/index.php\/wp-json\/wp\/v2\/users\/1"}],"replies":[{"embeddable":true,"href":"https:\/\/www.heldenhaushalt.de\/sari02\/index.php\/wp-json\/wp\/v2\/comments?post=28292"}],"version-history":[{"count":14,"href":"https:\/\/www.heldenhaushalt.de\/sari02\/index.php\/wp-json\/wp\/v2\/pages\/28292\/revisions"}],"predecessor-version":[{"id":31262,"href":"https:\/\/www.heldenhaushalt.de\/sari02\/index.php\/wp-json\/wp\/v2\/pages\/28292\/revisions\/31262"}],"wp:attachment":[{"href":"https:\/\/www.heldenhaushalt.de\/sari02\/index.php\/wp-json\/wp\/v2\/media?parent=28292"}],"curies":[{"name":"wp","href":"https:\/\/api.w.org\/{rel}","templated":true}]}}