{"id":29098,"date":"2016-05-10T10:03:40","date_gmt":"2016-05-10T08:03:40","guid":{"rendered":"http:\/\/www.mondgras.de\/sari02\/?page_id=29098"},"modified":"2025-01-19T14:52:56","modified_gmt":"2025-01-19T13:52:56","slug":"kooperationen","status":"publish","type":"page","link":"https:\/\/www.heldenhaushalt.de\/sari02\/index.php\/kooperationen\/","title":{"rendered":"Kooperationen"},"content":{"rendered":"<p>Heldenhaushalt existiert so, wie es jetzt ist, seit Anfang 2015, der Blog an sich ist aber schon deutlich l&#228;nger unter der Domain Mondgras.de bekannt. Mit dem 2. Kind kam der Wunsch nach mehr Zusammenhang von Blog, Inhalt und Alltag. Auf Heldenhaushalt blogge ich &#252;ber meine Familie, unseren Alltag und die Entwicklung meiner Kinder, gleichzeitig stehen aber auch meine privaten Interessen im Vordergrund, zu denen das N&#228;hen, Zeichnen und andere Handarbeiten z&#228;hlen. Ich lese gerne und viel und backe gerne mit meinen Kindern. Auch an die modernen Medien wurden meine Kinder schon fr&#252;h herangef&#252;hrt. Besonders an Kind Nr. 1 (im Blog der Miniheld) ist wohl das gro&#223;e Interesse an Wissen und das Bed&#252;rfnis immer wieder Neues zu lernen.<\/p>\n<p>In den Kooperationen, die ich eingehe, versuche ich alles an Wissen und Freude einzubringen, die wir haben. Wir sind ehrlich und authentisch und zeigen die Dinge genau so, wie sie hier genutzt werden. Besonders bei Sachen, die f&#252;r die Kinder interessant sind, lasse ich gerne die Kinder selber die Kamera in de Hand nehmen und ihre Meinung &#228;u&#223;ern.<\/p>\n<p>F&#252;r einen schnellen Einblick k&#246;nnen sie hier gerne unser Media Kit herunterladen: <a href=\"https:\/\/www.heldenhaushalt.de\/sari02\/wp-content\/uploads\/2025\/01\/mediakit-heldenhaushalt-stand01-2025.pdf\" target=\"_blank\" rel=\"noopener noreferrer\"><strong>Download Media Kit <\/strong><\/a>(Stand 19.01.2025)<\/p>\n<h2>Ein paar Daten:<\/h2>\n<figure id=\"attachment_63173\" aria-describedby=\"caption-attachment-63173\" style=\"width: 1000px\" class=\"wp-caption alignnone\"><img loading=\"lazy\" decoding=\"async\" class=\"size-full wp-image-63173\" src=\"https:\/\/www.heldenhaushalt.de\/sari02\/wp-content\/uploads\/2025\/01\/besucher01-2025.jpg\" alt=\"Besucher 2023 \/ 2024 laut Matomo\" width=\"1000\" height=\"257\" srcset=\"https:\/\/www.heldenhaushalt.de\/sari02\/wp-content\/uploads\/2025\/01\/besucher01-2025.jpg 1000w, https:\/\/www.heldenhaushalt.de\/sari02\/wp-content\/uploads\/2025\/01\/besucher01-2025-300x77.jpg 300w, https:\/\/www.heldenhaushalt.de\/sari02\/wp-content\/uploads\/2025\/01\/besucher01-2025-768x197.jpg 768w, https:\/\/www.heldenhaushalt.de\/sari02\/wp-content\/uploads\/2025\/01\/besucher01-2025-233x60.jpg 233w\" sizes=\"auto, (max-width: 1000px) 100vw, 1000px\" \/><figcaption id=\"caption-attachment-63173\" class=\"wp-caption-text\">Besucher 2023 (Orange) \/ 2024 (Blau) laut Matomo<\/figcaption><\/figure>\n<h3>Stand f&#252;r 2024 nach Matomo<\/h3>\n<ul>\n<li><span title=\"Wenn ein Besucher zum ersten Mal die Webseite besucht oder seit dem letzten Seitenaufruf mehr als 30 Minuten vergangen sind, wird dies als neuer Besuch gewertet.\"><strong>128.662<\/strong> Besuche&nbsp;<\/span><\/li>\n<li><span title=\"Die Anzahl, wie h&#228;ufig diese Seite besucht wurde.\"><strong>195.489<\/strong>&nbsp;Seitenansichten,&nbsp;<\/span><span title=\"Die Anzahl der Besuche, welche diese Seite aufgerufen haben. Sollte die Seite mehrmals bei einem Besuch aufgerufen worden sein, so wird dies nur einmal gez&#228;hlt.\"><strong>157.106 <\/strong>Eindeutige Seitenansichten<\/span><\/li>\n<li>Besucherdauer im Durchschnitt einer Seite: <strong>1.2 Min<\/strong>.<\/li>\n<li><strong>94,5 %<\/strong> der Besucher stammen aus Deutschland<\/li>\n<li><strong>74 %<\/strong> Absprungrate<\/li>\n<li><strong>1,9<\/strong> Aktionen pro Besuch<\/li>\n<li><span class=\"sparkline-metrics\"><strong>662<\/strong>&nbsp;interne Suchen,&nbsp;<\/span><span class=\"sparkline-metrics\"><strong>524<\/strong>&nbsp;einmalige Suchbegriffe<\/span><\/li>\n<li><span class=\"sparkline-metrics\"><b>15.435 <\/b>Downloads,&nbsp;<\/span><span class=\"sparkline-metrics\"><strong>11.582<\/strong>&nbsp;Einmalige Downloads<\/span><\/li>\n<li><span class=\"sparkline-metrics\"><strong>21.395<\/strong>&nbsp;Ausgehende Verweise,&nbsp;<\/span><span class=\"sparkline-metrics\"><strong>6.240<\/strong>&nbsp;Einmalige ausgehende Verweise<\/span><\/li>\n<li><strong>7.878<\/strong>&nbsp;max. Aktionen pro Besuch<\/li>\n<\/ul>\n<h3>Social Media Stand 19.01.2025<\/h3>\n<ul>\n<li>Facebook:&nbsp; 1.187 Abonnenten &#8211; Beitragsreichweite 291<\/li>\n<li>Instagram: 1184 Abonnenten<\/li>\n<li>Pinterest: 2110 Abonnenten<\/li>\n<li>threads 259 Follower<\/li>\n<\/ul>\n<h2>Kanaltypen\/Besuche nach Matomo<\/h2>\n<h3>Stand 19.01.2025<\/h3>\n<ul>\n<li>Suchmaschinen: 58.611<\/li>\n<li>Websites: 37.409<\/li>\n<li>Soziale Netzwerke: 11.496<\/li>\n<li>Direkte Zugriffe: 20.143<\/li>\n<\/ul>\n<p>Der Schwerpunkt des Publikums liegt vor allem im Alter zwischen 25 und 34 Jahren aus Deutschland. Davon sind ca. 45 % weiblich und 55 % m&#228;nnlich.<\/p>\n<p>Inhaltlich sind vor allem die Artikel zum Thema Kinder und ihre Entwicklung, Rezepte, DIY (Bastelideen), Ausmalbilder f&#252;r Kinder und N&#228;hen am Interessantesten. Pers&#246;nliche Texte besonders in Bezug auf Familienereignisse scheinen den gr&#246;&#223;ten Anklang zu finden.<\/p>\n<p style=\"text-align: center;\">***<\/p>\n<h2>M&#246;glichkeiten der Kooperationen:<\/h2>\n<p>Ich kooperiere gerne mit anderen Seiten. Daf&#252;r sind mir folgende Dinge wichtig:<\/p>\n<ul>\n<li>NoFollow<\/li>\n<li>Kennzeichnung als Werbung<\/li>\n<li>Texte, die ich selber verfasse und die nicht durch andere verfasst wurden<\/li>\n<li>Wir testen gerne aus dem Bereich Kind, Familie, Spiele, Handarbeiten, Gaming, Haushalt und Technik<\/li>\n<\/ul>\n<h2>Folgende Kooperationsm&#246;glichkeiten schlage ich vor:<\/h2>\n<ul>\n<li><strong>Sponsored Posts<\/strong> &#8211; Am Liebsten in der Form, in der man auf Erfahrungswerte zur&#252;ckgreifen kann. NoFollow und eine Werbe-Makierung sind hierbei unerl&#228;sslich<\/li>\n<li><strong>Produktproben<\/strong> &#8211; Gerne testen wir f&#252;r Euch Eure Produkte und stellen sie mit ehrlicher Meinung hier vor. Nat&#252;rlich auch hier mit NoFollow und Werbemakierung<\/li>\n<li><strong>Shoptest<\/strong> &#8211; Gerne testen wir auch Euren Shop, bestellen bei Euch und erz&#228;hlen, wie Produkte und Ablauf so verliefen. Auch hier gilt NoFollow und Werbemakierung.<\/li>\n<li><strong>Verlosung<\/strong> &#8211; Sehr beliebt sind nat&#252;rlich Gewinnspiele, die wir gerne in Kombination mit einem Sponsoring eingehen, hei&#223;t: Wir testen etwas und verlosen im Anschluss etwas davon an die Leser. Wie immer: NoFollow und Werbemakierung.<\/li>\n<\/ul>\n<p><strong>Ich sage mal, wie es ist:<\/strong> Einen Blogeintrag zu verfassen ist Arbeit und nimmt Zeit in Anspruch. Arbeit wird regul&#228;r bezahlt, so dass nat&#252;rlich bei einer Kooperation <strong>eine Verg&#252;tung<\/strong> oder ein Sponsoring bedacht sein sollte. Im Schnitt sitzt man doch mehr als eine Stunde an so einem Artikel, macht Fotos, nimmt sich Zeit zum Testen und hat damit l&#228;nger als nur ein paar Minuten zu tun.<\/p>\n<p>Bei einer Kooperation bin ich, Sari, Euer Ansprechpartner. Wir gehen gemeinsam die Bedigungen und den Ablauf durch. Vor Ver&#246;ffentlichung schicke ich immer gerne den fertigen Artikel zur Voransicht zu, so dass wir gemeinsam &#196;nderungen vornehmen k&#246;nnen. Sobald der Artikel von beiden Seiten abgesegnet ist, einigen wir uns auf ein Ver&#246;ffentlichungs-Datum.<\/p>\n<h2>Wir durften bereits mit tollen Firmen kooperieren!<\/h2>\n<p>Wir freuen uns sehr, dass so schon wirklich tolle (und teilweise dauerhafte) Partnerschaften mit spannenden Firmen entstanden sind.<\/p>\n<p><img loading=\"lazy\" decoding=\"async\" class=\"aligncenter wp-image-33962 size-full\" src=\"http:\/\/www.heldenhaushalt.de\/sari02\/wp-content\/uploads\/2016\/05\/kooperationen-beispiele.jpg\" alt=\"Kooperationen\" width=\"800\" height=\"807\" srcset=\"https:\/\/www.heldenhaushalt.de\/sari02\/wp-content\/uploads\/2016\/05\/kooperationen-beispiele.jpg 800w, https:\/\/www.heldenhaushalt.de\/sari02\/wp-content\/uploads\/2016\/05\/kooperationen-beispiele-150x150.jpg 150w, https:\/\/www.heldenhaushalt.de\/sari02\/wp-content\/uploads\/2016\/05\/kooperationen-beispiele-297x300.jpg 297w, https:\/\/www.heldenhaushalt.de\/sari02\/wp-content\/uploads\/2016\/05\/kooperationen-beispiele-768x775.jpg 768w, https:\/\/www.heldenhaushalt.de\/sari02\/wp-content\/uploads\/2016\/05\/kooperationen-beispiele-600x605.jpg 600w\" sizes=\"auto, (max-width: 800px) 100vw, 800px\" \/><\/p>\n<p>D<strong>azu z&#228;hlen unter anderem zum Beispiel:<\/strong>&nbsp;Carrera, Spin Master, Flik Flak, Carlsen, BRIO, Amigo Spiele, Stabilo, Wickey, KOSMOS, Tomy, Sylvanian Families, Goki, Frechverlag, DK, Beltz Verlag, Emil &amp; Gustav, Warner Brothers, Djuva, BIC,&nbsp;HUCH!&amp;friends, Clementoni,&nbsp;&nbsp;radbag, momox, alilo, Bens Beginners, Ravensburger, Mommy &amp; Baby, Fischer, Darda Bahn und Teppino.<\/p>\n<p><strong>Sollten Euch meine Bedingungen zusagen, nehmt gerne Kontakt mit mir auf. Ich freue mich sehr &#252;ber Eure Vorschl&#228;ge und Ideen.<\/strong><\/p>\n<p>&nbsp;<\/p>\n","protected":false},"excerpt":{"rendered":"<p>Heldenhaushalt existiert so, wie es jetzt ist, seit Anfang 2015, der Blog an sich ist aber schon deutlich l&#228;nger unter der Domain Mondgras.de bekannt. Mit dem 2. Kind kam der Wunsch nach mehr Zusammenhang von Blog, Inhalt und Alltag. Auf Heldenhaushalt blogge ich &#252;ber meine Familie, unseren Alltag und die Entwicklung meiner Kinder, gleichzeitig stehen aber auch meine privaten Interessen im Vordergrund, zu denen das N&#228;hen, Zeichnen und andere Handarbeiten z&#228;hlen. Ich lese gerne und viel und backe gerne mit meinen Kindern. Auch an die modernen Medien wurden meine Kinder schon fr&#252;h herangef&#252;hrt. Besonders an Kind Nr. 1 (im Blog der Miniheld) ist wohl das gro&#223;e Interesse an Wissen und das Bed&#252;rfnis immer wieder Neues zu lernen. In den Kooperationen, die ich eingehe, versuche ich alles an Wissen und Freude einzubringen, die wir haben. Wir sind ehrlich und authentisch und zeigen die Dinge genau so, wie sie hier genutzt werden. Besonders bei Sachen, die f&#252;r die Kinder interessant sind, lasse ich gerne die Kinder selber die Kamera in de Hand nehmen und ihre Meinung &#228;u&#223;ern. F&#252;r einen schnellen Einblick k&#246;nnen sie hier gerne unser Media Kit herunterladen: Download Media Kit (Stand 19.01.2025) Ein paar Daten: Stand f&#252;r 2024 nach Matomo 128.662 Besuche&nbsp; 195.489&nbsp;Seitenansichten,&nbsp;157.106 Eindeutige Seitenansichten Besucherdauer im Durchschnitt einer Seite: 1.2 Min. 94,5 % der Besucher stammen aus Deutschland 74 % Absprungrate 1,9 Aktionen pro Besuch 662&nbsp;interne Suchen,&nbsp;524&nbsp;einmalige Suchbegriffe 15.435 Downloads,&nbsp;11.582&nbsp;Einmalige Downloads 21.395&nbsp;Ausgehende Verweise,&nbsp;6.240&nbsp;Einmalige ausgehende Verweise 7.878&nbsp;max. Aktionen pro Besuch Social Media Stand 19.01.2025 Facebook:&nbsp; 1.187 Abonnenten &#8211; Beitragsreichweite 291 Instagram: 1184 Abonnenten Pinterest: 2110 Abonnenten threads 259 Follower Kanaltypen\/Besuche nach Matomo Stand 19.01.2025 Suchmaschinen: 58.611 Websites: 37.409 Soziale Netzwerke: 11.496 Direkte Zugriffe: 20.143 Der Schwerpunkt des Publikums liegt vor allem im Alter zwischen 25 und 34 Jahren aus Deutschland. Davon sind ca. 45 % weiblich und 55 % m&#228;nnlich. Inhaltlich sind vor allem die Artikel zum Thema Kinder und ihre Entwicklung, Rezepte, DIY (Bastelideen), Ausmalbilder f&#252;r Kinder und N&#228;hen am Interessantesten. Pers&#246;nliche Texte besonders in Bezug auf Familienereignisse scheinen den gr&#246;&#223;ten Anklang zu finden. *** M&#246;glichkeiten der Kooperationen: Ich kooperiere gerne mit anderen Seiten. Daf&#252;r sind mir folgende Dinge wichtig: NoFollow Kennzeichnung als Werbung Texte, die ich selber verfasse und die nicht durch andere verfasst wurden Wir testen gerne aus dem Bereich Kind, Familie, Spiele, Handarbeiten, Gaming, Haushalt und Technik Folgende Kooperationsm&#246;glichkeiten schlage ich vor: Sponsored Posts &#8211; Am Liebsten in der Form, in der man auf Erfahrungswerte zur&#252;ckgreifen kann. NoFollow und eine Werbe-Makierung sind hierbei unerl&#228;sslich Produktproben &#8211; Gerne testen wir f&#252;r Euch Eure Produkte und stellen sie mit ehrlicher Meinung hier vor. Nat&#252;rlich auch hier mit NoFollow und Werbemakierung Shoptest &#8211; Gerne testen wir auch Euren Shop, bestellen bei Euch und erz&#228;hlen, wie Produkte und Ablauf so verliefen. Auch hier gilt NoFollow und Werbemakierung. Verlosung &#8211; Sehr beliebt sind nat&#252;rlich Gewinnspiele, die wir gerne in Kombination mit einem Sponsoring eingehen, hei&#223;t: Wir testen etwas und verlosen im Anschluss etwas davon an die Leser. Wie immer: NoFollow und Werbemakierung. Ich sage mal, wie es ist: Einen Blogeintrag zu verfassen ist Arbeit und nimmt Zeit in Anspruch. Arbeit wird regul&#228;r bezahlt, so dass nat&#252;rlich bei einer Kooperation eine Verg&#252;tung oder ein Sponsoring bedacht sein sollte. Im Schnitt sitzt man doch mehr als eine Stunde an so einem Artikel, macht Fotos, nimmt sich Zeit zum Testen und hat damit l&#228;nger als nur ein paar Minuten zu tun. Bei einer Kooperation bin ich, Sari, Euer Ansprechpartner. Wir gehen gemeinsam die Bedigungen und den Ablauf durch. Vor Ver&#246;ffentlichung schicke ich immer gerne den fertigen Artikel zur Voransicht zu, so dass wir gemeinsam &#196;nderungen vornehmen k&#246;nnen. Sobald der Artikel von beiden Seiten abgesegnet ist, einigen wir uns auf ein Ver&#246;ffentlichungs-Datum. Wir durften bereits mit tollen Firmen kooperieren! Wir freuen uns sehr, dass so schon wirklich tolle (und teilweise dauerhafte) Partnerschaften mit spannenden Firmen entstanden sind. Dazu z&#228;hlen unter anderem zum Beispiel:&nbsp;Carrera, Spin Master, Flik Flak, Carlsen, BRIO, Amigo Spiele, Stabilo, Wickey, KOSMOS, Tomy, Sylvanian Families, Goki, Frechverlag, DK, Beltz Verlag, Emil &amp; Gustav, Warner Brothers, Djuva, BIC,&nbsp;HUCH!&amp;friends, Clementoni,&nbsp;&nbsp;radbag, momox, alilo, Bens Beginners, Ravensburger, Mommy &amp; Baby, Fischer, Darda Bahn und Teppino. Sollten Euch meine Bedingungen zusagen, nehmt gerne Kontakt mit mir auf. Ich freue mich sehr &#252;ber Eure Vorschl&#228;ge und Ideen. &nbsp;<\/p>\n","protected":false},"author":1,"featured_media":54363,"parent":0,"menu_order":0,"comment_status":"closed","ping_status":"closed","template":"","meta":{"ngg_post_thumbnail":0,"footnotes":""},"class_list":["post-29098","page","type-page","status-publish","has-post-thumbnail","hentry"],"yoast_head":"<!-- This site is optimized with the Yoast SEO plugin v27.5 - https:\/\/yoast.com\/product\/yoast-seo-wordpress\/ -->\n<title>Kooperationen - Heldenhaushalt<\/title>\n<meta name=\"description\" content=\"In den Kooperationen, die ich eingehe, versuche ich alles an Wissen und Freude einzubringen und authentisch zu sein.\" \/>\n<meta name=\"robots\" content=\"index, follow, max-snippet:-1, max-image-preview:large, max-video-preview:-1\" \/>\n<link rel=\"canonical\" href=\"https:\/\/www.heldenhaushalt.de\/sari02\/index.php\/kooperationen\/\" \/>\n<meta property=\"og:locale\" content=\"de_DE\" \/>\n<meta property=\"og:type\" content=\"article\" \/>\n<meta property=\"og:title\" content=\"Kooperationen - Heldenhaushalt\" \/>\n<meta property=\"og:description\" content=\"In den Kooperationen, die ich eingehe, versuche ich alles an Wissen und Freude einzubringen und authentisch zu sein.\" \/>\n<meta property=\"og:url\" content=\"https:\/\/www.heldenhaushalt.de\/sari02\/index.php\/kooperationen\/\" \/>\n<meta property=\"og:site_name\" content=\"Heldenhaushalt\" \/>\n<meta property=\"article:modified_time\" content=\"2025-01-19T13:52:56+00:00\" \/>\n<meta property=\"og:image\" content=\"https:\/\/www.heldenhaushalt.de\/sari02\/wp-content\/uploads\/2022\/01\/22-02.jpg\" \/>\n\t<meta property=\"og:image:width\" content=\"1000\" \/>\n\t<meta property=\"og:image:height\" content=\"728\" \/>\n\t<meta property=\"og:image:type\" content=\"image\/jpeg\" \/>\n<meta name=\"twitter:card\" content=\"summary_large_image\" \/>\n<meta name=\"twitter:site\" content=\"@Heldenhaushalt\" \/>\n<meta name=\"twitter:label1\" content=\"Gesch\u00e4tzte Lesezeit\" \/>\n\t<meta name=\"twitter:data1\" content=\"5\u00a0Minuten\" \/>\n<script type=\"application\/ld+json\" class=\"yoast-schema-graph\">{\"@context\":\"https:\\\/\\\/schema.org\",\"@graph\":[{\"@type\":\"WebPage\",\"@id\":\"https:\\\/\\\/www.heldenhaushalt.de\\\/sari02\\\/index.php\\\/kooperationen\\\/\",\"url\":\"https:\\\/\\\/www.heldenhaushalt.de\\\/sari02\\\/index.php\\\/kooperationen\\\/\",\"name\":\"Kooperationen - Heldenhaushalt\",\"isPartOf\":{\"@id\":\"https:\\\/\\\/www.heldenhaushalt.de\\\/sari02\\\/#website\"},\"primaryImageOfPage\":{\"@id\":\"https:\\\/\\\/www.heldenhaushalt.de\\\/sari02\\\/index.php\\\/kooperationen\\\/#primaryimage\"},\"image\":{\"@id\":\"https:\\\/\\\/www.heldenhaushalt.de\\\/sari02\\\/index.php\\\/kooperationen\\\/#primaryimage\"},\"thumbnailUrl\":\"https:\\\/\\\/www.heldenhaushalt.de\\\/sari02\\\/wp-content\\\/uploads\\\/2022\\\/01\\\/22-02.jpg\",\"datePublished\":\"2016-05-10T08:03:40+00:00\",\"dateModified\":\"2025-01-19T13:52:56+00:00\",\"description\":\"In den Kooperationen, die ich eingehe, versuche ich alles an Wissen und Freude einzubringen und authentisch zu sein.\",\"breadcrumb\":{\"@id\":\"https:\\\/\\\/www.heldenhaushalt.de\\\/sari02\\\/index.php\\\/kooperationen\\\/#breadcrumb\"},\"inLanguage\":\"de\",\"potentialAction\":[{\"@type\":\"ReadAction\",\"target\":[\"https:\\\/\\\/www.heldenhaushalt.de\\\/sari02\\\/index.php\\\/kooperationen\\\/\"]}]},{\"@type\":\"ImageObject\",\"inLanguage\":\"de\",\"@id\":\"https:\\\/\\\/www.heldenhaushalt.de\\\/sari02\\\/index.php\\\/kooperationen\\\/#primaryimage\",\"url\":\"https:\\\/\\\/www.heldenhaushalt.de\\\/sari02\\\/wp-content\\\/uploads\\\/2022\\\/01\\\/22-02.jpg\",\"contentUrl\":\"https:\\\/\\\/www.heldenhaushalt.de\\\/sari02\\\/wp-content\\\/uploads\\\/2022\\\/01\\\/22-02.jpg\",\"width\":1000,\"height\":728,\"caption\":\"Motivation\"},{\"@type\":\"BreadcrumbList\",\"@id\":\"https:\\\/\\\/www.heldenhaushalt.de\\\/sari02\\\/index.php\\\/kooperationen\\\/#breadcrumb\",\"itemListElement\":[{\"@type\":\"ListItem\",\"position\":1,\"name\":\"Startseite\",\"item\":\"https:\\\/\\\/www.heldenhaushalt.de\\\/sari02\\\/\"},{\"@type\":\"ListItem\",\"position\":2,\"name\":\"Kooperationen\"}]},{\"@type\":\"WebSite\",\"@id\":\"https:\\\/\\\/www.heldenhaushalt.de\\\/sari02\\\/#website\",\"url\":\"https:\\\/\\\/www.heldenhaushalt.de\\\/sari02\\\/\",\"name\":\"Heldenhaushalt\",\"description\":\"Wer es ordentlich haben will, der muss vorher anrufen\",\"publisher\":{\"@id\":\"https:\\\/\\\/www.heldenhaushalt.de\\\/sari02\\\/#\\\/schema\\\/person\\\/a1cc69f42a01f412eb62c151353814f6\"},\"potentialAction\":[{\"@type\":\"SearchAction\",\"target\":{\"@type\":\"EntryPoint\",\"urlTemplate\":\"https:\\\/\\\/www.heldenhaushalt.de\\\/sari02\\\/?s={search_term_string}\"},\"query-input\":{\"@type\":\"PropertyValueSpecification\",\"valueRequired\":true,\"valueName\":\"search_term_string\"}}],\"inLanguage\":\"de\"},{\"@type\":[\"Person\",\"Organization\"],\"@id\":\"https:\\\/\\\/www.heldenhaushalt.de\\\/sari02\\\/#\\\/schema\\\/person\\\/a1cc69f42a01f412eb62c151353814f6\",\"name\":\"Sari\",\"image\":{\"@type\":\"ImageObject\",\"inLanguage\":\"de\",\"@id\":\"https:\\\/\\\/www.heldenhaushalt.de\\\/sari02\\\/wp-content\\\/uploads\\\/2019\\\/02\\\/sari-april2018.png\",\"url\":\"https:\\\/\\\/www.heldenhaushalt.de\\\/sari02\\\/wp-content\\\/uploads\\\/2019\\\/02\\\/sari-april2018.png\",\"contentUrl\":\"https:\\\/\\\/www.heldenhaushalt.de\\\/sari02\\\/wp-content\\\/uploads\\\/2019\\\/02\\\/sari-april2018.png\",\"width\":500,\"height\":500,\"caption\":\"Sari\"},\"logo\":{\"@id\":\"https:\\\/\\\/www.heldenhaushalt.de\\\/sari02\\\/wp-content\\\/uploads\\\/2019\\\/02\\\/sari-april2018.png\"},\"description\":\"Frau Mondgras \u2013 Das bin ich, Sari. Gerne auch als Sari Mondgras bekannt und im Internet zu finden. 2-Fach-Mutter, Heldenehefrau, Kreativling, Harmonies\u00fcchtig und st\u00e4ndig auf der Suche nach Gl\u00fcck. Ich komme aus Berlin, bin hier aufgewachsen und lebe hier seit ich denken kann.\",\"sameAs\":[\"https:\\\/\\\/www.instagram.com\\\/heldenhaushalt\\\/\"]}]}<\/script>\n<!-- \/ Yoast SEO plugin. -->","yoast_head_json":{"title":"Kooperationen - Heldenhaushalt","description":"In den Kooperationen, die ich eingehe, versuche ich alles an Wissen und Freude einzubringen und authentisch zu sein.","robots":{"index":"index","follow":"follow","max-snippet":"max-snippet:-1","max-image-preview":"max-image-preview:large","max-video-preview":"max-video-preview:-1"},"canonical":"https:\/\/www.heldenhaushalt.de\/sari02\/index.php\/kooperationen\/","og_locale":"de_DE","og_type":"article","og_title":"Kooperationen - Heldenhaushalt","og_description":"In den Kooperationen, die ich eingehe, versuche ich alles an Wissen und Freude einzubringen und authentisch zu sein.","og_url":"https:\/\/www.heldenhaushalt.de\/sari02\/index.php\/kooperationen\/","og_site_name":"Heldenhaushalt","article_modified_time":"2025-01-19T13:52:56+00:00","og_image":[{"width":1000,"height":728,"url":"https:\/\/www.heldenhaushalt.de\/sari02\/wp-content\/uploads\/2022\/01\/22-02.jpg","type":"image\/jpeg"}],"twitter_card":"summary_large_image","twitter_site":"@Heldenhaushalt","twitter_misc":{"Gesch\u00e4tzte Lesezeit":"5\u00a0Minuten"},"schema":{"@context":"https:\/\/schema.org","@graph":[{"@type":"WebPage","@id":"https:\/\/www.heldenhaushalt.de\/sari02\/index.php\/kooperationen\/","url":"https:\/\/www.heldenhaushalt.de\/sari02\/index.php\/kooperationen\/","name":"Kooperationen - Heldenhaushalt","isPartOf":{"@id":"https:\/\/www.heldenhaushalt.de\/sari02\/#website"},"primaryImageOfPage":{"@id":"https:\/\/www.heldenhaushalt.de\/sari02\/index.php\/kooperationen\/#primaryimage"},"image":{"@id":"https:\/\/www.heldenhaushalt.de\/sari02\/index.php\/kooperationen\/#primaryimage"},"thumbnailUrl":"https:\/\/www.heldenhaushalt.de\/sari02\/wp-content\/uploads\/2022\/01\/22-02.jpg","datePublished":"2016-05-10T08:03:40+00:00","dateModified":"2025-01-19T13:52:56+00:00","description":"In den Kooperationen, die ich eingehe, versuche ich alles an Wissen und Freude einzubringen und authentisch zu sein.","breadcrumb":{"@id":"https:\/\/www.heldenhaushalt.de\/sari02\/index.php\/kooperationen\/#breadcrumb"},"inLanguage":"de","potentialAction":[{"@type":"ReadAction","target":["https:\/\/www.heldenhaushalt.de\/sari02\/index.php\/kooperationen\/"]}]},{"@type":"ImageObject","inLanguage":"de","@id":"https:\/\/www.heldenhaushalt.de\/sari02\/index.php\/kooperationen\/#primaryimage","url":"https:\/\/www.heldenhaushalt.de\/sari02\/wp-content\/uploads\/2022\/01\/22-02.jpg","contentUrl":"https:\/\/www.heldenhaushalt.de\/sari02\/wp-content\/uploads\/2022\/01\/22-02.jpg","width":1000,"height":728,"caption":"Motivation"},{"@type":"BreadcrumbList","@id":"https:\/\/www.heldenhaushalt.de\/sari02\/index.php\/kooperationen\/#breadcrumb","itemListElement":[{"@type":"ListItem","position":1,"name":"Startseite","item":"https:\/\/www.heldenhaushalt.de\/sari02\/"},{"@type":"ListItem","position":2,"name":"Kooperationen"}]},{"@type":"WebSite","@id":"https:\/\/www.heldenhaushalt.de\/sari02\/#website","url":"https:\/\/www.heldenhaushalt.de\/sari02\/","name":"Heldenhaushalt","description":"Wer es ordentlich haben will, der muss vorher anrufen","publisher":{"@id":"https:\/\/www.heldenhaushalt.de\/sari02\/#\/schema\/person\/a1cc69f42a01f412eb62c151353814f6"},"potentialAction":[{"@type":"SearchAction","target":{"@type":"EntryPoint","urlTemplate":"https:\/\/www.heldenhaushalt.de\/sari02\/?s={search_term_string}"},"query-input":{"@type":"PropertyValueSpecification","valueRequired":true,"valueName":"search_term_string"}}],"inLanguage":"de"},{"@type":["Person","Organization"],"@id":"https:\/\/www.heldenhaushalt.de\/sari02\/#\/schema\/person\/a1cc69f42a01f412eb62c151353814f6","name":"Sari","image":{"@type":"ImageObject","inLanguage":"de","@id":"https:\/\/www.heldenhaushalt.de\/sari02\/wp-content\/uploads\/2019\/02\/sari-april2018.png","url":"https:\/\/www.heldenhaushalt.de\/sari02\/wp-content\/uploads\/2019\/02\/sari-april2018.png","contentUrl":"https:\/\/www.heldenhaushalt.de\/sari02\/wp-content\/uploads\/2019\/02\/sari-april2018.png","width":500,"height":500,"caption":"Sari"},"logo":{"@id":"https:\/\/www.heldenhaushalt.de\/sari02\/wp-content\/uploads\/2019\/02\/sari-april2018.png"},"description":"Frau Mondgras \u2013 Das bin ich, Sari. Gerne auch als Sari Mondgras bekannt und im Internet zu finden. 2-Fach-Mutter, Heldenehefrau, Kreativling, Harmonies\u00fcchtig und st\u00e4ndig auf der Suche nach Gl\u00fcck. Ich komme aus Berlin, bin hier aufgewachsen und lebe hier seit ich denken kann.","sameAs":["https:\/\/www.instagram.com\/heldenhaushalt\/"]}]}},"_links":{"self":[{"href":"https:\/\/www.heldenhaushalt.de\/sari02\/index.php\/wp-json\/wp\/v2\/pages\/29098","targetHints":{"allow":["GET"]}}],"collection":[{"href":"https:\/\/www.heldenhaushalt.de\/sari02\/index.php\/wp-json\/wp\/v2\/pages"}],"about":[{"href":"https:\/\/www.heldenhaushalt.de\/sari02\/index.php\/wp-json\/wp\/v2\/types\/page"}],"author":[{"embeddable":true,"href":"https:\/\/www.heldenhaushalt.de\/sari02\/index.php\/wp-json\/wp\/v2\/users\/1"}],"replies":[{"embeddable":true,"href":"https:\/\/www.heldenhaushalt.de\/sari02\/index.php\/wp-json\/wp\/v2\/comments?post=29098"}],"version-history":[{"count":64,"href":"https:\/\/www.heldenhaushalt.de\/sari02\/index.php\/wp-json\/wp\/v2\/pages\/29098\/revisions"}],"predecessor-version":[{"id":63176,"href":"https:\/\/www.heldenhaushalt.de\/sari02\/index.php\/wp-json\/wp\/v2\/pages\/29098\/revisions\/63176"}],"wp:featuredmedia":[{"embeddable":true,"href":"https:\/\/www.heldenhaushalt.de\/sari02\/index.php\/wp-json\/wp\/v2\/media\/54363"}],"wp:attachment":[{"href":"https:\/\/www.heldenhaushalt.de\/sari02\/index.php\/wp-json\/wp\/v2\/media?parent=29098"}],"curies":[{"name":"wp","href":"https:\/\/api.w.org\/{rel}","templated":true}]}}