{"id":35,"date":"2007-04-15T16:48:00","date_gmt":"2007-04-15T14:48:00","guid":{"rendered":"http:\/\/www.mondgras.de\/sari02\/?page_id=35"},"modified":"2013-07-11T09:52:35","modified_gmt":"2013-07-11T07:52:35","slug":"geschichten-und-mehr","status":"publish","type":"page","link":"https:\/\/www.heldenhaushalt.de\/sari02\/index.php\/geschichten-und-mehr\/","title":{"rendered":"WORTGEWAND \/\/ Die Geschichten&#8230;"},"content":{"rendered":"<p><img decoding=\"async\" alt=\"lesen\" src=\"http:\/\/www.heldenhaushalt.de\/sari02\/wp-content\/uploads\/2007\/04\/texte.jpg\" \/><\/p>\n<p><em>Es ist so eine Art Obsession, glaube ich. Das Schreiben fasziniert mich so sehr, da&#223;, wenn es mir verboten w&#252;rde, ich langsam daran sterben w&#252;rde. <\/em><br \/>\n<span><strong>Johannes Mario Simmel<\/strong><\/span><\/p>\n<p><strong>Geschichten<\/strong><\/p>\n<blockquote>\n<ul>\n<li><a href=\"http:\/\/www.heldenhaushalt.de\/sari02\/?page_id=904\">Ein Weihnachtsm&#228;rchen<\/a> (Dezember 2007)<\/li>\n<li><a href=\"http:\/\/www.heldenhaushalt.de\/sari02\/?page_id=42\">Mutters Stolz<\/a> (11.03.2007)<\/li>\n<li><a href=\"http:\/\/www.heldenhaushalt.de\/sari02\/?page_id=41\">Nach der Arbeit<\/a> (19.09.2005)<\/li>\n<li><a href=\"http:\/\/www.heldenhaushalt.de\/sari02\/?page_id=40\">Die Blume<\/a> (23.08.2005)<\/li>\n<li><a href=\"http:\/\/www.heldenhaushalt.de\/sari02\/?page_id=39\">Thaleia <\/a>(31.03.-01.04.2004)<\/li>\n<li><a href=\"http:\/\/www.heldenhaushalt.de\/sari02\/?page_id=38\">Und die Katzen<\/a> (13.07.2003)<\/li>\n<li><a href=\"http:\/\/www.heldenhaushalt.de\/sari02\/?page_id=37\">Mondsichel<\/a> (Herbst 2003)<\/li>\n<li><a href=\"http:\/\/www.heldenhaushalt.de\/sari02\/?page_id=36\">Ein Brief <\/a>(Dezember 2003)<\/li>\n<\/ul>\n<\/blockquote>\n<p><a href=\"http:\/\/www.heldenhaushalt.de\/sari02\/?page_id=398\"><strong>zur&#252;ck ins Portfolio<\/strong><\/a><\/p>\n","protected":false},"excerpt":{"rendered":"<p>Es ist so eine Art Obsession, glaube ich. Das Schreiben fasziniert mich so sehr, da&#223;, wenn es mir verboten w&#252;rde, ich langsam daran sterben w&#252;rde. Johannes Mario Simmel Geschichten Ein Weihnachtsm&#228;rchen (Dezember 2007) Mutters Stolz (11.03.2007) Nach der Arbeit (19.09.2005) Die Blume (23.08.2005) Thaleia (31.03.-01.04.2004) Und die Katzen (13.07.2003) Mondsichel (Herbst 2003) Ein Brief (Dezember 2003) zur&#252;ck ins Portfolio<\/p>\n","protected":false},"author":1,"featured_media":0,"parent":0,"menu_order":0,"comment_status":"closed","ping_status":"closed","template":"","meta":{"ngg_post_thumbnail":0,"footnotes":""},"class_list":["post-35","page","type-page","status-publish","hentry"],"yoast_head":"<!-- This site is optimized with the Yoast SEO plugin v27.5 - https:\/\/yoast.com\/product\/yoast-seo-wordpress\/ -->\n<title>WORTGEWAND \/\/ Die Geschichten... - Heldenhaushalt<\/title>\n<meta name=\"description\" content=\"Auch Helden erleben den t\u00e4glichen Wahnsinn, den ein Alltag mit sich bringt und Frau Mondgras sitzt mittendrin. Berlinerin, Mutter, Ehefrau, Kreativling und auf der st\u00e4ndigen Suche nach Gl\u00fcck... Hier wird gen\u00e4ht, gebacken, gebastelt und auch mal \u00fcber den Alltag gemault.\" \/>\n<meta name=\"robots\" content=\"index, follow, max-snippet:-1, max-image-preview:large, max-video-preview:-1\" \/>\n<link rel=\"canonical\" href=\"https:\/\/www.heldenhaushalt.de\/sari02\/index.php\/geschichten-und-mehr\/\" \/>\n<meta property=\"og:locale\" content=\"de_DE\" \/>\n<meta property=\"og:type\" content=\"article\" \/>\n<meta property=\"og:title\" content=\"WORTGEWAND \/\/ Die Geschichten... - Heldenhaushalt\" \/>\n<meta property=\"og:description\" content=\"Auch Helden erleben den t\u00e4glichen Wahnsinn, den ein Alltag mit sich bringt und Frau Mondgras sitzt mittendrin. Berlinerin, Mutter, Ehefrau, Kreativling und auf der st\u00e4ndigen Suche nach Gl\u00fcck... Hier wird gen\u00e4ht, gebacken, gebastelt und auch mal \u00fcber den Alltag gemault.\" \/>\n<meta property=\"og:url\" content=\"https:\/\/www.heldenhaushalt.de\/sari02\/index.php\/geschichten-und-mehr\/\" \/>\n<meta property=\"og:site_name\" content=\"Heldenhaushalt\" \/>\n<meta property=\"article:modified_time\" content=\"2013-07-11T07:52:35+00:00\" \/>\n<meta property=\"og:image\" content=\"http:\/\/www.heldenhaushalt.de\/sari02\/wp-content\/uploads\/2007\/04\/texte.jpg\" \/>\n<meta name=\"twitter:card\" content=\"summary_large_image\" \/>\n<meta name=\"twitter:site\" content=\"@Heldenhaushalt\" \/>\n<script type=\"application\/ld+json\" class=\"yoast-schema-graph\">{\"@context\":\"https:\\\/\\\/schema.org\",\"@graph\":[{\"@type\":\"WebPage\",\"@id\":\"https:\\\/\\\/www.heldenhaushalt.de\\\/sari02\\\/index.php\\\/geschichten-und-mehr\\\/\",\"url\":\"https:\\\/\\\/www.heldenhaushalt.de\\\/sari02\\\/index.php\\\/geschichten-und-mehr\\\/\",\"name\":\"WORTGEWAND \\\/\\\/ Die Geschichten... - Heldenhaushalt\",\"isPartOf\":{\"@id\":\"https:\\\/\\\/www.heldenhaushalt.de\\\/sari02\\\/#website\"},\"primaryImageOfPage\":{\"@id\":\"https:\\\/\\\/www.heldenhaushalt.de\\\/sari02\\\/index.php\\\/geschichten-und-mehr\\\/#primaryimage\"},\"image\":{\"@id\":\"https:\\\/\\\/www.heldenhaushalt.de\\\/sari02\\\/index.php\\\/geschichten-und-mehr\\\/#primaryimage\"},\"thumbnailUrl\":\"http:\\\/\\\/www.heldenhaushalt.de\\\/sari02\\\/wp-content\\\/uploads\\\/2007\\\/04\\\/texte.jpg\",\"datePublished\":\"2007-04-15T14:48:00+00:00\",\"dateModified\":\"2013-07-11T07:52:35+00:00\",\"description\":\"Auch Helden erleben den t\u00e4glichen Wahnsinn, den ein Alltag mit sich bringt und Frau Mondgras sitzt mittendrin. Berlinerin, Mutter, Ehefrau, Kreativling und auf der st\u00e4ndigen Suche nach Gl\u00fcck... Hier wird gen\u00e4ht, gebacken, gebastelt und auch mal \u00fcber den Alltag gemault.\",\"breadcrumb\":{\"@id\":\"https:\\\/\\\/www.heldenhaushalt.de\\\/sari02\\\/index.php\\\/geschichten-und-mehr\\\/#breadcrumb\"},\"inLanguage\":\"de\",\"potentialAction\":[{\"@type\":\"ReadAction\",\"target\":[\"https:\\\/\\\/www.heldenhaushalt.de\\\/sari02\\\/index.php\\\/geschichten-und-mehr\\\/\"]}]},{\"@type\":\"ImageObject\",\"inLanguage\":\"de\",\"@id\":\"https:\\\/\\\/www.heldenhaushalt.de\\\/sari02\\\/index.php\\\/geschichten-und-mehr\\\/#primaryimage\",\"url\":\"http:\\\/\\\/www.heldenhaushalt.de\\\/sari02\\\/wp-content\\\/uploads\\\/2007\\\/04\\\/texte.jpg\",\"contentUrl\":\"http:\\\/\\\/www.heldenhaushalt.de\\\/sari02\\\/wp-content\\\/uploads\\\/2007\\\/04\\\/texte.jpg\"},{\"@type\":\"BreadcrumbList\",\"@id\":\"https:\\\/\\\/www.heldenhaushalt.de\\\/sari02\\\/index.php\\\/geschichten-und-mehr\\\/#breadcrumb\",\"itemListElement\":[{\"@type\":\"ListItem\",\"position\":1,\"name\":\"Startseite\",\"item\":\"https:\\\/\\\/www.heldenhaushalt.de\\\/sari02\\\/\"},{\"@type\":\"ListItem\",\"position\":2,\"name\":\"WORTGEWAND \\\/\\\/ Die Geschichten&#8230;\"}]},{\"@type\":\"WebSite\",\"@id\":\"https:\\\/\\\/www.heldenhaushalt.de\\\/sari02\\\/#website\",\"url\":\"https:\\\/\\\/www.heldenhaushalt.de\\\/sari02\\\/\",\"name\":\"Heldenhaushalt\",\"description\":\"Wer es ordentlich haben will, der muss vorher anrufen\",\"publisher\":{\"@id\":\"https:\\\/\\\/www.heldenhaushalt.de\\\/sari02\\\/#\\\/schema\\\/person\\\/a1cc69f42a01f412eb62c151353814f6\"},\"potentialAction\":[{\"@type\":\"SearchAction\",\"target\":{\"@type\":\"EntryPoint\",\"urlTemplate\":\"https:\\\/\\\/www.heldenhaushalt.de\\\/sari02\\\/?s={search_term_string}\"},\"query-input\":{\"@type\":\"PropertyValueSpecification\",\"valueRequired\":true,\"valueName\":\"search_term_string\"}}],\"inLanguage\":\"de\"},{\"@type\":[\"Person\",\"Organization\"],\"@id\":\"https:\\\/\\\/www.heldenhaushalt.de\\\/sari02\\\/#\\\/schema\\\/person\\\/a1cc69f42a01f412eb62c151353814f6\",\"name\":\"Sari\",\"image\":{\"@type\":\"ImageObject\",\"inLanguage\":\"de\",\"@id\":\"https:\\\/\\\/www.heldenhaushalt.de\\\/sari02\\\/wp-content\\\/uploads\\\/2019\\\/02\\\/sari-april2018.png\",\"url\":\"https:\\\/\\\/www.heldenhaushalt.de\\\/sari02\\\/wp-content\\\/uploads\\\/2019\\\/02\\\/sari-april2018.png\",\"contentUrl\":\"https:\\\/\\\/www.heldenhaushalt.de\\\/sari02\\\/wp-content\\\/uploads\\\/2019\\\/02\\\/sari-april2018.png\",\"width\":500,\"height\":500,\"caption\":\"Sari\"},\"logo\":{\"@id\":\"https:\\\/\\\/www.heldenhaushalt.de\\\/sari02\\\/wp-content\\\/uploads\\\/2019\\\/02\\\/sari-april2018.png\"},\"description\":\"Frau Mondgras \u2013 Das bin ich, Sari. Gerne auch als Sari Mondgras bekannt und im Internet zu finden. 2-Fach-Mutter, Heldenehefrau, Kreativling, Harmonies\u00fcchtig und st\u00e4ndig auf der Suche nach Gl\u00fcck. Ich komme aus Berlin, bin hier aufgewachsen und lebe hier seit ich denken kann.\",\"sameAs\":[\"https:\\\/\\\/www.instagram.com\\\/heldenhaushalt\\\/\"]}]}<\/script>\n<!-- \/ Yoast SEO plugin. -->","yoast_head_json":{"title":"WORTGEWAND \/\/ Die Geschichten... - Heldenhaushalt","description":"Auch Helden erleben den t\u00e4glichen Wahnsinn, den ein Alltag mit sich bringt und Frau Mondgras sitzt mittendrin. Berlinerin, Mutter, Ehefrau, Kreativling und auf der st\u00e4ndigen Suche nach Gl\u00fcck... Hier wird gen\u00e4ht, gebacken, gebastelt und auch mal \u00fcber den Alltag gemault.","robots":{"index":"index","follow":"follow","max-snippet":"max-snippet:-1","max-image-preview":"max-image-preview:large","max-video-preview":"max-video-preview:-1"},"canonical":"https:\/\/www.heldenhaushalt.de\/sari02\/index.php\/geschichten-und-mehr\/","og_locale":"de_DE","og_type":"article","og_title":"WORTGEWAND \/\/ Die Geschichten... - Heldenhaushalt","og_description":"Auch Helden erleben den t\u00e4glichen Wahnsinn, den ein Alltag mit sich bringt und Frau Mondgras sitzt mittendrin. Berlinerin, Mutter, Ehefrau, Kreativling und auf der st\u00e4ndigen Suche nach Gl\u00fcck... Hier wird gen\u00e4ht, gebacken, gebastelt und auch mal \u00fcber den Alltag gemault.","og_url":"https:\/\/www.heldenhaushalt.de\/sari02\/index.php\/geschichten-und-mehr\/","og_site_name":"Heldenhaushalt","article_modified_time":"2013-07-11T07:52:35+00:00","og_image":[{"url":"http:\/\/www.heldenhaushalt.de\/sari02\/wp-content\/uploads\/2007\/04\/texte.jpg","type":"","width":"","height":""}],"twitter_card":"summary_large_image","twitter_site":"@Heldenhaushalt","schema":{"@context":"https:\/\/schema.org","@graph":[{"@type":"WebPage","@id":"https:\/\/www.heldenhaushalt.de\/sari02\/index.php\/geschichten-und-mehr\/","url":"https:\/\/www.heldenhaushalt.de\/sari02\/index.php\/geschichten-und-mehr\/","name":"WORTGEWAND \/\/ Die Geschichten... - Heldenhaushalt","isPartOf":{"@id":"https:\/\/www.heldenhaushalt.de\/sari02\/#website"},"primaryImageOfPage":{"@id":"https:\/\/www.heldenhaushalt.de\/sari02\/index.php\/geschichten-und-mehr\/#primaryimage"},"image":{"@id":"https:\/\/www.heldenhaushalt.de\/sari02\/index.php\/geschichten-und-mehr\/#primaryimage"},"thumbnailUrl":"http:\/\/www.heldenhaushalt.de\/sari02\/wp-content\/uploads\/2007\/04\/texte.jpg","datePublished":"2007-04-15T14:48:00+00:00","dateModified":"2013-07-11T07:52:35+00:00","description":"Auch Helden erleben den t\u00e4glichen Wahnsinn, den ein Alltag mit sich bringt und Frau Mondgras sitzt mittendrin. Berlinerin, Mutter, Ehefrau, Kreativling und auf der st\u00e4ndigen Suche nach Gl\u00fcck... Hier wird gen\u00e4ht, gebacken, gebastelt und auch mal \u00fcber den Alltag gemault.","breadcrumb":{"@id":"https:\/\/www.heldenhaushalt.de\/sari02\/index.php\/geschichten-und-mehr\/#breadcrumb"},"inLanguage":"de","potentialAction":[{"@type":"ReadAction","target":["https:\/\/www.heldenhaushalt.de\/sari02\/index.php\/geschichten-und-mehr\/"]}]},{"@type":"ImageObject","inLanguage":"de","@id":"https:\/\/www.heldenhaushalt.de\/sari02\/index.php\/geschichten-und-mehr\/#primaryimage","url":"http:\/\/www.heldenhaushalt.de\/sari02\/wp-content\/uploads\/2007\/04\/texte.jpg","contentUrl":"http:\/\/www.heldenhaushalt.de\/sari02\/wp-content\/uploads\/2007\/04\/texte.jpg"},{"@type":"BreadcrumbList","@id":"https:\/\/www.heldenhaushalt.de\/sari02\/index.php\/geschichten-und-mehr\/#breadcrumb","itemListElement":[{"@type":"ListItem","position":1,"name":"Startseite","item":"https:\/\/www.heldenhaushalt.de\/sari02\/"},{"@type":"ListItem","position":2,"name":"WORTGEWAND \/\/ Die Geschichten&#8230;"}]},{"@type":"WebSite","@id":"https:\/\/www.heldenhaushalt.de\/sari02\/#website","url":"https:\/\/www.heldenhaushalt.de\/sari02\/","name":"Heldenhaushalt","description":"Wer es ordentlich haben will, der muss vorher anrufen","publisher":{"@id":"https:\/\/www.heldenhaushalt.de\/sari02\/#\/schema\/person\/a1cc69f42a01f412eb62c151353814f6"},"potentialAction":[{"@type":"SearchAction","target":{"@type":"EntryPoint","urlTemplate":"https:\/\/www.heldenhaushalt.de\/sari02\/?s={search_term_string}"},"query-input":{"@type":"PropertyValueSpecification","valueRequired":true,"valueName":"search_term_string"}}],"inLanguage":"de"},{"@type":["Person","Organization"],"@id":"https:\/\/www.heldenhaushalt.de\/sari02\/#\/schema\/person\/a1cc69f42a01f412eb62c151353814f6","name":"Sari","image":{"@type":"ImageObject","inLanguage":"de","@id":"https:\/\/www.heldenhaushalt.de\/sari02\/wp-content\/uploads\/2019\/02\/sari-april2018.png","url":"https:\/\/www.heldenhaushalt.de\/sari02\/wp-content\/uploads\/2019\/02\/sari-april2018.png","contentUrl":"https:\/\/www.heldenhaushalt.de\/sari02\/wp-content\/uploads\/2019\/02\/sari-april2018.png","width":500,"height":500,"caption":"Sari"},"logo":{"@id":"https:\/\/www.heldenhaushalt.de\/sari02\/wp-content\/uploads\/2019\/02\/sari-april2018.png"},"description":"Frau Mondgras \u2013 Das bin ich, Sari. Gerne auch als Sari Mondgras bekannt und im Internet zu finden. 2-Fach-Mutter, Heldenehefrau, Kreativling, Harmonies\u00fcchtig und st\u00e4ndig auf der Suche nach Gl\u00fcck. Ich komme aus Berlin, bin hier aufgewachsen und lebe hier seit ich denken kann.","sameAs":["https:\/\/www.instagram.com\/heldenhaushalt\/"]}]}},"_links":{"self":[{"href":"https:\/\/www.heldenhaushalt.de\/sari02\/index.php\/wp-json\/wp\/v2\/pages\/35","targetHints":{"allow":["GET"]}}],"collection":[{"href":"https:\/\/www.heldenhaushalt.de\/sari02\/index.php\/wp-json\/wp\/v2\/pages"}],"about":[{"href":"https:\/\/www.heldenhaushalt.de\/sari02\/index.php\/wp-json\/wp\/v2\/types\/page"}],"author":[{"embeddable":true,"href":"https:\/\/www.heldenhaushalt.de\/sari02\/index.php\/wp-json\/wp\/v2\/users\/1"}],"replies":[{"embeddable":true,"href":"https:\/\/www.heldenhaushalt.de\/sari02\/index.php\/wp-json\/wp\/v2\/comments?post=35"}],"version-history":[{"count":3,"href":"https:\/\/www.heldenhaushalt.de\/sari02\/index.php\/wp-json\/wp\/v2\/pages\/35\/revisions"}],"predecessor-version":[{"id":19818,"href":"https:\/\/www.heldenhaushalt.de\/sari02\/index.php\/wp-json\/wp\/v2\/pages\/35\/revisions\/19818"}],"wp:attachment":[{"href":"https:\/\/www.heldenhaushalt.de\/sari02\/index.php\/wp-json\/wp\/v2\/media?parent=35"}],"curies":[{"name":"wp","href":"https:\/\/api.w.org\/{rel}","templated":true}]}}