{"id":36,"date":"2007-04-15T16:26:20","date_gmt":"2007-04-15T14:26:20","guid":{"rendered":"http:\/\/www.mondgras.de\/sari02\/?page_id=36"},"modified":"2007-05-10T20:23:30","modified_gmt":"2007-05-10T18:23:30","slug":"ein-brief","status":"publish","type":"page","link":"https:\/\/www.heldenhaushalt.de\/sari02\/index.php\/geschichten-und-mehr\/ein-brief\/","title":{"rendered":"Ein Brief"},"content":{"rendered":"[<strong>ANM.:<\/strong><em>Im Kunstunterricht haben wir selbst Marionetten hergestellt. Die Klausur dazu sah so aus, dass wir uns eine Lebensgeschichte zu der Marionette ausdenken sollten. Wir bekamen dann ein paar S&#228;tze vorgegeben, die wir in den Text einbauen mussten und mussten das ganze in Form eines Briefes an eine Fremde Person schreiben. Zudem bekam jeder zwei &#220;berraschungsw&#246;rter, die er irgendwie in den Text einbauen musste. Meine waren: Plattenspielernadel, Mount Everest<\/em>]\n<p>Liebste Freundin,<br \/>\nAuch wenn Du mich nicht kennst, so habe ich doch das Bed&#252;rfnis mich Dir mitzuteilen. Ich hege die Hoffnung, dass meine Lebensgeschichte Dir eine kleine Hilfe auf Deinem weiteren Wege sein wird.<br \/>\nSelbst, wenn wir uns unbekannt sind, so m&#246;chte ich doch hoffen, dass sie Dich interessiert.<\/p>\n<p>Ich sitze hier gerade an einem wahrlich wundersch&#246;nen Ort, an dem ich von strahlendem Licht, W&#228;rme und positive Gef&#252;hlen umgeben bin. Um mich herum erstrahlt das Gl&#252;ck, doch ein bisschen Trauer hat auch hierher seinen Weg gefunden.<br \/>\nEin leichter, aber zarter Windhauch spielt mit meinen langen, schwarzen Locken, die ich gerne in einem Zopf trage, da sie mich oft an der Nase kitzeln m&#246;chten.<br \/>\nMeiner Vorliebe f&#252;r Verspieltes ist es zu verdanken, dass sie von einem Haarreifen mit Fransen geschm&#252;ckt sind. Obwohl es hier nicht kalt ist, trage ich einen schwarzen Seidenschal, den ich einmal mit zwei alten h&#246;lzernen Kn&#246;pfen verziert habe. Ich kann nichts daf&#252;r, ich bin mit ihm gegangen und nun wird er mich wohl auf Ewig begleiten.<br \/>\nDer kleine Wind hier zerrt an meinen Kleidern, die locker in meinen Lieblingsfarben fallen.<br \/>\nWie oft wurde mir gesagt, ich solle ein Kleid anprobieren, doch ich bevorzugte schon immer eine leichte Hose und ein gem&#252;tliches Oberteil.<\/p>\n<p>Wenn ich mir so &#252;berlege, wie ich vor einem Jahr noch durch Berlin lief und glaubte ein gl&#252;ckliches Leben zu f&#252;hren, so kann ich jetzt nur noch dar&#252;ber lachen.<br \/>\nIch lebte in einer alten Lagerhalle, die ich zu einem Atelier umfunktioniert hatte. Es war vielleicht nicht das Beste, doch die Miete war erschwinglich und es erf&#252;llte seinen Zweck. Es war ausreichend Platz zum Wohnen und Arbeiten zugleich. Mein Bruder hatte mir sogar eine kleine K&#252;chenecke und ein Bad eingebaut.<br \/>\nIch verdiente nicht viel Geld mit meiner Kunst, doch das, was ich an kleine Bars oder Caf?s verkaufte, reichte f&#252;r meine Bed&#252;rfnisse aus.<br \/>\nIch rechnete jedoch nicht damit, dass meine Arbeit eines Tages in gerade so einer Bar entdeckt werden w&#252;rde.<br \/>\nDoch das Sch&#246;nste f&#252;r mich war meine Liebe zu ihm, dem Mann, der mein Leben erst lebenswert machte. Er gab mir immer das Gef&#252;hl etwas Besonderes zu sein. Er unterst&#252;tzte und motivierte mich bei all meinem Tun. Wir teilten alles, unser Geld, unsere Gedanken und unsere Liebe.<br \/>\nDoch ich war dumm gewesen. Es war naiv von mir zu denken, dass sich niemals etwas &#228;ndern w&#252;rde. Hat Dich das Schicksal schon einmal entt&#228;uscht, liebste Freundin?<br \/>\nUnsere Liebe war so stark. Neben ihm h&#228;tte ich sogar den Mount Everest auf St&#246;ckelschuhen besteigen k&#246;nnen.<br \/>\nEs war an einem sonnigen Tag, als er sich auf den Weg machte, um f&#252;r seinen alten Plattenspieler eine neue Nadel zu kaufen, als er pl&#246;tzlich von zwei gottlosen M&#228;nnern in eine Gasse gezerrt, &#252;berfallen und get&#246;tet wurde.<br \/>\nMein ganzes Leben brach zusammen. Es verlor vollkommen seinen Sinn f&#252;r mich. Ich st&#252;rzte mich in meine Arbeit und sperrte mich in meinem Atelier ein. Meine Freunde machten sich ernsthafte Sorgen um mich, doch ich lie&#223; sie nicht zu mir durchdringen.<br \/>\nMonatelang arbeitete ich an einem gro&#223;en Gem&#228;lde in das ich all meine Gef&#252;hle legte.<br \/>\nAm Ende kam ein Bild heraus, von dem ich selbst wohl am meisten &#252;berrascht war. So etwas hatte ich noch nie in meinem Leben erreicht und es w&#252;rde wohl auch nie wieder so etwas in meinem Leben geben. Ich brachte es zu einem Kunstkritiker und wurde erneut &#252;berrascht, es gefiel ihm. Er wollte eine gro&#223;e Ausstellung mit meinen Bildern machen, doch wieder mischte sich das Schicksal ein.<br \/>\nLiebste Freundin, kennst Du dieses Gef&#252;hl, dass Du dem Verlauf Deines Lebens hilflos gegen&#252;ber stehst.<br \/>\nMeine Bilder wurden gezeigt, sie waren erfolgreich, meine Ausstellungen waren immer ausverkauft. Ich w&#228;re bestimmt ein sehr geachteter Mensch geworden&#8230;<\/p>\n<p>Ich werde mich wohl nie an dieses Gef&#252;hl gew&#246;hnen alles von hier oben zu betrachten. Es ist eine v&#246;llig neue Sicht des Lebens und ich bin gl&#252;cklich dabei. Ich habe die Liebe in mir wiedergefunden, jedoch auf einer v&#246;llig neuen Ebene.<br \/>\nIch muss Dir etwas erkl&#228;ren, liebste Freundin.<br \/>\nAn dem Tag, an dem ich den Kunstkritiker besucht hatte, ging ich verwirrt nach Hause. Ich war eine Sekunde unaufmerksam und sah das herannahende Auto nicht.<br \/>\nMit 22 Jahren zu sterben w&#252;rden viele Menschen als zu fr&#252;h bezeichnen, doch ich bin zufrieden damit.<br \/>\nAllen Menschen, die einmal mein Leben bildeten, bin ich nun f&#252;r immer nah.<\/p>\n<p>Diese himmlische Botschaft schenke ich Dir, liebste Freundin, zu Trost und Zuversicht.<\/p>\n<p>Marie<br \/>\n<em><br \/>\n?Sarah Jakobeit 2003<\/em><\/p>\n<p><a href=\"http:\/\/www.heldenhaushalt.de\/sari02\/?page_id=35\">zur&#252;ck zu<strong> Wortgewand<\/strong><\/a><\/p>\n","protected":false},"excerpt":{"rendered":"<p>[ANM.:Im Kunstunterricht haben wir selbst Marionetten hergestellt. Die Klausur dazu sah so aus, dass wir uns eine Lebensgeschichte zu der Marionette ausdenken sollten. Wir bekamen dann ein paar S&#228;tze vorgegeben, die wir in den Text einbauen mussten und mussten das ganze in Form eines Briefes an eine Fremde Person schreiben. Zudem bekam jeder zwei &#220;berraschungsw&#246;rter, die er irgendwie in den Text einbauen musste. Meine waren: Plattenspielernadel, Mount Everest] Liebste Freundin, Auch wenn Du mich nicht kennst, so habe ich doch das Bed&#252;rfnis mich Dir mitzuteilen. Ich hege die Hoffnung, dass meine Lebensgeschichte Dir eine kleine Hilfe auf Deinem weiteren Wege sein wird. Selbst, wenn wir uns unbekannt sind, so m&#246;chte ich doch hoffen, dass sie Dich interessiert. Ich sitze hier gerade an einem wahrlich wundersch&#246;nen Ort, an dem ich von strahlendem Licht, W&#228;rme und positive Gef&#252;hlen umgeben bin. Um mich herum erstrahlt das Gl&#252;ck, doch ein bisschen Trauer hat auch hierher seinen Weg gefunden. Ein leichter, aber zarter Windhauch spielt mit meinen langen, schwarzen Locken, die ich gerne in einem Zopf trage, da sie mich oft an der Nase kitzeln m&#246;chten. Meiner Vorliebe f&#252;r Verspieltes ist es zu verdanken, dass sie von einem Haarreifen mit Fransen geschm&#252;ckt sind. Obwohl es hier nicht kalt ist, trage ich einen schwarzen Seidenschal, den ich einmal mit zwei alten h&#246;lzernen Kn&#246;pfen verziert habe. Ich kann nichts daf&#252;r, ich bin mit ihm gegangen und nun wird er mich wohl auf Ewig begleiten. Der kleine Wind hier zerrt an meinen Kleidern, die locker in meinen Lieblingsfarben fallen. Wie oft wurde mir gesagt, ich solle ein Kleid anprobieren, doch ich bevorzugte schon immer eine leichte Hose und ein gem&#252;tliches Oberteil. Wenn ich mir so &#252;berlege, wie ich vor einem Jahr noch durch Berlin lief und glaubte ein gl&#252;ckliches Leben zu f&#252;hren, so kann ich jetzt nur noch dar&#252;ber lachen. Ich lebte in einer alten Lagerhalle, die ich zu einem Atelier umfunktioniert hatte. Es war vielleicht nicht das Beste, doch die Miete war erschwinglich und es erf&#252;llte seinen Zweck. Es war ausreichend Platz zum Wohnen und Arbeiten zugleich. Mein Bruder hatte mir sogar eine kleine K&#252;chenecke und ein Bad eingebaut. Ich verdiente nicht viel Geld mit meiner Kunst, doch das, was ich an kleine Bars oder Caf?s verkaufte, reichte f&#252;r meine Bed&#252;rfnisse aus. Ich rechnete jedoch nicht damit, dass meine Arbeit eines Tages in gerade so einer Bar entdeckt werden w&#252;rde. Doch das Sch&#246;nste f&#252;r mich war meine Liebe zu ihm, dem Mann, der mein Leben erst lebenswert machte. Er gab mir immer das Gef&#252;hl etwas Besonderes zu sein. Er unterst&#252;tzte und motivierte mich bei all meinem Tun. Wir teilten alles, unser Geld, unsere Gedanken und unsere Liebe. Doch ich war dumm gewesen. Es war naiv von mir zu denken, dass sich niemals etwas &#228;ndern w&#252;rde. Hat Dich das Schicksal schon einmal entt&#228;uscht, liebste Freundin? Unsere Liebe war so stark. Neben ihm h&#228;tte ich sogar den Mount Everest auf St&#246;ckelschuhen besteigen k&#246;nnen. Es war an einem sonnigen Tag, als er sich auf den Weg machte, um f&#252;r seinen alten Plattenspieler eine neue Nadel zu kaufen, als er pl&#246;tzlich von zwei gottlosen M&#228;nnern in eine Gasse gezerrt, &#252;berfallen und get&#246;tet wurde. Mein ganzes Leben brach zusammen. Es verlor vollkommen seinen Sinn f&#252;r mich. Ich st&#252;rzte mich in meine Arbeit und sperrte mich in meinem Atelier ein. Meine Freunde machten sich ernsthafte Sorgen um mich, doch ich lie&#223; sie nicht zu mir durchdringen. Monatelang arbeitete ich an einem gro&#223;en Gem&#228;lde in das ich all meine Gef&#252;hle legte. Am Ende kam ein Bild heraus, von dem ich selbst wohl am meisten &#252;berrascht war. So etwas hatte ich noch nie in meinem Leben erreicht und es w&#252;rde wohl auch nie wieder so etwas in meinem Leben geben. Ich brachte es zu einem Kunstkritiker und wurde erneut &#252;berrascht, es gefiel ihm. Er wollte eine gro&#223;e Ausstellung mit meinen Bildern machen, doch wieder mischte sich das Schicksal ein. Liebste Freundin, kennst Du dieses Gef&#252;hl, dass Du dem Verlauf Deines Lebens hilflos gegen&#252;ber stehst. Meine Bilder wurden gezeigt, sie waren erfolgreich, meine Ausstellungen waren immer ausverkauft. Ich w&#228;re bestimmt ein sehr geachteter Mensch geworden&#8230; Ich werde mich wohl nie an dieses Gef&#252;hl gew&#246;hnen alles von hier oben zu betrachten. Es ist eine v&#246;llig neue Sicht des Lebens und ich bin gl&#252;cklich dabei. Ich habe die Liebe in mir wiedergefunden, jedoch auf einer v&#246;llig neuen Ebene. Ich muss Dir etwas erkl&#228;ren, liebste Freundin. An dem Tag, an dem ich den Kunstkritiker besucht hatte, ging ich verwirrt nach Hause. Ich war eine Sekunde unaufmerksam und sah das herannahende Auto nicht. Mit 22 Jahren zu sterben w&#252;rden viele Menschen als zu fr&#252;h bezeichnen, doch ich bin zufrieden damit. Allen Menschen, die einmal mein Leben bildeten, bin ich nun f&#252;r immer nah. Diese himmlische Botschaft schenke ich Dir, liebste Freundin, zu Trost und Zuversicht. Marie ?Sarah Jakobeit 2003 zur&#252;ck zu Wortgewand<\/p>\n","protected":false},"author":1,"featured_media":0,"parent":35,"menu_order":0,"comment_status":"open","ping_status":"open","template":"","meta":{"ngg_post_thumbnail":0,"footnotes":""},"class_list":["post-36","page","type-page","status-publish","hentry"],"yoast_head":"<!-- This site is optimized with the Yoast SEO plugin v27.5 - https:\/\/yoast.com\/product\/yoast-seo-wordpress\/ -->\n<title>Ein Brief - Heldenhaushalt<\/title>\n<meta name=\"description\" content=\"Auch Helden erleben den t\u00e4glichen Wahnsinn, den ein Alltag mit sich bringt und Frau Mondgras sitzt mittendrin. Berlinerin, Mutter, Ehefrau, Kreativling und auf der st\u00e4ndigen Suche nach Gl\u00fcck... Hier wird gen\u00e4ht, gebacken, gebastelt und auch mal \u00fcber den Alltag gemault.\" \/>\n<meta name=\"robots\" content=\"index, follow, max-snippet:-1, max-image-preview:large, max-video-preview:-1\" \/>\n<link rel=\"canonical\" href=\"https:\/\/www.heldenhaushalt.de\/sari02\/index.php\/geschichten-und-mehr\/ein-brief\/\" \/>\n<meta property=\"og:locale\" content=\"de_DE\" \/>\n<meta property=\"og:type\" content=\"article\" \/>\n<meta property=\"og:title\" content=\"Ein Brief - Heldenhaushalt\" \/>\n<meta property=\"og:description\" content=\"Auch Helden erleben den t\u00e4glichen Wahnsinn, den ein Alltag mit sich bringt und Frau Mondgras sitzt mittendrin. Berlinerin, Mutter, Ehefrau, Kreativling und auf der st\u00e4ndigen Suche nach Gl\u00fcck... Hier wird gen\u00e4ht, gebacken, gebastelt und auch mal \u00fcber den Alltag gemault.\" \/>\n<meta property=\"og:url\" content=\"https:\/\/www.heldenhaushalt.de\/sari02\/index.php\/geschichten-und-mehr\/ein-brief\/\" \/>\n<meta property=\"og:site_name\" content=\"Heldenhaushalt\" \/>\n<meta property=\"article:modified_time\" content=\"2007-05-10T18:23:30+00:00\" \/>\n<meta name=\"twitter:card\" content=\"summary_large_image\" \/>\n<meta name=\"twitter:site\" content=\"@Heldenhaushalt\" \/>\n<meta name=\"twitter:label1\" content=\"Gesch\u00e4tzte Lesezeit\" \/>\n\t<meta name=\"twitter:data1\" content=\"4\u00a0Minuten\" \/>\n<script type=\"application\/ld+json\" class=\"yoast-schema-graph\">{\"@context\":\"https:\\\/\\\/schema.org\",\"@graph\":[{\"@type\":\"WebPage\",\"@id\":\"https:\\\/\\\/www.heldenhaushalt.de\\\/sari02\\\/index.php\\\/geschichten-und-mehr\\\/ein-brief\\\/\",\"url\":\"https:\\\/\\\/www.heldenhaushalt.de\\\/sari02\\\/index.php\\\/geschichten-und-mehr\\\/ein-brief\\\/\",\"name\":\"Ein Brief - Heldenhaushalt\",\"isPartOf\":{\"@id\":\"https:\\\/\\\/www.heldenhaushalt.de\\\/sari02\\\/#website\"},\"datePublished\":\"2007-04-15T14:26:20+00:00\",\"dateModified\":\"2007-05-10T18:23:30+00:00\",\"description\":\"Auch Helden erleben den t\u00e4glichen Wahnsinn, den ein Alltag mit sich bringt und Frau Mondgras sitzt mittendrin. Berlinerin, Mutter, Ehefrau, Kreativling und auf der st\u00e4ndigen Suche nach Gl\u00fcck... Hier wird gen\u00e4ht, gebacken, gebastelt und auch mal \u00fcber den Alltag gemault.\",\"breadcrumb\":{\"@id\":\"https:\\\/\\\/www.heldenhaushalt.de\\\/sari02\\\/index.php\\\/geschichten-und-mehr\\\/ein-brief\\\/#breadcrumb\"},\"inLanguage\":\"de\",\"potentialAction\":[{\"@type\":\"ReadAction\",\"target\":[\"https:\\\/\\\/www.heldenhaushalt.de\\\/sari02\\\/index.php\\\/geschichten-und-mehr\\\/ein-brief\\\/\"]}]},{\"@type\":\"BreadcrumbList\",\"@id\":\"https:\\\/\\\/www.heldenhaushalt.de\\\/sari02\\\/index.php\\\/geschichten-und-mehr\\\/ein-brief\\\/#breadcrumb\",\"itemListElement\":[{\"@type\":\"ListItem\",\"position\":1,\"name\":\"Startseite\",\"item\":\"https:\\\/\\\/www.heldenhaushalt.de\\\/sari02\\\/\"},{\"@type\":\"ListItem\",\"position\":2,\"name\":\"WORTGEWAND \\\/\\\/ Die Geschichten&#8230;\",\"item\":\"https:\\\/\\\/www.heldenhaushalt.de\\\/sari02\\\/index.php\\\/geschichten-und-mehr\\\/\"},{\"@type\":\"ListItem\",\"position\":3,\"name\":\"Ein Brief\"}]},{\"@type\":\"WebSite\",\"@id\":\"https:\\\/\\\/www.heldenhaushalt.de\\\/sari02\\\/#website\",\"url\":\"https:\\\/\\\/www.heldenhaushalt.de\\\/sari02\\\/\",\"name\":\"Heldenhaushalt\",\"description\":\"Wer es ordentlich haben will, der muss vorher anrufen\",\"publisher\":{\"@id\":\"https:\\\/\\\/www.heldenhaushalt.de\\\/sari02\\\/#\\\/schema\\\/person\\\/a1cc69f42a01f412eb62c151353814f6\"},\"potentialAction\":[{\"@type\":\"SearchAction\",\"target\":{\"@type\":\"EntryPoint\",\"urlTemplate\":\"https:\\\/\\\/www.heldenhaushalt.de\\\/sari02\\\/?s={search_term_string}\"},\"query-input\":{\"@type\":\"PropertyValueSpecification\",\"valueRequired\":true,\"valueName\":\"search_term_string\"}}],\"inLanguage\":\"de\"},{\"@type\":[\"Person\",\"Organization\"],\"@id\":\"https:\\\/\\\/www.heldenhaushalt.de\\\/sari02\\\/#\\\/schema\\\/person\\\/a1cc69f42a01f412eb62c151353814f6\",\"name\":\"Sari\",\"image\":{\"@type\":\"ImageObject\",\"inLanguage\":\"de\",\"@id\":\"https:\\\/\\\/www.heldenhaushalt.de\\\/sari02\\\/wp-content\\\/uploads\\\/2019\\\/02\\\/sari-april2018.png\",\"url\":\"https:\\\/\\\/www.heldenhaushalt.de\\\/sari02\\\/wp-content\\\/uploads\\\/2019\\\/02\\\/sari-april2018.png\",\"contentUrl\":\"https:\\\/\\\/www.heldenhaushalt.de\\\/sari02\\\/wp-content\\\/uploads\\\/2019\\\/02\\\/sari-april2018.png\",\"width\":500,\"height\":500,\"caption\":\"Sari\"},\"logo\":{\"@id\":\"https:\\\/\\\/www.heldenhaushalt.de\\\/sari02\\\/wp-content\\\/uploads\\\/2019\\\/02\\\/sari-april2018.png\"},\"description\":\"Frau Mondgras \u2013 Das bin ich, Sari. Gerne auch als Sari Mondgras bekannt und im Internet zu finden. 2-Fach-Mutter, Heldenehefrau, Kreativling, Harmonies\u00fcchtig und st\u00e4ndig auf der Suche nach Gl\u00fcck. Ich komme aus Berlin, bin hier aufgewachsen und lebe hier seit ich denken kann.\",\"sameAs\":[\"https:\\\/\\\/www.instagram.com\\\/heldenhaushalt\\\/\"]}]}<\/script>\n<!-- \/ Yoast SEO plugin. -->","yoast_head_json":{"title":"Ein Brief - Heldenhaushalt","description":"Auch Helden erleben den t\u00e4glichen Wahnsinn, den ein Alltag mit sich bringt und Frau Mondgras sitzt mittendrin. Berlinerin, Mutter, Ehefrau, Kreativling und auf der st\u00e4ndigen Suche nach Gl\u00fcck... Hier wird gen\u00e4ht, gebacken, gebastelt und auch mal \u00fcber den Alltag gemault.","robots":{"index":"index","follow":"follow","max-snippet":"max-snippet:-1","max-image-preview":"max-image-preview:large","max-video-preview":"max-video-preview:-1"},"canonical":"https:\/\/www.heldenhaushalt.de\/sari02\/index.php\/geschichten-und-mehr\/ein-brief\/","og_locale":"de_DE","og_type":"article","og_title":"Ein Brief - Heldenhaushalt","og_description":"Auch Helden erleben den t\u00e4glichen Wahnsinn, den ein Alltag mit sich bringt und Frau Mondgras sitzt mittendrin. Berlinerin, Mutter, Ehefrau, Kreativling und auf der st\u00e4ndigen Suche nach Gl\u00fcck... Hier wird gen\u00e4ht, gebacken, gebastelt und auch mal \u00fcber den Alltag gemault.","og_url":"https:\/\/www.heldenhaushalt.de\/sari02\/index.php\/geschichten-und-mehr\/ein-brief\/","og_site_name":"Heldenhaushalt","article_modified_time":"2007-05-10T18:23:30+00:00","twitter_card":"summary_large_image","twitter_site":"@Heldenhaushalt","twitter_misc":{"Gesch\u00e4tzte Lesezeit":"4\u00a0Minuten"},"schema":{"@context":"https:\/\/schema.org","@graph":[{"@type":"WebPage","@id":"https:\/\/www.heldenhaushalt.de\/sari02\/index.php\/geschichten-und-mehr\/ein-brief\/","url":"https:\/\/www.heldenhaushalt.de\/sari02\/index.php\/geschichten-und-mehr\/ein-brief\/","name":"Ein Brief - Heldenhaushalt","isPartOf":{"@id":"https:\/\/www.heldenhaushalt.de\/sari02\/#website"},"datePublished":"2007-04-15T14:26:20+00:00","dateModified":"2007-05-10T18:23:30+00:00","description":"Auch Helden erleben den t\u00e4glichen Wahnsinn, den ein Alltag mit sich bringt und Frau Mondgras sitzt mittendrin. Berlinerin, Mutter, Ehefrau, Kreativling und auf der st\u00e4ndigen Suche nach Gl\u00fcck... Hier wird gen\u00e4ht, gebacken, gebastelt und auch mal \u00fcber den Alltag gemault.","breadcrumb":{"@id":"https:\/\/www.heldenhaushalt.de\/sari02\/index.php\/geschichten-und-mehr\/ein-brief\/#breadcrumb"},"inLanguage":"de","potentialAction":[{"@type":"ReadAction","target":["https:\/\/www.heldenhaushalt.de\/sari02\/index.php\/geschichten-und-mehr\/ein-brief\/"]}]},{"@type":"BreadcrumbList","@id":"https:\/\/www.heldenhaushalt.de\/sari02\/index.php\/geschichten-und-mehr\/ein-brief\/#breadcrumb","itemListElement":[{"@type":"ListItem","position":1,"name":"Startseite","item":"https:\/\/www.heldenhaushalt.de\/sari02\/"},{"@type":"ListItem","position":2,"name":"WORTGEWAND \/\/ Die Geschichten&#8230;","item":"https:\/\/www.heldenhaushalt.de\/sari02\/index.php\/geschichten-und-mehr\/"},{"@type":"ListItem","position":3,"name":"Ein Brief"}]},{"@type":"WebSite","@id":"https:\/\/www.heldenhaushalt.de\/sari02\/#website","url":"https:\/\/www.heldenhaushalt.de\/sari02\/","name":"Heldenhaushalt","description":"Wer es ordentlich haben will, der muss vorher anrufen","publisher":{"@id":"https:\/\/www.heldenhaushalt.de\/sari02\/#\/schema\/person\/a1cc69f42a01f412eb62c151353814f6"},"potentialAction":[{"@type":"SearchAction","target":{"@type":"EntryPoint","urlTemplate":"https:\/\/www.heldenhaushalt.de\/sari02\/?s={search_term_string}"},"query-input":{"@type":"PropertyValueSpecification","valueRequired":true,"valueName":"search_term_string"}}],"inLanguage":"de"},{"@type":["Person","Organization"],"@id":"https:\/\/www.heldenhaushalt.de\/sari02\/#\/schema\/person\/a1cc69f42a01f412eb62c151353814f6","name":"Sari","image":{"@type":"ImageObject","inLanguage":"de","@id":"https:\/\/www.heldenhaushalt.de\/sari02\/wp-content\/uploads\/2019\/02\/sari-april2018.png","url":"https:\/\/www.heldenhaushalt.de\/sari02\/wp-content\/uploads\/2019\/02\/sari-april2018.png","contentUrl":"https:\/\/www.heldenhaushalt.de\/sari02\/wp-content\/uploads\/2019\/02\/sari-april2018.png","width":500,"height":500,"caption":"Sari"},"logo":{"@id":"https:\/\/www.heldenhaushalt.de\/sari02\/wp-content\/uploads\/2019\/02\/sari-april2018.png"},"description":"Frau Mondgras \u2013 Das bin ich, Sari. Gerne auch als Sari Mondgras bekannt und im Internet zu finden. 2-Fach-Mutter, Heldenehefrau, Kreativling, Harmonies\u00fcchtig und st\u00e4ndig auf der Suche nach Gl\u00fcck. Ich komme aus Berlin, bin hier aufgewachsen und lebe hier seit ich denken kann.","sameAs":["https:\/\/www.instagram.com\/heldenhaushalt\/"]}]}},"_links":{"self":[{"href":"https:\/\/www.heldenhaushalt.de\/sari02\/index.php\/wp-json\/wp\/v2\/pages\/36","targetHints":{"allow":["GET"]}}],"collection":[{"href":"https:\/\/www.heldenhaushalt.de\/sari02\/index.php\/wp-json\/wp\/v2\/pages"}],"about":[{"href":"https:\/\/www.heldenhaushalt.de\/sari02\/index.php\/wp-json\/wp\/v2\/types\/page"}],"author":[{"embeddable":true,"href":"https:\/\/www.heldenhaushalt.de\/sari02\/index.php\/wp-json\/wp\/v2\/users\/1"}],"replies":[{"embeddable":true,"href":"https:\/\/www.heldenhaushalt.de\/sari02\/index.php\/wp-json\/wp\/v2\/comments?post=36"}],"version-history":[{"count":0,"href":"https:\/\/www.heldenhaushalt.de\/sari02\/index.php\/wp-json\/wp\/v2\/pages\/36\/revisions"}],"up":[{"embeddable":true,"href":"https:\/\/www.heldenhaushalt.de\/sari02\/index.php\/wp-json\/wp\/v2\/pages\/35"}],"wp:attachment":[{"href":"https:\/\/www.heldenhaushalt.de\/sari02\/index.php\/wp-json\/wp\/v2\/media?parent=36"}],"curies":[{"name":"wp","href":"https:\/\/api.w.org\/{rel}","templated":true}]}}