{"id":37,"date":"2007-04-15T16:27:02","date_gmt":"2007-04-15T14:27:02","guid":{"rendered":"http:\/\/www.mondgras.de\/sari02\/?page_id=37"},"modified":"2007-05-10T20:23:40","modified_gmt":"2007-05-10T18:23:40","slug":"mondsichel","status":"publish","type":"page","link":"https:\/\/www.heldenhaushalt.de\/sari02\/index.php\/geschichten-und-mehr\/mondsichel\/","title":{"rendered":"Mondsichel"},"content":{"rendered":"<p>Die silberne Sichel gl&#228;nzte in dem sanften Licht des Vollmondes. Er strahlte heute Nacht besonders hell, als ob er w&#252;sste, was ich vor hatte. Als ob er mir helfen wollte. Ich blickte durch die d&#252;ster und unheimlich aussehenden B&#228;ume gen Himmel und warf dem Monad ein L&#228;cheln zu.<br \/>\n&#8220;Danke&#8221;<br \/>\nMein Blick fiel nun auf den moosbewachsenen, dreckigen Waldboden und suchte ihn nach einem geeigneten Blatt ab. Eine sorgf&#228;lltige Auswahl war n&#246;tig, denn nicht jedes Blatt, das sich vom Baum gel&#246;st hatte konnte man als &#8220;perfekt&#8221; bezeichnen.<br \/>\nEin Knick, ein Riss oder auch nur eine Blattlaus reichten aus, um die Sch&#246;nheit der Sichel zu zerst&#246;ren.<br \/>\nMein Blick schweifte unruhig hin und her. Irgendwie lief mir die Zeit davon. Ich hatte mich zu lange vom Vollmond ablenken lassen. Ich war f&#252;r einen kurzen Moment schwach geworden.<br \/>\nDa!<br \/>\nMein Blick fixierte ein goldgelbes Eichenblatt. Ein besonders sch&#246;nes Exemplar. Ich griff nach dem Blatt und be&#228;ugte es von allen Seiten.<br \/>\nPerfekt.<br \/>\nIch legte es ganz glatt in meine linke Handfl&#228;che und griff mit der anderen nach dem mondstein farbenen endlos lang wirkenden Stil der Sichel, der mit dem Schwarz des Nachthimmels zu verschmelzen schien. Allein die Sichel selbst glitzerte mit ihrem silbernen Metall mit dem Mond um die Wette. Ich packte den griff kurz unter der Sichel und lie&#223; sie ganz langsam und geschmeidig durch die linke Hand gleiten. Die Feuchtigkeit des goldgelben Blattes hatte seine Wirkung gezeigt, die Sichel begann zu leuchten.<br \/>\nDie Zeit war gekommen!<br \/>\nEndlich war es soweit.<br \/>\nIch warf das nun verwelkte Blatt weg und machte mich mit der Sichel in der Hand auf den Weg.<br \/>\nDer schwere Stoff meines schwarzen langen Samtkleides raschelte unter meinen schnellen Schritten.<br \/>\nIch musste mich beeilen.<br \/>\nAls ich heut Fr&#252;h am Morgen von einem Traum geweckt wurde, war klar, was f&#252;r eine Aufgabe mich heute erwarten w&#252;rde. Ich konnte sein Gesicht genau erkennen. Auch die Zeit und der Ort wurden mir offenbart.<br \/>\nEs blieben keine Fragen offen.<br \/>\nEs war klar, dass er es nicht anders verdient hatte. Zu viele junge M&#228;dchen mussten schon unter leiden. Zu viele wurden von ihm missbraucht und misshandelt.<br \/>\nEr musste sterben.<br \/>\nHinter einem Busch blieb ich stehen. Es war besser, wenn er mich nicht sofort bemerken w&#252;rde. Ich wollte das &#220;berraschungsmoment ausnutzen. Da war er, auf einer kleinen, unauff&#228;lligen Waldlichtung und er hatte, wie ich es erwartet hatte, ein junges M&#228;dchen bei sich. Das arme Ding war vielleicht gerade mal 14 Jahre alt und die Angst war ihr regelrecht ins Gesicht geschrieben.<br \/>\nEr hatte es nicht anders verdient.<br \/>\nIch beobachtete das Schauspiel ein paar Minuten, sein Schicksal stand eh schon fest.<br \/>\nIch sah, wie er das M&#228;dchen mit einem wilden Blick packte und gegen einen Baum schleuderte. Sie st&#246;hnte kurz auf und sackte dann bewusstlos zu Boden. Ich sah das leichte schmunzel in seinen Mundwinklen und wie er sich dem M&#228;dchen hinkniete. Ich sah, wie er dem M&#228;dchen die Bluse vom Leibe riss und ihr den Rock und den gebl&#252;mten Slip aufschnitt, um sich die st&#246;renden Hindernisse aus dem Weg zu schaffen und ich sah, wie er nach getaner Arbeit sich wieder aufrichtete und seine Hose &#246;ffnete.<br \/>\nEr war bereit!<br \/>\nICH war bereit!<br \/>\nIch stie&#223; mich vom Boden ab und machte einen gro&#223;en und beeindruckenden Sprung und landete direkt hinter ihm.<br \/>\nRuckartig drehte er sich zu mir um.<br \/>\nIch sah ihm tief in seine weit aufgerissenen Augen.<br \/>\nSie waren braun.<br \/>\nIch l&#228;chelte ihn an.<br \/>\n&#8220;Du warst ein sehr b&#246;ser Mensch&#8221;, sagte ich und blickte erst an ihm vorbei auf das junge M&#228;dchen, dass immer noch eine d&#252;stere Aura von Angst ausstrahlte und dann an ihm hinunter.<br \/>\nSein aus Furcht und Geilheit steinhart gewordenes Glied ber&#252;hrte fast mein samtenes Kleid, so nach stand ich vor ihm. Ich konnte seinen stinkenden und widerlichen Atem auf meinem Gesicht sp&#252;ren.<br \/>\n&#8220;Du warst sehr b&#246;se&#8221;, sagte ich noch einmal und hob die Sichel hoch in den Himmel. Ihre Schneide leuchtete und blinkte im Vollmondlicht. Ich sah, wie sich seine Augen noch mehr weiteten, bis sie ihm fast aus dem Kopf ragten und genoss den Anblick.<br \/>\n&#8220;F&#252;r all die armen M&#228;dchen&#8221;, fl&#252;sterte ich ihm ins Ohr.<br \/>\nUnd mit einem Ruck und einem Zischen flog die Sichel durch die Luft und gleitete ohne Probleme ganz sanft durch seinen widerlichen K&#246;rper hindurch. Er hatte keine Zeit zum Schreien gehabt.<br \/>\nSeine Blicke hafteten noch f&#252;r ein paar Sekunden auf mir, dann vielen seine beiden K&#246;rperh&#228;lften auf den Boden und tr&#228;nkten die Erde mit seinem Blut. Auch von der Sichel tropfte es.<br \/>\nIch hielt mein wunderbares Werkzeug f&#252;r ein letztes Mal in dieser Nacht in das Licht des Vollmondes und beobachtete voller Verz&#252;ckung, wie es, wie schon so oft zuvor, den Rest Lebens dieser H&#246;llengeburt durch das Blut in sich aufzog und sich dann aufl&#246;ste. Ich ging zu dem noch immer bewusstlosen M&#228;dchen, wickelte es in meinem Samstkleid ein und verschwand mit ihr der tiefen Nacht&#8230;<\/p>\n<p>Ende?<\/p>\n<p><a href=\"http:\/\/www.heldenhaushalt.de\/sari02\/?page_id=35\">zur&#252;ck zu<strong> Wortgewand<\/strong><\/a><\/p>\n","protected":false},"excerpt":{"rendered":"<p>Die silberne Sichel gl&#228;nzte in dem sanften Licht des Vollmondes. Er strahlte heute Nacht besonders hell, als ob er w&#252;sste, was ich vor hatte. Als ob er mir helfen wollte. Ich blickte durch die d&#252;ster und unheimlich aussehenden B&#228;ume gen Himmel und warf dem Monad ein L&#228;cheln zu. &#8220;Danke&#8221; Mein Blick fiel nun auf den moosbewachsenen, dreckigen Waldboden und suchte ihn nach einem geeigneten Blatt ab. Eine sorgf&#228;lltige Auswahl war n&#246;tig, denn nicht jedes Blatt, das sich vom Baum gel&#246;st hatte konnte man als &#8220;perfekt&#8221; bezeichnen. Ein Knick, ein Riss oder auch nur eine Blattlaus reichten aus, um die Sch&#246;nheit der Sichel zu zerst&#246;ren. Mein Blick schweifte unruhig hin und her. Irgendwie lief mir die Zeit davon. Ich hatte mich zu lange vom Vollmond ablenken lassen. Ich war f&#252;r einen kurzen Moment schwach geworden. Da! Mein Blick fixierte ein goldgelbes Eichenblatt. Ein besonders sch&#246;nes Exemplar. Ich griff nach dem Blatt und be&#228;ugte es von allen Seiten. Perfekt. Ich legte es ganz glatt in meine linke Handfl&#228;che und griff mit der anderen nach dem mondstein farbenen endlos lang wirkenden Stil der Sichel, der mit dem Schwarz des Nachthimmels zu verschmelzen schien. Allein die Sichel selbst glitzerte mit ihrem silbernen Metall mit dem Mond um die Wette. Ich packte den griff kurz unter der Sichel und lie&#223; sie ganz langsam und geschmeidig durch die linke Hand gleiten. Die Feuchtigkeit des goldgelben Blattes hatte seine Wirkung gezeigt, die Sichel begann zu leuchten. Die Zeit war gekommen! Endlich war es soweit. Ich warf das nun verwelkte Blatt weg und machte mich mit der Sichel in der Hand auf den Weg. Der schwere Stoff meines schwarzen langen Samtkleides raschelte unter meinen schnellen Schritten. Ich musste mich beeilen. Als ich heut Fr&#252;h am Morgen von einem Traum geweckt wurde, war klar, was f&#252;r eine Aufgabe mich heute erwarten w&#252;rde. Ich konnte sein Gesicht genau erkennen. Auch die Zeit und der Ort wurden mir offenbart. Es blieben keine Fragen offen. Es war klar, dass er es nicht anders verdient hatte. Zu viele junge M&#228;dchen mussten schon unter leiden. Zu viele wurden von ihm missbraucht und misshandelt. Er musste sterben. Hinter einem Busch blieb ich stehen. Es war besser, wenn er mich nicht sofort bemerken w&#252;rde. Ich wollte das &#220;berraschungsmoment ausnutzen. Da war er, auf einer kleinen, unauff&#228;lligen Waldlichtung und er hatte, wie ich es erwartet hatte, ein junges M&#228;dchen bei sich. Das arme Ding war vielleicht gerade mal 14 Jahre alt und die Angst war ihr regelrecht ins Gesicht geschrieben. Er hatte es nicht anders verdient. Ich beobachtete das Schauspiel ein paar Minuten, sein Schicksal stand eh schon fest. Ich sah, wie er das M&#228;dchen mit einem wilden Blick packte und gegen einen Baum schleuderte. Sie st&#246;hnte kurz auf und sackte dann bewusstlos zu Boden. Ich sah das leichte schmunzel in seinen Mundwinklen und wie er sich dem M&#228;dchen hinkniete. Ich sah, wie er dem M&#228;dchen die Bluse vom Leibe riss und ihr den Rock und den gebl&#252;mten Slip aufschnitt, um sich die st&#246;renden Hindernisse aus dem Weg zu schaffen und ich sah, wie er nach getaner Arbeit sich wieder aufrichtete und seine Hose &#246;ffnete. Er war bereit! ICH war bereit! Ich stie&#223; mich vom Boden ab und machte einen gro&#223;en und beeindruckenden Sprung und landete direkt hinter ihm. Ruckartig drehte er sich zu mir um. Ich sah ihm tief in seine weit aufgerissenen Augen. Sie waren braun. Ich l&#228;chelte ihn an. &#8220;Du warst ein sehr b&#246;ser Mensch&#8221;, sagte ich und blickte erst an ihm vorbei auf das junge M&#228;dchen, dass immer noch eine d&#252;stere Aura von Angst ausstrahlte und dann an ihm hinunter. Sein aus Furcht und Geilheit steinhart gewordenes Glied ber&#252;hrte fast mein samtenes Kleid, so nach stand ich vor ihm. Ich konnte seinen stinkenden und widerlichen Atem auf meinem Gesicht sp&#252;ren. &#8220;Du warst sehr b&#246;se&#8221;, sagte ich noch einmal und hob die Sichel hoch in den Himmel. Ihre Schneide leuchtete und blinkte im Vollmondlicht. Ich sah, wie sich seine Augen noch mehr weiteten, bis sie ihm fast aus dem Kopf ragten und genoss den Anblick. &#8220;F&#252;r all die armen M&#228;dchen&#8221;, fl&#252;sterte ich ihm ins Ohr. Und mit einem Ruck und einem Zischen flog die Sichel durch die Luft und gleitete ohne Probleme ganz sanft durch seinen widerlichen K&#246;rper hindurch. Er hatte keine Zeit zum Schreien gehabt. Seine Blicke hafteten noch f&#252;r ein paar Sekunden auf mir, dann vielen seine beiden K&#246;rperh&#228;lften auf den Boden und tr&#228;nkten die Erde mit seinem Blut. Auch von der Sichel tropfte es. Ich hielt mein wunderbares Werkzeug f&#252;r ein letztes Mal in dieser Nacht in das Licht des Vollmondes und beobachtete voller Verz&#252;ckung, wie es, wie schon so oft zuvor, den Rest Lebens dieser H&#246;llengeburt durch das Blut in sich aufzog und sich dann aufl&#246;ste. Ich ging zu dem noch immer bewusstlosen M&#228;dchen, wickelte es in meinem Samstkleid ein und verschwand mit ihr der tiefen Nacht&#8230; Ende? zur&#252;ck zu Wortgewand<\/p>\n","protected":false},"author":1,"featured_media":0,"parent":35,"menu_order":0,"comment_status":"open","ping_status":"closed","template":"","meta":{"ngg_post_thumbnail":0,"footnotes":""},"class_list":["post-37","page","type-page","status-publish","hentry"],"yoast_head":"<!-- This site is optimized with the Yoast SEO plugin v27.5 - https:\/\/yoast.com\/product\/yoast-seo-wordpress\/ -->\n<title>Mondsichel - Heldenhaushalt<\/title>\n<meta name=\"description\" content=\"Auch Helden erleben den t\u00e4glichen Wahnsinn, den ein Alltag mit sich bringt und Frau Mondgras sitzt mittendrin. Berlinerin, Mutter, Ehefrau, Kreativling und auf der st\u00e4ndigen Suche nach Gl\u00fcck... Hier wird gen\u00e4ht, gebacken, gebastelt und auch mal \u00fcber den Alltag gemault.\" \/>\n<meta name=\"robots\" content=\"index, follow, max-snippet:-1, max-image-preview:large, max-video-preview:-1\" \/>\n<link rel=\"canonical\" href=\"https:\/\/www.heldenhaushalt.de\/sari02\/index.php\/geschichten-und-mehr\/mondsichel\/\" \/>\n<meta property=\"og:locale\" content=\"de_DE\" \/>\n<meta property=\"og:type\" content=\"article\" \/>\n<meta property=\"og:title\" content=\"Mondsichel - Heldenhaushalt\" \/>\n<meta property=\"og:description\" content=\"Auch Helden erleben den t\u00e4glichen Wahnsinn, den ein Alltag mit sich bringt und Frau Mondgras sitzt mittendrin. Berlinerin, Mutter, Ehefrau, Kreativling und auf der st\u00e4ndigen Suche nach Gl\u00fcck... Hier wird gen\u00e4ht, gebacken, gebastelt und auch mal \u00fcber den Alltag gemault.\" \/>\n<meta property=\"og:url\" content=\"https:\/\/www.heldenhaushalt.de\/sari02\/index.php\/geschichten-und-mehr\/mondsichel\/\" \/>\n<meta property=\"og:site_name\" content=\"Heldenhaushalt\" \/>\n<meta property=\"article:modified_time\" content=\"2007-05-10T18:23:40+00:00\" \/>\n<meta name=\"twitter:card\" content=\"summary_large_image\" \/>\n<meta name=\"twitter:site\" content=\"@Heldenhaushalt\" \/>\n<meta name=\"twitter:label1\" content=\"Gesch\u00e4tzte Lesezeit\" \/>\n\t<meta name=\"twitter:data1\" content=\"4\u00a0Minuten\" \/>\n<script type=\"application\/ld+json\" class=\"yoast-schema-graph\">{\"@context\":\"https:\\\/\\\/schema.org\",\"@graph\":[{\"@type\":\"WebPage\",\"@id\":\"https:\\\/\\\/www.heldenhaushalt.de\\\/sari02\\\/index.php\\\/geschichten-und-mehr\\\/mondsichel\\\/\",\"url\":\"https:\\\/\\\/www.heldenhaushalt.de\\\/sari02\\\/index.php\\\/geschichten-und-mehr\\\/mondsichel\\\/\",\"name\":\"Mondsichel - Heldenhaushalt\",\"isPartOf\":{\"@id\":\"https:\\\/\\\/www.heldenhaushalt.de\\\/sari02\\\/#website\"},\"datePublished\":\"2007-04-15T14:27:02+00:00\",\"dateModified\":\"2007-05-10T18:23:40+00:00\",\"description\":\"Auch Helden erleben den t\u00e4glichen Wahnsinn, den ein Alltag mit sich bringt und Frau Mondgras sitzt mittendrin. Berlinerin, Mutter, Ehefrau, Kreativling und auf der st\u00e4ndigen Suche nach Gl\u00fcck... Hier wird gen\u00e4ht, gebacken, gebastelt und auch mal \u00fcber den Alltag gemault.\",\"breadcrumb\":{\"@id\":\"https:\\\/\\\/www.heldenhaushalt.de\\\/sari02\\\/index.php\\\/geschichten-und-mehr\\\/mondsichel\\\/#breadcrumb\"},\"inLanguage\":\"de\",\"potentialAction\":[{\"@type\":\"ReadAction\",\"target\":[\"https:\\\/\\\/www.heldenhaushalt.de\\\/sari02\\\/index.php\\\/geschichten-und-mehr\\\/mondsichel\\\/\"]}]},{\"@type\":\"BreadcrumbList\",\"@id\":\"https:\\\/\\\/www.heldenhaushalt.de\\\/sari02\\\/index.php\\\/geschichten-und-mehr\\\/mondsichel\\\/#breadcrumb\",\"itemListElement\":[{\"@type\":\"ListItem\",\"position\":1,\"name\":\"Startseite\",\"item\":\"https:\\\/\\\/www.heldenhaushalt.de\\\/sari02\\\/\"},{\"@type\":\"ListItem\",\"position\":2,\"name\":\"WORTGEWAND \\\/\\\/ Die Geschichten&#8230;\",\"item\":\"https:\\\/\\\/www.heldenhaushalt.de\\\/sari02\\\/index.php\\\/geschichten-und-mehr\\\/\"},{\"@type\":\"ListItem\",\"position\":3,\"name\":\"Mondsichel\"}]},{\"@type\":\"WebSite\",\"@id\":\"https:\\\/\\\/www.heldenhaushalt.de\\\/sari02\\\/#website\",\"url\":\"https:\\\/\\\/www.heldenhaushalt.de\\\/sari02\\\/\",\"name\":\"Heldenhaushalt\",\"description\":\"Wer es ordentlich haben will, der muss vorher anrufen\",\"publisher\":{\"@id\":\"https:\\\/\\\/www.heldenhaushalt.de\\\/sari02\\\/#\\\/schema\\\/person\\\/a1cc69f42a01f412eb62c151353814f6\"},\"potentialAction\":[{\"@type\":\"SearchAction\",\"target\":{\"@type\":\"EntryPoint\",\"urlTemplate\":\"https:\\\/\\\/www.heldenhaushalt.de\\\/sari02\\\/?s={search_term_string}\"},\"query-input\":{\"@type\":\"PropertyValueSpecification\",\"valueRequired\":true,\"valueName\":\"search_term_string\"}}],\"inLanguage\":\"de\"},{\"@type\":[\"Person\",\"Organization\"],\"@id\":\"https:\\\/\\\/www.heldenhaushalt.de\\\/sari02\\\/#\\\/schema\\\/person\\\/a1cc69f42a01f412eb62c151353814f6\",\"name\":\"Sari\",\"image\":{\"@type\":\"ImageObject\",\"inLanguage\":\"de\",\"@id\":\"https:\\\/\\\/www.heldenhaushalt.de\\\/sari02\\\/wp-content\\\/uploads\\\/2019\\\/02\\\/sari-april2018.png\",\"url\":\"https:\\\/\\\/www.heldenhaushalt.de\\\/sari02\\\/wp-content\\\/uploads\\\/2019\\\/02\\\/sari-april2018.png\",\"contentUrl\":\"https:\\\/\\\/www.heldenhaushalt.de\\\/sari02\\\/wp-content\\\/uploads\\\/2019\\\/02\\\/sari-april2018.png\",\"width\":500,\"height\":500,\"caption\":\"Sari\"},\"logo\":{\"@id\":\"https:\\\/\\\/www.heldenhaushalt.de\\\/sari02\\\/wp-content\\\/uploads\\\/2019\\\/02\\\/sari-april2018.png\"},\"description\":\"Frau Mondgras \u2013 Das bin ich, Sari. Gerne auch als Sari Mondgras bekannt und im Internet zu finden. 2-Fach-Mutter, Heldenehefrau, Kreativling, Harmonies\u00fcchtig und st\u00e4ndig auf der Suche nach Gl\u00fcck. Ich komme aus Berlin, bin hier aufgewachsen und lebe hier seit ich denken kann.\",\"sameAs\":[\"https:\\\/\\\/www.instagram.com\\\/heldenhaushalt\\\/\"]}]}<\/script>\n<!-- \/ Yoast SEO plugin. -->","yoast_head_json":{"title":"Mondsichel - Heldenhaushalt","description":"Auch Helden erleben den t\u00e4glichen Wahnsinn, den ein Alltag mit sich bringt und Frau Mondgras sitzt mittendrin. Berlinerin, Mutter, Ehefrau, Kreativling und auf der st\u00e4ndigen Suche nach Gl\u00fcck... Hier wird gen\u00e4ht, gebacken, gebastelt und auch mal \u00fcber den Alltag gemault.","robots":{"index":"index","follow":"follow","max-snippet":"max-snippet:-1","max-image-preview":"max-image-preview:large","max-video-preview":"max-video-preview:-1"},"canonical":"https:\/\/www.heldenhaushalt.de\/sari02\/index.php\/geschichten-und-mehr\/mondsichel\/","og_locale":"de_DE","og_type":"article","og_title":"Mondsichel - Heldenhaushalt","og_description":"Auch Helden erleben den t\u00e4glichen Wahnsinn, den ein Alltag mit sich bringt und Frau Mondgras sitzt mittendrin. Berlinerin, Mutter, Ehefrau, Kreativling und auf der st\u00e4ndigen Suche nach Gl\u00fcck... Hier wird gen\u00e4ht, gebacken, gebastelt und auch mal \u00fcber den Alltag gemault.","og_url":"https:\/\/www.heldenhaushalt.de\/sari02\/index.php\/geschichten-und-mehr\/mondsichel\/","og_site_name":"Heldenhaushalt","article_modified_time":"2007-05-10T18:23:40+00:00","twitter_card":"summary_large_image","twitter_site":"@Heldenhaushalt","twitter_misc":{"Gesch\u00e4tzte Lesezeit":"4\u00a0Minuten"},"schema":{"@context":"https:\/\/schema.org","@graph":[{"@type":"WebPage","@id":"https:\/\/www.heldenhaushalt.de\/sari02\/index.php\/geschichten-und-mehr\/mondsichel\/","url":"https:\/\/www.heldenhaushalt.de\/sari02\/index.php\/geschichten-und-mehr\/mondsichel\/","name":"Mondsichel - Heldenhaushalt","isPartOf":{"@id":"https:\/\/www.heldenhaushalt.de\/sari02\/#website"},"datePublished":"2007-04-15T14:27:02+00:00","dateModified":"2007-05-10T18:23:40+00:00","description":"Auch Helden erleben den t\u00e4glichen Wahnsinn, den ein Alltag mit sich bringt und Frau Mondgras sitzt mittendrin. Berlinerin, Mutter, Ehefrau, Kreativling und auf der st\u00e4ndigen Suche nach Gl\u00fcck... Hier wird gen\u00e4ht, gebacken, gebastelt und auch mal \u00fcber den Alltag gemault.","breadcrumb":{"@id":"https:\/\/www.heldenhaushalt.de\/sari02\/index.php\/geschichten-und-mehr\/mondsichel\/#breadcrumb"},"inLanguage":"de","potentialAction":[{"@type":"ReadAction","target":["https:\/\/www.heldenhaushalt.de\/sari02\/index.php\/geschichten-und-mehr\/mondsichel\/"]}]},{"@type":"BreadcrumbList","@id":"https:\/\/www.heldenhaushalt.de\/sari02\/index.php\/geschichten-und-mehr\/mondsichel\/#breadcrumb","itemListElement":[{"@type":"ListItem","position":1,"name":"Startseite","item":"https:\/\/www.heldenhaushalt.de\/sari02\/"},{"@type":"ListItem","position":2,"name":"WORTGEWAND \/\/ Die Geschichten&#8230;","item":"https:\/\/www.heldenhaushalt.de\/sari02\/index.php\/geschichten-und-mehr\/"},{"@type":"ListItem","position":3,"name":"Mondsichel"}]},{"@type":"WebSite","@id":"https:\/\/www.heldenhaushalt.de\/sari02\/#website","url":"https:\/\/www.heldenhaushalt.de\/sari02\/","name":"Heldenhaushalt","description":"Wer es ordentlich haben will, der muss vorher anrufen","publisher":{"@id":"https:\/\/www.heldenhaushalt.de\/sari02\/#\/schema\/person\/a1cc69f42a01f412eb62c151353814f6"},"potentialAction":[{"@type":"SearchAction","target":{"@type":"EntryPoint","urlTemplate":"https:\/\/www.heldenhaushalt.de\/sari02\/?s={search_term_string}"},"query-input":{"@type":"PropertyValueSpecification","valueRequired":true,"valueName":"search_term_string"}}],"inLanguage":"de"},{"@type":["Person","Organization"],"@id":"https:\/\/www.heldenhaushalt.de\/sari02\/#\/schema\/person\/a1cc69f42a01f412eb62c151353814f6","name":"Sari","image":{"@type":"ImageObject","inLanguage":"de","@id":"https:\/\/www.heldenhaushalt.de\/sari02\/wp-content\/uploads\/2019\/02\/sari-april2018.png","url":"https:\/\/www.heldenhaushalt.de\/sari02\/wp-content\/uploads\/2019\/02\/sari-april2018.png","contentUrl":"https:\/\/www.heldenhaushalt.de\/sari02\/wp-content\/uploads\/2019\/02\/sari-april2018.png","width":500,"height":500,"caption":"Sari"},"logo":{"@id":"https:\/\/www.heldenhaushalt.de\/sari02\/wp-content\/uploads\/2019\/02\/sari-april2018.png"},"description":"Frau Mondgras \u2013 Das bin ich, Sari. Gerne auch als Sari Mondgras bekannt und im Internet zu finden. 2-Fach-Mutter, Heldenehefrau, Kreativling, Harmonies\u00fcchtig und st\u00e4ndig auf der Suche nach Gl\u00fcck. Ich komme aus Berlin, bin hier aufgewachsen und lebe hier seit ich denken kann.","sameAs":["https:\/\/www.instagram.com\/heldenhaushalt\/"]}]}},"_links":{"self":[{"href":"https:\/\/www.heldenhaushalt.de\/sari02\/index.php\/wp-json\/wp\/v2\/pages\/37","targetHints":{"allow":["GET"]}}],"collection":[{"href":"https:\/\/www.heldenhaushalt.de\/sari02\/index.php\/wp-json\/wp\/v2\/pages"}],"about":[{"href":"https:\/\/www.heldenhaushalt.de\/sari02\/index.php\/wp-json\/wp\/v2\/types\/page"}],"author":[{"embeddable":true,"href":"https:\/\/www.heldenhaushalt.de\/sari02\/index.php\/wp-json\/wp\/v2\/users\/1"}],"replies":[{"embeddable":true,"href":"https:\/\/www.heldenhaushalt.de\/sari02\/index.php\/wp-json\/wp\/v2\/comments?post=37"}],"version-history":[{"count":0,"href":"https:\/\/www.heldenhaushalt.de\/sari02\/index.php\/wp-json\/wp\/v2\/pages\/37\/revisions"}],"up":[{"embeddable":true,"href":"https:\/\/www.heldenhaushalt.de\/sari02\/index.php\/wp-json\/wp\/v2\/pages\/35"}],"wp:attachment":[{"href":"https:\/\/www.heldenhaushalt.de\/sari02\/index.php\/wp-json\/wp\/v2\/media?parent=37"}],"curies":[{"name":"wp","href":"https:\/\/api.w.org\/{rel}","templated":true}]}}