{"id":38,"date":"2007-04-15T16:27:39","date_gmt":"2007-04-15T14:27:39","guid":{"rendered":"http:\/\/www.mondgras.de\/sari02\/?page_id=38"},"modified":"2007-05-10T20:23:53","modified_gmt":"2007-05-10T18:23:53","slug":"und-die-katzen","status":"publish","type":"page","link":"https:\/\/www.heldenhaushalt.de\/sari02\/index.php\/geschichten-und-mehr\/und-die-katzen\/","title":{"rendered":"Und die Katzen"},"content":{"rendered":"<p>Die F&#252;&#223;e um f&#252;nf Uhr morgens in das k&#252;hle Nass des strahlend blauen Pools baumeln zu lassen kann zu einer so fr&#252;hen Stunde nach einer langen nacht ohne jeglichen Schlaf wahre Wunder bewirken. Am Liebsten w&#228;re ich ganz in den k&#252;hlen und sanften Wellen des Wassers eingetaucht, doch ich hielt das letztendlich f&#252;r keine gute Idee, obwohl es eine wirklich angenehme Temperatur hatte, denn immerhin hatte ich noch mein Nachthemd und meinen H&#228;ckelpulli an. Wo h&#228;tte ich die nassen Sachen verstauen sollen, wo wir doch in ein paar Stunden aufbrechen wollten. Ich beobachtete eine schwarze Katze, die um den Pool herumtrottete und nach etwas suchte. Schwarze Katzen sollen ja angeblich Ungl&#252;ck bringen, doch davon hatte ich in den letzten zwei Wochen nicht bemerkt, als sie uns immer wieder im Vorgarten der kleinen Ferienwohnung in Umbrien besucht hatte. Zwei Wochen waren wir nun schon hier und haben es wirklich genossen, doch langsam kratzt der Gro&#223;stadtmensch wieder an unseren &#228;usseren Schalen und teilt uns mit, dass wir genug der l&#228;ndlichen Atmosph&#228;re genossen haben. Heute wollten wir wieder aufbrechen und an unseren geliebten Gardasee fahren, zu unserem zweiten zu Hause, wo wir schon viele au&#223;ergew&#246;hnliche Menschen kennengelernt haben und unsere Lieblingspl&#228;tze schon lange f&#252;r uns gefunden hatten. Ich hatte mir fest vorgenommen dieses Jahr mal wieder in dem Kunstladen in garda reinzuschauen. Au&#223;erdem wollte ich zusammen mit meiner j&#252;ngeren Schwester mit dem Fahrrad die naheliegenden und uns bekannten Orte abgrasen. Ich wollte so den Grundstein f&#252;r den Kampf gegen meinen sich st&#228;tig ausweitenden Bauch legen. Nach diesem Urlaub, der wohl auch mein letzter mit meinen Eltern gewesen sein wird, hatte ich mir fest vorgenommen zwei oder drei Mal die Woche schwimmen zu gehen. Meine Gedanken drifteten ab, als ich das Farbenspiel des Sonnenaufgangs beobachtete. Die &#220;berg&#228;nge verschwommen von einem hellen Blau in ein milchiges Wei&#223; und flossen dann &#252;ber zu einem zarten Rosa, das mit einem sanften Lila verschmolz. Noch nie hatte ich so etwas Sch&#246;nes gesehen und diesen Anblick w&#252;rde ich sicher niemals wieder vergessen&#8230; Mein Blick wanderte &#252;ber die weite Landschaft, die sich vor mir erstreckte und ich beobachtete verz&#252;ckt, wie riesige Rasenspr&#228;nger noch gr&#246;&#223;ere, gr&#252;nere B&#246;den schon die ganze Nacht mit Wasser versorgten. W&#228;hrend ich mich in der Dunkelheit meines Zimmer die ganze Zeit hin und her gedreht hatte, um die Position zu finden, die mich endlich in den ersehnten Schlaf sinken lassen sollte, hatte ich den pumpen gelauscht, die tapfer die Spr&#228;nger mit dem ben&#246;tigten Wasser versorgten. Es hatte hier seit Wochen nicht geregnet und die B&#246;den waren sehr trocken.<br \/>\nIrgendwann kapitulierte ich und stand auf, um meine F&#252;&#223;e in das erfrischende Blau des Pools zu tauchen. Und da sa&#223; ich nun und beobachtete all die Wunder der Natur, die in einer Woche von den grauen Stra&#223;en, qualmenden Autos und hohen H&#228;usern abgel&#246;st werden sollten. Ich blickte hoch zu der grellroten Sonne, die sich stetig ihren Weg zum h&#246;chsten Punkt des Himmels bahnte und dachte an ihn und wie sehr ich ihn vermisste. Er, der nun seit mehr als vier Jahren zu einem festen Bestandteil meines Lebens geworden war. Er w&#252;rde jetzt wohl noch in den tiefsten Tr&#228;umen in seinem bett in der Heimat liegen und friedlich vor sich hin schlummern. Ich zog die Beine aus dem Wasser, stand auf und beschloss sp&#228;ter noch ein letztes Mal mit dem Badeanzug bewaffnet wiederzukommen.<\/p>\n<p align=\"center\">Die Nacht verging ohne Schlaf<br \/>\nUnd als auch der letzte Stern<br \/>\nVerschwand<br \/>\nUnd die Dunkelheit von dem<br \/>\nFarbenspiel des Sonnenaufganges<br \/>\nAbgel&#246;st wurde,<br \/>\nwusste ich, dass der neue Tag<br \/>\nbegonnen hatte<br \/>\nund das Miauen dreier Babyk&#228;tzchen<br \/>\nbegr&#252;&#223;te mich&#8230;<\/p>\n<p>?Sarah Jakobeit 2003<\/p>\n<p><a href=\"http:\/\/www.heldenhaushalt.de\/sari02\/?page_id=35\">zur&#252;ck zu<strong> Wortgewand<\/strong><\/a><\/p>\n","protected":false},"excerpt":{"rendered":"<p>Die F&#252;&#223;e um f&#252;nf Uhr morgens in das k&#252;hle Nass des strahlend blauen Pools baumeln zu lassen kann zu einer so fr&#252;hen Stunde nach einer langen nacht ohne jeglichen Schlaf wahre Wunder bewirken. Am Liebsten w&#228;re ich ganz in den k&#252;hlen und sanften Wellen des Wassers eingetaucht, doch ich hielt das letztendlich f&#252;r keine gute Idee, obwohl es eine wirklich angenehme Temperatur hatte, denn immerhin hatte ich noch mein Nachthemd und meinen H&#228;ckelpulli an. Wo h&#228;tte ich die nassen Sachen verstauen sollen, wo wir doch in ein paar Stunden aufbrechen wollten. Ich beobachtete eine schwarze Katze, die um den Pool herumtrottete und nach etwas suchte. Schwarze Katzen sollen ja angeblich Ungl&#252;ck bringen, doch davon hatte ich in den letzten zwei Wochen nicht bemerkt, als sie uns immer wieder im Vorgarten der kleinen Ferienwohnung in Umbrien besucht hatte. Zwei Wochen waren wir nun schon hier und haben es wirklich genossen, doch langsam kratzt der Gro&#223;stadtmensch wieder an unseren &#228;usseren Schalen und teilt uns mit, dass wir genug der l&#228;ndlichen Atmosph&#228;re genossen haben. Heute wollten wir wieder aufbrechen und an unseren geliebten Gardasee fahren, zu unserem zweiten zu Hause, wo wir schon viele au&#223;ergew&#246;hnliche Menschen kennengelernt haben und unsere Lieblingspl&#228;tze schon lange f&#252;r uns gefunden hatten. Ich hatte mir fest vorgenommen dieses Jahr mal wieder in dem Kunstladen in garda reinzuschauen. Au&#223;erdem wollte ich zusammen mit meiner j&#252;ngeren Schwester mit dem Fahrrad die naheliegenden und uns bekannten Orte abgrasen. Ich wollte so den Grundstein f&#252;r den Kampf gegen meinen sich st&#228;tig ausweitenden Bauch legen. Nach diesem Urlaub, der wohl auch mein letzter mit meinen Eltern gewesen sein wird, hatte ich mir fest vorgenommen zwei oder drei Mal die Woche schwimmen zu gehen. Meine Gedanken drifteten ab, als ich das Farbenspiel des Sonnenaufgangs beobachtete. Die &#220;berg&#228;nge verschwommen von einem hellen Blau in ein milchiges Wei&#223; und flossen dann &#252;ber zu einem zarten Rosa, das mit einem sanften Lila verschmolz. Noch nie hatte ich so etwas Sch&#246;nes gesehen und diesen Anblick w&#252;rde ich sicher niemals wieder vergessen&#8230; Mein Blick wanderte &#252;ber die weite Landschaft, die sich vor mir erstreckte und ich beobachtete verz&#252;ckt, wie riesige Rasenspr&#228;nger noch gr&#246;&#223;ere, gr&#252;nere B&#246;den schon die ganze Nacht mit Wasser versorgten. W&#228;hrend ich mich in der Dunkelheit meines Zimmer die ganze Zeit hin und her gedreht hatte, um die Position zu finden, die mich endlich in den ersehnten Schlaf sinken lassen sollte, hatte ich den pumpen gelauscht, die tapfer die Spr&#228;nger mit dem ben&#246;tigten Wasser versorgten. Es hatte hier seit Wochen nicht geregnet und die B&#246;den waren sehr trocken. Irgendwann kapitulierte ich und stand auf, um meine F&#252;&#223;e in das erfrischende Blau des Pools zu tauchen. Und da sa&#223; ich nun und beobachtete all die Wunder der Natur, die in einer Woche von den grauen Stra&#223;en, qualmenden Autos und hohen H&#228;usern abgel&#246;st werden sollten. Ich blickte hoch zu der grellroten Sonne, die sich stetig ihren Weg zum h&#246;chsten Punkt des Himmels bahnte und dachte an ihn und wie sehr ich ihn vermisste. Er, der nun seit mehr als vier Jahren zu einem festen Bestandteil meines Lebens geworden war. Er w&#252;rde jetzt wohl noch in den tiefsten Tr&#228;umen in seinem bett in der Heimat liegen und friedlich vor sich hin schlummern. Ich zog die Beine aus dem Wasser, stand auf und beschloss sp&#228;ter noch ein letztes Mal mit dem Badeanzug bewaffnet wiederzukommen. Die Nacht verging ohne Schlaf Und als auch der letzte Stern Verschwand Und die Dunkelheit von dem Farbenspiel des Sonnenaufganges Abgel&#246;st wurde, wusste ich, dass der neue Tag begonnen hatte und das Miauen dreier Babyk&#228;tzchen begr&#252;&#223;te mich&#8230; ?Sarah Jakobeit 2003 zur&#252;ck zu Wortgewand<\/p>\n","protected":false},"author":1,"featured_media":0,"parent":35,"menu_order":0,"comment_status":"open","ping_status":"closed","template":"","meta":{"ngg_post_thumbnail":0,"footnotes":""},"class_list":["post-38","page","type-page","status-publish","hentry"],"yoast_head":"<!-- This site is optimized with the Yoast SEO plugin v27.5 - https:\/\/yoast.com\/product\/yoast-seo-wordpress\/ -->\n<title>Und die Katzen - Heldenhaushalt<\/title>\n<meta name=\"description\" content=\"Auch Helden erleben den t\u00e4glichen Wahnsinn, den ein Alltag mit sich bringt und Frau Mondgras sitzt mittendrin. Berlinerin, Mutter, Ehefrau, Kreativling und auf der st\u00e4ndigen Suche nach Gl\u00fcck... Hier wird gen\u00e4ht, gebacken, gebastelt und auch mal \u00fcber den Alltag gemault.\" \/>\n<meta name=\"robots\" content=\"index, follow, max-snippet:-1, max-image-preview:large, max-video-preview:-1\" \/>\n<link rel=\"canonical\" href=\"https:\/\/www.heldenhaushalt.de\/sari02\/index.php\/geschichten-und-mehr\/und-die-katzen\/\" \/>\n<meta property=\"og:locale\" content=\"de_DE\" \/>\n<meta property=\"og:type\" content=\"article\" \/>\n<meta property=\"og:title\" content=\"Und die Katzen - Heldenhaushalt\" \/>\n<meta property=\"og:description\" content=\"Auch Helden erleben den t\u00e4glichen Wahnsinn, den ein Alltag mit sich bringt und Frau Mondgras sitzt mittendrin. Berlinerin, Mutter, Ehefrau, Kreativling und auf der st\u00e4ndigen Suche nach Gl\u00fcck... Hier wird gen\u00e4ht, gebacken, gebastelt und auch mal \u00fcber den Alltag gemault.\" \/>\n<meta property=\"og:url\" content=\"https:\/\/www.heldenhaushalt.de\/sari02\/index.php\/geschichten-und-mehr\/und-die-katzen\/\" \/>\n<meta property=\"og:site_name\" content=\"Heldenhaushalt\" \/>\n<meta property=\"article:modified_time\" content=\"2007-05-10T18:23:53+00:00\" \/>\n<meta name=\"twitter:card\" content=\"summary_large_image\" \/>\n<meta name=\"twitter:site\" content=\"@Heldenhaushalt\" \/>\n<meta name=\"twitter:label1\" content=\"Gesch\u00e4tzte Lesezeit\" \/>\n\t<meta name=\"twitter:data1\" content=\"3\u00a0Minuten\" \/>\n<script type=\"application\/ld+json\" class=\"yoast-schema-graph\">{\"@context\":\"https:\\\/\\\/schema.org\",\"@graph\":[{\"@type\":\"WebPage\",\"@id\":\"https:\\\/\\\/www.heldenhaushalt.de\\\/sari02\\\/index.php\\\/geschichten-und-mehr\\\/und-die-katzen\\\/\",\"url\":\"https:\\\/\\\/www.heldenhaushalt.de\\\/sari02\\\/index.php\\\/geschichten-und-mehr\\\/und-die-katzen\\\/\",\"name\":\"Und die Katzen - Heldenhaushalt\",\"isPartOf\":{\"@id\":\"https:\\\/\\\/www.heldenhaushalt.de\\\/sari02\\\/#website\"},\"datePublished\":\"2007-04-15T14:27:39+00:00\",\"dateModified\":\"2007-05-10T18:23:53+00:00\",\"description\":\"Auch Helden erleben den t\u00e4glichen Wahnsinn, den ein Alltag mit sich bringt und Frau Mondgras sitzt mittendrin. Berlinerin, Mutter, Ehefrau, Kreativling und auf der st\u00e4ndigen Suche nach Gl\u00fcck... Hier wird gen\u00e4ht, gebacken, gebastelt und auch mal \u00fcber den Alltag gemault.\",\"breadcrumb\":{\"@id\":\"https:\\\/\\\/www.heldenhaushalt.de\\\/sari02\\\/index.php\\\/geschichten-und-mehr\\\/und-die-katzen\\\/#breadcrumb\"},\"inLanguage\":\"de\",\"potentialAction\":[{\"@type\":\"ReadAction\",\"target\":[\"https:\\\/\\\/www.heldenhaushalt.de\\\/sari02\\\/index.php\\\/geschichten-und-mehr\\\/und-die-katzen\\\/\"]}]},{\"@type\":\"BreadcrumbList\",\"@id\":\"https:\\\/\\\/www.heldenhaushalt.de\\\/sari02\\\/index.php\\\/geschichten-und-mehr\\\/und-die-katzen\\\/#breadcrumb\",\"itemListElement\":[{\"@type\":\"ListItem\",\"position\":1,\"name\":\"Startseite\",\"item\":\"https:\\\/\\\/www.heldenhaushalt.de\\\/sari02\\\/\"},{\"@type\":\"ListItem\",\"position\":2,\"name\":\"WORTGEWAND \\\/\\\/ Die Geschichten&#8230;\",\"item\":\"https:\\\/\\\/www.heldenhaushalt.de\\\/sari02\\\/index.php\\\/geschichten-und-mehr\\\/\"},{\"@type\":\"ListItem\",\"position\":3,\"name\":\"Und die Katzen\"}]},{\"@type\":\"WebSite\",\"@id\":\"https:\\\/\\\/www.heldenhaushalt.de\\\/sari02\\\/#website\",\"url\":\"https:\\\/\\\/www.heldenhaushalt.de\\\/sari02\\\/\",\"name\":\"Heldenhaushalt\",\"description\":\"Wer es ordentlich haben will, der muss vorher anrufen\",\"publisher\":{\"@id\":\"https:\\\/\\\/www.heldenhaushalt.de\\\/sari02\\\/#\\\/schema\\\/person\\\/a1cc69f42a01f412eb62c151353814f6\"},\"potentialAction\":[{\"@type\":\"SearchAction\",\"target\":{\"@type\":\"EntryPoint\",\"urlTemplate\":\"https:\\\/\\\/www.heldenhaushalt.de\\\/sari02\\\/?s={search_term_string}\"},\"query-input\":{\"@type\":\"PropertyValueSpecification\",\"valueRequired\":true,\"valueName\":\"search_term_string\"}}],\"inLanguage\":\"de\"},{\"@type\":[\"Person\",\"Organization\"],\"@id\":\"https:\\\/\\\/www.heldenhaushalt.de\\\/sari02\\\/#\\\/schema\\\/person\\\/a1cc69f42a01f412eb62c151353814f6\",\"name\":\"Sari\",\"image\":{\"@type\":\"ImageObject\",\"inLanguage\":\"de\",\"@id\":\"https:\\\/\\\/www.heldenhaushalt.de\\\/sari02\\\/wp-content\\\/uploads\\\/2019\\\/02\\\/sari-april2018.png\",\"url\":\"https:\\\/\\\/www.heldenhaushalt.de\\\/sari02\\\/wp-content\\\/uploads\\\/2019\\\/02\\\/sari-april2018.png\",\"contentUrl\":\"https:\\\/\\\/www.heldenhaushalt.de\\\/sari02\\\/wp-content\\\/uploads\\\/2019\\\/02\\\/sari-april2018.png\",\"width\":500,\"height\":500,\"caption\":\"Sari\"},\"logo\":{\"@id\":\"https:\\\/\\\/www.heldenhaushalt.de\\\/sari02\\\/wp-content\\\/uploads\\\/2019\\\/02\\\/sari-april2018.png\"},\"description\":\"Frau Mondgras \u2013 Das bin ich, Sari. Gerne auch als Sari Mondgras bekannt und im Internet zu finden. 2-Fach-Mutter, Heldenehefrau, Kreativling, Harmonies\u00fcchtig und st\u00e4ndig auf der Suche nach Gl\u00fcck. Ich komme aus Berlin, bin hier aufgewachsen und lebe hier seit ich denken kann.\",\"sameAs\":[\"https:\\\/\\\/www.instagram.com\\\/heldenhaushalt\\\/\"]}]}<\/script>\n<!-- \/ Yoast SEO plugin. -->","yoast_head_json":{"title":"Und die Katzen - Heldenhaushalt","description":"Auch Helden erleben den t\u00e4glichen Wahnsinn, den ein Alltag mit sich bringt und Frau Mondgras sitzt mittendrin. Berlinerin, Mutter, Ehefrau, Kreativling und auf der st\u00e4ndigen Suche nach Gl\u00fcck... Hier wird gen\u00e4ht, gebacken, gebastelt und auch mal \u00fcber den Alltag gemault.","robots":{"index":"index","follow":"follow","max-snippet":"max-snippet:-1","max-image-preview":"max-image-preview:large","max-video-preview":"max-video-preview:-1"},"canonical":"https:\/\/www.heldenhaushalt.de\/sari02\/index.php\/geschichten-und-mehr\/und-die-katzen\/","og_locale":"de_DE","og_type":"article","og_title":"Und die Katzen - Heldenhaushalt","og_description":"Auch Helden erleben den t\u00e4glichen Wahnsinn, den ein Alltag mit sich bringt und Frau Mondgras sitzt mittendrin. Berlinerin, Mutter, Ehefrau, Kreativling und auf der st\u00e4ndigen Suche nach Gl\u00fcck... Hier wird gen\u00e4ht, gebacken, gebastelt und auch mal \u00fcber den Alltag gemault.","og_url":"https:\/\/www.heldenhaushalt.de\/sari02\/index.php\/geschichten-und-mehr\/und-die-katzen\/","og_site_name":"Heldenhaushalt","article_modified_time":"2007-05-10T18:23:53+00:00","twitter_card":"summary_large_image","twitter_site":"@Heldenhaushalt","twitter_misc":{"Gesch\u00e4tzte Lesezeit":"3\u00a0Minuten"},"schema":{"@context":"https:\/\/schema.org","@graph":[{"@type":"WebPage","@id":"https:\/\/www.heldenhaushalt.de\/sari02\/index.php\/geschichten-und-mehr\/und-die-katzen\/","url":"https:\/\/www.heldenhaushalt.de\/sari02\/index.php\/geschichten-und-mehr\/und-die-katzen\/","name":"Und die Katzen - Heldenhaushalt","isPartOf":{"@id":"https:\/\/www.heldenhaushalt.de\/sari02\/#website"},"datePublished":"2007-04-15T14:27:39+00:00","dateModified":"2007-05-10T18:23:53+00:00","description":"Auch Helden erleben den t\u00e4glichen Wahnsinn, den ein Alltag mit sich bringt und Frau Mondgras sitzt mittendrin. Berlinerin, Mutter, Ehefrau, Kreativling und auf der st\u00e4ndigen Suche nach Gl\u00fcck... Hier wird gen\u00e4ht, gebacken, gebastelt und auch mal \u00fcber den Alltag gemault.","breadcrumb":{"@id":"https:\/\/www.heldenhaushalt.de\/sari02\/index.php\/geschichten-und-mehr\/und-die-katzen\/#breadcrumb"},"inLanguage":"de","potentialAction":[{"@type":"ReadAction","target":["https:\/\/www.heldenhaushalt.de\/sari02\/index.php\/geschichten-und-mehr\/und-die-katzen\/"]}]},{"@type":"BreadcrumbList","@id":"https:\/\/www.heldenhaushalt.de\/sari02\/index.php\/geschichten-und-mehr\/und-die-katzen\/#breadcrumb","itemListElement":[{"@type":"ListItem","position":1,"name":"Startseite","item":"https:\/\/www.heldenhaushalt.de\/sari02\/"},{"@type":"ListItem","position":2,"name":"WORTGEWAND \/\/ Die Geschichten&#8230;","item":"https:\/\/www.heldenhaushalt.de\/sari02\/index.php\/geschichten-und-mehr\/"},{"@type":"ListItem","position":3,"name":"Und die Katzen"}]},{"@type":"WebSite","@id":"https:\/\/www.heldenhaushalt.de\/sari02\/#website","url":"https:\/\/www.heldenhaushalt.de\/sari02\/","name":"Heldenhaushalt","description":"Wer es ordentlich haben will, der muss vorher anrufen","publisher":{"@id":"https:\/\/www.heldenhaushalt.de\/sari02\/#\/schema\/person\/a1cc69f42a01f412eb62c151353814f6"},"potentialAction":[{"@type":"SearchAction","target":{"@type":"EntryPoint","urlTemplate":"https:\/\/www.heldenhaushalt.de\/sari02\/?s={search_term_string}"},"query-input":{"@type":"PropertyValueSpecification","valueRequired":true,"valueName":"search_term_string"}}],"inLanguage":"de"},{"@type":["Person","Organization"],"@id":"https:\/\/www.heldenhaushalt.de\/sari02\/#\/schema\/person\/a1cc69f42a01f412eb62c151353814f6","name":"Sari","image":{"@type":"ImageObject","inLanguage":"de","@id":"https:\/\/www.heldenhaushalt.de\/sari02\/wp-content\/uploads\/2019\/02\/sari-april2018.png","url":"https:\/\/www.heldenhaushalt.de\/sari02\/wp-content\/uploads\/2019\/02\/sari-april2018.png","contentUrl":"https:\/\/www.heldenhaushalt.de\/sari02\/wp-content\/uploads\/2019\/02\/sari-april2018.png","width":500,"height":500,"caption":"Sari"},"logo":{"@id":"https:\/\/www.heldenhaushalt.de\/sari02\/wp-content\/uploads\/2019\/02\/sari-april2018.png"},"description":"Frau Mondgras \u2013 Das bin ich, Sari. Gerne auch als Sari Mondgras bekannt und im Internet zu finden. 2-Fach-Mutter, Heldenehefrau, Kreativling, Harmonies\u00fcchtig und st\u00e4ndig auf der Suche nach Gl\u00fcck. Ich komme aus Berlin, bin hier aufgewachsen und lebe hier seit ich denken kann.","sameAs":["https:\/\/www.instagram.com\/heldenhaushalt\/"]}]}},"_links":{"self":[{"href":"https:\/\/www.heldenhaushalt.de\/sari02\/index.php\/wp-json\/wp\/v2\/pages\/38","targetHints":{"allow":["GET"]}}],"collection":[{"href":"https:\/\/www.heldenhaushalt.de\/sari02\/index.php\/wp-json\/wp\/v2\/pages"}],"about":[{"href":"https:\/\/www.heldenhaushalt.de\/sari02\/index.php\/wp-json\/wp\/v2\/types\/page"}],"author":[{"embeddable":true,"href":"https:\/\/www.heldenhaushalt.de\/sari02\/index.php\/wp-json\/wp\/v2\/users\/1"}],"replies":[{"embeddable":true,"href":"https:\/\/www.heldenhaushalt.de\/sari02\/index.php\/wp-json\/wp\/v2\/comments?post=38"}],"version-history":[{"count":0,"href":"https:\/\/www.heldenhaushalt.de\/sari02\/index.php\/wp-json\/wp\/v2\/pages\/38\/revisions"}],"up":[{"embeddable":true,"href":"https:\/\/www.heldenhaushalt.de\/sari02\/index.php\/wp-json\/wp\/v2\/pages\/35"}],"wp:attachment":[{"href":"https:\/\/www.heldenhaushalt.de\/sari02\/index.php\/wp-json\/wp\/v2\/media?parent=38"}],"curies":[{"name":"wp","href":"https:\/\/api.w.org\/{rel}","templated":true}]}}