{"id":41,"date":"2007-04-15T16:30:09","date_gmt":"2007-04-15T14:30:09","guid":{"rendered":"http:\/\/www.mondgras.de\/sari02\/?page_id=41"},"modified":"2007-05-10T20:24:26","modified_gmt":"2007-05-10T18:24:26","slug":"nach-der-arbeit","status":"publish","type":"page","link":"https:\/\/www.heldenhaushalt.de\/sari02\/index.php\/geschichten-und-mehr\/nach-der-arbeit\/","title":{"rendered":"Nach der Arbeit"},"content":{"rendered":"<p>Es war ein sehr langer Tag gewesen.<br \/>\nLang und sehr anstrengend.<br \/>\nIch wei&#223; auch nicht warum, aber irgendwie war heute der Wurm drin gewesen. Nichts lief so, wie es sollte.<br \/>\nIch h&#228;tte nie gedacht, dass ich mal gl&#252;cklich dar&#252;ber sein w&#252;rde, in der Bahn zu sitzen. Normalerweise empfand ich das als wesentlich anstrengender, als die Arbeit.<br \/>\nDie Bahn war immer voll, die Luft stickig und das Gedr&#228;nge gro&#223;, aber heute konnte mich nichts mehr umhauen, daf&#252;r war ich einfach zu ko.<br \/>\nIch lehnte meinen Kopf gegen die Fensterscheibe und schlo&#223; die Augen. Was f&#252;r eine sch&#246;ne Stille&#8230;<br \/>\nMeine Mutter hatte schon recht; man kann sich jederzeit und &#252;berall Ruhe verschaffen, wenn man es nur wollte.<br \/>\nEin heftiges Ruckeln riss mich aus meinen Gedanken:&#8221; Entschuldigen sie, Fr&#228;ulein&#8221;, es fiel mir schwer die Augen zu &#246;ffnen, doch das Geruckel h&#246;rte nicht auf, &#8220;Entschuldigen sie, Fr&#228;ulein, Endstation, sie m&#252;ssen aussteigen!&#8221;<br \/>\nMit einem tiefen Seufzer b&#252;ckte ich mich nach meiner Tasche und erhob mich schwerf&#228;llig.<br \/>\n&#8220;Dankesch&#246;n&#8221;, nuschelte ich und stieg aus dem Zug.<br \/>\nIrgendetwas war seltsam an der Situation gewesen. Verwirrt drehte ich mich noch einmal zu der Bahn um und konnte meinen Augen kaum glauben. Ich war mir nichts sicher, aber ich h&#228;tte schw&#246;ren k&#246;nnen, dass der Schaffner von hinten wie ein riesiger Gorilla aussah. Haarig, sehr breite Schultern und lange Arme.<br \/>\nAls ich damit fertig war meine Augen zu reiben, hatte der Zug schon l&#228;ngst das Gleis wieder verlassen. Es war wohl nur ein Tagtraum gewesen, kein Wunder, nach dem Stress heute.<br \/>\nW&#228;hrend ich noch immer innerlich &#252;ber diese Vorstellung lachte, ein Gorilla in Schaffner-Uniform, registrierte ich langsam, dass der Bahnhof sich irgendwie ver&#228;ndert hatte. Das alte Holztor war keines mehr, dort, wo es normalerweise gestanden hatte leuchtete nun ein riesiger Torbogen in allen erdenklichen Farben. &#220;ber ihm schwebten in goldener, glitzernder Schrift, die vor dem Abendhimmel einfach nur traumhaft aussah, die W&#246;rter &#8220;Verr&#252;ckte Welt&#8221;.<br \/>\nWo war ich hier nur gelandet? Ich konnte mir ziemlich sicher sein, dass dies nicht meine Haltestelle war und ich konnte mir auch nicht vorstellen, dass man einen Bahnhof innerhalb eines Tages so massiv ver&#228;ndern konnte.<br \/>\nDie Stra&#223;en, die Laternen, die H&#228;user, ja sogar die Wiese erstrahlten in den buntesten Farben, die man sich nur vorstellen konnte.<br \/>\n&#8220;Da bist du ja endlich&#8221;, ert&#246;nte eine leise Stimme hinter mir. Erschrocken drehte ich mich in die Richtung, aus der ich die Stimme vermutete, aber da war nichts.<br \/>\n&#8220;Hier untern&#8221;, piepste es noch einmal und da sah ich sie: Eine kleine Katze, die mir direkt in die Augen sah und mit ihrer kleinen Zunge &#252;ber ihre spitzen Z&#228;hne leckte.<br \/>\n&#8220;Wa&#8230;&#8221;, mehr brachte ich nicht heraus, das wurde mir einfach zu viel!<br \/>\n&#8220;Komm, folge mir&#8221;, und ohne meine Antwort abzuwarten lief sie los. Vollkommen benommen schwankte ich hinter ihr her, unf&#228;hig nur einen klaren Gedanken zu fassen.<br \/>\nWenn ich so dar&#252;ber nachdachte, sofern das m&#246;glich war, hatte ich mich vielleicht doch nicht geirrt, was den Gorilla vorhin betraf.<br \/>\nDie Katze lief ohne ein Wort z&#252;gig vor mir her und ich war gespannt, was f&#252;r ein Wunder sie mir als n&#228;chstes zeigen w&#252;rde, denn inzwischen war ich mir sicher, dass ich das alles nur tr&#228;umen w&#252;rde und dass ich es genie&#223;en sollte. Immerhin konnten Tr&#228;ume einen nicht verletzen, was sollte also schon gro&#223; passieren.<br \/>\nPl&#246;tzlich blieb die Katze unvermittelt stehen.<br \/>\n&#8220;Wir sind da&#8221;, miaute sie und verschwand in der Dunkelheit des Gestr&#252;pps. Unsicher musterte ich die Umgebung, in der ich zur&#252;ckgelassen worden war. Ich stand vor einer gro&#223;en, alten und steinernden Villa, die mir im Gegensatz zum Bahnhof ziemlich heruntergekommen vorkam.<br \/>\nIch beschlo&#223; sie trotzdem einmal zu erkunden, wenn ich denn schon hier war und au&#223;erdem wirkte sie auf ihre heruntergekommene Art immer noch sch&#246;n, ruhig und sehr romantisch.<br \/>\nIch bahnte mir einen Weg durch das Gestr&#252;pp und dem Efeu, das schon fast das ganze Haus in sich verschlungen hatte und kam schlie&#223;lich in einen gro&#223;en, dunklen und staubigen Raum.<br \/>\nGerade, als ich weitergehen wollte entz&#252;ndete sich mitten im Raum eine einzelne Kerze. Faziniert von dem Scheindes Feuers lief ich langsam, fast wie hypnotisiert auf sie zu. Je n&#228;her ich kam, desto besser konnte man einen Schatten im Licht der Kerze erkennen.<br \/>\nErst als ich direkt davor stand konnte ich den Schatten identifizieren; es handelte sich um ein gro&#223;es, gl&#228;sernes Himmelbett, das geradezu dazu einlud sich in seine flauschigen,wei&#223;en Kissen zu legen und einfach zu tr&#228;umen.<br \/>\nVorsichtig streifte ich mir die Schuhe von meinen F&#252;&#223;en, legte meine Tasche ab und kletterte auf das Bett. Es war so weich und warm&#8230;<br \/>\n&#8220;Nur ein paar Minuten&#8221;, dachte ich und schlo&#223; die Augen.<br \/>\nIch tr&#228;umte von der Villa, der kleinen, grauen Katze, den atemberaubenden Farben dieser Stadt, dieser verr&#252;ckten Welt und ich tr&#228;umte von dem Gorilla&#8230;<br \/>\n&#8220;Entschuldigen sie, Fr&#228;ulein&#8221;, ein R&#252;tteln, &#8220;entschuldigen sie, Fr&#228;ulein, Endtstation, sie m&#252;ssen aussteigen!&#8221;<br \/>\nLangsam &#246;ffnete ich die Augen und sah in das faltige, liebensw&#252;rdige Gesicht des Schaffners, den ich jeden Tag in der Bahn antraf und l&#228;chelte&#8230;<\/p>\n<p><em> ?Sarah Jakobeit 2005<\/em><\/p>\n<p><a href=\"http:\/\/www.heldenhaushalt.de\/sari02\/?page_id=35\">zur&#252;ck zu<strong> Wortgewand<\/strong><\/a><\/p>\n","protected":false},"excerpt":{"rendered":"<p>Es war ein sehr langer Tag gewesen. Lang und sehr anstrengend. Ich wei&#223; auch nicht warum, aber irgendwie war heute der Wurm drin gewesen. Nichts lief so, wie es sollte. Ich h&#228;tte nie gedacht, dass ich mal gl&#252;cklich dar&#252;ber sein w&#252;rde, in der Bahn zu sitzen. Normalerweise empfand ich das als wesentlich anstrengender, als die Arbeit. Die Bahn war immer voll, die Luft stickig und das Gedr&#228;nge gro&#223;, aber heute konnte mich nichts mehr umhauen, daf&#252;r war ich einfach zu ko. Ich lehnte meinen Kopf gegen die Fensterscheibe und schlo&#223; die Augen. Was f&#252;r eine sch&#246;ne Stille&#8230; Meine Mutter hatte schon recht; man kann sich jederzeit und &#252;berall Ruhe verschaffen, wenn man es nur wollte. Ein heftiges Ruckeln riss mich aus meinen Gedanken:&#8221; Entschuldigen sie, Fr&#228;ulein&#8221;, es fiel mir schwer die Augen zu &#246;ffnen, doch das Geruckel h&#246;rte nicht auf, &#8220;Entschuldigen sie, Fr&#228;ulein, Endstation, sie m&#252;ssen aussteigen!&#8221; Mit einem tiefen Seufzer b&#252;ckte ich mich nach meiner Tasche und erhob mich schwerf&#228;llig. &#8220;Dankesch&#246;n&#8221;, nuschelte ich und stieg aus dem Zug. Irgendetwas war seltsam an der Situation gewesen. Verwirrt drehte ich mich noch einmal zu der Bahn um und konnte meinen Augen kaum glauben. Ich war mir nichts sicher, aber ich h&#228;tte schw&#246;ren k&#246;nnen, dass der Schaffner von hinten wie ein riesiger Gorilla aussah. Haarig, sehr breite Schultern und lange Arme. Als ich damit fertig war meine Augen zu reiben, hatte der Zug schon l&#228;ngst das Gleis wieder verlassen. Es war wohl nur ein Tagtraum gewesen, kein Wunder, nach dem Stress heute. W&#228;hrend ich noch immer innerlich &#252;ber diese Vorstellung lachte, ein Gorilla in Schaffner-Uniform, registrierte ich langsam, dass der Bahnhof sich irgendwie ver&#228;ndert hatte. Das alte Holztor war keines mehr, dort, wo es normalerweise gestanden hatte leuchtete nun ein riesiger Torbogen in allen erdenklichen Farben. &#220;ber ihm schwebten in goldener, glitzernder Schrift, die vor dem Abendhimmel einfach nur traumhaft aussah, die W&#246;rter &#8220;Verr&#252;ckte Welt&#8221;. Wo war ich hier nur gelandet? Ich konnte mir ziemlich sicher sein, dass dies nicht meine Haltestelle war und ich konnte mir auch nicht vorstellen, dass man einen Bahnhof innerhalb eines Tages so massiv ver&#228;ndern konnte. Die Stra&#223;en, die Laternen, die H&#228;user, ja sogar die Wiese erstrahlten in den buntesten Farben, die man sich nur vorstellen konnte. &#8220;Da bist du ja endlich&#8221;, ert&#246;nte eine leise Stimme hinter mir. Erschrocken drehte ich mich in die Richtung, aus der ich die Stimme vermutete, aber da war nichts. &#8220;Hier untern&#8221;, piepste es noch einmal und da sah ich sie: Eine kleine Katze, die mir direkt in die Augen sah und mit ihrer kleinen Zunge &#252;ber ihre spitzen Z&#228;hne leckte. &#8220;Wa&#8230;&#8221;, mehr brachte ich nicht heraus, das wurde mir einfach zu viel! &#8220;Komm, folge mir&#8221;, und ohne meine Antwort abzuwarten lief sie los. Vollkommen benommen schwankte ich hinter ihr her, unf&#228;hig nur einen klaren Gedanken zu fassen. Wenn ich so dar&#252;ber nachdachte, sofern das m&#246;glich war, hatte ich mich vielleicht doch nicht geirrt, was den Gorilla vorhin betraf. Die Katze lief ohne ein Wort z&#252;gig vor mir her und ich war gespannt, was f&#252;r ein Wunder sie mir als n&#228;chstes zeigen w&#252;rde, denn inzwischen war ich mir sicher, dass ich das alles nur tr&#228;umen w&#252;rde und dass ich es genie&#223;en sollte. Immerhin konnten Tr&#228;ume einen nicht verletzen, was sollte also schon gro&#223; passieren. Pl&#246;tzlich blieb die Katze unvermittelt stehen. &#8220;Wir sind da&#8221;, miaute sie und verschwand in der Dunkelheit des Gestr&#252;pps. Unsicher musterte ich die Umgebung, in der ich zur&#252;ckgelassen worden war. Ich stand vor einer gro&#223;en, alten und steinernden Villa, die mir im Gegensatz zum Bahnhof ziemlich heruntergekommen vorkam. Ich beschlo&#223; sie trotzdem einmal zu erkunden, wenn ich denn schon hier war und au&#223;erdem wirkte sie auf ihre heruntergekommene Art immer noch sch&#246;n, ruhig und sehr romantisch. Ich bahnte mir einen Weg durch das Gestr&#252;pp und dem Efeu, das schon fast das ganze Haus in sich verschlungen hatte und kam schlie&#223;lich in einen gro&#223;en, dunklen und staubigen Raum. Gerade, als ich weitergehen wollte entz&#252;ndete sich mitten im Raum eine einzelne Kerze. Faziniert von dem Scheindes Feuers lief ich langsam, fast wie hypnotisiert auf sie zu. Je n&#228;her ich kam, desto besser konnte man einen Schatten im Licht der Kerze erkennen. Erst als ich direkt davor stand konnte ich den Schatten identifizieren; es handelte sich um ein gro&#223;es, gl&#228;sernes Himmelbett, das geradezu dazu einlud sich in seine flauschigen,wei&#223;en Kissen zu legen und einfach zu tr&#228;umen. Vorsichtig streifte ich mir die Schuhe von meinen F&#252;&#223;en, legte meine Tasche ab und kletterte auf das Bett. Es war so weich und warm&#8230; &#8220;Nur ein paar Minuten&#8221;, dachte ich und schlo&#223; die Augen. Ich tr&#228;umte von der Villa, der kleinen, grauen Katze, den atemberaubenden Farben dieser Stadt, dieser verr&#252;ckten Welt und ich tr&#228;umte von dem Gorilla&#8230; &#8220;Entschuldigen sie, Fr&#228;ulein&#8221;, ein R&#252;tteln, &#8220;entschuldigen sie, Fr&#228;ulein, Endtstation, sie m&#252;ssen aussteigen!&#8221; Langsam &#246;ffnete ich die Augen und sah in das faltige, liebensw&#252;rdige Gesicht des Schaffners, den ich jeden Tag in der Bahn antraf und l&#228;chelte&#8230; ?Sarah Jakobeit 2005 zur&#252;ck zu Wortgewand<\/p>\n","protected":false},"author":1,"featured_media":0,"parent":35,"menu_order":0,"comment_status":"open","ping_status":"closed","template":"","meta":{"ngg_post_thumbnail":0,"footnotes":""},"class_list":["post-41","page","type-page","status-publish","hentry"],"yoast_head":"<!-- This site is optimized with the Yoast SEO plugin v27.5 - https:\/\/yoast.com\/product\/yoast-seo-wordpress\/ -->\n<title>Nach der Arbeit - Heldenhaushalt<\/title>\n<meta name=\"description\" content=\"Auch Helden erleben den t\u00e4glichen Wahnsinn, den ein Alltag mit sich bringt und Frau Mondgras sitzt mittendrin. Berlinerin, Mutter, Ehefrau, Kreativling und auf der st\u00e4ndigen Suche nach Gl\u00fcck... Hier wird gen\u00e4ht, gebacken, gebastelt und auch mal \u00fcber den Alltag gemault.\" \/>\n<meta name=\"robots\" content=\"index, follow, max-snippet:-1, max-image-preview:large, max-video-preview:-1\" \/>\n<link rel=\"canonical\" href=\"https:\/\/www.heldenhaushalt.de\/sari02\/index.php\/geschichten-und-mehr\/nach-der-arbeit\/\" \/>\n<meta property=\"og:locale\" content=\"de_DE\" \/>\n<meta property=\"og:type\" content=\"article\" \/>\n<meta property=\"og:title\" content=\"Nach der Arbeit - Heldenhaushalt\" \/>\n<meta property=\"og:description\" content=\"Auch Helden erleben den t\u00e4glichen Wahnsinn, den ein Alltag mit sich bringt und Frau Mondgras sitzt mittendrin. Berlinerin, Mutter, Ehefrau, Kreativling und auf der st\u00e4ndigen Suche nach Gl\u00fcck... Hier wird gen\u00e4ht, gebacken, gebastelt und auch mal \u00fcber den Alltag gemault.\" \/>\n<meta property=\"og:url\" content=\"https:\/\/www.heldenhaushalt.de\/sari02\/index.php\/geschichten-und-mehr\/nach-der-arbeit\/\" \/>\n<meta property=\"og:site_name\" content=\"Heldenhaushalt\" \/>\n<meta property=\"article:modified_time\" content=\"2007-05-10T18:24:26+00:00\" \/>\n<meta name=\"twitter:card\" content=\"summary_large_image\" \/>\n<meta name=\"twitter:site\" content=\"@Heldenhaushalt\" \/>\n<meta name=\"twitter:label1\" content=\"Gesch\u00e4tzte Lesezeit\" \/>\n\t<meta name=\"twitter:data1\" content=\"4\u00a0Minuten\" \/>\n<script type=\"application\/ld+json\" class=\"yoast-schema-graph\">{\"@context\":\"https:\\\/\\\/schema.org\",\"@graph\":[{\"@type\":\"WebPage\",\"@id\":\"https:\\\/\\\/www.heldenhaushalt.de\\\/sari02\\\/index.php\\\/geschichten-und-mehr\\\/nach-der-arbeit\\\/\",\"url\":\"https:\\\/\\\/www.heldenhaushalt.de\\\/sari02\\\/index.php\\\/geschichten-und-mehr\\\/nach-der-arbeit\\\/\",\"name\":\"Nach der Arbeit - Heldenhaushalt\",\"isPartOf\":{\"@id\":\"https:\\\/\\\/www.heldenhaushalt.de\\\/sari02\\\/#website\"},\"datePublished\":\"2007-04-15T14:30:09+00:00\",\"dateModified\":\"2007-05-10T18:24:26+00:00\",\"description\":\"Auch Helden erleben den t\u00e4glichen Wahnsinn, den ein Alltag mit sich bringt und Frau Mondgras sitzt mittendrin. Berlinerin, Mutter, Ehefrau, Kreativling und auf der st\u00e4ndigen Suche nach Gl\u00fcck... Hier wird gen\u00e4ht, gebacken, gebastelt und auch mal \u00fcber den Alltag gemault.\",\"breadcrumb\":{\"@id\":\"https:\\\/\\\/www.heldenhaushalt.de\\\/sari02\\\/index.php\\\/geschichten-und-mehr\\\/nach-der-arbeit\\\/#breadcrumb\"},\"inLanguage\":\"de\",\"potentialAction\":[{\"@type\":\"ReadAction\",\"target\":[\"https:\\\/\\\/www.heldenhaushalt.de\\\/sari02\\\/index.php\\\/geschichten-und-mehr\\\/nach-der-arbeit\\\/\"]}]},{\"@type\":\"BreadcrumbList\",\"@id\":\"https:\\\/\\\/www.heldenhaushalt.de\\\/sari02\\\/index.php\\\/geschichten-und-mehr\\\/nach-der-arbeit\\\/#breadcrumb\",\"itemListElement\":[{\"@type\":\"ListItem\",\"position\":1,\"name\":\"Startseite\",\"item\":\"https:\\\/\\\/www.heldenhaushalt.de\\\/sari02\\\/\"},{\"@type\":\"ListItem\",\"position\":2,\"name\":\"WORTGEWAND \\\/\\\/ Die Geschichten&#8230;\",\"item\":\"https:\\\/\\\/www.heldenhaushalt.de\\\/sari02\\\/index.php\\\/geschichten-und-mehr\\\/\"},{\"@type\":\"ListItem\",\"position\":3,\"name\":\"Nach der Arbeit\"}]},{\"@type\":\"WebSite\",\"@id\":\"https:\\\/\\\/www.heldenhaushalt.de\\\/sari02\\\/#website\",\"url\":\"https:\\\/\\\/www.heldenhaushalt.de\\\/sari02\\\/\",\"name\":\"Heldenhaushalt\",\"description\":\"Wer es ordentlich haben will, der muss vorher anrufen\",\"publisher\":{\"@id\":\"https:\\\/\\\/www.heldenhaushalt.de\\\/sari02\\\/#\\\/schema\\\/person\\\/a1cc69f42a01f412eb62c151353814f6\"},\"potentialAction\":[{\"@type\":\"SearchAction\",\"target\":{\"@type\":\"EntryPoint\",\"urlTemplate\":\"https:\\\/\\\/www.heldenhaushalt.de\\\/sari02\\\/?s={search_term_string}\"},\"query-input\":{\"@type\":\"PropertyValueSpecification\",\"valueRequired\":true,\"valueName\":\"search_term_string\"}}],\"inLanguage\":\"de\"},{\"@type\":[\"Person\",\"Organization\"],\"@id\":\"https:\\\/\\\/www.heldenhaushalt.de\\\/sari02\\\/#\\\/schema\\\/person\\\/a1cc69f42a01f412eb62c151353814f6\",\"name\":\"Sari\",\"image\":{\"@type\":\"ImageObject\",\"inLanguage\":\"de\",\"@id\":\"https:\\\/\\\/www.heldenhaushalt.de\\\/sari02\\\/wp-content\\\/uploads\\\/2019\\\/02\\\/sari-april2018.png\",\"url\":\"https:\\\/\\\/www.heldenhaushalt.de\\\/sari02\\\/wp-content\\\/uploads\\\/2019\\\/02\\\/sari-april2018.png\",\"contentUrl\":\"https:\\\/\\\/www.heldenhaushalt.de\\\/sari02\\\/wp-content\\\/uploads\\\/2019\\\/02\\\/sari-april2018.png\",\"width\":500,\"height\":500,\"caption\":\"Sari\"},\"logo\":{\"@id\":\"https:\\\/\\\/www.heldenhaushalt.de\\\/sari02\\\/wp-content\\\/uploads\\\/2019\\\/02\\\/sari-april2018.png\"},\"description\":\"Frau Mondgras \u2013 Das bin ich, Sari. Gerne auch als Sari Mondgras bekannt und im Internet zu finden. 2-Fach-Mutter, Heldenehefrau, Kreativling, Harmonies\u00fcchtig und st\u00e4ndig auf der Suche nach Gl\u00fcck. Ich komme aus Berlin, bin hier aufgewachsen und lebe hier seit ich denken kann.\",\"sameAs\":[\"https:\\\/\\\/www.instagram.com\\\/heldenhaushalt\\\/\"]}]}<\/script>\n<!-- \/ Yoast SEO plugin. -->","yoast_head_json":{"title":"Nach der Arbeit - Heldenhaushalt","description":"Auch Helden erleben den t\u00e4glichen Wahnsinn, den ein Alltag mit sich bringt und Frau Mondgras sitzt mittendrin. Berlinerin, Mutter, Ehefrau, Kreativling und auf der st\u00e4ndigen Suche nach Gl\u00fcck... Hier wird gen\u00e4ht, gebacken, gebastelt und auch mal \u00fcber den Alltag gemault.","robots":{"index":"index","follow":"follow","max-snippet":"max-snippet:-1","max-image-preview":"max-image-preview:large","max-video-preview":"max-video-preview:-1"},"canonical":"https:\/\/www.heldenhaushalt.de\/sari02\/index.php\/geschichten-und-mehr\/nach-der-arbeit\/","og_locale":"de_DE","og_type":"article","og_title":"Nach der Arbeit - Heldenhaushalt","og_description":"Auch Helden erleben den t\u00e4glichen Wahnsinn, den ein Alltag mit sich bringt und Frau Mondgras sitzt mittendrin. Berlinerin, Mutter, Ehefrau, Kreativling und auf der st\u00e4ndigen Suche nach Gl\u00fcck... Hier wird gen\u00e4ht, gebacken, gebastelt und auch mal \u00fcber den Alltag gemault.","og_url":"https:\/\/www.heldenhaushalt.de\/sari02\/index.php\/geschichten-und-mehr\/nach-der-arbeit\/","og_site_name":"Heldenhaushalt","article_modified_time":"2007-05-10T18:24:26+00:00","twitter_card":"summary_large_image","twitter_site":"@Heldenhaushalt","twitter_misc":{"Gesch\u00e4tzte Lesezeit":"4\u00a0Minuten"},"schema":{"@context":"https:\/\/schema.org","@graph":[{"@type":"WebPage","@id":"https:\/\/www.heldenhaushalt.de\/sari02\/index.php\/geschichten-und-mehr\/nach-der-arbeit\/","url":"https:\/\/www.heldenhaushalt.de\/sari02\/index.php\/geschichten-und-mehr\/nach-der-arbeit\/","name":"Nach der Arbeit - Heldenhaushalt","isPartOf":{"@id":"https:\/\/www.heldenhaushalt.de\/sari02\/#website"},"datePublished":"2007-04-15T14:30:09+00:00","dateModified":"2007-05-10T18:24:26+00:00","description":"Auch Helden erleben den t\u00e4glichen Wahnsinn, den ein Alltag mit sich bringt und Frau Mondgras sitzt mittendrin. Berlinerin, Mutter, Ehefrau, Kreativling und auf der st\u00e4ndigen Suche nach Gl\u00fcck... Hier wird gen\u00e4ht, gebacken, gebastelt und auch mal \u00fcber den Alltag gemault.","breadcrumb":{"@id":"https:\/\/www.heldenhaushalt.de\/sari02\/index.php\/geschichten-und-mehr\/nach-der-arbeit\/#breadcrumb"},"inLanguage":"de","potentialAction":[{"@type":"ReadAction","target":["https:\/\/www.heldenhaushalt.de\/sari02\/index.php\/geschichten-und-mehr\/nach-der-arbeit\/"]}]},{"@type":"BreadcrumbList","@id":"https:\/\/www.heldenhaushalt.de\/sari02\/index.php\/geschichten-und-mehr\/nach-der-arbeit\/#breadcrumb","itemListElement":[{"@type":"ListItem","position":1,"name":"Startseite","item":"https:\/\/www.heldenhaushalt.de\/sari02\/"},{"@type":"ListItem","position":2,"name":"WORTGEWAND \/\/ Die Geschichten&#8230;","item":"https:\/\/www.heldenhaushalt.de\/sari02\/index.php\/geschichten-und-mehr\/"},{"@type":"ListItem","position":3,"name":"Nach der Arbeit"}]},{"@type":"WebSite","@id":"https:\/\/www.heldenhaushalt.de\/sari02\/#website","url":"https:\/\/www.heldenhaushalt.de\/sari02\/","name":"Heldenhaushalt","description":"Wer es ordentlich haben will, der muss vorher anrufen","publisher":{"@id":"https:\/\/www.heldenhaushalt.de\/sari02\/#\/schema\/person\/a1cc69f42a01f412eb62c151353814f6"},"potentialAction":[{"@type":"SearchAction","target":{"@type":"EntryPoint","urlTemplate":"https:\/\/www.heldenhaushalt.de\/sari02\/?s={search_term_string}"},"query-input":{"@type":"PropertyValueSpecification","valueRequired":true,"valueName":"search_term_string"}}],"inLanguage":"de"},{"@type":["Person","Organization"],"@id":"https:\/\/www.heldenhaushalt.de\/sari02\/#\/schema\/person\/a1cc69f42a01f412eb62c151353814f6","name":"Sari","image":{"@type":"ImageObject","inLanguage":"de","@id":"https:\/\/www.heldenhaushalt.de\/sari02\/wp-content\/uploads\/2019\/02\/sari-april2018.png","url":"https:\/\/www.heldenhaushalt.de\/sari02\/wp-content\/uploads\/2019\/02\/sari-april2018.png","contentUrl":"https:\/\/www.heldenhaushalt.de\/sari02\/wp-content\/uploads\/2019\/02\/sari-april2018.png","width":500,"height":500,"caption":"Sari"},"logo":{"@id":"https:\/\/www.heldenhaushalt.de\/sari02\/wp-content\/uploads\/2019\/02\/sari-april2018.png"},"description":"Frau Mondgras \u2013 Das bin ich, Sari. Gerne auch als Sari Mondgras bekannt und im Internet zu finden. 2-Fach-Mutter, Heldenehefrau, Kreativling, Harmonies\u00fcchtig und st\u00e4ndig auf der Suche nach Gl\u00fcck. Ich komme aus Berlin, bin hier aufgewachsen und lebe hier seit ich denken kann.","sameAs":["https:\/\/www.instagram.com\/heldenhaushalt\/"]}]}},"_links":{"self":[{"href":"https:\/\/www.heldenhaushalt.de\/sari02\/index.php\/wp-json\/wp\/v2\/pages\/41","targetHints":{"allow":["GET"]}}],"collection":[{"href":"https:\/\/www.heldenhaushalt.de\/sari02\/index.php\/wp-json\/wp\/v2\/pages"}],"about":[{"href":"https:\/\/www.heldenhaushalt.de\/sari02\/index.php\/wp-json\/wp\/v2\/types\/page"}],"author":[{"embeddable":true,"href":"https:\/\/www.heldenhaushalt.de\/sari02\/index.php\/wp-json\/wp\/v2\/users\/1"}],"replies":[{"embeddable":true,"href":"https:\/\/www.heldenhaushalt.de\/sari02\/index.php\/wp-json\/wp\/v2\/comments?post=41"}],"version-history":[{"count":0,"href":"https:\/\/www.heldenhaushalt.de\/sari02\/index.php\/wp-json\/wp\/v2\/pages\/41\/revisions"}],"up":[{"embeddable":true,"href":"https:\/\/www.heldenhaushalt.de\/sari02\/index.php\/wp-json\/wp\/v2\/pages\/35"}],"wp:attachment":[{"href":"https:\/\/www.heldenhaushalt.de\/sari02\/index.php\/wp-json\/wp\/v2\/media?parent=41"}],"curies":[{"name":"wp","href":"https:\/\/api.w.org\/{rel}","templated":true}]}}