{"id":42,"date":"2007-04-15T16:30:57","date_gmt":"2007-04-15T14:30:57","guid":{"rendered":"http:\/\/www.mondgras.de\/sari02\/?page_id=42"},"modified":"2007-05-10T20:24:34","modified_gmt":"2007-05-10T18:24:34","slug":"mutters-stolz","status":"publish","type":"page","link":"https:\/\/www.heldenhaushalt.de\/sari02\/index.php\/geschichten-und-mehr\/mutters-stolz\/","title":{"rendered":"Mutters Stolz"},"content":{"rendered":"[<strong>ANM.:<\/strong><em>Im Vertiefungskurs &#8220;Kunst und Alltag anderer Kulturen&#8221; besuchten wir die afrikanische Abteilung des Ethnologischen Museums in Berlin Dahlem. Aufgabe war es, eine Geschichte zu einer der Ausstellungsst&#252;cke zu schreiben. Meine Wahl fiel dabei auf eine Maske, die die Mutter darstellen sollte.<\/em>]\n<p>Das Lagerfeuer brannte lichterloh in der Mitte eines gro&#223;en Platzes.<br \/>\nAlle waren an diesem Abend zusammen gekommen. Alle.<br \/>\nSie sa&#223; an der Seite, den Kopf leicht gesenkt, wartend. Noch war es nicht so weit.<br \/>\nSie lauschte dem Knistern des Holzes, dem Rauschen der Flammen.<br \/>\nDas Stimmenwirrwarr um sie herum hatte sie ausgeblendet. Sie wollte der Natur lauschen. Ihrem Herzen lauschen. Ihren Rhythmus finden.<br \/>\nSie lauschte.<br \/>\nSie lauschte und h&#246;rte nun ein dumpfes Pochen. Ganz leicht.<br \/>\n<em>Bump bump?  <\/em><br \/>\nSie konzentrierte sich mehr, intensiver.<br \/>\n<em>Bump bump?bump bump?  <\/em><br \/>\nEs ging ein Raunen durch die Menge um sie herum.<br \/>\nSie waren nun an der Reihe, doch noch lauschte sie.<br \/>\n<em>Bump bump bump?.bump bump? <\/em><\/p>\n<p>Das Raunen in der Menge schlug in einen Jubel um, den sie schon lange nicht mehr vernommen hatte.<br \/>\nEs war nun wirklich an der Zeit gewesen.<\/p>\n<p>Schritte erklangen. Pochend, h&#252;pfend, stampfend. Sie waren da.<br \/>\nNoch wanderten sie ziellos &#252;ber den Platz.<br \/>\nDie K&#246;pfe wackelten wie in Ekstase hin und her. Hin und her, von einer Seite zur anderen. Fast schon suchend.<br \/>\nAus den unkontrollierten Bewegungen wurden sichere und pulsierende Bewegungsabfolgen, die einem stummen Rhythmus zu folgen schienen, denn Musik vernahm man nicht.<\/p>\n<p>Langsam hob sie den Kopf. Es war soweit, ihre Kinder hatten ihren H&#246;hepunkt erreicht.<br \/>\nSie drehten und sprangen, sie wirbelten durch die kreischende, schreiende Menschenmenge. Hoben hier und da wie Wilde ihre Arme, die Finger zu Klauen, Pfoten oder &#228;hnlichem verbogen.<\/p>\n<p><em>Bump, bump, bump?   <\/em><br \/>\nDer Rhythmus ihrer S&#246;hne hatte sich auf ihr Herz &#252;bertragen. Vermischte sich mit ihrem eigenen und formte einen vollkommen neuen, der sie zusammenschmelzen lie&#223;.<br \/>\nSie und ihre S&#246;hne waren eins. Untrennbar, verbunden durch die Musik, die in ihrem Herzen ruhte.<\/p>\n<p>Sie sprang auf und stampfte wie wild, in einem bestialischen Rhythmus gemeinsam mit ihren S&#246;hnen. Die F&#252;&#223;e, geschm&#252;ckt mit Palmenwedeln, Gr&#228;sern und anderem Gr&#252;nzeug, bewegten sich in einer Schnelligkeit, die man mit dem blo&#223;en Auge kaum wahrnehmen konnte.<br \/>\nSie waren eine Einheit, eine Familie, ein Rhythmus.<\/p>\n<p>Und sie war stolz darauf.<\/p>\n<p><em> ? Sarah Jakobeit 2007<\/em><\/p>\n<p><a href=\"http:\/\/www.heldenhaushalt.de\/sari02\/?page_id=35\">zur&#252;ck zu<strong> Wortgewand<\/strong><\/a><\/p>\n","protected":false},"excerpt":{"rendered":"<p>[ANM.:Im Vertiefungskurs &#8220;Kunst und Alltag anderer Kulturen&#8221; besuchten wir die afrikanische Abteilung des Ethnologischen Museums in Berlin Dahlem. Aufgabe war es, eine Geschichte zu einer der Ausstellungsst&#252;cke zu schreiben. Meine Wahl fiel dabei auf eine Maske, die die Mutter darstellen sollte.] Das Lagerfeuer brannte lichterloh in der Mitte eines gro&#223;en Platzes. Alle waren an diesem Abend zusammen gekommen. Alle. Sie sa&#223; an der Seite, den Kopf leicht gesenkt, wartend. Noch war es nicht so weit. Sie lauschte dem Knistern des Holzes, dem Rauschen der Flammen. Das Stimmenwirrwarr um sie herum hatte sie ausgeblendet. Sie wollte der Natur lauschen. Ihrem Herzen lauschen. Ihren Rhythmus finden. Sie lauschte. Sie lauschte und h&#246;rte nun ein dumpfes Pochen. Ganz leicht. Bump bump? Sie konzentrierte sich mehr, intensiver. Bump bump?bump bump? Es ging ein Raunen durch die Menge um sie herum. Sie waren nun an der Reihe, doch noch lauschte sie. Bump bump bump?.bump bump? Das Raunen in der Menge schlug in einen Jubel um, den sie schon lange nicht mehr vernommen hatte. Es war nun wirklich an der Zeit gewesen. Schritte erklangen. Pochend, h&#252;pfend, stampfend. Sie waren da. Noch wanderten sie ziellos &#252;ber den Platz. Die K&#246;pfe wackelten wie in Ekstase hin und her. Hin und her, von einer Seite zur anderen. Fast schon suchend. Aus den unkontrollierten Bewegungen wurden sichere und pulsierende Bewegungsabfolgen, die einem stummen Rhythmus zu folgen schienen, denn Musik vernahm man nicht. Langsam hob sie den Kopf. Es war soweit, ihre Kinder hatten ihren H&#246;hepunkt erreicht. Sie drehten und sprangen, sie wirbelten durch die kreischende, schreiende Menschenmenge. Hoben hier und da wie Wilde ihre Arme, die Finger zu Klauen, Pfoten oder &#228;hnlichem verbogen. Bump, bump, bump? Der Rhythmus ihrer S&#246;hne hatte sich auf ihr Herz &#252;bertragen. Vermischte sich mit ihrem eigenen und formte einen vollkommen neuen, der sie zusammenschmelzen lie&#223;. Sie und ihre S&#246;hne waren eins. Untrennbar, verbunden durch die Musik, die in ihrem Herzen ruhte. Sie sprang auf und stampfte wie wild, in einem bestialischen Rhythmus gemeinsam mit ihren S&#246;hnen. Die F&#252;&#223;e, geschm&#252;ckt mit Palmenwedeln, Gr&#228;sern und anderem Gr&#252;nzeug, bewegten sich in einer Schnelligkeit, die man mit dem blo&#223;en Auge kaum wahrnehmen konnte. Sie waren eine Einheit, eine Familie, ein Rhythmus. Und sie war stolz darauf. ? Sarah Jakobeit 2007 zur&#252;ck zu Wortgewand<\/p>\n","protected":false},"author":1,"featured_media":0,"parent":35,"menu_order":0,"comment_status":"open","ping_status":"closed","template":"","meta":{"ngg_post_thumbnail":0,"footnotes":""},"class_list":["post-42","page","type-page","status-publish","hentry"],"yoast_head":"<!-- This site is optimized with the Yoast SEO plugin v27.5 - https:\/\/yoast.com\/product\/yoast-seo-wordpress\/ -->\n<title>Mutters Stolz - Heldenhaushalt<\/title>\n<meta name=\"description\" content=\"Auch Helden erleben den t\u00e4glichen Wahnsinn, den ein Alltag mit sich bringt und Frau Mondgras sitzt mittendrin. Berlinerin, Mutter, Ehefrau, Kreativling und auf der st\u00e4ndigen Suche nach Gl\u00fcck... Hier wird gen\u00e4ht, gebacken, gebastelt und auch mal \u00fcber den Alltag gemault.\" \/>\n<meta name=\"robots\" content=\"index, follow, max-snippet:-1, max-image-preview:large, max-video-preview:-1\" \/>\n<link rel=\"canonical\" href=\"https:\/\/www.heldenhaushalt.de\/sari02\/index.php\/geschichten-und-mehr\/mutters-stolz\/\" \/>\n<meta property=\"og:locale\" content=\"de_DE\" \/>\n<meta property=\"og:type\" content=\"article\" \/>\n<meta property=\"og:title\" content=\"Mutters Stolz - Heldenhaushalt\" \/>\n<meta property=\"og:description\" content=\"Auch Helden erleben den t\u00e4glichen Wahnsinn, den ein Alltag mit sich bringt und Frau Mondgras sitzt mittendrin. Berlinerin, Mutter, Ehefrau, Kreativling und auf der st\u00e4ndigen Suche nach Gl\u00fcck... Hier wird gen\u00e4ht, gebacken, gebastelt und auch mal \u00fcber den Alltag gemault.\" \/>\n<meta property=\"og:url\" content=\"https:\/\/www.heldenhaushalt.de\/sari02\/index.php\/geschichten-und-mehr\/mutters-stolz\/\" \/>\n<meta property=\"og:site_name\" content=\"Heldenhaushalt\" \/>\n<meta property=\"article:modified_time\" content=\"2007-05-10T18:24:34+00:00\" \/>\n<meta name=\"twitter:card\" content=\"summary_large_image\" \/>\n<meta name=\"twitter:site\" content=\"@Heldenhaushalt\" \/>\n<meta name=\"twitter:label1\" content=\"Gesch\u00e4tzte Lesezeit\" \/>\n\t<meta name=\"twitter:data1\" content=\"2\u00a0Minuten\" \/>\n<script type=\"application\/ld+json\" class=\"yoast-schema-graph\">{\"@context\":\"https:\\\/\\\/schema.org\",\"@graph\":[{\"@type\":\"WebPage\",\"@id\":\"https:\\\/\\\/www.heldenhaushalt.de\\\/sari02\\\/index.php\\\/geschichten-und-mehr\\\/mutters-stolz\\\/\",\"url\":\"https:\\\/\\\/www.heldenhaushalt.de\\\/sari02\\\/index.php\\\/geschichten-und-mehr\\\/mutters-stolz\\\/\",\"name\":\"Mutters Stolz - Heldenhaushalt\",\"isPartOf\":{\"@id\":\"https:\\\/\\\/www.heldenhaushalt.de\\\/sari02\\\/#website\"},\"datePublished\":\"2007-04-15T14:30:57+00:00\",\"dateModified\":\"2007-05-10T18:24:34+00:00\",\"description\":\"Auch Helden erleben den t\u00e4glichen Wahnsinn, den ein Alltag mit sich bringt und Frau Mondgras sitzt mittendrin. Berlinerin, Mutter, Ehefrau, Kreativling und auf der st\u00e4ndigen Suche nach Gl\u00fcck... Hier wird gen\u00e4ht, gebacken, gebastelt und auch mal \u00fcber den Alltag gemault.\",\"breadcrumb\":{\"@id\":\"https:\\\/\\\/www.heldenhaushalt.de\\\/sari02\\\/index.php\\\/geschichten-und-mehr\\\/mutters-stolz\\\/#breadcrumb\"},\"inLanguage\":\"de\",\"potentialAction\":[{\"@type\":\"ReadAction\",\"target\":[\"https:\\\/\\\/www.heldenhaushalt.de\\\/sari02\\\/index.php\\\/geschichten-und-mehr\\\/mutters-stolz\\\/\"]}]},{\"@type\":\"BreadcrumbList\",\"@id\":\"https:\\\/\\\/www.heldenhaushalt.de\\\/sari02\\\/index.php\\\/geschichten-und-mehr\\\/mutters-stolz\\\/#breadcrumb\",\"itemListElement\":[{\"@type\":\"ListItem\",\"position\":1,\"name\":\"Startseite\",\"item\":\"https:\\\/\\\/www.heldenhaushalt.de\\\/sari02\\\/\"},{\"@type\":\"ListItem\",\"position\":2,\"name\":\"WORTGEWAND \\\/\\\/ Die Geschichten&#8230;\",\"item\":\"https:\\\/\\\/www.heldenhaushalt.de\\\/sari02\\\/index.php\\\/geschichten-und-mehr\\\/\"},{\"@type\":\"ListItem\",\"position\":3,\"name\":\"Mutters Stolz\"}]},{\"@type\":\"WebSite\",\"@id\":\"https:\\\/\\\/www.heldenhaushalt.de\\\/sari02\\\/#website\",\"url\":\"https:\\\/\\\/www.heldenhaushalt.de\\\/sari02\\\/\",\"name\":\"Heldenhaushalt\",\"description\":\"Wer es ordentlich haben will, der muss vorher anrufen\",\"publisher\":{\"@id\":\"https:\\\/\\\/www.heldenhaushalt.de\\\/sari02\\\/#\\\/schema\\\/person\\\/a1cc69f42a01f412eb62c151353814f6\"},\"potentialAction\":[{\"@type\":\"SearchAction\",\"target\":{\"@type\":\"EntryPoint\",\"urlTemplate\":\"https:\\\/\\\/www.heldenhaushalt.de\\\/sari02\\\/?s={search_term_string}\"},\"query-input\":{\"@type\":\"PropertyValueSpecification\",\"valueRequired\":true,\"valueName\":\"search_term_string\"}}],\"inLanguage\":\"de\"},{\"@type\":[\"Person\",\"Organization\"],\"@id\":\"https:\\\/\\\/www.heldenhaushalt.de\\\/sari02\\\/#\\\/schema\\\/person\\\/a1cc69f42a01f412eb62c151353814f6\",\"name\":\"Sari\",\"image\":{\"@type\":\"ImageObject\",\"inLanguage\":\"de\",\"@id\":\"https:\\\/\\\/www.heldenhaushalt.de\\\/sari02\\\/wp-content\\\/uploads\\\/2019\\\/02\\\/sari-april2018.png\",\"url\":\"https:\\\/\\\/www.heldenhaushalt.de\\\/sari02\\\/wp-content\\\/uploads\\\/2019\\\/02\\\/sari-april2018.png\",\"contentUrl\":\"https:\\\/\\\/www.heldenhaushalt.de\\\/sari02\\\/wp-content\\\/uploads\\\/2019\\\/02\\\/sari-april2018.png\",\"width\":500,\"height\":500,\"caption\":\"Sari\"},\"logo\":{\"@id\":\"https:\\\/\\\/www.heldenhaushalt.de\\\/sari02\\\/wp-content\\\/uploads\\\/2019\\\/02\\\/sari-april2018.png\"},\"description\":\"Frau Mondgras \u2013 Das bin ich, Sari. Gerne auch als Sari Mondgras bekannt und im Internet zu finden. 2-Fach-Mutter, Heldenehefrau, Kreativling, Harmonies\u00fcchtig und st\u00e4ndig auf der Suche nach Gl\u00fcck. Ich komme aus Berlin, bin hier aufgewachsen und lebe hier seit ich denken kann.\",\"sameAs\":[\"https:\\\/\\\/www.instagram.com\\\/heldenhaushalt\\\/\"]}]}<\/script>\n<!-- \/ Yoast SEO plugin. -->","yoast_head_json":{"title":"Mutters Stolz - Heldenhaushalt","description":"Auch Helden erleben den t\u00e4glichen Wahnsinn, den ein Alltag mit sich bringt und Frau Mondgras sitzt mittendrin. Berlinerin, Mutter, Ehefrau, Kreativling und auf der st\u00e4ndigen Suche nach Gl\u00fcck... Hier wird gen\u00e4ht, gebacken, gebastelt und auch mal \u00fcber den Alltag gemault.","robots":{"index":"index","follow":"follow","max-snippet":"max-snippet:-1","max-image-preview":"max-image-preview:large","max-video-preview":"max-video-preview:-1"},"canonical":"https:\/\/www.heldenhaushalt.de\/sari02\/index.php\/geschichten-und-mehr\/mutters-stolz\/","og_locale":"de_DE","og_type":"article","og_title":"Mutters Stolz - Heldenhaushalt","og_description":"Auch Helden erleben den t\u00e4glichen Wahnsinn, den ein Alltag mit sich bringt und Frau Mondgras sitzt mittendrin. Berlinerin, Mutter, Ehefrau, Kreativling und auf der st\u00e4ndigen Suche nach Gl\u00fcck... Hier wird gen\u00e4ht, gebacken, gebastelt und auch mal \u00fcber den Alltag gemault.","og_url":"https:\/\/www.heldenhaushalt.de\/sari02\/index.php\/geschichten-und-mehr\/mutters-stolz\/","og_site_name":"Heldenhaushalt","article_modified_time":"2007-05-10T18:24:34+00:00","twitter_card":"summary_large_image","twitter_site":"@Heldenhaushalt","twitter_misc":{"Gesch\u00e4tzte Lesezeit":"2\u00a0Minuten"},"schema":{"@context":"https:\/\/schema.org","@graph":[{"@type":"WebPage","@id":"https:\/\/www.heldenhaushalt.de\/sari02\/index.php\/geschichten-und-mehr\/mutters-stolz\/","url":"https:\/\/www.heldenhaushalt.de\/sari02\/index.php\/geschichten-und-mehr\/mutters-stolz\/","name":"Mutters Stolz - Heldenhaushalt","isPartOf":{"@id":"https:\/\/www.heldenhaushalt.de\/sari02\/#website"},"datePublished":"2007-04-15T14:30:57+00:00","dateModified":"2007-05-10T18:24:34+00:00","description":"Auch Helden erleben den t\u00e4glichen Wahnsinn, den ein Alltag mit sich bringt und Frau Mondgras sitzt mittendrin. Berlinerin, Mutter, Ehefrau, Kreativling und auf der st\u00e4ndigen Suche nach Gl\u00fcck... Hier wird gen\u00e4ht, gebacken, gebastelt und auch mal \u00fcber den Alltag gemault.","breadcrumb":{"@id":"https:\/\/www.heldenhaushalt.de\/sari02\/index.php\/geschichten-und-mehr\/mutters-stolz\/#breadcrumb"},"inLanguage":"de","potentialAction":[{"@type":"ReadAction","target":["https:\/\/www.heldenhaushalt.de\/sari02\/index.php\/geschichten-und-mehr\/mutters-stolz\/"]}]},{"@type":"BreadcrumbList","@id":"https:\/\/www.heldenhaushalt.de\/sari02\/index.php\/geschichten-und-mehr\/mutters-stolz\/#breadcrumb","itemListElement":[{"@type":"ListItem","position":1,"name":"Startseite","item":"https:\/\/www.heldenhaushalt.de\/sari02\/"},{"@type":"ListItem","position":2,"name":"WORTGEWAND \/\/ Die Geschichten&#8230;","item":"https:\/\/www.heldenhaushalt.de\/sari02\/index.php\/geschichten-und-mehr\/"},{"@type":"ListItem","position":3,"name":"Mutters Stolz"}]},{"@type":"WebSite","@id":"https:\/\/www.heldenhaushalt.de\/sari02\/#website","url":"https:\/\/www.heldenhaushalt.de\/sari02\/","name":"Heldenhaushalt","description":"Wer es ordentlich haben will, der muss vorher anrufen","publisher":{"@id":"https:\/\/www.heldenhaushalt.de\/sari02\/#\/schema\/person\/a1cc69f42a01f412eb62c151353814f6"},"potentialAction":[{"@type":"SearchAction","target":{"@type":"EntryPoint","urlTemplate":"https:\/\/www.heldenhaushalt.de\/sari02\/?s={search_term_string}"},"query-input":{"@type":"PropertyValueSpecification","valueRequired":true,"valueName":"search_term_string"}}],"inLanguage":"de"},{"@type":["Person","Organization"],"@id":"https:\/\/www.heldenhaushalt.de\/sari02\/#\/schema\/person\/a1cc69f42a01f412eb62c151353814f6","name":"Sari","image":{"@type":"ImageObject","inLanguage":"de","@id":"https:\/\/www.heldenhaushalt.de\/sari02\/wp-content\/uploads\/2019\/02\/sari-april2018.png","url":"https:\/\/www.heldenhaushalt.de\/sari02\/wp-content\/uploads\/2019\/02\/sari-april2018.png","contentUrl":"https:\/\/www.heldenhaushalt.de\/sari02\/wp-content\/uploads\/2019\/02\/sari-april2018.png","width":500,"height":500,"caption":"Sari"},"logo":{"@id":"https:\/\/www.heldenhaushalt.de\/sari02\/wp-content\/uploads\/2019\/02\/sari-april2018.png"},"description":"Frau Mondgras \u2013 Das bin ich, Sari. Gerne auch als Sari Mondgras bekannt und im Internet zu finden. 2-Fach-Mutter, Heldenehefrau, Kreativling, Harmonies\u00fcchtig und st\u00e4ndig auf der Suche nach Gl\u00fcck. Ich komme aus Berlin, bin hier aufgewachsen und lebe hier seit ich denken kann.","sameAs":["https:\/\/www.instagram.com\/heldenhaushalt\/"]}]}},"_links":{"self":[{"href":"https:\/\/www.heldenhaushalt.de\/sari02\/index.php\/wp-json\/wp\/v2\/pages\/42","targetHints":{"allow":["GET"]}}],"collection":[{"href":"https:\/\/www.heldenhaushalt.de\/sari02\/index.php\/wp-json\/wp\/v2\/pages"}],"about":[{"href":"https:\/\/www.heldenhaushalt.de\/sari02\/index.php\/wp-json\/wp\/v2\/types\/page"}],"author":[{"embeddable":true,"href":"https:\/\/www.heldenhaushalt.de\/sari02\/index.php\/wp-json\/wp\/v2\/users\/1"}],"replies":[{"embeddable":true,"href":"https:\/\/www.heldenhaushalt.de\/sari02\/index.php\/wp-json\/wp\/v2\/comments?post=42"}],"version-history":[{"count":0,"href":"https:\/\/www.heldenhaushalt.de\/sari02\/index.php\/wp-json\/wp\/v2\/pages\/42\/revisions"}],"up":[{"embeddable":true,"href":"https:\/\/www.heldenhaushalt.de\/sari02\/index.php\/wp-json\/wp\/v2\/pages\/35"}],"wp:attachment":[{"href":"https:\/\/www.heldenhaushalt.de\/sari02\/index.php\/wp-json\/wp\/v2\/media?parent=42"}],"curies":[{"name":"wp","href":"https:\/\/api.w.org\/{rel}","templated":true}]}}