{"id":62974,"date":"2025-01-02T10:31:53","date_gmt":"2025-01-02T09:31:53","guid":{"rendered":"https:\/\/www.heldenhaushalt.de\/sari02\/?page_id=62974"},"modified":"2026-01-03T10:19:27","modified_gmt":"2026-01-03T09:19:27","slug":"das-projekt-52-in-2025","status":"publish","type":"page","link":"https:\/\/www.heldenhaushalt.de\/sari02\/index.php\/das-projekt-52-in-2025\/","title":{"rendered":"Das Projekt 52 in 2026"},"content":{"rendered":"<p>Hier findet ihr alle wichtigen Informationen zum Projekt 52. Entstehung, Ablauf, Teilnehmer und nat&#252;rlich auch die aktuellen Themen!<\/p>\n<h2>&#220;ber das Projekt 52<\/h2>\n<p style=\"font-weight: 400;\"><img loading=\"lazy\" decoding=\"async\" class=\"size-full wp-image-21477 alignright\" src=\"https:\/\/www.heldenhaushalt.de\/sari02\/wp-content\/uploads\/2011\/01\/projekt-52-300-2014-1.png\" alt=\"Projekt 52\" width=\"300\" height=\"247\">Projekt 52 entstand hier (als der Blog noch Mondgras hie&#223;) als eine Abwandlung der Idee 365 Fotos im Jahr zu schie&#223;en, also f&#252;r jeden Tag eines.<\/p>\n<p style=\"font-weight: 400;\">Das Projekt 52 legt fest, dass insgesamt 52 Fotos im Jahr geschossen werden. Jede Woche eines. Durch eine Absprache wurde au&#223;erdem festgelegt, dass die Fotos nach Themen gemacht werden, die durch die Vorschl&#228;ge der Teilnehmer ausgelost wurden.<br \/>\nZu Beginn des Monats stelle ich eine Liste mit den aktuellen Themen f&#252;r den aktuellen Monat als Blogbeitrag online. Der Beitrag enth&#228;lt zus&#228;tzlich eine Linkparty, wo man dann seine vier (oder f&#252;nf, je nach Monat) Beitr&#228;ge dann verlinken kann.<\/p>\n<p style=\"font-weight: 400;\">Die Aufgabe besteht nun darin, aus dem vorgegebenen Thema etwas Sinnvolles zu machen.<br \/>\nDas Foto, die Zeichnung oder der Test stellt Ihr auf Eurer eigenen Seite, Blog oder Eurem eigenen Foto-Account (z.B. Flickr, Instagram o.&#228;.) aus. Jede Woche soll dabei bitte immer nur eines der Themen FRISCH bearbeitet werden.<\/p>\n<h2>Warum das Ganze?<\/h2>\n<p style=\"font-weight: 400;\">Nicht wenige sehnen sich danach wieder etwas mehr kreativ zu sein. F&#252;r mich pers&#246;nlich ist es ein guter Anlass wieder regelm&#228;&#223;iger zu fotografieren und durch die vorgegebenen Themen bekommt man sogar etwas Anreiz, Ideen und Inspiration und da man es in einer gro&#223;en Gruppe praktiziert, wird man zus&#228;tzlich im Idealfall auch noch motiviert. Das Ganze l&#228;sst sich auch super auf andere Medien anwenden, wie zum Beispiel das Zeichnen.<\/p>\n<h3 style=\"font-weight: 400;\">Was muss ich beachten, oder auch: Die Regeln<\/h3>\n<ul style=\"font-weight: 400;\">\n<li>Jeder mit einer eigenen Seite oder einem eigenen Bilder-Account (z.B. Instagram, Flickr o.&#228;.) kann daran teilnehmen<\/li>\n<li>Das Foto, der Text oder die Zeichnung muss in irgendeiner Weise mit dem vorgegeben Thema zu tun haben<\/li>\n<li>Die Themen f&#252;r den gesamten Monat werden zu Beginn des Monats in einem Beitrag zur Verf&#252;gung gestellt. Dieser enth&#228;lt zudem eine Linkparty, um seine Beitr&#228;ge dort zu verlinken.<\/li>\n<li>Die Linkparty ist immer bis zum 1. des Folgemonats offen. Bis dahin k&#246;nnt ihr eure Beitr&#228;ge dort eintragen.<\/li>\n<li>Pro Woche wird ein Thema bearbeitet und innerhalb der Woche ver&#246;ffentlicht. Pro Woche nur EIN Thema.&nbsp;<\/li>\n<li>Wann euer Beitrag innerhalb der Woche online geht, das ist euch &#252;berlassen.&nbsp;<\/li>\n<li>Auch ganz wichtig: Das Foto\/die Zeichnung soll erst f&#252;r diese Aktion entstehen. Nicht ein bereits &#228;lteres Bild nehmen. Sonst verfehlt die Aktion ihren Sinn und Zweck!<\/li>\n<li>Im Idealfall habt ihr am Ende des Monats 4 (oder 5) Beitr&#228;ge erstellt mit vier neuen Fotos zu den vier vorgegeben Themen und diese in der Linkparty verlinkt.<\/li>\n<li>Einen Link zur aktuellen Linkparty und den Themen findet ihr auch immer hier in der Sidebar verlinkt!<\/li>\n<\/ul>\n<hr>\n<h2>Teilnehmer und Themen 2026<\/h2>\n<p>Hier findet ihr die Links zu den Teilnehmer und den Themen f&#252;r dieses Jahr:<\/p>\n<ul>\n<li><a href=\"https:\/\/www.heldenhaushalt.de\/sari02\/index.php\/projekt-52-die-teilnehmer-2026\/\">Teilnehmer 2026<\/a><\/li>\n<li><a href=\"https:\/\/www.heldenhaushalt.de\/sari02\/index.php\/projekt-52-die-themen-2026\/\">Themen 2026 (+Linkpartys)<\/a><\/li>\n<li><a href=\"https:\/\/www.heldenhaushalt.de\/sari02\/index.php\/2026\/01\/03\/projekt-52-im-jahr-2026-die-anmeldung\/\">Zur Anmeldung<\/a><\/li>\n<\/ul>\n<p>Ihr wollt das Projekt gerne verlinken? Dann nutzt gerne die folgenden Grafiken daf&#252;r. Bitte erst herunterladen und bei euch auf dem Server hochladen.<\/p>\n<p><img loading=\"lazy\" decoding=\"async\" class=\"alignnone size-full wp-image-21477\" src=\"https:\/\/www.heldenhaushalt.de\/sari02\/wp-content\/uploads\/2011\/01\/projekt-52-300-2014-1.png\" alt=\"Projekt 52\" width=\"300\" height=\"247\"><\/p>\n<p><img loading=\"lazy\" decoding=\"async\" class=\"alignnone size-full wp-image-24910\" src=\"https:\/\/www.heldenhaushalt.de\/sari02\/wp-content\/uploads\/2011\/01\/p52_2014_intro.jpg\" alt=\"Projekt 52\" width=\"600\" height=\"260\" srcset=\"https:\/\/www.heldenhaushalt.de\/sari02\/wp-content\/uploads\/2011\/01\/p52_2014_intro.jpg 600w, https:\/\/www.heldenhaushalt.de\/sari02\/wp-content\/uploads\/2011\/01\/p52_2014_intro-300x130.jpg 300w\" sizes=\"auto, (max-width: 600px) 100vw, 600px\" \/><\/p>\n<p>Danke an dieser Stelle an <a href=\"https:\/\/www.instagram.com\/sarahsiebenschoen\/\" target=\"_blank\" rel=\"noopener\"><strong>Anne<\/strong><\/a> f&#252;r das Logo mit der Kamera.&nbsp;<\/p>\n","protected":false},"excerpt":{"rendered":"<p>Hier findet ihr alle wichtigen Informationen zum Projekt 52. Entstehung, Ablauf, Teilnehmer und nat&#252;rlich auch die aktuellen Themen! &#220;ber das Projekt 52 Projekt 52 entstand hier (als der Blog noch Mondgras hie&#223;) als eine Abwandlung der Idee 365 Fotos im Jahr zu schie&#223;en, also f&#252;r jeden Tag eines. Das Projekt 52 legt fest, dass insgesamt 52 Fotos im Jahr geschossen werden. Jede Woche eines. Durch eine Absprache wurde au&#223;erdem festgelegt, dass die Fotos nach Themen gemacht werden, die durch die Vorschl&#228;ge der Teilnehmer ausgelost wurden. Zu Beginn des Monats stelle ich eine Liste mit den aktuellen Themen f&#252;r den aktuellen Monat als Blogbeitrag online. Der Beitrag enth&#228;lt zus&#228;tzlich eine Linkparty, wo man dann seine vier (oder f&#252;nf, je nach Monat) Beitr&#228;ge dann verlinken kann. Die Aufgabe besteht nun darin, aus dem vorgegebenen Thema etwas Sinnvolles zu machen. Das Foto, die Zeichnung oder der Test stellt Ihr auf Eurer eigenen Seite, Blog oder Eurem eigenen Foto-Account (z.B. Flickr, Instagram o.&#228;.) aus. Jede Woche soll dabei bitte immer nur eines der Themen FRISCH bearbeitet werden. Warum das Ganze? Nicht wenige sehnen sich danach wieder etwas mehr kreativ zu sein. F&#252;r mich pers&#246;nlich ist es ein guter Anlass wieder regelm&#228;&#223;iger zu fotografieren und durch die vorgegebenen Themen bekommt man sogar etwas Anreiz, Ideen und Inspiration und da man es in einer gro&#223;en Gruppe praktiziert, wird man zus&#228;tzlich im Idealfall auch noch motiviert. Das Ganze l&#228;sst sich auch super auf andere Medien anwenden, wie zum Beispiel das Zeichnen. Was muss ich beachten, oder auch: Die Regeln Jeder mit einer eigenen Seite oder einem eigenen Bilder-Account (z.B. Instagram, Flickr o.&#228;.) kann daran teilnehmen Das Foto, der Text oder die Zeichnung muss in irgendeiner Weise mit dem vorgegeben Thema zu tun haben Die Themen f&#252;r den gesamten Monat werden zu Beginn des Monats in einem Beitrag zur Verf&#252;gung gestellt. Dieser enth&#228;lt zudem eine Linkparty, um seine Beitr&#228;ge dort zu verlinken. Die Linkparty ist immer bis zum 1. des Folgemonats offen. Bis dahin k&#246;nnt ihr eure Beitr&#228;ge dort eintragen. Pro Woche wird ein Thema bearbeitet und innerhalb der Woche ver&#246;ffentlicht. Pro Woche nur EIN Thema.&nbsp; Wann euer Beitrag innerhalb der Woche online geht, das ist euch &#252;berlassen.&nbsp; Auch ganz wichtig: Das Foto\/die Zeichnung soll erst f&#252;r diese Aktion entstehen. Nicht ein bereits &#228;lteres Bild nehmen. Sonst verfehlt die Aktion ihren Sinn und Zweck! Im Idealfall habt ihr am Ende des Monats 4 (oder 5) Beitr&#228;ge erstellt mit vier neuen Fotos zu den vier vorgegeben Themen und diese in der Linkparty verlinkt. Einen Link zur aktuellen Linkparty und den Themen findet ihr auch immer hier in der Sidebar verlinkt! Teilnehmer und Themen 2026 Hier findet ihr die Links zu den Teilnehmer und den Themen f&#252;r dieses Jahr: Teilnehmer 2026 Themen 2026 (+Linkpartys) Zur Anmeldung Ihr wollt das Projekt gerne verlinken? Dann nutzt gerne die folgenden Grafiken daf&#252;r. Bitte erst herunterladen und bei euch auf dem Server hochladen. Danke an dieser Stelle an Anne f&#252;r das Logo mit der Kamera.&nbsp;<\/p>\n","protected":false},"author":1,"featured_media":0,"parent":0,"menu_order":0,"comment_status":"closed","ping_status":"closed","template":"","meta":{"ngg_post_thumbnail":0,"footnotes":""},"class_list":["post-62974","page","type-page","status-publish","hentry"],"yoast_head":"<!-- This site is optimized with the Yoast SEO plugin v27.5 - https:\/\/yoast.com\/product\/yoast-seo-wordpress\/ -->\n<title>Das Projekt 52 in 2026 - Heldenhaushalt<\/title>\n<meta name=\"description\" content=\"Hier findet ihr alle wichtigen Informationen zum Projekt 52. Entstehung, Ablauf, Teilnehmer und nat\u00fcrlich auch die aktuellen Themen!\" \/>\n<meta name=\"robots\" content=\"index, follow, max-snippet:-1, max-image-preview:large, max-video-preview:-1\" \/>\n<link rel=\"canonical\" href=\"https:\/\/www.heldenhaushalt.de\/sari02\/index.php\/das-projekt-52-in-2025\/\" \/>\n<meta property=\"og:locale\" content=\"de_DE\" \/>\n<meta property=\"og:type\" content=\"article\" \/>\n<meta property=\"og:title\" content=\"Das Projekt 52 in 2026 - Heldenhaushalt\" \/>\n<meta property=\"og:description\" content=\"Hier findet ihr alle wichtigen Informationen zum Projekt 52. Entstehung, Ablauf, Teilnehmer und nat\u00fcrlich auch die aktuellen Themen!\" \/>\n<meta property=\"og:url\" content=\"https:\/\/www.heldenhaushalt.de\/sari02\/index.php\/das-projekt-52-in-2025\/\" \/>\n<meta property=\"og:site_name\" content=\"Heldenhaushalt\" \/>\n<meta property=\"article:modified_time\" content=\"2026-01-03T09:19:27+00:00\" \/>\n<meta property=\"og:image\" content=\"https:\/\/www.heldenhaushalt.de\/sari02\/wp-content\/uploads\/2011\/01\/projekt-52-300-2014-1.png\" \/>\n\t<meta property=\"og:image:width\" content=\"300\" \/>\n\t<meta property=\"og:image:height\" content=\"247\" \/>\n\t<meta property=\"og:image:type\" content=\"image\/png\" \/>\n<meta name=\"twitter:card\" content=\"summary_large_image\" \/>\n<meta name=\"twitter:site\" content=\"@Heldenhaushalt\" \/>\n<meta name=\"twitter:label1\" content=\"Gesch\u00e4tzte Lesezeit\" \/>\n\t<meta name=\"twitter:data1\" content=\"4\u00a0Minuten\" \/>\n<script type=\"application\/ld+json\" class=\"yoast-schema-graph\">{\"@context\":\"https:\\\/\\\/schema.org\",\"@graph\":[{\"@type\":\"WebPage\",\"@id\":\"https:\\\/\\\/www.heldenhaushalt.de\\\/sari02\\\/index.php\\\/das-projekt-52-in-2025\\\/\",\"url\":\"https:\\\/\\\/www.heldenhaushalt.de\\\/sari02\\\/index.php\\\/das-projekt-52-in-2025\\\/\",\"name\":\"Das Projekt 52 in 2026 - Heldenhaushalt\",\"isPartOf\":{\"@id\":\"https:\\\/\\\/www.heldenhaushalt.de\\\/sari02\\\/#website\"},\"primaryImageOfPage\":{\"@id\":\"https:\\\/\\\/www.heldenhaushalt.de\\\/sari02\\\/index.php\\\/das-projekt-52-in-2025\\\/#primaryimage\"},\"image\":{\"@id\":\"https:\\\/\\\/www.heldenhaushalt.de\\\/sari02\\\/index.php\\\/das-projekt-52-in-2025\\\/#primaryimage\"},\"thumbnailUrl\":\"https:\\\/\\\/www.heldenhaushalt.de\\\/sari02\\\/wp-content\\\/uploads\\\/2011\\\/01\\\/projekt-52-300-2014-1.png\",\"datePublished\":\"2025-01-02T09:31:53+00:00\",\"dateModified\":\"2026-01-03T09:19:27+00:00\",\"description\":\"Hier findet ihr alle wichtigen Informationen zum Projekt 52. Entstehung, Ablauf, Teilnehmer und nat\u00fcrlich auch die aktuellen Themen!\",\"breadcrumb\":{\"@id\":\"https:\\\/\\\/www.heldenhaushalt.de\\\/sari02\\\/index.php\\\/das-projekt-52-in-2025\\\/#breadcrumb\"},\"inLanguage\":\"de\",\"potentialAction\":[{\"@type\":\"ReadAction\",\"target\":[\"https:\\\/\\\/www.heldenhaushalt.de\\\/sari02\\\/index.php\\\/das-projekt-52-in-2025\\\/\"]}]},{\"@type\":\"ImageObject\",\"inLanguage\":\"de\",\"@id\":\"https:\\\/\\\/www.heldenhaushalt.de\\\/sari02\\\/index.php\\\/das-projekt-52-in-2025\\\/#primaryimage\",\"url\":\"https:\\\/\\\/www.heldenhaushalt.de\\\/sari02\\\/wp-content\\\/uploads\\\/2011\\\/01\\\/projekt-52-300-2014-1.png\",\"contentUrl\":\"https:\\\/\\\/www.heldenhaushalt.de\\\/sari02\\\/wp-content\\\/uploads\\\/2011\\\/01\\\/projekt-52-300-2014-1.png\",\"width\":300,\"height\":247,\"caption\":\"Projekt 52\"},{\"@type\":\"BreadcrumbList\",\"@id\":\"https:\\\/\\\/www.heldenhaushalt.de\\\/sari02\\\/index.php\\\/das-projekt-52-in-2025\\\/#breadcrumb\",\"itemListElement\":[{\"@type\":\"ListItem\",\"position\":1,\"name\":\"Startseite\",\"item\":\"https:\\\/\\\/www.heldenhaushalt.de\\\/sari02\\\/\"},{\"@type\":\"ListItem\",\"position\":2,\"name\":\"Das Projekt 52 in 2026\"}]},{\"@type\":\"WebSite\",\"@id\":\"https:\\\/\\\/www.heldenhaushalt.de\\\/sari02\\\/#website\",\"url\":\"https:\\\/\\\/www.heldenhaushalt.de\\\/sari02\\\/\",\"name\":\"Heldenhaushalt\",\"description\":\"Wer es ordentlich haben will, der muss vorher anrufen\",\"publisher\":{\"@id\":\"https:\\\/\\\/www.heldenhaushalt.de\\\/sari02\\\/#\\\/schema\\\/person\\\/a1cc69f42a01f412eb62c151353814f6\"},\"potentialAction\":[{\"@type\":\"SearchAction\",\"target\":{\"@type\":\"EntryPoint\",\"urlTemplate\":\"https:\\\/\\\/www.heldenhaushalt.de\\\/sari02\\\/?s={search_term_string}\"},\"query-input\":{\"@type\":\"PropertyValueSpecification\",\"valueRequired\":true,\"valueName\":\"search_term_string\"}}],\"inLanguage\":\"de\"},{\"@type\":[\"Person\",\"Organization\"],\"@id\":\"https:\\\/\\\/www.heldenhaushalt.de\\\/sari02\\\/#\\\/schema\\\/person\\\/a1cc69f42a01f412eb62c151353814f6\",\"name\":\"Sari\",\"image\":{\"@type\":\"ImageObject\",\"inLanguage\":\"de\",\"@id\":\"https:\\\/\\\/www.heldenhaushalt.de\\\/sari02\\\/wp-content\\\/uploads\\\/2019\\\/02\\\/sari-april2018.png\",\"url\":\"https:\\\/\\\/www.heldenhaushalt.de\\\/sari02\\\/wp-content\\\/uploads\\\/2019\\\/02\\\/sari-april2018.png\",\"contentUrl\":\"https:\\\/\\\/www.heldenhaushalt.de\\\/sari02\\\/wp-content\\\/uploads\\\/2019\\\/02\\\/sari-april2018.png\",\"width\":500,\"height\":500,\"caption\":\"Sari\"},\"logo\":{\"@id\":\"https:\\\/\\\/www.heldenhaushalt.de\\\/sari02\\\/wp-content\\\/uploads\\\/2019\\\/02\\\/sari-april2018.png\"},\"description\":\"Frau Mondgras \u2013 Das bin ich, Sari. Gerne auch als Sari Mondgras bekannt und im Internet zu finden. 2-Fach-Mutter, Heldenehefrau, Kreativling, Harmonies\u00fcchtig und st\u00e4ndig auf der Suche nach Gl\u00fcck. Ich komme aus Berlin, bin hier aufgewachsen und lebe hier seit ich denken kann.\",\"sameAs\":[\"https:\\\/\\\/www.instagram.com\\\/heldenhaushalt\\\/\"]}]}<\/script>\n<!-- \/ Yoast SEO plugin. -->","yoast_head_json":{"title":"Das Projekt 52 in 2026 - Heldenhaushalt","description":"Hier findet ihr alle wichtigen Informationen zum Projekt 52. Entstehung, Ablauf, Teilnehmer und nat\u00fcrlich auch die aktuellen Themen!","robots":{"index":"index","follow":"follow","max-snippet":"max-snippet:-1","max-image-preview":"max-image-preview:large","max-video-preview":"max-video-preview:-1"},"canonical":"https:\/\/www.heldenhaushalt.de\/sari02\/index.php\/das-projekt-52-in-2025\/","og_locale":"de_DE","og_type":"article","og_title":"Das Projekt 52 in 2026 - Heldenhaushalt","og_description":"Hier findet ihr alle wichtigen Informationen zum Projekt 52. Entstehung, Ablauf, Teilnehmer und nat\u00fcrlich auch die aktuellen Themen!","og_url":"https:\/\/www.heldenhaushalt.de\/sari02\/index.php\/das-projekt-52-in-2025\/","og_site_name":"Heldenhaushalt","article_modified_time":"2026-01-03T09:19:27+00:00","og_image":[{"width":300,"height":247,"url":"https:\/\/www.heldenhaushalt.de\/sari02\/wp-content\/uploads\/2011\/01\/projekt-52-300-2014-1.png","type":"image\/png"}],"twitter_card":"summary_large_image","twitter_site":"@Heldenhaushalt","twitter_misc":{"Gesch\u00e4tzte Lesezeit":"4\u00a0Minuten"},"schema":{"@context":"https:\/\/schema.org","@graph":[{"@type":"WebPage","@id":"https:\/\/www.heldenhaushalt.de\/sari02\/index.php\/das-projekt-52-in-2025\/","url":"https:\/\/www.heldenhaushalt.de\/sari02\/index.php\/das-projekt-52-in-2025\/","name":"Das Projekt 52 in 2026 - Heldenhaushalt","isPartOf":{"@id":"https:\/\/www.heldenhaushalt.de\/sari02\/#website"},"primaryImageOfPage":{"@id":"https:\/\/www.heldenhaushalt.de\/sari02\/index.php\/das-projekt-52-in-2025\/#primaryimage"},"image":{"@id":"https:\/\/www.heldenhaushalt.de\/sari02\/index.php\/das-projekt-52-in-2025\/#primaryimage"},"thumbnailUrl":"https:\/\/www.heldenhaushalt.de\/sari02\/wp-content\/uploads\/2011\/01\/projekt-52-300-2014-1.png","datePublished":"2025-01-02T09:31:53+00:00","dateModified":"2026-01-03T09:19:27+00:00","description":"Hier findet ihr alle wichtigen Informationen zum Projekt 52. Entstehung, Ablauf, Teilnehmer und nat\u00fcrlich auch die aktuellen Themen!","breadcrumb":{"@id":"https:\/\/www.heldenhaushalt.de\/sari02\/index.php\/das-projekt-52-in-2025\/#breadcrumb"},"inLanguage":"de","potentialAction":[{"@type":"ReadAction","target":["https:\/\/www.heldenhaushalt.de\/sari02\/index.php\/das-projekt-52-in-2025\/"]}]},{"@type":"ImageObject","inLanguage":"de","@id":"https:\/\/www.heldenhaushalt.de\/sari02\/index.php\/das-projekt-52-in-2025\/#primaryimage","url":"https:\/\/www.heldenhaushalt.de\/sari02\/wp-content\/uploads\/2011\/01\/projekt-52-300-2014-1.png","contentUrl":"https:\/\/www.heldenhaushalt.de\/sari02\/wp-content\/uploads\/2011\/01\/projekt-52-300-2014-1.png","width":300,"height":247,"caption":"Projekt 52"},{"@type":"BreadcrumbList","@id":"https:\/\/www.heldenhaushalt.de\/sari02\/index.php\/das-projekt-52-in-2025\/#breadcrumb","itemListElement":[{"@type":"ListItem","position":1,"name":"Startseite","item":"https:\/\/www.heldenhaushalt.de\/sari02\/"},{"@type":"ListItem","position":2,"name":"Das Projekt 52 in 2026"}]},{"@type":"WebSite","@id":"https:\/\/www.heldenhaushalt.de\/sari02\/#website","url":"https:\/\/www.heldenhaushalt.de\/sari02\/","name":"Heldenhaushalt","description":"Wer es ordentlich haben will, der muss vorher anrufen","publisher":{"@id":"https:\/\/www.heldenhaushalt.de\/sari02\/#\/schema\/person\/a1cc69f42a01f412eb62c151353814f6"},"potentialAction":[{"@type":"SearchAction","target":{"@type":"EntryPoint","urlTemplate":"https:\/\/www.heldenhaushalt.de\/sari02\/?s={search_term_string}"},"query-input":{"@type":"PropertyValueSpecification","valueRequired":true,"valueName":"search_term_string"}}],"inLanguage":"de"},{"@type":["Person","Organization"],"@id":"https:\/\/www.heldenhaushalt.de\/sari02\/#\/schema\/person\/a1cc69f42a01f412eb62c151353814f6","name":"Sari","image":{"@type":"ImageObject","inLanguage":"de","@id":"https:\/\/www.heldenhaushalt.de\/sari02\/wp-content\/uploads\/2019\/02\/sari-april2018.png","url":"https:\/\/www.heldenhaushalt.de\/sari02\/wp-content\/uploads\/2019\/02\/sari-april2018.png","contentUrl":"https:\/\/www.heldenhaushalt.de\/sari02\/wp-content\/uploads\/2019\/02\/sari-april2018.png","width":500,"height":500,"caption":"Sari"},"logo":{"@id":"https:\/\/www.heldenhaushalt.de\/sari02\/wp-content\/uploads\/2019\/02\/sari-april2018.png"},"description":"Frau Mondgras \u2013 Das bin ich, Sari. Gerne auch als Sari Mondgras bekannt und im Internet zu finden. 2-Fach-Mutter, Heldenehefrau, Kreativling, Harmonies\u00fcchtig und st\u00e4ndig auf der Suche nach Gl\u00fcck. Ich komme aus Berlin, bin hier aufgewachsen und lebe hier seit ich denken kann.","sameAs":["https:\/\/www.instagram.com\/heldenhaushalt\/"]}]}},"_links":{"self":[{"href":"https:\/\/www.heldenhaushalt.de\/sari02\/index.php\/wp-json\/wp\/v2\/pages\/62974","targetHints":{"allow":["GET"]}}],"collection":[{"href":"https:\/\/www.heldenhaushalt.de\/sari02\/index.php\/wp-json\/wp\/v2\/pages"}],"about":[{"href":"https:\/\/www.heldenhaushalt.de\/sari02\/index.php\/wp-json\/wp\/v2\/types\/page"}],"author":[{"embeddable":true,"href":"https:\/\/www.heldenhaushalt.de\/sari02\/index.php\/wp-json\/wp\/v2\/users\/1"}],"replies":[{"embeddable":true,"href":"https:\/\/www.heldenhaushalt.de\/sari02\/index.php\/wp-json\/wp\/v2\/comments?post=62974"}],"version-history":[{"count":9,"href":"https:\/\/www.heldenhaushalt.de\/sari02\/index.php\/wp-json\/wp\/v2\/pages\/62974\/revisions"}],"predecessor-version":[{"id":66259,"href":"https:\/\/www.heldenhaushalt.de\/sari02\/index.php\/wp-json\/wp\/v2\/pages\/62974\/revisions\/66259"}],"wp:attachment":[{"href":"https:\/\/www.heldenhaushalt.de\/sari02\/index.php\/wp-json\/wp\/v2\/media?parent=62974"}],"curies":[{"name":"wp","href":"https:\/\/api.w.org\/{rel}","templated":true}]}}