{"id":62984,"date":"2025-01-02T10:54:14","date_gmt":"2025-01-02T09:54:14","guid":{"rendered":"https:\/\/www.heldenhaushalt.de\/sari02\/?page_id=62984"},"modified":"2025-07-29T13:17:12","modified_gmt":"2025-07-29T11:17:12","slug":"projekt-52-die-teilnehmer-2025","status":"publish","type":"page","link":"https:\/\/www.heldenhaushalt.de\/sari02\/index.php\/das-projekt-52-in-2025\/projekt-52-die-teilnehmer-2025\/","title":{"rendered":"Projekt 52: Die Teilnehmer 2025"},"content":{"rendered":"<p>Im Folgenden findet Ihr alle Teilnehmer vom Projekt 52 im Jahr 2025. Wenn auch Du dabei sein m&#246;chtest, dann kannst Du Dich hier noch nachtr&#228;glich anmelden. Alle wichtigen Infos dazu findest du dort im Beitrag: <a href=\"https:\/\/www.heldenhaushalt.de\/sari02\/index.php\/2024\/12\/30\/projekt-52-im-jahr-2025-die-anmeldung\/\"><strong>KLICK<\/strong><\/a>.<\/p>\n<p><strong>F&#252;r euch zum besseren Verst&#228;ndnis der Auflistung:<\/strong> Name &#8211; Wo wird ver&#246;ffentlicht &#8211; Gew&#228;hltes Medium<\/p>\n<hr>\n<ul>\n<li><strong>Christine<\/strong> &#8211;<a href=\"https:\/\/irgendwas-buntes.de\/\" target=\"_blank\" rel=\"noopener\"> Irgendwas Buntes<\/a> &#8211; Fotografie<\/li>\n<li><strong>cimddwc<\/strong> &#8211; &nbsp;<a href=\"https:\/\/cimddwc.net\/tag\/projekt-52\/\" target=\"_blank\" rel=\"noopener\">cimddwc.net<\/a> &#8211; Fotos von Klemmbausteinen<\/li>\n<li><strong>Edelineshealthythings (Edeline)<\/strong> &#8211; <a href=\"https:\/\/www.instagram.com\/edelineshealthythings\/\" target=\"_blank\" rel=\"noopener\">Edelineshealthythings<\/a> &#8211; Fotos\/Texte<\/li>\n<li><strong>Anne Schwarz<\/strong> &#8211; <a href=\"https:\/\/anne-schwarz-fotografie.de\/\" target=\"_blank\" rel=\"noopener\">Anne Schwarz Fotografie<\/a> &#8211; Fotografie<\/li>\n<li><strong>Jenny<\/strong> &#8211; <a href=\"https:\/\/www.instagram.com\/denkekreativ\/\" target=\"_blank\" rel=\"noopener\">denkekreativ<\/a> &#8211; Fotografie<\/li>\n<li><strong>Anne<\/strong> &#8211; s<a href=\"https:\/\/www.instagram.com\/sarahsiebenschoen\/\" target=\"_blank\" rel=\"noopener\">arahsiebenschoen<\/a> &#8211; Fotografie<\/li>\n<li><strong>bullion<\/strong> &#8211; <a href=\"https:\/\/moviescape.blog\/\" target=\"_blank\" rel=\"noopener\">moviescape.blog<\/a> &#8211; Fotografie<\/li>\n<li><strong>Franziska<\/strong> &#8211; <a href=\"https:\/\/punkteundpink.wordpress.com\/\" target=\"_blank\" rel=\"noopener\">Punkte &amp; Pink<\/a> \/ <a href=\"https:\/\/www.instagram.com\/franziska.geipel\/profilecard\/?igsh=ajVjYjhuNWxiZTJ4\" target=\"_blank\" rel=\"noopener\">Instagram<\/a> &#8211; Mixed Media<\/li>\n<li><strong>Sari<\/strong> &#8211; <a href=\"https:\/\/www.heldenhaushalt.de\/sari02\/\" target=\"_blank\" rel=\"noopener\">Heldenhaushalt<\/a> &#8211; Fotografie<\/li>\n<li><strong>Sayuchan<\/strong> &#8211; <a href=\"https:\/\/lilienmeer.de\/\" target=\"_blank\" rel=\"noopener\">Lilienmeer<\/a>\/ <a href=\"https:\/\/www.instagram.com\/sayuchan85\/\" target=\"_blank\" rel=\"noopener\">Instagram<\/a> &#8211; Mixed Media<\/li>\n<li><strong>Sabine<\/strong> &#8211; <a href=\"https:\/\/mausloch.blogspot.com\/\" target=\"_blank\" rel=\"noopener\">Sabine aus dem Mausloch<\/a> &#8211; Fotos &amp; Texte<\/li>\n<li><strong>Joni<\/strong> &#8211; <a href=\"https:\/\/joni-bloggt.blogspot.com\/\" target=\"_blank\" rel=\"noopener\">Joni bloggt<\/a> &#8211; Texte<\/li>\n<li><strong>Swetlana<\/strong> &#8211; <a href=\"http:\/\/www.readingwitch.com\/\" target=\"_blank\" rel=\"noopener\">ReadingWitch<\/a> &#8211; Fotos &amp; Texte<\/li>\n<li><strong>Marius<\/strong> &#8211;<a href=\"https:\/\/www.czoczo.de\/\" target=\"_blank\" rel=\"noopener\"> czoczo.de<\/a> &#8211; Fotografie<\/li>\n<li><strong>Thomas<\/strong> &#8211; <a href=\"https:\/\/www.jansens-pott.de\/\" target=\"_blank\" rel=\"noopener\">Jansens-Pott<\/a> &#8211; Fotografie, Schreiben, Spiele<\/li>\n<li><strong>Angela<\/strong> &#8211; <a href=\"https:\/\/allmien.de\/\" target=\"_blank\" rel=\"noopener\">All mien<\/a> &#8211; Fotografie &amp; Texte<\/li>\n<li><strong>Tobi<\/strong> &#8211; <a href=\"https:\/\/jazzimkopf.de\/\" target=\"_blank\" rel=\"noopener\">Jazz im Kopf<\/a> &#8211; Fotografie &amp; Texte<\/li>\n<li><strong>David Ultrasound<\/strong> &#8211; <a href=\"https:\/\/chaosclub.org\/\" target=\"_blank\" rel=\"noopener\">Der Chaosclub<\/a> &#8211; Fotografie &amp; Texte<\/li>\n<li><strong>Angela<\/strong> &#8211; <a href=\"https:\/\/angela-carstensen.de\/projekt52-januar-25\/\" target=\"_blank\" rel=\"noopener\">Lernen mit Angela<\/a> &#8211; Fotografie<\/li>\n<li><strong>Martin<\/strong> &#8211; <a href=\"https:\/\/www.haldewitzka.de\/\" target=\"_blank\" rel=\"noopener\">Haldewitzka<\/a> &#8211; Fotos und Texte&nbsp;<\/li>\n<li><strong>Frank F. K&#246;nig<\/strong> &#8211; <a href=\"https:\/\/www.koenig-limburg.de\" target=\"_blank\" rel=\"noopener\">Koenig Limburg<\/a> &#8211; Fotografie<\/li>\n<li><strong>Mira Wunder<\/strong> &#8211; <a href=\"https:\/\/www.besinnlich.de\/\" target=\"_blank\" rel=\"noopener\">Besinnlich<\/a> &#8211; Foto und Text<\/li>\n<li><strong>Saphirija<\/strong> &#8211; <a href=\"https:\/\/weltenwanderer.blog\/\" target=\"_blank\" rel=\"noopener\">Weltenwanderer<\/a> &#8211; Foto und Text<\/li>\n<\/ul>\n<hr>\n<p>&lt;&lt; <a href=\"https:\/\/www.heldenhaushalt.de\/sari02\/index.php\/das-projekt-52-in-2025\/\">zur&#252;ck zum Projekt<\/a><\/p>\n","protected":false},"excerpt":{"rendered":"<p>Im Folgenden findet Ihr alle Teilnehmer vom Projekt 52 im Jahr 2025. Wenn auch Du dabei sein m&#246;chtest, dann kannst Du Dich hier noch nachtr&#228;glich anmelden. Alle wichtigen Infos dazu findest du dort im Beitrag: KLICK. F&#252;r euch zum besseren Verst&#228;ndnis der Auflistung: Name &#8211; Wo wird ver&#246;ffentlicht &#8211; Gew&#228;hltes Medium Christine &#8211; Irgendwas Buntes &#8211; Fotografie cimddwc &#8211; &nbsp;cimddwc.net &#8211; Fotos von Klemmbausteinen Edelineshealthythings (Edeline) &#8211; Edelineshealthythings &#8211; Fotos\/Texte Anne Schwarz &#8211; Anne Schwarz Fotografie &#8211; Fotografie Jenny &#8211; denkekreativ &#8211; Fotografie Anne &#8211; sarahsiebenschoen &#8211; Fotografie bullion &#8211; moviescape.blog &#8211; Fotografie Franziska &#8211; Punkte &amp; Pink \/ Instagram &#8211; Mixed Media Sari &#8211; Heldenhaushalt &#8211; Fotografie Sayuchan &#8211; Lilienmeer\/ Instagram &#8211; Mixed Media Sabine &#8211; Sabine aus dem Mausloch &#8211; Fotos &amp; Texte Joni &#8211; Joni bloggt &#8211; Texte Swetlana &#8211; ReadingWitch &#8211; Fotos &amp; Texte Marius &#8211; czoczo.de &#8211; Fotografie Thomas &#8211; Jansens-Pott &#8211; Fotografie, Schreiben, Spiele Angela &#8211; All mien &#8211; Fotografie &amp; Texte Tobi &#8211; Jazz im Kopf &#8211; Fotografie &amp; Texte David Ultrasound &#8211; Der Chaosclub &#8211; Fotografie &amp; Texte Angela &#8211; Lernen mit Angela &#8211; Fotografie Martin &#8211; Haldewitzka &#8211; Fotos und Texte&nbsp; Frank F. K&#246;nig &#8211; Koenig Limburg &#8211; Fotografie Mira Wunder &#8211; Besinnlich &#8211; Foto und Text Saphirija &#8211; Weltenwanderer &#8211; Foto und Text &lt;&lt; zur&#252;ck zum Projekt<\/p>\n","protected":false},"author":1,"featured_media":0,"parent":62974,"menu_order":0,"comment_status":"closed","ping_status":"closed","template":"","meta":{"ngg_post_thumbnail":0,"footnotes":""},"class_list":["post-62984","page","type-page","status-publish","hentry"],"yoast_head":"<!-- This site is optimized with the Yoast SEO plugin v27.4 - https:\/\/yoast.com\/product\/yoast-seo-wordpress\/ -->\n<title>Projekt 52: Die Teilnehmer 2025 - Heldenhaushalt<\/title>\n<meta name=\"description\" content=\"Im Folgenden findet Ihr alle Teilnehmer vom Projekt 52 im Jahr 2025. Wenn auch Du dabei sein m\u00f6chtest, dann kannst du...\" \/>\n<meta name=\"robots\" content=\"index, follow, max-snippet:-1, max-image-preview:large, max-video-preview:-1\" \/>\n<link rel=\"canonical\" href=\"https:\/\/www.heldenhaushalt.de\/sari02\/index.php\/das-projekt-52-in-2025\/projekt-52-die-teilnehmer-2025\/\" \/>\n<meta property=\"og:locale\" content=\"de_DE\" \/>\n<meta property=\"og:type\" content=\"article\" \/>\n<meta property=\"og:title\" content=\"Projekt 52: Die Teilnehmer 2025 - Heldenhaushalt\" \/>\n<meta property=\"og:description\" content=\"Im Folgenden findet Ihr alle Teilnehmer vom Projekt 52 im Jahr 2025. Wenn auch Du dabei sein m\u00f6chtest, dann kannst du...\" \/>\n<meta property=\"og:url\" content=\"https:\/\/www.heldenhaushalt.de\/sari02\/index.php\/das-projekt-52-in-2025\/projekt-52-die-teilnehmer-2025\/\" \/>\n<meta property=\"og:site_name\" content=\"Heldenhaushalt\" \/>\n<meta property=\"article:modified_time\" content=\"2025-07-29T11:17:12+00:00\" \/>\n<meta name=\"twitter:card\" content=\"summary_large_image\" \/>\n<meta name=\"twitter:site\" content=\"@Heldenhaushalt\" \/>\n<meta name=\"twitter:label1\" content=\"Gesch\u00e4tzte Lesezeit\" \/>\n\t<meta name=\"twitter:data1\" content=\"1\u00a0Minute\" \/>\n<script type=\"application\/ld+json\" class=\"yoast-schema-graph\">{\"@context\":\"https:\\\/\\\/schema.org\",\"@graph\":[{\"@type\":\"WebPage\",\"@id\":\"https:\\\/\\\/www.heldenhaushalt.de\\\/sari02\\\/index.php\\\/das-projekt-52-in-2025\\\/projekt-52-die-teilnehmer-2025\\\/\",\"url\":\"https:\\\/\\\/www.heldenhaushalt.de\\\/sari02\\\/index.php\\\/das-projekt-52-in-2025\\\/projekt-52-die-teilnehmer-2025\\\/\",\"name\":\"Projekt 52: Die Teilnehmer 2025 - Heldenhaushalt\",\"isPartOf\":{\"@id\":\"https:\\\/\\\/www.heldenhaushalt.de\\\/sari02\\\/#website\"},\"datePublished\":\"2025-01-02T09:54:14+00:00\",\"dateModified\":\"2025-07-29T11:17:12+00:00\",\"description\":\"Im Folgenden findet Ihr alle Teilnehmer vom Projekt 52 im Jahr 2025. Wenn auch Du dabei sein m\u00f6chtest, dann kannst du...\",\"breadcrumb\":{\"@id\":\"https:\\\/\\\/www.heldenhaushalt.de\\\/sari02\\\/index.php\\\/das-projekt-52-in-2025\\\/projekt-52-die-teilnehmer-2025\\\/#breadcrumb\"},\"inLanguage\":\"de\",\"potentialAction\":[{\"@type\":\"ReadAction\",\"target\":[\"https:\\\/\\\/www.heldenhaushalt.de\\\/sari02\\\/index.php\\\/das-projekt-52-in-2025\\\/projekt-52-die-teilnehmer-2025\\\/\"]}]},{\"@type\":\"BreadcrumbList\",\"@id\":\"https:\\\/\\\/www.heldenhaushalt.de\\\/sari02\\\/index.php\\\/das-projekt-52-in-2025\\\/projekt-52-die-teilnehmer-2025\\\/#breadcrumb\",\"itemListElement\":[{\"@type\":\"ListItem\",\"position\":1,\"name\":\"Startseite\",\"item\":\"https:\\\/\\\/www.heldenhaushalt.de\\\/sari02\\\/\"},{\"@type\":\"ListItem\",\"position\":2,\"name\":\"Das Projekt 52 in 2026\",\"item\":\"https:\\\/\\\/www.heldenhaushalt.de\\\/sari02\\\/index.php\\\/das-projekt-52-in-2025\\\/\"},{\"@type\":\"ListItem\",\"position\":3,\"name\":\"Projekt 52: Die Teilnehmer 2025\"}]},{\"@type\":\"WebSite\",\"@id\":\"https:\\\/\\\/www.heldenhaushalt.de\\\/sari02\\\/#website\",\"url\":\"https:\\\/\\\/www.heldenhaushalt.de\\\/sari02\\\/\",\"name\":\"Heldenhaushalt\",\"description\":\"Wer es ordentlich haben will, der muss vorher anrufen\",\"publisher\":{\"@id\":\"https:\\\/\\\/www.heldenhaushalt.de\\\/sari02\\\/#\\\/schema\\\/person\\\/a1cc69f42a01f412eb62c151353814f6\"},\"potentialAction\":[{\"@type\":\"SearchAction\",\"target\":{\"@type\":\"EntryPoint\",\"urlTemplate\":\"https:\\\/\\\/www.heldenhaushalt.de\\\/sari02\\\/?s={search_term_string}\"},\"query-input\":{\"@type\":\"PropertyValueSpecification\",\"valueRequired\":true,\"valueName\":\"search_term_string\"}}],\"inLanguage\":\"de\"},{\"@type\":[\"Person\",\"Organization\"],\"@id\":\"https:\\\/\\\/www.heldenhaushalt.de\\\/sari02\\\/#\\\/schema\\\/person\\\/a1cc69f42a01f412eb62c151353814f6\",\"name\":\"Sari\",\"image\":{\"@type\":\"ImageObject\",\"inLanguage\":\"de\",\"@id\":\"https:\\\/\\\/www.heldenhaushalt.de\\\/sari02\\\/wp-content\\\/uploads\\\/2019\\\/02\\\/sari-april2018.png\",\"url\":\"https:\\\/\\\/www.heldenhaushalt.de\\\/sari02\\\/wp-content\\\/uploads\\\/2019\\\/02\\\/sari-april2018.png\",\"contentUrl\":\"https:\\\/\\\/www.heldenhaushalt.de\\\/sari02\\\/wp-content\\\/uploads\\\/2019\\\/02\\\/sari-april2018.png\",\"width\":500,\"height\":500,\"caption\":\"Sari\"},\"logo\":{\"@id\":\"https:\\\/\\\/www.heldenhaushalt.de\\\/sari02\\\/wp-content\\\/uploads\\\/2019\\\/02\\\/sari-april2018.png\"},\"description\":\"Frau Mondgras \u2013 Das bin ich, Sari. Gerne auch als Sari Mondgras bekannt und im Internet zu finden. 2-Fach-Mutter, Heldenehefrau, Kreativling, Harmonies\u00fcchtig und st\u00e4ndig auf der Suche nach Gl\u00fcck. Ich komme aus Berlin, bin hier aufgewachsen und lebe hier seit ich denken kann.\",\"sameAs\":[\"https:\\\/\\\/www.instagram.com\\\/heldenhaushalt\\\/\"]}]}<\/script>\n<!-- \/ Yoast SEO plugin. -->","yoast_head_json":{"title":"Projekt 52: Die Teilnehmer 2025 - Heldenhaushalt","description":"Im Folgenden findet Ihr alle Teilnehmer vom Projekt 52 im Jahr 2025. Wenn auch Du dabei sein m\u00f6chtest, dann kannst du...","robots":{"index":"index","follow":"follow","max-snippet":"max-snippet:-1","max-image-preview":"max-image-preview:large","max-video-preview":"max-video-preview:-1"},"canonical":"https:\/\/www.heldenhaushalt.de\/sari02\/index.php\/das-projekt-52-in-2025\/projekt-52-die-teilnehmer-2025\/","og_locale":"de_DE","og_type":"article","og_title":"Projekt 52: Die Teilnehmer 2025 - Heldenhaushalt","og_description":"Im Folgenden findet Ihr alle Teilnehmer vom Projekt 52 im Jahr 2025. Wenn auch Du dabei sein m\u00f6chtest, dann kannst du...","og_url":"https:\/\/www.heldenhaushalt.de\/sari02\/index.php\/das-projekt-52-in-2025\/projekt-52-die-teilnehmer-2025\/","og_site_name":"Heldenhaushalt","article_modified_time":"2025-07-29T11:17:12+00:00","twitter_card":"summary_large_image","twitter_site":"@Heldenhaushalt","twitter_misc":{"Gesch\u00e4tzte Lesezeit":"1\u00a0Minute"},"schema":{"@context":"https:\/\/schema.org","@graph":[{"@type":"WebPage","@id":"https:\/\/www.heldenhaushalt.de\/sari02\/index.php\/das-projekt-52-in-2025\/projekt-52-die-teilnehmer-2025\/","url":"https:\/\/www.heldenhaushalt.de\/sari02\/index.php\/das-projekt-52-in-2025\/projekt-52-die-teilnehmer-2025\/","name":"Projekt 52: Die Teilnehmer 2025 - Heldenhaushalt","isPartOf":{"@id":"https:\/\/www.heldenhaushalt.de\/sari02\/#website"},"datePublished":"2025-01-02T09:54:14+00:00","dateModified":"2025-07-29T11:17:12+00:00","description":"Im Folgenden findet Ihr alle Teilnehmer vom Projekt 52 im Jahr 2025. Wenn auch Du dabei sein m\u00f6chtest, dann kannst du...","breadcrumb":{"@id":"https:\/\/www.heldenhaushalt.de\/sari02\/index.php\/das-projekt-52-in-2025\/projekt-52-die-teilnehmer-2025\/#breadcrumb"},"inLanguage":"de","potentialAction":[{"@type":"ReadAction","target":["https:\/\/www.heldenhaushalt.de\/sari02\/index.php\/das-projekt-52-in-2025\/projekt-52-die-teilnehmer-2025\/"]}]},{"@type":"BreadcrumbList","@id":"https:\/\/www.heldenhaushalt.de\/sari02\/index.php\/das-projekt-52-in-2025\/projekt-52-die-teilnehmer-2025\/#breadcrumb","itemListElement":[{"@type":"ListItem","position":1,"name":"Startseite","item":"https:\/\/www.heldenhaushalt.de\/sari02\/"},{"@type":"ListItem","position":2,"name":"Das Projekt 52 in 2026","item":"https:\/\/www.heldenhaushalt.de\/sari02\/index.php\/das-projekt-52-in-2025\/"},{"@type":"ListItem","position":3,"name":"Projekt 52: Die Teilnehmer 2025"}]},{"@type":"WebSite","@id":"https:\/\/www.heldenhaushalt.de\/sari02\/#website","url":"https:\/\/www.heldenhaushalt.de\/sari02\/","name":"Heldenhaushalt","description":"Wer es ordentlich haben will, der muss vorher anrufen","publisher":{"@id":"https:\/\/www.heldenhaushalt.de\/sari02\/#\/schema\/person\/a1cc69f42a01f412eb62c151353814f6"},"potentialAction":[{"@type":"SearchAction","target":{"@type":"EntryPoint","urlTemplate":"https:\/\/www.heldenhaushalt.de\/sari02\/?s={search_term_string}"},"query-input":{"@type":"PropertyValueSpecification","valueRequired":true,"valueName":"search_term_string"}}],"inLanguage":"de"},{"@type":["Person","Organization"],"@id":"https:\/\/www.heldenhaushalt.de\/sari02\/#\/schema\/person\/a1cc69f42a01f412eb62c151353814f6","name":"Sari","image":{"@type":"ImageObject","inLanguage":"de","@id":"https:\/\/www.heldenhaushalt.de\/sari02\/wp-content\/uploads\/2019\/02\/sari-april2018.png","url":"https:\/\/www.heldenhaushalt.de\/sari02\/wp-content\/uploads\/2019\/02\/sari-april2018.png","contentUrl":"https:\/\/www.heldenhaushalt.de\/sari02\/wp-content\/uploads\/2019\/02\/sari-april2018.png","width":500,"height":500,"caption":"Sari"},"logo":{"@id":"https:\/\/www.heldenhaushalt.de\/sari02\/wp-content\/uploads\/2019\/02\/sari-april2018.png"},"description":"Frau Mondgras \u2013 Das bin ich, Sari. Gerne auch als Sari Mondgras bekannt und im Internet zu finden. 2-Fach-Mutter, Heldenehefrau, Kreativling, Harmonies\u00fcchtig und st\u00e4ndig auf der Suche nach Gl\u00fcck. Ich komme aus Berlin, bin hier aufgewachsen und lebe hier seit ich denken kann.","sameAs":["https:\/\/www.instagram.com\/heldenhaushalt\/"]}]}},"_links":{"self":[{"href":"https:\/\/www.heldenhaushalt.de\/sari02\/index.php\/wp-json\/wp\/v2\/pages\/62984","targetHints":{"allow":["GET"]}}],"collection":[{"href":"https:\/\/www.heldenhaushalt.de\/sari02\/index.php\/wp-json\/wp\/v2\/pages"}],"about":[{"href":"https:\/\/www.heldenhaushalt.de\/sari02\/index.php\/wp-json\/wp\/v2\/types\/page"}],"author":[{"embeddable":true,"href":"https:\/\/www.heldenhaushalt.de\/sari02\/index.php\/wp-json\/wp\/v2\/users\/1"}],"replies":[{"embeddable":true,"href":"https:\/\/www.heldenhaushalt.de\/sari02\/index.php\/wp-json\/wp\/v2\/comments?post=62984"}],"version-history":[{"count":20,"href":"https:\/\/www.heldenhaushalt.de\/sari02\/index.php\/wp-json\/wp\/v2\/pages\/62984\/revisions"}],"predecessor-version":[{"id":64848,"href":"https:\/\/www.heldenhaushalt.de\/sari02\/index.php\/wp-json\/wp\/v2\/pages\/62984\/revisions\/64848"}],"up":[{"embeddable":true,"href":"https:\/\/www.heldenhaushalt.de\/sari02\/index.php\/wp-json\/wp\/v2\/pages\/62974"}],"wp:attachment":[{"href":"https:\/\/www.heldenhaushalt.de\/sari02\/index.php\/wp-json\/wp\/v2\/media?parent=62984"}],"curies":[{"name":"wp","href":"https:\/\/api.w.org\/{rel}","templated":true}]}}