{"id":955,"date":"2008-01-09T19:47:48","date_gmt":"2008-01-09T18:47:48","guid":{"rendered":"http:\/\/www.mondgras.de\/sari02\/?page_id=955"},"modified":"2016-01-02T08:23:12","modified_gmt":"2016-01-02T07:23:12","slug":"projekt-52-allgemeine-informationen","status":"publish","type":"page","link":"https:\/\/www.heldenhaushalt.de\/sari02\/index.php\/projekt-52-allgemeine-informationen\/","title":{"rendered":"Projekt 52: Allgemeine Informationen"},"content":{"rendered":"<p><strong>&#220;ber das Projekt:<\/strong><br \/>\n<img decoding=\"async\" src=\"http:\/\/www.heldenhaushalt.de\/sari02\/wp-content\/uploads\/2008\/01\/projekt52_2.jpg\" alt=\"projekt52_2.jpg\" align=\"left\" \/>Projekt 52 ist eine Abwandlung der Idee 365 Fotos im Jahr zu schiessen, also f&#252;r jeden Tag eines. Projekt 52 legt fest, dass insgesamt 52 Fotos im Jahr geschossen werden. Jede Woche eines. Durch eine Absprache wurde au&#223;erdem festgelegt, dass die Fotos nach Themen gemacht werden, die durch die Teilnehmer ausgelost wurden.<br \/>\nMan erh&#228;lt immer um den 28. eines Monats herum auf Mondgras.de eine Liste der Themen f&#252;r den folgenden Monat.<br \/>\nDie Aufgabe besteht nun darin, aus dem vorgegebenen Thema etwas Sinnvolles zu machen.<br \/>\nDas Foto oder Bild stellt Ihr auf Eurer eigenen Seite, Blog oder Eurem eigenen Foto-Account (z.B. Flickr, Deviantphoto usw.) aus. Es soll immer eines der Themen am Samstag ver&#246;ffentlicht werden. Hierzu gibt es zus&#228;tzlich hier auf Mondgras immer samstags einen Beitrag, in dem man seinen eigenen Beitrag verlinken kann.<\/p>\n<p><strong>Warum das Ganze?<\/strong><br \/>\nNicht wenige sehnen sich danach wieder etwas mehr kreativ zu sein. F&#252;r mich pers&#246;nlich ist es ein guter Anlass wieder regelm&#228;&#223;iger zu fotografieren und durch die vorgegebenen Themen bekommt man sogar etwas Anreiz, Ideen und Inspiration und da man es in einer gro&#223;en Gruppe praktiziert, wird man zus&#228;tzlich im Idealfall auch noch motiviert. Das Ganze ll&#228;sst sich auch super auf andere Medien anwenden, wie zum Beispiel das Zeichnen.<\/p>\n<p><strong> Was muss ich beachten, oder auch: Die Regeln<\/strong><\/p>\n<ul style=\"margin-top: 0cm;\" type=\"disc\">\n<li class=\"MsoNormal\">Jeder mit einer eigenen Seite oder einem eigenen Bilder-Account (z.B. Flickr, Deviantphoto usw.) kann daran teilnehmen<\/li>\n<li class=\"MsoNormal\">Das Foto oder die Zeichnung muss in irgendeiner Weise mit dem vorgegeben Thema zu tun haben<\/li>\n<li class=\"MsoNormal\">Die Themen f&#252;r den gesamten Monat werden im vorherigen Monat um den 28. herum bekannt gegeben<\/li>\n<li class=\"MsoNormal\">Der offizielle Ver&#246;ffentlichungstag eurer Monatsfotos ist der letzte Samstag des monats (die M&#246;glichkeit seinen Beitrag hier zu linken, besteht f&#252;r einen Monat)<\/li>\n<li class=\"MsoNormal\">F&#252;r die Flickr-Begeisterten unter Euch wurde eine passende Flickr-Gruppe eingerichtet: <a href=\"http:\/\/www.flickr.com\/groups\/projekt52\/\" target=\"_blank\">KLICK<\/a><\/li>\n<li class=\"MsoNormal\">Auch ganz wichtig: Das Foto\/die Zeichnung soll erst f&#252;r diese Aktion entstehen. Nicht ein bereits &#228;lteres Bild nehmen. Sonst verfehlt die Aktion ihren Sinn und Zweck!<\/li>\n<\/ul>\n<p>Sollte Euch das Projekt gefallen, dann gibt es hier einen kleinen Button f&#252;r Euch, mit dem die Aktion verlinkt werden kann:<br \/>\n<img decoding=\"async\" src=\"http:\/\/www.heldenhaushalt.de\/sari02\/wp-content\/uploads\/2008\/01\/projekt52-button-rund2.gif\" alt=\"projekt52-button-rund2.gif\" \/><img decoding=\"async\" src=\"http:\/\/www.heldenhaushalt.de\/sari02\/wp-content\/uploads\/2008\/01\/projekt52-button-rund3.gif\" alt=\"projekt52-button-rund3.gif\" \/><img decoding=\"async\" src=\"http:\/\/www.heldenhaushalt.de\/sari02\/wp-content\/uploads\/2008\/01\/projekt52-button-rund4.gif\" alt=\"projekt52-button-rund4.gif\" \/><img decoding=\"async\" src=\"http:\/\/www.heldenhaushalt.de\/sari02\/wp-content\/uploads\/2008\/01\/projekt52-button-rund5.gif\" alt=\"projekt52-button-rund5.gif\" \/><img decoding=\"async\" src=\"http:\/\/www.heldenhaushalt.de\/sari02\/wp-content\/uploads\/2008\/01\/projekt52-button-rund6.gif\" alt=\"projekt52-button-rund6.gif\" \/><\/p>\n<p><strong>Alle wichtigen Links auf einen Blick:<\/strong><\/p>\n<blockquote>\n<ul>\n<li><a href=\"http:\/\/www.heldenhaushalt.de\/sari02\/index.php\/projekt-52-die-themen-2016\/\" target=\"_blank\">Die aktuelle Teilnehmerliste 2016<\/a><\/li>\n<li><a href=\"http:\/\/www.heldenhaushalt.de\/sari02\/index.php\/2014\/12\/28\/projekt-52-2015-die-anmeldung\/\" target=\"_blank\">Anmeldung f&#252;r das Projekt 2015<\/a><\/li>\n<li><a href=\"http:\/\/www.heldenhaushalt.de\/sari02\/index.php\/2011\/01\/08\/p52-11-ein-paar-logos\/\" target=\"_blank\">Die Logos f&#252;r das Projekt <\/a><\/li>\n<li>Die Themen aus den Jahren <a href=\"http:\/\/www.heldenhaushalt.de\/sari02\/index.php\/projekt-52-die-themen\/\" target=\"_blank\">2008<\/a>, <a href=\"http:\/\/www.heldenhaushalt.de\/sari02\/index.php\/projekt-52-die-themen-2009\/\" target=\"_blank\">2009<\/a>, <a href=\"http:\/\/www.heldenhaushalt.de\/sari02\/index.php\/projekt-52-die-themen-2010\/\" target=\"_blank\">2010<\/a> , <a href=\"http:\/\/www.heldenhaushalt.de\/sari02\/index.php\/projekt-52-die-themen-2011\/\">2011,<\/a> <a href=\"http:\/\/www.heldenhaushalt.de\/sari02\/index.php\/projekt-52-die-themen-2012\/\" target=\"_blank\">2012<\/a> , <a href=\"http:\/\/www.heldenhaushalt.de\/sari02\/index.php\/projekt-52-die-themen-2013\/\">2013<\/a>,\u00a0 <a href=\"http:\/\/www.heldenhaushalt.de\/sari02\/index.php\/projekt-52-die-themen-2014\/\" target=\"_blank\">2014<\/a> und <a href=\"http:\/\/www.heldenhaushalt.de\/sari02\/index.php\/projekt-52-die-themen-2015\/\">2015<\/a><\/li>\n<li><a href=\"http:\/\/www.heldenhaushalt.de\/sari02\/index.php\/projekt-52-figuren-teilnehmerquilt\/\" target=\"_blank\">Die Teilnehmerliste der Teilnehmer mit fester Figur<\/a> (von 2011)<\/li>\n<\/ul>\n<\/blockquote>\n","protected":false},"excerpt":{"rendered":"<p>&#220;ber das Projekt: Projekt 52 ist eine Abwandlung der Idee 365 Fotos im Jahr zu schiessen, also f&#252;r jeden Tag eines. Projekt 52 legt fest, dass insgesamt 52 Fotos im Jahr geschossen werden. Jede Woche eines. Durch eine Absprache wurde au&#223;erdem festgelegt, dass die Fotos nach Themen gemacht werden, die durch die Teilnehmer ausgelost wurden. Man erh&#228;lt immer um den 28. eines Monats herum auf Mondgras.de eine Liste der Themen f&#252;r den folgenden Monat. Die Aufgabe besteht nun darin, aus dem vorgegebenen Thema etwas Sinnvolles zu machen. Das Foto oder Bild stellt Ihr auf Eurer eigenen Seite, Blog oder Eurem eigenen Foto-Account (z.B. Flickr, Deviantphoto usw.) aus. Es soll immer eines der Themen am Samstag ver&#246;ffentlicht werden. Hierzu gibt es zus&#228;tzlich hier auf Mondgras immer samstags einen Beitrag, in dem man seinen eigenen Beitrag verlinken kann. Warum das Ganze? Nicht wenige sehnen sich danach wieder etwas mehr kreativ zu sein. F&#252;r mich pers&#246;nlich ist es ein guter Anlass wieder regelm&#228;&#223;iger zu fotografieren und durch die vorgegebenen Themen bekommt man sogar etwas Anreiz, Ideen und Inspiration und da man es in einer gro&#223;en Gruppe praktiziert, wird man zus&#228;tzlich im Idealfall auch noch motiviert. Das Ganze ll&#228;sst sich auch super auf andere Medien anwenden, wie zum Beispiel das Zeichnen. Was muss ich beachten, oder auch: Die Regeln Jeder mit einer eigenen Seite oder einem eigenen Bilder-Account (z.B. Flickr, Deviantphoto usw.) kann daran teilnehmen Das Foto oder die Zeichnung muss in irgendeiner Weise mit dem vorgegeben Thema zu tun haben Die Themen f&#252;r den gesamten Monat werden im vorherigen Monat um den 28. herum bekannt gegeben Der offizielle Ver&#246;ffentlichungstag eurer Monatsfotos ist der letzte Samstag des monats (die M&#246;glichkeit seinen Beitrag hier zu linken, besteht f&#252;r einen Monat) F&#252;r die Flickr-Begeisterten unter Euch wurde eine passende Flickr-Gruppe eingerichtet: KLICK Auch ganz wichtig: Das Foto\/die Zeichnung soll erst f&#252;r diese Aktion entstehen. Nicht ein bereits &#228;lteres Bild nehmen. Sonst verfehlt die Aktion ihren Sinn und Zweck! Sollte Euch das Projekt gefallen, dann gibt es hier einen kleinen Button f&#252;r Euch, mit dem die Aktion verlinkt werden kann: Alle wichtigen Links auf einen Blick: Die aktuelle Teilnehmerliste 2016 Anmeldung f&#252;r das Projekt 2015 Die Logos f&#252;r das Projekt Die Themen aus den Jahren 2008, 2009, 2010 , 2011, 2012 , 2013,\u00a0 2014 und 2015 Die Teilnehmerliste der Teilnehmer mit fester Figur (von 2011)<\/p>\n","protected":false},"author":1,"featured_media":0,"parent":0,"menu_order":0,"comment_status":"open","ping_status":"open","template":"","meta":{"ngg_post_thumbnail":0,"footnotes":""},"class_list":["post-955","page","type-page","status-publish","hentry"],"yoast_head":"<!-- This site is optimized with the Yoast SEO plugin v27.6 - https:\/\/yoast.com\/product\/yoast-seo-wordpress\/ -->\n<title>Projekt 52: Allgemeine Informationen - Heldenhaushalt<\/title>\n<meta name=\"description\" content=\"Auch Helden erleben den t\u00e4glichen Wahnsinn, den ein Alltag mit sich bringt und Frau Mondgras sitzt mittendrin. Berlinerin, Mutter, Ehefrau, Kreativling und auf der st\u00e4ndigen Suche nach Gl\u00fcck... Hier wird gen\u00e4ht, gebacken, gebastelt und auch mal \u00fcber den Alltag gemault.\" \/>\n<meta name=\"robots\" content=\"index, follow, max-snippet:-1, max-image-preview:large, max-video-preview:-1\" \/>\n<link rel=\"canonical\" href=\"https:\/\/www.heldenhaushalt.de\/sari02\/index.php\/projekt-52-allgemeine-informationen\/\" \/>\n<meta property=\"og:locale\" content=\"de_DE\" \/>\n<meta property=\"og:type\" content=\"article\" \/>\n<meta property=\"og:title\" content=\"Projekt 52: Allgemeine Informationen - Heldenhaushalt\" \/>\n<meta property=\"og:description\" content=\"Auch Helden erleben den t\u00e4glichen Wahnsinn, den ein Alltag mit sich bringt und Frau Mondgras sitzt mittendrin. Berlinerin, Mutter, Ehefrau, Kreativling und auf der st\u00e4ndigen Suche nach Gl\u00fcck... Hier wird gen\u00e4ht, gebacken, gebastelt und auch mal \u00fcber den Alltag gemault.\" \/>\n<meta property=\"og:url\" content=\"https:\/\/www.heldenhaushalt.de\/sari02\/index.php\/projekt-52-allgemeine-informationen\/\" \/>\n<meta property=\"og:site_name\" content=\"Heldenhaushalt\" \/>\n<meta property=\"article:modified_time\" content=\"2016-01-02T07:23:12+00:00\" \/>\n<meta property=\"og:image\" content=\"http:\/\/www.heldenhaushalt.de\/sari02\/wp-content\/uploads\/2008\/01\/projekt52_2.jpg\" \/>\n<meta name=\"twitter:card\" content=\"summary_large_image\" \/>\n<meta name=\"twitter:site\" content=\"@Heldenhaushalt\" \/>\n<meta name=\"twitter:label1\" content=\"Gesch\u00e4tzte Lesezeit\" \/>\n\t<meta name=\"twitter:data1\" content=\"2\u00a0Minuten\" \/>\n<script type=\"application\/ld+json\" class=\"yoast-schema-graph\">{\"@context\":\"https:\\\/\\\/schema.org\",\"@graph\":[{\"@type\":\"WebPage\",\"@id\":\"https:\\\/\\\/www.heldenhaushalt.de\\\/sari02\\\/index.php\\\/projekt-52-allgemeine-informationen\\\/\",\"url\":\"https:\\\/\\\/www.heldenhaushalt.de\\\/sari02\\\/index.php\\\/projekt-52-allgemeine-informationen\\\/\",\"name\":\"Projekt 52: Allgemeine Informationen - Heldenhaushalt\",\"isPartOf\":{\"@id\":\"https:\\\/\\\/www.heldenhaushalt.de\\\/sari02\\\/#website\"},\"primaryImageOfPage\":{\"@id\":\"https:\\\/\\\/www.heldenhaushalt.de\\\/sari02\\\/index.php\\\/projekt-52-allgemeine-informationen\\\/#primaryimage\"},\"image\":{\"@id\":\"https:\\\/\\\/www.heldenhaushalt.de\\\/sari02\\\/index.php\\\/projekt-52-allgemeine-informationen\\\/#primaryimage\"},\"thumbnailUrl\":\"http:\\\/\\\/www.heldenhaushalt.de\\\/sari02\\\/wp-content\\\/uploads\\\/2008\\\/01\\\/projekt52_2.jpg\",\"datePublished\":\"2008-01-09T18:47:48+00:00\",\"dateModified\":\"2016-01-02T07:23:12+00:00\",\"description\":\"Auch Helden erleben den t\u00e4glichen Wahnsinn, den ein Alltag mit sich bringt und Frau Mondgras sitzt mittendrin. Berlinerin, Mutter, Ehefrau, Kreativling und auf der st\u00e4ndigen Suche nach Gl\u00fcck... Hier wird gen\u00e4ht, gebacken, gebastelt und auch mal \u00fcber den Alltag gemault.\",\"breadcrumb\":{\"@id\":\"https:\\\/\\\/www.heldenhaushalt.de\\\/sari02\\\/index.php\\\/projekt-52-allgemeine-informationen\\\/#breadcrumb\"},\"inLanguage\":\"de\",\"potentialAction\":[{\"@type\":\"ReadAction\",\"target\":[\"https:\\\/\\\/www.heldenhaushalt.de\\\/sari02\\\/index.php\\\/projekt-52-allgemeine-informationen\\\/\"]}]},{\"@type\":\"ImageObject\",\"inLanguage\":\"de\",\"@id\":\"https:\\\/\\\/www.heldenhaushalt.de\\\/sari02\\\/index.php\\\/projekt-52-allgemeine-informationen\\\/#primaryimage\",\"url\":\"http:\\\/\\\/www.heldenhaushalt.de\\\/sari02\\\/wp-content\\\/uploads\\\/2008\\\/01\\\/projekt52_2.jpg\",\"contentUrl\":\"http:\\\/\\\/www.heldenhaushalt.de\\\/sari02\\\/wp-content\\\/uploads\\\/2008\\\/01\\\/projekt52_2.jpg\"},{\"@type\":\"BreadcrumbList\",\"@id\":\"https:\\\/\\\/www.heldenhaushalt.de\\\/sari02\\\/index.php\\\/projekt-52-allgemeine-informationen\\\/#breadcrumb\",\"itemListElement\":[{\"@type\":\"ListItem\",\"position\":1,\"name\":\"Startseite\",\"item\":\"https:\\\/\\\/www.heldenhaushalt.de\\\/sari02\\\/\"},{\"@type\":\"ListItem\",\"position\":2,\"name\":\"Projekt 52: Allgemeine Informationen\"}]},{\"@type\":\"WebSite\",\"@id\":\"https:\\\/\\\/www.heldenhaushalt.de\\\/sari02\\\/#website\",\"url\":\"https:\\\/\\\/www.heldenhaushalt.de\\\/sari02\\\/\",\"name\":\"Heldenhaushalt\",\"description\":\"Wer es ordentlich haben will, der muss vorher anrufen\",\"publisher\":{\"@id\":\"https:\\\/\\\/www.heldenhaushalt.de\\\/sari02\\\/#\\\/schema\\\/person\\\/a1cc69f42a01f412eb62c151353814f6\"},\"potentialAction\":[{\"@type\":\"SearchAction\",\"target\":{\"@type\":\"EntryPoint\",\"urlTemplate\":\"https:\\\/\\\/www.heldenhaushalt.de\\\/sari02\\\/?s={search_term_string}\"},\"query-input\":{\"@type\":\"PropertyValueSpecification\",\"valueRequired\":true,\"valueName\":\"search_term_string\"}}],\"inLanguage\":\"de\"},{\"@type\":[\"Person\",\"Organization\"],\"@id\":\"https:\\\/\\\/www.heldenhaushalt.de\\\/sari02\\\/#\\\/schema\\\/person\\\/a1cc69f42a01f412eb62c151353814f6\",\"name\":\"Sari\",\"image\":{\"@type\":\"ImageObject\",\"inLanguage\":\"de\",\"@id\":\"https:\\\/\\\/www.heldenhaushalt.de\\\/sari02\\\/wp-content\\\/uploads\\\/2019\\\/02\\\/sari-april2018.png\",\"url\":\"https:\\\/\\\/www.heldenhaushalt.de\\\/sari02\\\/wp-content\\\/uploads\\\/2019\\\/02\\\/sari-april2018.png\",\"contentUrl\":\"https:\\\/\\\/www.heldenhaushalt.de\\\/sari02\\\/wp-content\\\/uploads\\\/2019\\\/02\\\/sari-april2018.png\",\"width\":500,\"height\":500,\"caption\":\"Sari\"},\"logo\":{\"@id\":\"https:\\\/\\\/www.heldenhaushalt.de\\\/sari02\\\/wp-content\\\/uploads\\\/2019\\\/02\\\/sari-april2018.png\"},\"description\":\"Frau Mondgras \u2013 Das bin ich, Sari. Gerne auch als Sari Mondgras bekannt und im Internet zu finden. 2-Fach-Mutter, Heldenehefrau, Kreativling, Harmonies\u00fcchtig und st\u00e4ndig auf der Suche nach Gl\u00fcck. Ich komme aus Berlin, bin hier aufgewachsen und lebe hier seit ich denken kann.\",\"sameAs\":[\"https:\\\/\\\/www.instagram.com\\\/heldenhaushalt\\\/\"]}]}<\/script>\n<!-- \/ Yoast SEO plugin. -->","yoast_head_json":{"title":"Projekt 52: Allgemeine Informationen - Heldenhaushalt","description":"Auch Helden erleben den t\u00e4glichen Wahnsinn, den ein Alltag mit sich bringt und Frau Mondgras sitzt mittendrin. Berlinerin, Mutter, Ehefrau, Kreativling und auf der st\u00e4ndigen Suche nach Gl\u00fcck... Hier wird gen\u00e4ht, gebacken, gebastelt und auch mal \u00fcber den Alltag gemault.","robots":{"index":"index","follow":"follow","max-snippet":"max-snippet:-1","max-image-preview":"max-image-preview:large","max-video-preview":"max-video-preview:-1"},"canonical":"https:\/\/www.heldenhaushalt.de\/sari02\/index.php\/projekt-52-allgemeine-informationen\/","og_locale":"de_DE","og_type":"article","og_title":"Projekt 52: Allgemeine Informationen - Heldenhaushalt","og_description":"Auch Helden erleben den t\u00e4glichen Wahnsinn, den ein Alltag mit sich bringt und Frau Mondgras sitzt mittendrin. Berlinerin, Mutter, Ehefrau, Kreativling und auf der st\u00e4ndigen Suche nach Gl\u00fcck... Hier wird gen\u00e4ht, gebacken, gebastelt und auch mal \u00fcber den Alltag gemault.","og_url":"https:\/\/www.heldenhaushalt.de\/sari02\/index.php\/projekt-52-allgemeine-informationen\/","og_site_name":"Heldenhaushalt","article_modified_time":"2016-01-02T07:23:12+00:00","og_image":[{"url":"http:\/\/www.heldenhaushalt.de\/sari02\/wp-content\/uploads\/2008\/01\/projekt52_2.jpg","type":"","width":"","height":""}],"twitter_card":"summary_large_image","twitter_site":"@Heldenhaushalt","twitter_misc":{"Gesch\u00e4tzte Lesezeit":"2\u00a0Minuten"},"schema":{"@context":"https:\/\/schema.org","@graph":[{"@type":"WebPage","@id":"https:\/\/www.heldenhaushalt.de\/sari02\/index.php\/projekt-52-allgemeine-informationen\/","url":"https:\/\/www.heldenhaushalt.de\/sari02\/index.php\/projekt-52-allgemeine-informationen\/","name":"Projekt 52: Allgemeine Informationen - Heldenhaushalt","isPartOf":{"@id":"https:\/\/www.heldenhaushalt.de\/sari02\/#website"},"primaryImageOfPage":{"@id":"https:\/\/www.heldenhaushalt.de\/sari02\/index.php\/projekt-52-allgemeine-informationen\/#primaryimage"},"image":{"@id":"https:\/\/www.heldenhaushalt.de\/sari02\/index.php\/projekt-52-allgemeine-informationen\/#primaryimage"},"thumbnailUrl":"http:\/\/www.heldenhaushalt.de\/sari02\/wp-content\/uploads\/2008\/01\/projekt52_2.jpg","datePublished":"2008-01-09T18:47:48+00:00","dateModified":"2016-01-02T07:23:12+00:00","description":"Auch Helden erleben den t\u00e4glichen Wahnsinn, den ein Alltag mit sich bringt und Frau Mondgras sitzt mittendrin. Berlinerin, Mutter, Ehefrau, Kreativling und auf der st\u00e4ndigen Suche nach Gl\u00fcck... Hier wird gen\u00e4ht, gebacken, gebastelt und auch mal \u00fcber den Alltag gemault.","breadcrumb":{"@id":"https:\/\/www.heldenhaushalt.de\/sari02\/index.php\/projekt-52-allgemeine-informationen\/#breadcrumb"},"inLanguage":"de","potentialAction":[{"@type":"ReadAction","target":["https:\/\/www.heldenhaushalt.de\/sari02\/index.php\/projekt-52-allgemeine-informationen\/"]}]},{"@type":"ImageObject","inLanguage":"de","@id":"https:\/\/www.heldenhaushalt.de\/sari02\/index.php\/projekt-52-allgemeine-informationen\/#primaryimage","url":"http:\/\/www.heldenhaushalt.de\/sari02\/wp-content\/uploads\/2008\/01\/projekt52_2.jpg","contentUrl":"http:\/\/www.heldenhaushalt.de\/sari02\/wp-content\/uploads\/2008\/01\/projekt52_2.jpg"},{"@type":"BreadcrumbList","@id":"https:\/\/www.heldenhaushalt.de\/sari02\/index.php\/projekt-52-allgemeine-informationen\/#breadcrumb","itemListElement":[{"@type":"ListItem","position":1,"name":"Startseite","item":"https:\/\/www.heldenhaushalt.de\/sari02\/"},{"@type":"ListItem","position":2,"name":"Projekt 52: Allgemeine Informationen"}]},{"@type":"WebSite","@id":"https:\/\/www.heldenhaushalt.de\/sari02\/#website","url":"https:\/\/www.heldenhaushalt.de\/sari02\/","name":"Heldenhaushalt","description":"Wer es ordentlich haben will, der muss vorher anrufen","publisher":{"@id":"https:\/\/www.heldenhaushalt.de\/sari02\/#\/schema\/person\/a1cc69f42a01f412eb62c151353814f6"},"potentialAction":[{"@type":"SearchAction","target":{"@type":"EntryPoint","urlTemplate":"https:\/\/www.heldenhaushalt.de\/sari02\/?s={search_term_string}"},"query-input":{"@type":"PropertyValueSpecification","valueRequired":true,"valueName":"search_term_string"}}],"inLanguage":"de"},{"@type":["Person","Organization"],"@id":"https:\/\/www.heldenhaushalt.de\/sari02\/#\/schema\/person\/a1cc69f42a01f412eb62c151353814f6","name":"Sari","image":{"@type":"ImageObject","inLanguage":"de","@id":"https:\/\/www.heldenhaushalt.de\/sari02\/wp-content\/uploads\/2019\/02\/sari-april2018.png","url":"https:\/\/www.heldenhaushalt.de\/sari02\/wp-content\/uploads\/2019\/02\/sari-april2018.png","contentUrl":"https:\/\/www.heldenhaushalt.de\/sari02\/wp-content\/uploads\/2019\/02\/sari-april2018.png","width":500,"height":500,"caption":"Sari"},"logo":{"@id":"https:\/\/www.heldenhaushalt.de\/sari02\/wp-content\/uploads\/2019\/02\/sari-april2018.png"},"description":"Frau Mondgras \u2013 Das bin ich, Sari. Gerne auch als Sari Mondgras bekannt und im Internet zu finden. 2-Fach-Mutter, Heldenehefrau, Kreativling, Harmonies\u00fcchtig und st\u00e4ndig auf der Suche nach Gl\u00fcck. Ich komme aus Berlin, bin hier aufgewachsen und lebe hier seit ich denken kann.","sameAs":["https:\/\/www.instagram.com\/heldenhaushalt\/"]}]}},"_links":{"self":[{"href":"https:\/\/www.heldenhaushalt.de\/sari02\/index.php\/wp-json\/wp\/v2\/pages\/955","targetHints":{"allow":["GET"]}}],"collection":[{"href":"https:\/\/www.heldenhaushalt.de\/sari02\/index.php\/wp-json\/wp\/v2\/pages"}],"about":[{"href":"https:\/\/www.heldenhaushalt.de\/sari02\/index.php\/wp-json\/wp\/v2\/types\/page"}],"author":[{"embeddable":true,"href":"https:\/\/www.heldenhaushalt.de\/sari02\/index.php\/wp-json\/wp\/v2\/users\/1"}],"replies":[{"embeddable":true,"href":"https:\/\/www.heldenhaushalt.de\/sari02\/index.php\/wp-json\/wp\/v2\/comments?post=955"}],"version-history":[{"count":19,"href":"https:\/\/www.heldenhaushalt.de\/sari02\/index.php\/wp-json\/wp\/v2\/pages\/955\/revisions"}],"predecessor-version":[{"id":28296,"href":"https:\/\/www.heldenhaushalt.de\/sari02\/index.php\/wp-json\/wp\/v2\/pages\/955\/revisions\/28296"}],"wp:attachment":[{"href":"https:\/\/www.heldenhaushalt.de\/sari02\/index.php\/wp-json\/wp\/v2\/media?parent=955"}],"curies":[{"name":"wp","href":"https:\/\/api.w.org\/{rel}","templated":true}]}}