{"id":958,"date":"2008-01-09T20:04:17","date_gmt":"2008-01-09T19:04:17","guid":{"rendered":"http:\/\/www.mondgras.de\/sari02\/?page_id=958"},"modified":"2016-02-19T09:55:46","modified_gmt":"2016-02-19T08:55:46","slug":"projekt-52-wer-macht-eigentlich-mit","status":"publish","type":"page","link":"https:\/\/www.heldenhaushalt.de\/sari02\/index.php\/projekt-52-wer-macht-eigentlich-mit\/","title":{"rendered":"Projekt 52: Wer macht eigentlich mit?"},"content":{"rendered":"<p>Hier nun die Auflistung der <strong>Teilnehmer im Jahr 2016<\/strong>. Wer noch nachtr&#228;glich mitmachen und hier gelistet werden m&#246;chte, der kann <a href=\"http:\/\/www.heldenhaushalt.de\/sari02\/index.php\/2015\/12\/30\/projekt-52-in-2016-anmeldung-und-themenfindung\/\" target=\"_blank\"><strong>hier nachschauen<\/strong><\/a>, wie er sich anmelden kann.<\/p>\n<ul>\n<li><a href=\"http:\/\/consuela1976.blogspot.de\/search\/label\/P52\" target=\"_blank\">Consuela<\/a><\/li>\n<li><a href=\"http:\/\/www.blog.kruemelswelt.de\" target=\"_blank\">Kruemel<\/a><\/li>\n<li><a href=\"https:\/\/sockenbergen.wordpress.com\/\" target=\"_blank\">Eva von Sockenbergen <\/a><\/li>\n<li><a href=\"http:\/\/hotarukago.blogspot.de\/search\/label\/P52\" target=\"_blank\">Hotaru<\/a><\/li>\n<li><a href=\"https:\/\/www.flickr.com\/photos\/uwemuggel\/albums\/72157662993343745\" target=\"_blank\">Uwe<\/a><\/li>\n<li>\n<div><a href=\"http:\/\/dasliebkind.de\/category\/projekt-52\/\" target=\"_blank\">dasLiebkind<\/a><\/div>\n<\/li>\n<li><a href=\"http:\/\/www.mahltied.com\" target=\"_blank\">stoffel<\/a><\/li>\n<li><a href=\"https:\/\/diesesjenesunddasnoch.wordpress.com\/category\/projekt-52\/\" target=\"_blank\">Julia<\/a><\/li>\n<li><a href=\"mailto:christophs-fotostudio@blogspot.de\" target=\"_blank\">Christoph<\/a><\/li>\n<li><a href=\"http:\/\/www.sonnenschein-gefuehl.de\/\" target=\"_blank\">Ella Sonnenschein<\/a><\/li>\n<li><a href=\"http:\/\/www.czoczo.de\/\" target=\"_blank\">czoczo<\/a><\/li>\n<li><a href=\"http:\/\/mil-lunares.blogspot.de\/\" target=\"_blank\">Lunares<\/a><\/li>\n<li><a href=\"https:\/\/serendipitybooks.wordpress.com\/category\/challenge\/projekt-52\/\" target=\"_blank\">Verena<\/a><\/li>\n<li><a href=\"http:\/\/timbaru.de\" target=\"_blank\">Nina \/ timbaru<\/a><\/li>\n<li><a href=\"http:\/\/www.pinkcrow.de\/\" target=\"_blank\">Pinkcrow<\/a><\/li>\n<li><a href=\"http:\/\/www.moellerherm.net\" target=\"_blank\">Christopher<\/a><\/li>\n<li><a href=\"http:\/\/www.fuenfzig-millimeter.de\/\" target=\"_blank\">Jan<\/a><\/li>\n<li><a href=\"https:\/\/laparoleaetedonneealhomme.wordpress.com\/\" target=\"_blank\">Myriade<\/a><\/li>\n<li><a href=\"http:\/\/beautifullysilent.com\/\" target=\"_blank\">Lienchen<\/a><\/li>\n<li><span style=\"font-family: Arial; font-size: small;\"><a href=\"http:\/\/www.schreibreise.com\/\" target=\"_blank\">Jaelle Katz<\/a><\/span><\/li>\n<li><a href=\"http:\/\/fotodesignlumini.wordpress.com\/\" target=\"_blank\">Lumini<\/a><\/li>\n<li><a href=\"http:\/\/bluetenfee.blogspot.de\/\" target=\"_blank\">Monika WW<\/a><\/li>\n<li><a href=\"http:\/\/aktiviko.de\/ueber-aktiviko\/projekt52\/\" target=\"_blank\">Steffi<\/a><\/li>\n<li><a href=\"http:\/\/knippscheer.de\/category\/projekt52\/\" target=\"_blank\">Holger<\/a><\/li>\n<li><a href=\"http:\/\/yvis-photography.de\/\" target=\"_blank\">Yvis Photography<\/a><\/li>\n<\/ul>\n","protected":false},"excerpt":{"rendered":"<p>Hier nun die Auflistung der Teilnehmer im Jahr 2016. Wer noch nachtr&#228;glich mitmachen und hier gelistet werden m&#246;chte, der kann hier nachschauen, wie er sich anmelden kann. Consuela Kruemel Eva von Sockenbergen Hotaru Uwe dasLiebkind stoffel Julia Christoph Ella Sonnenschein czoczo Lunares Verena Nina \/ timbaru Pinkcrow Christopher Jan Myriade Lienchen Jaelle Katz Lumini Monika WW Steffi Holger Yvis Photography<\/p>\n","protected":false},"author":1,"featured_media":0,"parent":0,"menu_order":0,"comment_status":"open","ping_status":"open","template":"","meta":{"ngg_post_thumbnail":0,"footnotes":""},"class_list":["post-958","page","type-page","status-publish","hentry"],"yoast_head":"<!-- This site is optimized with the Yoast SEO plugin v27.5 - https:\/\/yoast.com\/product\/yoast-seo-wordpress\/ -->\n<title>Projekt 52: Wer macht eigentlich mit? - Heldenhaushalt<\/title>\n<meta name=\"description\" content=\"Auch Helden erleben den t\u00e4glichen Wahnsinn, den ein Alltag mit sich bringt und Frau Mondgras sitzt mittendrin. Berlinerin, Mutter, Ehefrau, Kreativling und auf der st\u00e4ndigen Suche nach Gl\u00fcck... Hier wird gen\u00e4ht, gebacken, gebastelt und auch mal \u00fcber den Alltag gemault.\" \/>\n<meta name=\"robots\" content=\"index, follow, max-snippet:-1, max-image-preview:large, max-video-preview:-1\" \/>\n<link rel=\"canonical\" href=\"https:\/\/www.heldenhaushalt.de\/sari02\/index.php\/projekt-52-wer-macht-eigentlich-mit\/\" \/>\n<meta property=\"og:locale\" content=\"de_DE\" \/>\n<meta property=\"og:type\" content=\"article\" \/>\n<meta property=\"og:title\" content=\"Projekt 52: Wer macht eigentlich mit? - Heldenhaushalt\" \/>\n<meta property=\"og:description\" content=\"Auch Helden erleben den t\u00e4glichen Wahnsinn, den ein Alltag mit sich bringt und Frau Mondgras sitzt mittendrin. Berlinerin, Mutter, Ehefrau, Kreativling und auf der st\u00e4ndigen Suche nach Gl\u00fcck... Hier wird gen\u00e4ht, gebacken, gebastelt und auch mal \u00fcber den Alltag gemault.\" \/>\n<meta property=\"og:url\" content=\"https:\/\/www.heldenhaushalt.de\/sari02\/index.php\/projekt-52-wer-macht-eigentlich-mit\/\" \/>\n<meta property=\"og:site_name\" content=\"Heldenhaushalt\" \/>\n<meta property=\"article:modified_time\" content=\"2016-02-19T08:55:46+00:00\" \/>\n<meta name=\"twitter:card\" content=\"summary_large_image\" \/>\n<meta name=\"twitter:site\" content=\"@Heldenhaushalt\" \/>\n<script type=\"application\/ld+json\" class=\"yoast-schema-graph\">{\"@context\":\"https:\\\/\\\/schema.org\",\"@graph\":[{\"@type\":\"WebPage\",\"@id\":\"https:\\\/\\\/www.heldenhaushalt.de\\\/sari02\\\/index.php\\\/projekt-52-wer-macht-eigentlich-mit\\\/\",\"url\":\"https:\\\/\\\/www.heldenhaushalt.de\\\/sari02\\\/index.php\\\/projekt-52-wer-macht-eigentlich-mit\\\/\",\"name\":\"Projekt 52: Wer macht eigentlich mit? - Heldenhaushalt\",\"isPartOf\":{\"@id\":\"https:\\\/\\\/www.heldenhaushalt.de\\\/sari02\\\/#website\"},\"datePublished\":\"2008-01-09T19:04:17+00:00\",\"dateModified\":\"2016-02-19T08:55:46+00:00\",\"description\":\"Auch Helden erleben den t\u00e4glichen Wahnsinn, den ein Alltag mit sich bringt und Frau Mondgras sitzt mittendrin. Berlinerin, Mutter, Ehefrau, Kreativling und auf der st\u00e4ndigen Suche nach Gl\u00fcck... Hier wird gen\u00e4ht, gebacken, gebastelt und auch mal \u00fcber den Alltag gemault.\",\"breadcrumb\":{\"@id\":\"https:\\\/\\\/www.heldenhaushalt.de\\\/sari02\\\/index.php\\\/projekt-52-wer-macht-eigentlich-mit\\\/#breadcrumb\"},\"inLanguage\":\"de\",\"potentialAction\":[{\"@type\":\"ReadAction\",\"target\":[\"https:\\\/\\\/www.heldenhaushalt.de\\\/sari02\\\/index.php\\\/projekt-52-wer-macht-eigentlich-mit\\\/\"]}]},{\"@type\":\"BreadcrumbList\",\"@id\":\"https:\\\/\\\/www.heldenhaushalt.de\\\/sari02\\\/index.php\\\/projekt-52-wer-macht-eigentlich-mit\\\/#breadcrumb\",\"itemListElement\":[{\"@type\":\"ListItem\",\"position\":1,\"name\":\"Startseite\",\"item\":\"https:\\\/\\\/www.heldenhaushalt.de\\\/sari02\\\/\"},{\"@type\":\"ListItem\",\"position\":2,\"name\":\"Projekt 52: Wer macht eigentlich mit?\"}]},{\"@type\":\"WebSite\",\"@id\":\"https:\\\/\\\/www.heldenhaushalt.de\\\/sari02\\\/#website\",\"url\":\"https:\\\/\\\/www.heldenhaushalt.de\\\/sari02\\\/\",\"name\":\"Heldenhaushalt\",\"description\":\"Wer es ordentlich haben will, der muss vorher anrufen\",\"publisher\":{\"@id\":\"https:\\\/\\\/www.heldenhaushalt.de\\\/sari02\\\/#\\\/schema\\\/person\\\/a1cc69f42a01f412eb62c151353814f6\"},\"potentialAction\":[{\"@type\":\"SearchAction\",\"target\":{\"@type\":\"EntryPoint\",\"urlTemplate\":\"https:\\\/\\\/www.heldenhaushalt.de\\\/sari02\\\/?s={search_term_string}\"},\"query-input\":{\"@type\":\"PropertyValueSpecification\",\"valueRequired\":true,\"valueName\":\"search_term_string\"}}],\"inLanguage\":\"de\"},{\"@type\":[\"Person\",\"Organization\"],\"@id\":\"https:\\\/\\\/www.heldenhaushalt.de\\\/sari02\\\/#\\\/schema\\\/person\\\/a1cc69f42a01f412eb62c151353814f6\",\"name\":\"Sari\",\"image\":{\"@type\":\"ImageObject\",\"inLanguage\":\"de\",\"@id\":\"https:\\\/\\\/www.heldenhaushalt.de\\\/sari02\\\/wp-content\\\/uploads\\\/2019\\\/02\\\/sari-april2018.png\",\"url\":\"https:\\\/\\\/www.heldenhaushalt.de\\\/sari02\\\/wp-content\\\/uploads\\\/2019\\\/02\\\/sari-april2018.png\",\"contentUrl\":\"https:\\\/\\\/www.heldenhaushalt.de\\\/sari02\\\/wp-content\\\/uploads\\\/2019\\\/02\\\/sari-april2018.png\",\"width\":500,\"height\":500,\"caption\":\"Sari\"},\"logo\":{\"@id\":\"https:\\\/\\\/www.heldenhaushalt.de\\\/sari02\\\/wp-content\\\/uploads\\\/2019\\\/02\\\/sari-april2018.png\"},\"description\":\"Frau Mondgras \u2013 Das bin ich, Sari. Gerne auch als Sari Mondgras bekannt und im Internet zu finden. 2-Fach-Mutter, Heldenehefrau, Kreativling, Harmonies\u00fcchtig und st\u00e4ndig auf der Suche nach Gl\u00fcck. Ich komme aus Berlin, bin hier aufgewachsen und lebe hier seit ich denken kann.\",\"sameAs\":[\"https:\\\/\\\/www.instagram.com\\\/heldenhaushalt\\\/\"]}]}<\/script>\n<!-- \/ Yoast SEO plugin. -->","yoast_head_json":{"title":"Projekt 52: Wer macht eigentlich mit? - Heldenhaushalt","description":"Auch Helden erleben den t\u00e4glichen Wahnsinn, den ein Alltag mit sich bringt und Frau Mondgras sitzt mittendrin. Berlinerin, Mutter, Ehefrau, Kreativling und auf der st\u00e4ndigen Suche nach Gl\u00fcck... Hier wird gen\u00e4ht, gebacken, gebastelt und auch mal \u00fcber den Alltag gemault.","robots":{"index":"index","follow":"follow","max-snippet":"max-snippet:-1","max-image-preview":"max-image-preview:large","max-video-preview":"max-video-preview:-1"},"canonical":"https:\/\/www.heldenhaushalt.de\/sari02\/index.php\/projekt-52-wer-macht-eigentlich-mit\/","og_locale":"de_DE","og_type":"article","og_title":"Projekt 52: Wer macht eigentlich mit? - Heldenhaushalt","og_description":"Auch Helden erleben den t\u00e4glichen Wahnsinn, den ein Alltag mit sich bringt und Frau Mondgras sitzt mittendrin. Berlinerin, Mutter, Ehefrau, Kreativling und auf der st\u00e4ndigen Suche nach Gl\u00fcck... Hier wird gen\u00e4ht, gebacken, gebastelt und auch mal \u00fcber den Alltag gemault.","og_url":"https:\/\/www.heldenhaushalt.de\/sari02\/index.php\/projekt-52-wer-macht-eigentlich-mit\/","og_site_name":"Heldenhaushalt","article_modified_time":"2016-02-19T08:55:46+00:00","twitter_card":"summary_large_image","twitter_site":"@Heldenhaushalt","schema":{"@context":"https:\/\/schema.org","@graph":[{"@type":"WebPage","@id":"https:\/\/www.heldenhaushalt.de\/sari02\/index.php\/projekt-52-wer-macht-eigentlich-mit\/","url":"https:\/\/www.heldenhaushalt.de\/sari02\/index.php\/projekt-52-wer-macht-eigentlich-mit\/","name":"Projekt 52: Wer macht eigentlich mit? - Heldenhaushalt","isPartOf":{"@id":"https:\/\/www.heldenhaushalt.de\/sari02\/#website"},"datePublished":"2008-01-09T19:04:17+00:00","dateModified":"2016-02-19T08:55:46+00:00","description":"Auch Helden erleben den t\u00e4glichen Wahnsinn, den ein Alltag mit sich bringt und Frau Mondgras sitzt mittendrin. Berlinerin, Mutter, Ehefrau, Kreativling und auf der st\u00e4ndigen Suche nach Gl\u00fcck... Hier wird gen\u00e4ht, gebacken, gebastelt und auch mal \u00fcber den Alltag gemault.","breadcrumb":{"@id":"https:\/\/www.heldenhaushalt.de\/sari02\/index.php\/projekt-52-wer-macht-eigentlich-mit\/#breadcrumb"},"inLanguage":"de","potentialAction":[{"@type":"ReadAction","target":["https:\/\/www.heldenhaushalt.de\/sari02\/index.php\/projekt-52-wer-macht-eigentlich-mit\/"]}]},{"@type":"BreadcrumbList","@id":"https:\/\/www.heldenhaushalt.de\/sari02\/index.php\/projekt-52-wer-macht-eigentlich-mit\/#breadcrumb","itemListElement":[{"@type":"ListItem","position":1,"name":"Startseite","item":"https:\/\/www.heldenhaushalt.de\/sari02\/"},{"@type":"ListItem","position":2,"name":"Projekt 52: Wer macht eigentlich mit?"}]},{"@type":"WebSite","@id":"https:\/\/www.heldenhaushalt.de\/sari02\/#website","url":"https:\/\/www.heldenhaushalt.de\/sari02\/","name":"Heldenhaushalt","description":"Wer es ordentlich haben will, der muss vorher anrufen","publisher":{"@id":"https:\/\/www.heldenhaushalt.de\/sari02\/#\/schema\/person\/a1cc69f42a01f412eb62c151353814f6"},"potentialAction":[{"@type":"SearchAction","target":{"@type":"EntryPoint","urlTemplate":"https:\/\/www.heldenhaushalt.de\/sari02\/?s={search_term_string}"},"query-input":{"@type":"PropertyValueSpecification","valueRequired":true,"valueName":"search_term_string"}}],"inLanguage":"de"},{"@type":["Person","Organization"],"@id":"https:\/\/www.heldenhaushalt.de\/sari02\/#\/schema\/person\/a1cc69f42a01f412eb62c151353814f6","name":"Sari","image":{"@type":"ImageObject","inLanguage":"de","@id":"https:\/\/www.heldenhaushalt.de\/sari02\/wp-content\/uploads\/2019\/02\/sari-april2018.png","url":"https:\/\/www.heldenhaushalt.de\/sari02\/wp-content\/uploads\/2019\/02\/sari-april2018.png","contentUrl":"https:\/\/www.heldenhaushalt.de\/sari02\/wp-content\/uploads\/2019\/02\/sari-april2018.png","width":500,"height":500,"caption":"Sari"},"logo":{"@id":"https:\/\/www.heldenhaushalt.de\/sari02\/wp-content\/uploads\/2019\/02\/sari-april2018.png"},"description":"Frau Mondgras \u2013 Das bin ich, Sari. Gerne auch als Sari Mondgras bekannt und im Internet zu finden. 2-Fach-Mutter, Heldenehefrau, Kreativling, Harmonies\u00fcchtig und st\u00e4ndig auf der Suche nach Gl\u00fcck. Ich komme aus Berlin, bin hier aufgewachsen und lebe hier seit ich denken kann.","sameAs":["https:\/\/www.instagram.com\/heldenhaushalt\/"]}]}},"_links":{"self":[{"href":"https:\/\/www.heldenhaushalt.de\/sari02\/index.php\/wp-json\/wp\/v2\/pages\/958","targetHints":{"allow":["GET"]}}],"collection":[{"href":"https:\/\/www.heldenhaushalt.de\/sari02\/index.php\/wp-json\/wp\/v2\/pages"}],"about":[{"href":"https:\/\/www.heldenhaushalt.de\/sari02\/index.php\/wp-json\/wp\/v2\/types\/page"}],"author":[{"embeddable":true,"href":"https:\/\/www.heldenhaushalt.de\/sari02\/index.php\/wp-json\/wp\/v2\/users\/1"}],"replies":[{"embeddable":true,"href":"https:\/\/www.heldenhaushalt.de\/sari02\/index.php\/wp-json\/wp\/v2\/comments?post=958"}],"version-history":[{"count":107,"href":"https:\/\/www.heldenhaushalt.de\/sari02\/index.php\/wp-json\/wp\/v2\/pages\/958\/revisions"}],"predecessor-version":[{"id":28528,"href":"https:\/\/www.heldenhaushalt.de\/sari02\/index.php\/wp-json\/wp\/v2\/pages\/958\/revisions\/28528"}],"wp:attachment":[{"href":"https:\/\/www.heldenhaushalt.de\/sari02\/index.php\/wp-json\/wp\/v2\/media?parent=958"}],"curies":[{"name":"wp","href":"https:\/\/api.w.org\/{rel}","templated":true}]}}