{"id":9674,"date":"2010-12-28T14:22:32","date_gmt":"2010-12-28T13:22:32","guid":{"rendered":"http:\/\/www.mondgras.de\/sari02\/?page_id=9674"},"modified":"2012-04-26T07:50:34","modified_gmt":"2012-04-26T05:50:34","slug":"projekt-52-die-themen-2011","status":"publish","type":"page","link":"https:\/\/www.heldenhaushalt.de\/sari02\/index.php\/projekt-52-die-themen-2011\/","title":{"rendered":"Projekt 52: Die Themen 2011"},"content":{"rendered":"<p>Hier findet Ihr die Themen den verschiedenen Wochen des Jahres zugeordnet&#8230;<\/p>\n<p><strong>JANUAR<\/strong><\/p>\n<p><strong>Woche 01:<\/strong> <a href=\"http:\/\/www.heldenhaushalt.de\/sari02\/index.php\/2011\/01\/03\/p52-11-01-wochenthema\/\" target=\"_blank\">Schappschuss<\/a> <em>(03.01.-09.01.2011)<\/em><br \/>\n<strong>Woche 02:<\/strong> <a href=\"http:\/\/www.heldenhaushalt.de\/sari02\/index.php\/2011\/01\/10\/p52-11-02-wochenthema\/\" target=\"_blank\">Winterwunderland<\/a> <em>(10.01. &#8211; 16.01.2011)<\/em><br \/>\n<strong>Woche 03:<\/strong> <a href=\"http:\/\/www.heldenhaushalt.de\/sari02\/index.php\/2011\/01\/17\/p52-11-03-wochenthema\/\" target=\"_blank\">Lieblingsfarben<\/a><em> (17.01. &#8211; 23.01.2011)<\/em><br \/>\n<strong>Woche 04:<\/strong><em> <\/em><a href=\"http:\/\/www.heldenhaushalt.de\/sari02\/index.php\/2011\/01\/24\/p52-11-04-wochenthema\/\" target=\"_blank\">Als ich klein war&#8230;<\/a><em> (24.01.-30.01.2011)<\/em><br \/>\n<strong>Woche 05: <\/strong><a href=\"http:\/\/www.heldenhaushalt.de\/sari02\/index.php\/2011\/01\/31\/p52-11-05-wochenthema\/\">In &amp; Out<\/a> <em>(31.01 &#8211; 06.02.2011)<\/em><\/p>\n<p><strong>FEBRUAR<\/strong><\/p>\n<p><strong>Woche 06:<\/strong> <a href=\"http:\/\/www.heldenhaushalt.de\/sari02\/index.php\/2011\/02\/07\/p52-11-06-wochenthema\/\" target=\"_blank\">Teeparty<\/a><em> (07.02. &#8211; 13.02.2011)<\/em><br \/>\n<strong>Woche 07:<\/strong> <a href=\"http:\/\/www.heldenhaushalt.de\/sari02\/index.php\/2011\/02\/14\/p52-11-07-wochenthema\/\" target=\"_blank\">Alles Rot!<\/a><em> (14.02. &#8211; 20.02.2011)<\/em><br \/>\n<strong>Woche 08:<\/strong> <a href=\"http:\/\/www.heldenhaushalt.de\/sari02\/index.php\/2011\/02\/21\/p52-11-08-wochenthema\/\" target=\"_blank\">Technik, Freund oder Feind?<\/a><em> (21.02.-27.02.2011)<\/em><br \/>\n<strong>Woche 09:<\/strong> <a href=\"http:\/\/www.heldenhaushalt.de\/sari02\/index.php\/2011\/02\/28\/p52-11-09-wochenthema\/\" target=\"_blank\">Kontraste<\/a> <em>(28.02. &#8211; 06.02.2011)<\/em><\/p>\n<p><strong>M&#196;RZ<\/strong><em><\/em><\/p>\n<p><strong>Woche 10:<\/strong> <a href=\"http:\/\/www.heldenhaushalt.de\/sari02\/index.php\/2011\/03\/07\/p52-11-10-wochenthema\/\">Fernweh<\/a> <em>(07.03. &#8211; 13.03.2011)<\/em><br \/>\n<strong>Woche 11:<\/strong> <a href=\"http:\/\/www.heldenhaushalt.de\/sari02\/index.php\/2011\/03\/14\/p52-11-11-wochenthema\/\">Glas<\/a><em> (14.03. &#8211; 20.03.2011)<\/em><br \/>\n<strong>Woche 12:<\/strong> <a href=\"http:\/\/www.heldenhaushalt.de\/sari02\/index.php\/2011\/03\/21\/p52-11-12-wochenthema\/\">Patchwork<\/a><em> (21.03. &#8211; 27.03.2011)<\/em><br \/>\n<strong>Woche 13: <\/strong><a href=\"http:\/\/www.heldenhaushalt.de\/sari02\/index.php\/2011\/03\/28\/p52-11-13-wochenthema\/\">Fundst&#252;ck<\/a><em> (28.03. &#8211; 03.04.2011)<\/em><\/p>\n<p><strong>APRIL<\/strong><\/p>\n<p><strong>Woche 14: <\/strong><a href=\"http:\/\/www.heldenhaushalt.de\/sari02\/index.php\/2011\/04\/04\/p52-11-14-wochenthema\/\">Wetterfrosch<\/a> <em>(04.04. &#8211; 10.04.2011)<\/em><br \/>\n<strong>Woche 15:<\/strong> <a href=\"http:\/\/www.heldenhaushalt.de\/sari02\/index.php\/2011\/04\/11\/p52-11-15-wochenthema\/\">Vernetzt<\/a><em> (11.04. &#8211; 17.04.2011)<\/em><br \/>\n<strong>Woche 16:<\/strong> <a href=\"http:\/\/www.heldenhaushalt.de\/sari02\/index.php\/2011\/04\/18\/p52-11-16-wochenthema\/\" target=\"_blank\">S&#252;&#223;e Verf&#252;hrung<\/a> <em>(18.04. &#8211; 24.04.2011)<\/em><br \/>\n<strong>Woche 17:<\/strong> <a href=\"http:\/\/www.heldenhaushalt.de\/sari02\/index.php\/2011\/04\/25\/p52-11-17-wochenthema\/\" target=\"_blank\">Fedriges<\/a><em> (25.04. &#8211; 01.05.2011)<\/em><\/p>\n<p><strong>MAI<\/strong><\/p>\n<p><strong>Woche 18:<\/strong> <a href=\"http:\/\/www.heldenhaushalt.de\/sari02\/index.php\/2011\/05\/02\/p52-11-18-wochenthema\/\" target=\"_blank\">Das bl&#252;hende Leben<\/a><em> (02.05. &#8211;\u00a0 08.05.2011)<\/em><br \/>\n<strong>Woche 19:<\/strong> <a href=\"http:\/\/www.heldenhaushalt.de\/sari02\/index.php\/2011\/05\/09\/p52-11-19-wochenthema\/\">Die gr&#252;ne H&#246;lle<\/a><em> (09.05. &#8211; 15.05.2011)<\/em><br \/>\n<strong>Woche 20: <\/strong><a href=\"http:\/\/www.heldenhaushalt.de\/sari02\/index.php\/2011\/05\/16\/p52-11-20-wochenthema\/\">Elemente<\/a><em> (16.05. &#8211; 22.05.2011)<\/em><br \/>\n<strong>Woche 21:<\/strong> <a href=\"http:\/\/www.heldenhaushalt.de\/sari02\/index.php\/2011\/05\/23\/p52-11-21-wochenthema\/\">Sucht<\/a><em> (23.05. &#8211; 29.05.2011)<\/em><br \/>\n<strong>Woche 22: <\/strong><a href=\"http:\/\/www.heldenhaushalt.de\/sari02\/index.php\/2011\/05\/30\/p52-11-22-wochenthema\/\">Kopfkino <\/a><em>(30.05.-05.06.2011)<\/em><strong><br \/>\n<\/strong><\/p>\n<p><strong>JUNI<\/strong><\/p>\n<p><strong>Woche 23:<\/strong> <a href=\"http:\/\/www.heldenhaushalt.de\/sari02\/index.php\/2011\/06\/06\/p52-11-23-wochenthema\/\">Friedliche Idylle<\/a><em> (06.06. &#8211; 12.06.2011)<\/em><br \/>\n<strong>Woche 24:<\/strong> <a href=\"http:\/\/www.heldenhaushalt.de\/sari02\/index.php\/2011\/06\/13\/p52-11-24-wochenthema\/\">B&#228;llebad <\/a><em>(13.06. &#8211; 19.06.2011)<\/em><br \/>\n<strong>Woche 25: <\/strong><a href=\"http:\/\/www.heldenhaushalt.de\/sari02\/index.php\/2011\/06\/20\/p52-11-25-wochenthema\/\">Architektur<\/a> <em>(20.06. &#8211; 26.06.2011)<\/em><br \/>\n<strong>Woche 26: <\/strong><a href=\"http:\/\/www.heldenhaushalt.de\/sari02\/index.php\/2011\/06\/27\/p52-11-26-wochenthema\/\">Summer of Love<\/a> <em>(27.06. &#8211;\u00a0 03.07.2011)<\/em><\/p>\n<p><strong>JULI<\/strong><\/p>\n<p><strong>Woche 27: <\/strong><a href=\"http:\/\/www.heldenhaushalt.de\/sari02\/index.php\/2011\/07\/04\/p52-11-27-wochenthema\/\">Fruchtig<\/a><em> (04.07. &#8211; 10.07.2011)<\/em><strong><br \/>\n<strong>Woche 28: <\/strong><\/strong><a href=\"http:\/\/www.heldenhaushalt.de\/sari02\/index.php\/2011\/07\/11\/p52-11-28-wochenthema\/\">Postkartenmotiv<\/a><em> (11.07. &#8211; 17.07.2011)<\/em><strong><strong><br \/>\n<strong>Woche 29:<\/strong> <\/strong><\/strong><a href=\"http:\/\/www.heldenhaushalt.de\/sari02\/index.php\/2011\/07\/18\/p52-11-29-wochenthema\/\">Gepunktet<\/a> <em>(18.07. &#8211; 24.07.2011)<\/em><strong><strong><strong><br \/>\n<strong>Woche 30: <\/strong><\/strong><\/strong><\/strong><a href=\"http:\/\/www.heldenhaushalt.de\/sari02\/index.php\/2011\/07\/25\/p52-11-30-wochenthema\/\">The Big Blue<\/a> <em>(25.07. &#8211; 31.07.2011)<\/em><\/p>\n<p><strong>AUGUST<\/strong><\/p>\n<p><strong>Woche 31 : <\/strong><a href=\"..\/index.php\/2011\/08\/01\/p52-11-31-wochenthema\/\">Schatzkiste<\/a><em> (01.08. \u2013 07.08.2011)<\/em><strong><br \/>\n<\/strong><strong>Woche 32: <\/strong><a href=\"http:\/\/www.heldenhaushalt.de\/sari02\/index.php\/2011\/08\/08\/p52-11-32-wochenthema\/\">Durch die rosane Brille<\/a><strong><br \/>\n<\/strong><strong>Woche 33: <\/strong><a href=\"http:\/\/www.heldenhaushalt.de\/sari02\/index.php\/2011\/08\/15\/p52-11-33-wochenthema\/\">Unterwasserwelt<\/a><strong><br \/>\n<\/strong><strong>Woche 34: <\/strong><a href=\"http:\/\/www.heldenhaushalt.de\/sari02\/index.php\/2011\/08\/22\/p52-11-34-wochenthema\/\">Tatort<\/a><strong><br \/>\n<strong>Woche 35: <\/strong><\/strong><a href=\"http:\/\/www.heldenhaushalt.de\/sari02\/index.php\/2011\/08\/29\/p52-11-35-wochenthema\/\">Shabby Chic<\/a><\/p>\n<p><strong>SEPTEMBER<\/strong><\/p>\n<p><strong>Woche 36:<\/strong> <a href=\"http:\/\/www.heldenhaushalt.de\/sari02\/index.php\/2011\/09\/05\/p52-11-36-wochenthema\/\">M&#228;rchenhaft<\/a><br \/>\n<strong>Woche 37:<\/strong> <a href=\"http:\/\/www.heldenhaushalt.de\/sari02\/index.php\/2011\/09\/12\/p52-11-37-wochenthema\/\">Frischluft<\/a><br \/>\n<strong>Woche 38:<\/strong> <a href=\"http:\/\/www.heldenhaushalt.de\/sari02\/index.php\/2011\/09\/19\/p52-11-38-wochenthema\/\">Froschperspektive<\/a><br \/>\n<strong>Woche 39: <\/strong><a href=\"http:\/\/www.heldenhaushalt.de\/sari02\/index.php\/2011\/09\/26\/p52-11-39-wochenthema\/\" target=\"_blank\">Zeichen der Zeit<\/a><\/p>\n<p><strong>OKTOBER<\/strong><\/p>\n<p><strong>Woche 40:<\/strong> <a href=\"http:\/\/www.heldenhaushalt.de\/sari02\/index.php\/2011\/10\/03\/p52-11-40-wochenthema\/\" target=\"_blank\">Im wilden Westen<\/a><br \/>\n<strong>Woche 41:<\/strong> <a href=\"http:\/\/www.heldenhaushalt.de\/sari02\/index.php\/2011\/10\/10\/p52-11-41-wochenthema\/\" target=\"_blank\">Krank<\/a><br \/>\n<strong>Woche 42:<\/strong> <a href=\"http:\/\/www.heldenhaushalt.de\/sari02\/index.php\/2011\/10\/17\/p52-11-42-wochenthema\/\" target=\"_blank\">Zahlenzauber<\/a><br \/>\n<strong>Woche 43:<\/strong> <a href=\"http:\/\/www.heldenhaushalt.de\/sari02\/index.php\/2011\/10\/24\/p52-11-43-wochenthema\/\" target=\"_blank\">Klick or Treat!<\/a><br \/>\n<strong>Woche 44:<\/strong> <a href=\"http:\/\/www.heldenhaushalt.de\/sari02\/index.php\/2011\/10\/31\/p52-11-44-wochenthema\/\" target=\"_blank\">Taschenlampenkunst<\/a><\/p>\n<p><strong>NOVEMBER<\/strong><\/p>\n<p><strong>Woche 45:<\/strong> <a href=\"http:\/\/www.heldenhaushalt.de\/sari02\/index.php\/2011\/11\/07\/p52-11-45-wochenthema\/\" target=\"_blank\">Chaos<\/a><br \/>\n<strong>Woche 46:<\/strong> <a href=\"http:\/\/www.heldenhaushalt.de\/sari02\/index.php\/2011\/11\/14\/p52-11-46-wochenthema\/\" target=\"_blank\">Tr&#228;umereien<\/a><br \/>\n<strong>Woche 47:<\/strong> <a href=\"http:\/\/www.heldenhaushalt.de\/sari02\/index.php\/2011\/11\/21\/p52-11-47-wochenthema\/\" target=\"_blank\">Teekesselchen<\/a><br \/>\n<strong>Woche 48:<\/strong> <a href=\"http:\/\/www.heldenhaushalt.de\/sari02\/index.php\/2011\/11\/28\/p52-11-48-wochenthema\/\" target=\"_blank\">Eine gute Tat<\/a><\/p>\n<p><strong>DEZEMBER<\/strong><\/p>\n<p><strong>Woche 49:<\/strong> <a href=\"http:\/\/www.heldenhaushalt.de\/sari02\/index.php\/2011\/12\/05\/p52-11-49-wochenthema\/\" target=\"_blank\">Kitschiges<\/a><br \/>\n<strong>Woche 50:<\/strong> <a href=\"http:\/\/www.heldenhaushalt.de\/sari02\/index.php\/2011\/12\/12\/p52-11-50-wochenthema\/\" target=\"_blank\">Alles in Wei&#223;!<\/a><br \/>\n<strong>Woche 51:<\/strong> <a href=\"http:\/\/www.heldenhaushalt.de\/sari02\/index.php\/2011\/12\/19\/p52-11-51-wochthema\/\" target=\"_blank\">Funkelwunder<\/a><br \/>\n<strong>Woche 52:<\/strong> <a href=\"http:\/\/www.heldenhaushalt.de\/sari02\/index.php\/2011\/12\/26\/p52-11-52-wochenthema\/\" target=\"_blank\">Zitate<\/a><\/p>\n","protected":false},"excerpt":{"rendered":"<p>Hier findet Ihr die Themen den verschiedenen Wochen des Jahres zugeordnet&#8230; JANUAR Woche 01: Schappschuss (03.01.-09.01.2011) Woche 02: Winterwunderland (10.01. &#8211; 16.01.2011) Woche 03: Lieblingsfarben (17.01. &#8211; 23.01.2011) Woche 04: Als ich klein war&#8230; (24.01.-30.01.2011) Woche 05: In &amp; Out (31.01 &#8211; 06.02.2011) FEBRUAR Woche 06: Teeparty (07.02. &#8211; 13.02.2011) Woche 07: Alles Rot! (14.02. &#8211; 20.02.2011) Woche 08: Technik, Freund oder Feind? (21.02.-27.02.2011) Woche 09: Kontraste (28.02. &#8211; 06.02.2011) M&#196;RZ Woche 10: Fernweh (07.03. &#8211; 13.03.2011) Woche 11: Glas (14.03. &#8211; 20.03.2011) Woche 12: Patchwork (21.03. &#8211; 27.03.2011) Woche 13: Fundst&#252;ck (28.03. &#8211; 03.04.2011) APRIL Woche 14: Wetterfrosch (04.04. &#8211; 10.04.2011) Woche 15: Vernetzt (11.04. &#8211; 17.04.2011) Woche 16: S&#252;&#223;e Verf&#252;hrung (18.04. &#8211; 24.04.2011) Woche 17: Fedriges (25.04. &#8211; 01.05.2011) MAI Woche 18: Das bl&#252;hende Leben (02.05. &#8211;\u00a0 08.05.2011) Woche 19: Die gr&#252;ne H&#246;lle (09.05. &#8211; 15.05.2011) Woche 20: Elemente (16.05. &#8211; 22.05.2011) Woche 21: Sucht (23.05. &#8211; 29.05.2011) Woche 22: Kopfkino (30.05.-05.06.2011) JUNI Woche 23: Friedliche Idylle (06.06. &#8211; 12.06.2011) Woche 24: B&#228;llebad (13.06. &#8211; 19.06.2011) Woche 25: Architektur (20.06. &#8211; 26.06.2011) Woche 26: Summer of Love (27.06. &#8211;\u00a0 03.07.2011) JULI Woche 27: Fruchtig (04.07. &#8211; 10.07.2011) Woche 28: Postkartenmotiv (11.07. &#8211; 17.07.2011) Woche 29: Gepunktet (18.07. &#8211; 24.07.2011) Woche 30: The Big Blue (25.07. &#8211; 31.07.2011) AUGUST Woche 31 : Schatzkiste (01.08. \u2013 07.08.2011) Woche 32: Durch die rosane Brille Woche 33: Unterwasserwelt Woche 34: Tatort Woche 35: Shabby Chic SEPTEMBER Woche 36: M&#228;rchenhaft Woche 37: Frischluft Woche 38: Froschperspektive Woche 39: Zeichen der Zeit OKTOBER Woche 40: Im wilden Westen Woche 41: Krank Woche 42: Zahlenzauber Woche 43: Klick or Treat! Woche 44: Taschenlampenkunst NOVEMBER Woche 45: Chaos Woche 46: Tr&#228;umereien Woche 47: Teekesselchen Woche 48: Eine gute Tat DEZEMBER Woche 49: Kitschiges Woche 50: Alles in Wei&#223;! Woche 51: Funkelwunder Woche 52: Zitate<\/p>\n","protected":false},"author":1,"featured_media":0,"parent":0,"menu_order":0,"comment_status":"open","ping_status":"open","template":"","meta":{"ngg_post_thumbnail":0,"footnotes":""},"class_list":["post-9674","page","type-page","status-publish","hentry"],"yoast_head":"<!-- This site is optimized with the Yoast SEO plugin v27.4 - https:\/\/yoast.com\/product\/yoast-seo-wordpress\/ -->\n<title>Projekt 52: Die Themen 2011 - Heldenhaushalt<\/title>\n<meta name=\"description\" content=\"Auch Helden erleben den t\u00e4glichen Wahnsinn, den ein Alltag mit sich bringt und Frau Mondgras sitzt mittendrin. Berlinerin, Mutter, Ehefrau, Kreativling und auf der st\u00e4ndigen Suche nach Gl\u00fcck... Hier wird gen\u00e4ht, gebacken, gebastelt und auch mal \u00fcber den Alltag gemault.\" \/>\n<meta name=\"robots\" content=\"index, follow, max-snippet:-1, max-image-preview:large, max-video-preview:-1\" \/>\n<link rel=\"canonical\" href=\"https:\/\/www.heldenhaushalt.de\/sari02\/index.php\/projekt-52-die-themen-2011\/\" \/>\n<meta property=\"og:locale\" content=\"de_DE\" \/>\n<meta property=\"og:type\" content=\"article\" \/>\n<meta property=\"og:title\" content=\"Projekt 52: Die Themen 2011 - Heldenhaushalt\" \/>\n<meta property=\"og:description\" content=\"Auch Helden erleben den t\u00e4glichen Wahnsinn, den ein Alltag mit sich bringt und Frau Mondgras sitzt mittendrin. Berlinerin, Mutter, Ehefrau, Kreativling und auf der st\u00e4ndigen Suche nach Gl\u00fcck... Hier wird gen\u00e4ht, gebacken, gebastelt und auch mal \u00fcber den Alltag gemault.\" \/>\n<meta property=\"og:url\" content=\"https:\/\/www.heldenhaushalt.de\/sari02\/index.php\/projekt-52-die-themen-2011\/\" \/>\n<meta property=\"og:site_name\" content=\"Heldenhaushalt\" \/>\n<meta property=\"article:modified_time\" content=\"2012-04-26T05:50:34+00:00\" \/>\n<meta name=\"twitter:card\" content=\"summary_large_image\" \/>\n<meta name=\"twitter:site\" content=\"@Heldenhaushalt\" \/>\n<meta name=\"twitter:label1\" content=\"Gesch\u00e4tzte Lesezeit\" \/>\n\t<meta name=\"twitter:data1\" content=\"1\u00a0Minute\" \/>\n<script type=\"application\/ld+json\" class=\"yoast-schema-graph\">{\"@context\":\"https:\\\/\\\/schema.org\",\"@graph\":[{\"@type\":\"WebPage\",\"@id\":\"https:\\\/\\\/www.heldenhaushalt.de\\\/sari02\\\/index.php\\\/projekt-52-die-themen-2011\\\/\",\"url\":\"https:\\\/\\\/www.heldenhaushalt.de\\\/sari02\\\/index.php\\\/projekt-52-die-themen-2011\\\/\",\"name\":\"Projekt 52: Die Themen 2011 - Heldenhaushalt\",\"isPartOf\":{\"@id\":\"https:\\\/\\\/www.heldenhaushalt.de\\\/sari02\\\/#website\"},\"datePublished\":\"2010-12-28T13:22:32+00:00\",\"dateModified\":\"2012-04-26T05:50:34+00:00\",\"description\":\"Auch Helden erleben den t\u00e4glichen Wahnsinn, den ein Alltag mit sich bringt und Frau Mondgras sitzt mittendrin. Berlinerin, Mutter, Ehefrau, Kreativling und auf der st\u00e4ndigen Suche nach Gl\u00fcck... Hier wird gen\u00e4ht, gebacken, gebastelt und auch mal \u00fcber den Alltag gemault.\",\"breadcrumb\":{\"@id\":\"https:\\\/\\\/www.heldenhaushalt.de\\\/sari02\\\/index.php\\\/projekt-52-die-themen-2011\\\/#breadcrumb\"},\"inLanguage\":\"de\",\"potentialAction\":[{\"@type\":\"ReadAction\",\"target\":[\"https:\\\/\\\/www.heldenhaushalt.de\\\/sari02\\\/index.php\\\/projekt-52-die-themen-2011\\\/\"]}]},{\"@type\":\"BreadcrumbList\",\"@id\":\"https:\\\/\\\/www.heldenhaushalt.de\\\/sari02\\\/index.php\\\/projekt-52-die-themen-2011\\\/#breadcrumb\",\"itemListElement\":[{\"@type\":\"ListItem\",\"position\":1,\"name\":\"Startseite\",\"item\":\"https:\\\/\\\/www.heldenhaushalt.de\\\/sari02\\\/\"},{\"@type\":\"ListItem\",\"position\":2,\"name\":\"Projekt 52: Die Themen 2011\"}]},{\"@type\":\"WebSite\",\"@id\":\"https:\\\/\\\/www.heldenhaushalt.de\\\/sari02\\\/#website\",\"url\":\"https:\\\/\\\/www.heldenhaushalt.de\\\/sari02\\\/\",\"name\":\"Heldenhaushalt\",\"description\":\"Wer es ordentlich haben will, der muss vorher anrufen\",\"publisher\":{\"@id\":\"https:\\\/\\\/www.heldenhaushalt.de\\\/sari02\\\/#\\\/schema\\\/person\\\/a1cc69f42a01f412eb62c151353814f6\"},\"potentialAction\":[{\"@type\":\"SearchAction\",\"target\":{\"@type\":\"EntryPoint\",\"urlTemplate\":\"https:\\\/\\\/www.heldenhaushalt.de\\\/sari02\\\/?s={search_term_string}\"},\"query-input\":{\"@type\":\"PropertyValueSpecification\",\"valueRequired\":true,\"valueName\":\"search_term_string\"}}],\"inLanguage\":\"de\"},{\"@type\":[\"Person\",\"Organization\"],\"@id\":\"https:\\\/\\\/www.heldenhaushalt.de\\\/sari02\\\/#\\\/schema\\\/person\\\/a1cc69f42a01f412eb62c151353814f6\",\"name\":\"Sari\",\"image\":{\"@type\":\"ImageObject\",\"inLanguage\":\"de\",\"@id\":\"https:\\\/\\\/www.heldenhaushalt.de\\\/sari02\\\/wp-content\\\/uploads\\\/2019\\\/02\\\/sari-april2018.png\",\"url\":\"https:\\\/\\\/www.heldenhaushalt.de\\\/sari02\\\/wp-content\\\/uploads\\\/2019\\\/02\\\/sari-april2018.png\",\"contentUrl\":\"https:\\\/\\\/www.heldenhaushalt.de\\\/sari02\\\/wp-content\\\/uploads\\\/2019\\\/02\\\/sari-april2018.png\",\"width\":500,\"height\":500,\"caption\":\"Sari\"},\"logo\":{\"@id\":\"https:\\\/\\\/www.heldenhaushalt.de\\\/sari02\\\/wp-content\\\/uploads\\\/2019\\\/02\\\/sari-april2018.png\"},\"description\":\"Frau Mondgras \u2013 Das bin ich, Sari. Gerne auch als Sari Mondgras bekannt und im Internet zu finden. 2-Fach-Mutter, Heldenehefrau, Kreativling, Harmonies\u00fcchtig und st\u00e4ndig auf der Suche nach Gl\u00fcck. Ich komme aus Berlin, bin hier aufgewachsen und lebe hier seit ich denken kann.\",\"sameAs\":[\"https:\\\/\\\/www.instagram.com\\\/heldenhaushalt\\\/\"]}]}<\/script>\n<!-- \/ Yoast SEO plugin. -->","yoast_head_json":{"title":"Projekt 52: Die Themen 2011 - Heldenhaushalt","description":"Auch Helden erleben den t\u00e4glichen Wahnsinn, den ein Alltag mit sich bringt und Frau Mondgras sitzt mittendrin. Berlinerin, Mutter, Ehefrau, Kreativling und auf der st\u00e4ndigen Suche nach Gl\u00fcck... Hier wird gen\u00e4ht, gebacken, gebastelt und auch mal \u00fcber den Alltag gemault.","robots":{"index":"index","follow":"follow","max-snippet":"max-snippet:-1","max-image-preview":"max-image-preview:large","max-video-preview":"max-video-preview:-1"},"canonical":"https:\/\/www.heldenhaushalt.de\/sari02\/index.php\/projekt-52-die-themen-2011\/","og_locale":"de_DE","og_type":"article","og_title":"Projekt 52: Die Themen 2011 - Heldenhaushalt","og_description":"Auch Helden erleben den t\u00e4glichen Wahnsinn, den ein Alltag mit sich bringt und Frau Mondgras sitzt mittendrin. Berlinerin, Mutter, Ehefrau, Kreativling und auf der st\u00e4ndigen Suche nach Gl\u00fcck... Hier wird gen\u00e4ht, gebacken, gebastelt und auch mal \u00fcber den Alltag gemault.","og_url":"https:\/\/www.heldenhaushalt.de\/sari02\/index.php\/projekt-52-die-themen-2011\/","og_site_name":"Heldenhaushalt","article_modified_time":"2012-04-26T05:50:34+00:00","twitter_card":"summary_large_image","twitter_site":"@Heldenhaushalt","twitter_misc":{"Gesch\u00e4tzte Lesezeit":"1\u00a0Minute"},"schema":{"@context":"https:\/\/schema.org","@graph":[{"@type":"WebPage","@id":"https:\/\/www.heldenhaushalt.de\/sari02\/index.php\/projekt-52-die-themen-2011\/","url":"https:\/\/www.heldenhaushalt.de\/sari02\/index.php\/projekt-52-die-themen-2011\/","name":"Projekt 52: Die Themen 2011 - Heldenhaushalt","isPartOf":{"@id":"https:\/\/www.heldenhaushalt.de\/sari02\/#website"},"datePublished":"2010-12-28T13:22:32+00:00","dateModified":"2012-04-26T05:50:34+00:00","description":"Auch Helden erleben den t\u00e4glichen Wahnsinn, den ein Alltag mit sich bringt und Frau Mondgras sitzt mittendrin. Berlinerin, Mutter, Ehefrau, Kreativling und auf der st\u00e4ndigen Suche nach Gl\u00fcck... Hier wird gen\u00e4ht, gebacken, gebastelt und auch mal \u00fcber den Alltag gemault.","breadcrumb":{"@id":"https:\/\/www.heldenhaushalt.de\/sari02\/index.php\/projekt-52-die-themen-2011\/#breadcrumb"},"inLanguage":"de","potentialAction":[{"@type":"ReadAction","target":["https:\/\/www.heldenhaushalt.de\/sari02\/index.php\/projekt-52-die-themen-2011\/"]}]},{"@type":"BreadcrumbList","@id":"https:\/\/www.heldenhaushalt.de\/sari02\/index.php\/projekt-52-die-themen-2011\/#breadcrumb","itemListElement":[{"@type":"ListItem","position":1,"name":"Startseite","item":"https:\/\/www.heldenhaushalt.de\/sari02\/"},{"@type":"ListItem","position":2,"name":"Projekt 52: Die Themen 2011"}]},{"@type":"WebSite","@id":"https:\/\/www.heldenhaushalt.de\/sari02\/#website","url":"https:\/\/www.heldenhaushalt.de\/sari02\/","name":"Heldenhaushalt","description":"Wer es ordentlich haben will, der muss vorher anrufen","publisher":{"@id":"https:\/\/www.heldenhaushalt.de\/sari02\/#\/schema\/person\/a1cc69f42a01f412eb62c151353814f6"},"potentialAction":[{"@type":"SearchAction","target":{"@type":"EntryPoint","urlTemplate":"https:\/\/www.heldenhaushalt.de\/sari02\/?s={search_term_string}"},"query-input":{"@type":"PropertyValueSpecification","valueRequired":true,"valueName":"search_term_string"}}],"inLanguage":"de"},{"@type":["Person","Organization"],"@id":"https:\/\/www.heldenhaushalt.de\/sari02\/#\/schema\/person\/a1cc69f42a01f412eb62c151353814f6","name":"Sari","image":{"@type":"ImageObject","inLanguage":"de","@id":"https:\/\/www.heldenhaushalt.de\/sari02\/wp-content\/uploads\/2019\/02\/sari-april2018.png","url":"https:\/\/www.heldenhaushalt.de\/sari02\/wp-content\/uploads\/2019\/02\/sari-april2018.png","contentUrl":"https:\/\/www.heldenhaushalt.de\/sari02\/wp-content\/uploads\/2019\/02\/sari-april2018.png","width":500,"height":500,"caption":"Sari"},"logo":{"@id":"https:\/\/www.heldenhaushalt.de\/sari02\/wp-content\/uploads\/2019\/02\/sari-april2018.png"},"description":"Frau Mondgras \u2013 Das bin ich, Sari. Gerne auch als Sari Mondgras bekannt und im Internet zu finden. 2-Fach-Mutter, Heldenehefrau, Kreativling, Harmonies\u00fcchtig und st\u00e4ndig auf der Suche nach Gl\u00fcck. Ich komme aus Berlin, bin hier aufgewachsen und lebe hier seit ich denken kann.","sameAs":["https:\/\/www.instagram.com\/heldenhaushalt\/"]}]}},"_links":{"self":[{"href":"https:\/\/www.heldenhaushalt.de\/sari02\/index.php\/wp-json\/wp\/v2\/pages\/9674","targetHints":{"allow":["GET"]}}],"collection":[{"href":"https:\/\/www.heldenhaushalt.de\/sari02\/index.php\/wp-json\/wp\/v2\/pages"}],"about":[{"href":"https:\/\/www.heldenhaushalt.de\/sari02\/index.php\/wp-json\/wp\/v2\/types\/page"}],"author":[{"embeddable":true,"href":"https:\/\/www.heldenhaushalt.de\/sari02\/index.php\/wp-json\/wp\/v2\/users\/1"}],"replies":[{"embeddable":true,"href":"https:\/\/www.heldenhaushalt.de\/sari02\/index.php\/wp-json\/wp\/v2\/comments?post=9674"}],"version-history":[{"count":21,"href":"https:\/\/www.heldenhaushalt.de\/sari02\/index.php\/wp-json\/wp\/v2\/pages\/9674\/revisions"}],"predecessor-version":[{"id":9771,"href":"https:\/\/www.heldenhaushalt.de\/sari02\/index.php\/wp-json\/wp\/v2\/pages\/9674\/revisions\/9771"}],"wp:attachment":[{"href":"https:\/\/www.heldenhaushalt.de\/sari02\/index.php\/wp-json\/wp\/v2\/media?parent=9674"}],"curies":[{"name":"wp","href":"https:\/\/api.w.org\/{rel}","templated":true}]}}